{"id":9801,"date":"2021-08-16T11:04:37","date_gmt":"2021-08-16T09:04:37","guid":{"rendered":"https:\/\/officinegullo.com\/about\/"},"modified":"2024-01-24T10:29:11","modified_gmt":"2024-01-24T09:29:11","slug":"about","status":"publish","type":"page","link":"https:\/\/officinegullo.com\/fr\/about\/","title":{"rendered":"About"},"content":{"rendered":"","protected":false},"excerpt":{"rendered":"","protected":false},"author":1,"featured_media":4985,"parent":0,"menu_order":0,"comment_status":"closed","ping_status":"closed","template":"tpl-single.php","meta":{"_acf_changed":false,"footnotes":""},"class_list":["post-9801","page","type-page","status-publish","has-post-thumbnail","hentry"],"acf":{"hreflang":"<link rel=\"alternate\" hreflang=\"en-us\" href=\"https:\/\/us.officinegullo.com\/about\/\">\n<link rel=\"alternate\" hreflang=\"fr-ca\" href=\"https:\/\/us.officinegullo.com\/fr-ca\/about\/\">\n<link rel=\"alternate\" hreflang=\"ru\" href=\"https:\/\/ru.officinegullo.com\/about\/\">\n<link rel=\"alternate\" hreflang=\"zh\" href=\"https:\/\/officinegullo.cn\/about\">","heading":{"titolo":"L'univers Officine Gullo","tipo_sfondo":"img","immagine":4985,"sfondo":"#e5e5e5","colore_testo":"scuro","video_id":"","testo":""},"correlati":{"titolo":"","cta":null,"related":null},"page_builder":[{"acf_fc_layout":"mod_about","gruppo_link":{"ripetitore_link":[{"link":{"title":"Nos connaissances","url":"http:\/\/officinegullo.com\/about\/nos-connaissances","target":""},"immagine":10887},{"link":{"title":"Identit\u00e9","url":"http:\/\/officinegullo.com\/about\/identite","target":""},"immagine":14708},{"link":{"title":"Le restaurant \u00e0 domicile","url":"http:\/\/officinegullo.com\/about\/le-restaurant-a-domicile","target":""},"immagine":8679},{"link":{"title":"Une entreprise de personnes","url":"http:\/\/officinegullo.com\/about\/une-entreprise-de-personnes","target":""},"immagine":8691},{"link":{"title":"Venez nous rendre visite \u00e0 Florence","url":"http:\/\/officinegullo.com\/about\/venez-nous-rendre-visite-a-florence","target":""},"immagine":4915}]}}]},"yoast_head":"<!-- This site is optimized with the Yoast SEO Premium plugin v27.4 (Yoast SEO v27.4) - https:\/\/yoast.com\/product\/yoast-seo-premium-wordpress\/ -->\n<title>A propos d&#039;OG | Une excellence italienne | Officine Gullo<\/title>\n<meta name=\"description\" content=\"Officine Gullo est une excellence italienne n\u00e9e de la vision \u00e9clair\u00e9e de son fondateur Carmelo Gullo et de ses trois fils Pietro, Andrea et Matteo.\" \/>\n<meta name=\"robots\" content=\"index, follow, max-snippet:-1, max-image-preview:large, max-video-preview:-1\" \/>\n<link rel=\"canonical\" href=\"https:\/\/officinegullo.com\/fr\/about\/\" \/>\n<meta property=\"og:locale\" content=\"fr_FR\" \/>\n<meta property=\"og:type\" content=\"article\" \/>\n<meta property=\"og:title\" content=\"A propos d&#039;OG | Une excellence italienne | Officine Gullo\" \/>\n<meta property=\"og:description\" content=\"Officine Gullo est une excellence italienne n\u00e9e de la vision \u00e9clair\u00e9e de son fondateur Carmelo Gullo et de ses trois fils Pietro, Andrea et Matteo.\" \/>\n<meta property=\"og:url\" content=\"https:\/\/officinegullo.com\/fr\/about\/\" \/>\n<meta property=\"og:site_name\" content=\"Officine Gullo\" \/>\n<meta property=\"article:modified_time\" content=\"2024-01-24T09:29:11+00:00\" \/>\n<meta property=\"og:image\" content=\"https:\/\/s3.eu-central-1.amazonaws.com\/eu.officinegullo.com\/wp-content\/uploads\/2021\/08\/19122627\/Officine-Gullo_Artisans-at-work-11.jpg\" \/>\n\t<meta property=\"og:image:width\" content=\"1500\" \/>\n\t<meta property=\"og:image:height\" content=\"1000\" \/>\n\t<meta property=\"og:image:type\" content=\"image\/jpeg\" \/>\n<meta name=\"twitter:card\" content=\"summary_large_image\" \/>\n<meta name=\"twitter:label1\" content=\"Dur\u00e9e de lecture estim\u00e9e\" \/>\n\t<meta name=\"twitter:data1\" content=\"2 minutes\" \/>\n<script type=\"application\/ld+json\" class=\"yoast-schema-graph\">{\"@context\":\"https:\\\/\\\/schema.org\",\"@graph\":[{\"@type\":\"WebPage\",\"@id\":\"https:\\\/\\\/officinegullo.com\\\/fr\\\/about\\\/\",\"url\":\"https:\\\/\\\/officinegullo.com\\\/fr\\\/about\\\/\",\"name\":\"A propos d'OG | Une excellence italienne | Officine Gullo\",\"isPartOf\":{\"@id\":\"https:\\\/\\\/officinegullo.com\\\/fr\\\/#website\"},\"primaryImageOfPage\":{\"@id\":\"https:\\\/\\\/officinegullo.com\\\/fr\\\/about\\\/#primaryimage\"},\"image\":{\"@id\":\"https:\\\/\\\/officinegullo.com\\\/fr\\\/about\\\/#primaryimage\"},\"thumbnailUrl\":\"https:\\\/\\\/s3.eu-central-1.amazonaws.com\\\/eu.officinegullo.com\\\/wp-content\\\/uploads\\\/2021\\\/08\\\/19122627\\\/Officine-Gullo_Artisans-at-work-11.jpg\",\"datePublished\":\"2021-08-16T09:04:37+00:00\",\"dateModified\":\"2024-01-24T09:29:11+00:00\",\"description\":\"Officine Gullo est une excellence italienne n\u00e9e de la vision \u00e9clair\u00e9e de son fondateur Carmelo Gullo et de ses trois fils Pietro, Andrea et Matteo.\",\"breadcrumb\":{\"@id\":\"https:\\\/\\\/officinegullo.com\\\/fr\\\/about\\\/#breadcrumb\"},\"inLanguage\":\"fr-FR\",\"potentialAction\":[{\"@type\":\"ReadAction\",\"target\":[\"https:\\\/\\\/officinegullo.com\\\/fr\\\/about\\\/\"]}]},{\"@type\":\"ImageObject\",\"inLanguage\":\"fr-FR\",\"@id\":\"https:\\\/\\\/officinegullo.com\\\/fr\\\/about\\\/#primaryimage\",\"url\":\"https:\\\/\\\/s3.eu-central-1.amazonaws.com\\\/eu.officinegullo.com\\\/wp-content\\\/uploads\\\/2021\\\/08\\\/19122627\\\/Officine-Gullo_Artisans-at-work-11.jpg\",\"contentUrl\":\"https:\\\/\\\/s3.eu-central-1.amazonaws.com\\\/eu.officinegullo.com\\\/wp-content\\\/uploads\\\/2021\\\/08\\\/19122627\\\/Officine-Gullo_Artisans-at-work-11.jpg\",\"width\":1500,\"height\":1000,\"caption\":\"Italian Excellence | Craftmanship\"},{\"@type\":\"BreadcrumbList\",\"@id\":\"https:\\\/\\\/officinegullo.com\\\/fr\\\/about\\\/#breadcrumb\",\"itemListElement\":[{\"@type\":\"ListItem\",\"position\":1,\"name\":\"Home\",\"item\":\"https:\\\/\\\/officinegullo.com\\\/fr\\\/\"},{\"@type\":\"ListItem\",\"position\":2,\"name\":\"About\"}]},{\"@type\":\"WebSite\",\"@id\":\"https:\\\/\\\/officinegullo.com\\\/fr\\\/#website\",\"url\":\"https:\\\/\\\/officinegullo.com\\\/fr\\\/\",\"name\":\"Officine Gullo\",\"description\":\"Un nuovo sito targato WordPress\",\"potentialAction\":[{\"@type\":\"SearchAction\",\"target\":{\"@type\":\"EntryPoint\",\"urlTemplate\":\"https:\\\/\\\/officinegullo.com\\\/fr\\\/?s={search_term_string}\"},\"query-input\":{\"@type\":\"PropertyValueSpecification\",\"valueRequired\":true,\"valueName\":\"search_term_string\"}}],\"inLanguage\":\"fr-FR\"}]}<\/script>\n<!-- \/ Yoast SEO Premium plugin. -->","yoast_head_json":{"title":"A propos d'OG | Une excellence italienne | Officine Gullo","description":"Officine Gullo est une excellence italienne n\u00e9e de la vision \u00e9clair\u00e9e de son fondateur Carmelo Gullo et de ses trois fils Pietro, Andrea et Matteo.","robots":{"index":"index","follow":"follow","max-snippet":"max-snippet:-1","max-image-preview":"max-image-preview:large","max-video-preview":"max-video-preview:-1"},"canonical":"https:\/\/officinegullo.com\/fr\/about\/","og_locale":"fr_FR","og_type":"article","og_title":"A propos d'OG | Une excellence italienne | Officine Gullo","og_description":"Officine Gullo est une excellence italienne n\u00e9e de la vision \u00e9clair\u00e9e de son fondateur Carmelo Gullo et de ses trois fils Pietro, Andrea et Matteo.","og_url":"https:\/\/officinegullo.com\/fr\/about\/","og_site_name":"Officine Gullo","article_modified_time":"2024-01-24T09:29:11+00:00","og_image":[{"width":1500,"height":1000,"url":"https:\/\/s3.eu-central-1.amazonaws.com\/eu.officinegullo.com\/wp-content\/uploads\/2021\/08\/19122627\/Officine-Gullo_Artisans-at-work-11.jpg","type":"image\/jpeg"}],"twitter_card":"summary_large_image","twitter_misc":{"Dur\u00e9e de lecture estim\u00e9e":"2 minutes"},"schema":{"@context":"https:\/\/schema.org","@graph":[{"@type":"WebPage","@id":"https:\/\/officinegullo.com\/fr\/about\/","url":"https:\/\/officinegullo.com\/fr\/about\/","name":"A propos d'OG | Une excellence italienne | Officine Gullo","isPartOf":{"@id":"https:\/\/officinegullo.com\/fr\/#website"},"primaryImageOfPage":{"@id":"https:\/\/officinegullo.com\/fr\/about\/#primaryimage"},"image":{"@id":"https:\/\/officinegullo.com\/fr\/about\/#primaryimage"},"thumbnailUrl":"https:\/\/s3.eu-central-1.amazonaws.com\/eu.officinegullo.com\/wp-content\/uploads\/2021\/08\/19122627\/Officine-Gullo_Artisans-at-work-11.jpg","datePublished":"2021-08-16T09:04:37+00:00","dateModified":"2024-01-24T09:29:11+00:00","description":"Officine Gullo est une excellence italienne n\u00e9e de la vision \u00e9clair\u00e9e de son fondateur Carmelo Gullo et de ses trois fils Pietro, Andrea et Matteo.","breadcrumb":{"@id":"https:\/\/officinegullo.com\/fr\/about\/#breadcrumb"},"inLanguage":"fr-FR","potentialAction":[{"@type":"ReadAction","target":["https:\/\/officinegullo.com\/fr\/about\/"]}]},{"@type":"ImageObject","inLanguage":"fr-FR","@id":"https:\/\/officinegullo.com\/fr\/about\/#primaryimage","url":"https:\/\/s3.eu-central-1.amazonaws.com\/eu.officinegullo.com\/wp-content\/uploads\/2021\/08\/19122627\/Officine-Gullo_Artisans-at-work-11.jpg","contentUrl":"https:\/\/s3.eu-central-1.amazonaws.com\/eu.officinegullo.com\/wp-content\/uploads\/2021\/08\/19122627\/Officine-Gullo_Artisans-at-work-11.jpg","width":1500,"height":1000,"caption":"Italian Excellence | Craftmanship"},{"@type":"BreadcrumbList","@id":"https:\/\/officinegullo.com\/fr\/about\/#breadcrumb","itemListElement":[{"@type":"ListItem","position":1,"name":"Home","item":"https:\/\/officinegullo.com\/fr\/"},{"@type":"ListItem","position":2,"name":"About"}]},{"@type":"WebSite","@id":"https:\/\/officinegullo.com\/fr\/#website","url":"https:\/\/officinegullo.com\/fr\/","name":"Officine Gullo","description":"Un nuovo sito targato WordPress","potentialAction":[{"@type":"SearchAction","target":{"@type":"EntryPoint","urlTemplate":"https:\/\/officinegullo.com\/fr\/?s={search_term_string}"},"query-input":{"@type":"PropertyValueSpecification","valueRequired":true,"valueName":"search_term_string"}}],"inLanguage":"fr-FR"}]}},"_links":{"self":[{"href":"https:\/\/officinegullo.com\/fr\/wp-json\/wp\/v2\/pages\/9801","targetHints":{"allow":["GET"]}}],"collection":[{"href":"https:\/\/officinegullo.com\/fr\/wp-json\/wp\/v2\/pages"}],"about":[{"href":"https:\/\/officinegullo.com\/fr\/wp-json\/wp\/v2\/types\/page"}],"author":[{"embeddable":true,"href":"https:\/\/officinegullo.com\/fr\/wp-json\/wp\/v2\/users\/1"}],"replies":[{"embeddable":true,"href":"https:\/\/officinegullo.com\/fr\/wp-json\/wp\/v2\/comments?post=9801"}],"version-history":[{"count":4,"href":"https:\/\/officinegullo.com\/fr\/wp-json\/wp\/v2\/pages\/9801\/revisions"}],"predecessor-version":[{"id":26264,"href":"https:\/\/officinegullo.com\/fr\/wp-json\/wp\/v2\/pages\/9801\/revisions\/26264"}],"wp:featuredmedia":[{"embeddable":true,"href":"https:\/\/officinegullo.com\/fr\/wp-json\/wp\/v2\/media\/4985"}],"wp:attachment":[{"href":"https:\/\/officinegullo.com\/fr\/wp-json\/wp\/v2\/media?parent=9801"}],"curies":[{"name":"wp","href":"https:\/\/api.w.org\/{rel}","templated":true}]}}