{"id":26630,"date":"2022-12-27T14:58:55","date_gmt":"2022-12-27T13:58:55","guid":{"rendered":"https:\/\/officinegullo.com\/?page_id=26630"},"modified":"2023-12-13T16:42:52","modified_gmt":"2023-12-13T15:42:52","slug":"customer-service-2","status":"publish","type":"page","link":"https:\/\/officinegullo.com\/fr\/customer-service\/","title":{"rendered":"Service Clients &#8211; Contacts"},"content":{"rendered":"","protected":false},"excerpt":{"rendered":"","protected":false},"author":2,"featured_media":0,"parent":0,"menu_order":0,"comment_status":"closed","ping_status":"closed","template":"tpl-single.php","meta":{"_acf_changed":false,"footnotes":""},"class_list":["post-26630","page","type-page","status-publish","hentry"],"acf":{"hreflang":"<link rel=\"alternate\" hreflang=\"en-us\" href=\"https:\/\/us.officinegullo.com\/customerservice\/\">\r\n<link rel=\"alternate\" hreflang=\"fr-ca\" href=\"https:\/\/us.officinegullo.com\/fr-ca\/customerservice\/\">\r\n<link rel=\"alternate\" hreflang=\"ru\" href=\"https:\/\/ru.officinegullo.com\/customer-service\">\r\n<link rel=\"alternate\" hreflang=\"zh\" href=\"https:\/\/officinegullo.cn\/customer-service\">","heading":{"titolo":"Customer Service","tipo_sfondo":"img","immagine":23914,"sfondo":"","colore_testo":"chiaro","video_id":"","testo":""},"correlati":{"titolo":"","cta":null,"related":null},"page_builder":[{"acf_fc_layout":"mod_formcustomer","titolo":"Comment pouvons-nous vous aider?","testo":"Si vous avez des questions apr\u00e8s-vente sur votre produit Officine Gullo, contactez l'un de nos op\u00e9rateurs. Nous sommes l\u00e0 pour vous aider.\r\n<h3>+39 02 986 70150<\/h3>\r\n&nbsp;\r\n\r\nLe service client est disponible aux horaires suivants :\r\nLundi \u2013 Vendredi : 8h30 \u2013 20h30\r\nSamedi : 9h00 \u2013 13h00 et 14h00 \u2013 18h00\r\n\r\nSi vous avez des questions apr\u00e8s-vente sur votre produit Officine Gullo, vous pouvez \u00e9galement nous contacter via ce formulaire.\r\n\r\nPour nous permettre de vous aider au mieux, nous vous demandons d'indiquer le produit pour lequel vous demandez une assistance (num\u00e9ro de s\u00e9rie ou code), l'adresse d'installation, l'ann\u00e9e d'achat et, si possible, le num\u00e9ro de facture.\r\n\r\nNous vous contacterons d\u00e8s que possible."}]},"yoast_head":"<!-- This site is optimized with the Yoast SEO Premium plugin v27.4 (Yoast SEO v27.4) - https:\/\/yoast.com\/product\/yoast-seo-premium-wordpress\/ -->\n<title>Service client\u00e8le - Contact | Officine Gullo<\/title>\n<meta name=\"description\" content=\"Pour obtenir une assistance apr\u00e8s-vente sur les produits Officine Gullo, contactez notre service client\u00e8le ou remplissez le formulaire de contact.\" \/>\n<meta name=\"robots\" content=\"index, follow, max-snippet:-1, max-image-preview:large, max-video-preview:-1\" \/>\n<link rel=\"canonical\" href=\"https:\/\/officinegullo.com\/fr\/customer-service\/\" \/>\n<meta property=\"og:locale\" content=\"fr_FR\" \/>\n<meta property=\"og:type\" content=\"article\" \/>\n<meta property=\"og:title\" content=\"Service client\u00e8le - Contact | Officine Gullo\" \/>\n<meta property=\"og:description\" content=\"Pour obtenir une assistance apr\u00e8s-vente sur les produits Officine Gullo, contactez notre service client\u00e8le ou remplissez le formulaire de contact.\" \/>\n<meta property=\"og:url\" content=\"https:\/\/officinegullo.com\/fr\/customer-service\/\" \/>\n<meta property=\"og:site_name\" content=\"Officine Gullo\" \/>\n<meta property=\"article:modified_time\" content=\"2023-12-13T15:42:52+00:00\" \/>\n<meta name=\"twitter:card\" content=\"summary_large_image\" \/>\n<script type=\"application\/ld+json\" class=\"yoast-schema-graph\">{\"@context\":\"https:\\\/\\\/schema.org\",\"@graph\":[{\"@type\":\"WebPage\",\"@id\":\"https:\\\/\\\/officinegullo.com\\\/fr\\\/customer-service\\\/\",\"url\":\"https:\\\/\\\/officinegullo.com\\\/fr\\\/customer-service\\\/\",\"name\":\"Service client\u00e8le - Contact | Officine Gullo\",\"isPartOf\":{\"@id\":\"https:\\\/\\\/officinegullo.com\\\/fr\\\/#website\"},\"datePublished\":\"2022-12-27T13:58:55+00:00\",\"dateModified\":\"2023-12-13T15:42:52+00:00\",\"description\":\"Pour obtenir une assistance apr\u00e8s-vente sur les produits Officine Gullo, contactez notre service client\u00e8le ou remplissez le formulaire de contact.\",\"breadcrumb\":{\"@id\":\"https:\\\/\\\/officinegullo.com\\\/fr\\\/customer-service\\\/#breadcrumb\"},\"inLanguage\":\"fr-FR\",\"potentialAction\":[{\"@type\":\"ReadAction\",\"target\":[\"https:\\\/\\\/officinegullo.com\\\/fr\\\/customer-service\\\/\"]}]},{\"@type\":\"BreadcrumbList\",\"@id\":\"https:\\\/\\\/officinegullo.com\\\/fr\\\/customer-service\\\/#breadcrumb\",\"itemListElement\":[{\"@type\":\"ListItem\",\"position\":1,\"name\":\"Home\",\"item\":\"https:\\\/\\\/officinegullo.com\\\/fr\\\/\"},{\"@type\":\"ListItem\",\"position\":2,\"name\":\"Service Clients &#8211; Contacts\"}]},{\"@type\":\"WebSite\",\"@id\":\"https:\\\/\\\/officinegullo.com\\\/fr\\\/#website\",\"url\":\"https:\\\/\\\/officinegullo.com\\\/fr\\\/\",\"name\":\"Officine Gullo\",\"description\":\"Un nuovo sito targato WordPress\",\"potentialAction\":[{\"@type\":\"SearchAction\",\"target\":{\"@type\":\"EntryPoint\",\"urlTemplate\":\"https:\\\/\\\/officinegullo.com\\\/fr\\\/?s={search_term_string}\"},\"query-input\":{\"@type\":\"PropertyValueSpecification\",\"valueRequired\":true,\"valueName\":\"search_term_string\"}}],\"inLanguage\":\"fr-FR\"}]}<\/script>\n<!-- \/ Yoast SEO Premium plugin. -->","yoast_head_json":{"title":"Service client\u00e8le - Contact | Officine Gullo","description":"Pour obtenir une assistance apr\u00e8s-vente sur les produits Officine Gullo, contactez notre service client\u00e8le ou remplissez le formulaire de contact.","robots":{"index":"index","follow":"follow","max-snippet":"max-snippet:-1","max-image-preview":"max-image-preview:large","max-video-preview":"max-video-preview:-1"},"canonical":"https:\/\/officinegullo.com\/fr\/customer-service\/","og_locale":"fr_FR","og_type":"article","og_title":"Service client\u00e8le - Contact | Officine Gullo","og_description":"Pour obtenir une assistance apr\u00e8s-vente sur les produits Officine Gullo, contactez notre service client\u00e8le ou remplissez le formulaire de contact.","og_url":"https:\/\/officinegullo.com\/fr\/customer-service\/","og_site_name":"Officine Gullo","article_modified_time":"2023-12-13T15:42:52+00:00","twitter_card":"summary_large_image","schema":{"@context":"https:\/\/schema.org","@graph":[{"@type":"WebPage","@id":"https:\/\/officinegullo.com\/fr\/customer-service\/","url":"https:\/\/officinegullo.com\/fr\/customer-service\/","name":"Service client\u00e8le - Contact | Officine Gullo","isPartOf":{"@id":"https:\/\/officinegullo.com\/fr\/#website"},"datePublished":"2022-12-27T13:58:55+00:00","dateModified":"2023-12-13T15:42:52+00:00","description":"Pour obtenir une assistance apr\u00e8s-vente sur les produits Officine Gullo, contactez notre service client\u00e8le ou remplissez le formulaire de contact.","breadcrumb":{"@id":"https:\/\/officinegullo.com\/fr\/customer-service\/#breadcrumb"},"inLanguage":"fr-FR","potentialAction":[{"@type":"ReadAction","target":["https:\/\/officinegullo.com\/fr\/customer-service\/"]}]},{"@type":"BreadcrumbList","@id":"https:\/\/officinegullo.com\/fr\/customer-service\/#breadcrumb","itemListElement":[{"@type":"ListItem","position":1,"name":"Home","item":"https:\/\/officinegullo.com\/fr\/"},{"@type":"ListItem","position":2,"name":"Service Clients &#8211; Contacts"}]},{"@type":"WebSite","@id":"https:\/\/officinegullo.com\/fr\/#website","url":"https:\/\/officinegullo.com\/fr\/","name":"Officine Gullo","description":"Un nuovo sito targato WordPress","potentialAction":[{"@type":"SearchAction","target":{"@type":"EntryPoint","urlTemplate":"https:\/\/officinegullo.com\/fr\/?s={search_term_string}"},"query-input":{"@type":"PropertyValueSpecification","valueRequired":true,"valueName":"search_term_string"}}],"inLanguage":"fr-FR"}]}},"_links":{"self":[{"href":"https:\/\/officinegullo.com\/fr\/wp-json\/wp\/v2\/pages\/26630","targetHints":{"allow":["GET"]}}],"collection":[{"href":"https:\/\/officinegullo.com\/fr\/wp-json\/wp\/v2\/pages"}],"about":[{"href":"https:\/\/officinegullo.com\/fr\/wp-json\/wp\/v2\/types\/page"}],"author":[{"embeddable":true,"href":"https:\/\/officinegullo.com\/fr\/wp-json\/wp\/v2\/users\/2"}],"replies":[{"embeddable":true,"href":"https:\/\/officinegullo.com\/fr\/wp-json\/wp\/v2\/comments?post=26630"}],"version-history":[{"count":4,"href":"https:\/\/officinegullo.com\/fr\/wp-json\/wp\/v2\/pages\/26630\/revisions"}],"predecessor-version":[{"id":37064,"href":"https:\/\/officinegullo.com\/fr\/wp-json\/wp\/v2\/pages\/26630\/revisions\/37064"}],"wp:attachment":[{"href":"https:\/\/officinegullo.com\/fr\/wp-json\/wp\/v2\/media?parent=26630"}],"curies":[{"name":"wp","href":"https:\/\/api.w.org\/{rel}","templated":true}]}}