{"id":26257,"date":"2022-12-15T12:42:51","date_gmt":"2022-12-15T11:42:51","guid":{"rendered":"https:\/\/officinegullo.com\/?page_id=26257"},"modified":"2024-01-24T10:13:46","modified_gmt":"2024-01-24T09:13:46","slug":"venez-nous-rendre-visite-a-florence","status":"publish","type":"page","link":"https:\/\/officinegullo.com\/fr\/about\/venez-nous-rendre-visite-a-florence\/","title":{"rendered":"Venez nous rendre visite \u00e0 Florence"},"content":{"rendered":"","protected":false},"excerpt":{"rendered":"","protected":false},"author":6,"featured_media":4915,"parent":9801,"menu_order":0,"comment_status":"closed","ping_status":"closed","template":"tpl-single.php","meta":{"_acf_changed":false,"footnotes":""},"class_list":["post-26257","page","type-page","status-publish","has-post-thumbnail","hentry"],"acf":{"hreflang":"<link rel=\"alternate\" hreflang=\"en-us\" href=\"https:\/\/us.officinegullo.com\/about\/visit-us-in-florence\/\">\n<link rel=\"alternate\" hreflang=\"fr-ca\" href=\"https:\/\/us.officinegullo.com\/fr-ca\/about\/venez-nous-rendre-visite-a-florence_old\/\">\n<link rel=\"alternate\" hreflang=\"ru\" href=\"https:\/\/ru.officinegullo.com\/about\/visit-us-in-florence\/\">","heading":{"titolo":"Officine Gullo \u00e0 Florence, nos sites","tipo_sfondo":"locale","immagine":"","sfondo":"","colore_testo":"chiaro","video_id":"https:\/\/s3.eu-central-1.amazonaws.com\/eu.officinegullo.com\/wp-content\/uploads\/2021\/08\/19121906\/Officine-Gullo-NEW-SHOOTING-CANONICA1-Encoded.mp4","testo":""},"correlati":{"titolo":"","cta":null,"related":null},"page_builder":[{"acf_fc_layout":"mod_onlytxt","titolo":"","testo":"Pour ceux qui souhaitent conna\u00eetre de pr\u00e8s le monde des cuisines Officine Gullo, nous vous invitons \u00e0 visiter nos bureaux \u00e0 Florence pour entrer en contact direct avec notre philosophie de production faite de passion, de culture, de science, de technique et de recherche continue de la qualit\u00e9. Contactez-nous pour r\u00e9server une visite."},{"acf_fc_layout":"mod_txtslider","titolo":"Officine Gullo <i>House<\/i>","cta":{"title":"En savoir plus","url":"\/fr\/about\/officine-gullo-house\/","target":""},"orientamento":"sx","testo":"<h3>Florence, Piazza Ognissanti<\/h3>\r\n<em>Un \u00ab temple \u00bb d\u00e9di\u00e9 \u00e0 la culture de la cuisine italienne, \u00e0 ses outils et \u00e0 l'excellence \u00e0 table.<\/em>\r\n\r\nDans un lieu exceptionnel, une ancienne chapelle de style Renaissance du complexe eccl\u00e9siastique d'Ognissanti, c\u00e9l\u00e8bre pour les \u0153uvres de Giotto, Ghirlandaio et Botticelli, Officine Gullo a install\u00e9 sa House, un lieu de rencontre pour pr\u00e9senter ses produits les plus embl\u00e9matiques, mais surtout pour inviter ses h\u00f4tes \u00e0 entreprendre un parcours sensoriel, culinaire et historique au c\u0153ur de la marque et la tradition florentine. Les visiteurs guid\u00e9s \u00e0 l'int\u00e9rieur de la House Officine Gullo participeront \u00e0 un v\u00e9ritable rituel, un voyage qui c\u00e9l\u00e8bre Florence, son art, son histoire, sa tradition culinaire et son artisanat.","slider":[4900,4905,4910,4915,4920,4925,4930]},{"acf_fc_layout":"mod_txtslider","titolo":"Design Center","cta":null,"orientamento":"dx","testo":"<h3>Antella<\/h3>\r\nLe si\u00e8ge historique de l'entreprise se trouve \u00e0 Antella, sur les collines de Florence et aux portes du Chiant. Un r\u00e9cent restyling a permis de r\u00e9unir dans ce lieu un nouvel espace d'exposition important o\u00f9 vous pourrez voir et toucher de la main la qualit\u00e9 des cuisines Officine Gullo.\r\n\r\nIci, les designers du Design Center sont \u00e0 la disposition des clients qui souhaitent concevoir leur propre cuisine. Comme chaque cuisine est enti\u00e8rement personnalisable en termes de composition, de taille, de couleurs et de finitions, chaque projet est le r\u00e9sultat d'un \u00e9change intense entre le client et les concepteurs qui interpr\u00e8tent les d\u00e9sirs et les habitudes culinaires du futur propri\u00e9taire.\r\n\r\nC'est \u00e9galement l\u00e0 que se trouve la Materials Library de la soci\u00e9t\u00e9, l'archive des mat\u00e9riaux, des couleurs et des finitions : un outil fondamental dans le d\u00e9veloppement de chaque nouveau projet.\r\n\r\n\u00c0 ses c\u00f4t\u00e9s, un groupe de d\u00e9veloppeurs, le Creative Lab, s'occupe de l'\u00e9volution de l'image de l'entreprise, du soin des canaux de communication et de la cr\u00e9ation de rendus photor\u00e9alistes et d'exp\u00e9riences de r\u00e9alit\u00e9 virtuelle pour soutenir le travail des designers.","slider":[4935,4940,4945]},{"acf_fc_layout":"mod_txtslider","titolo":"La production","cta":null,"orientamento":"sx","testo":"<h3>Strada in Chianti<\/h3>\r\nUne zone de production de 10 000 m\u00e8tres carr\u00e9s, \u00e0 Greve in Chianti, \u00e0 la p\u00e9riph\u00e9rie de Florence, au c\u0153ur de la pittoresque campagne toscane. C'est le lieu o\u00f9 l'artisanat du travail des m\u00e9taux rencontre les technologies les plus modernes. Il n'y a aucun d\u00e9tail dans la production des Officine Gullo qui ne soit pas fait \u00e0 la main. Il n'existe pas de produits fabriqu\u00e9s en s\u00e9rie, ni de composants standard, mais uniquement des mat\u00e9riaux fa\u00e7onn\u00e9s par les mains habiles des artisans en fonction des besoins de chaque client. Officine Gullo est ce que son nom m\u00eame indique : un atelier o\u00f9 les mat\u00e9riaux \u00e0 l'\u00e9tat \u00ab brut \u00bb sont coup\u00e9s, pli\u00e9s et d\u00e9cor\u00e9s par la main de l'homme pour cr\u00e9er des \u0153uvres \u00e9ternelles. Il est possible de comprendre ici comment la recherche de la qualit\u00e9 absolue a atteint l'\u00e9tat de l'art, amenant la production industrielle \u00e0 red\u00e9couvrir l'artisanat comme sa plus haute expression.\r\n\r\nC'est pourquoi, chez Officine Gullo, toutes les nouvelles recrues commencent \u00e0 travailler en suivant un parcours de formation pr\u00e9cis. L'enseignement, comme dans les anciens ateliers, est pratique et r\u00e9alis\u00e9 sous la direction de ma\u00eetres exp\u00e9riment\u00e9s. La volont\u00e9 est de cultiver au sein de l'entreprise et de transmettre \u00e0 l'avenir cet h\u00e9ritage d'exp\u00e9rience et de savoir-faire qui a rendu l'artisanat italien unique au monde.","slider":[4950,4955,4960,4965,4970,4975,4980,4985,4990,4995,5000,5005,5010,5015]}]},"yoast_head":"<!-- This site is optimized with the Yoast SEO Premium plugin v27.4 (Yoast SEO v27.4) - https:\/\/yoast.com\/product\/yoast-seo-premium-wordpress\/ -->\n<title>Venez nous rendre visite \u00e0 Florence | Officine Gullo<\/title>\n<meta name=\"description\" content=\"our ceux qui souhaitent conna\u00eetre de pr\u00e8s le monde des cuisines Officine Gullo, nous vous invitons \u00e0 visiter nos bureaux \u00e0 Florence\" \/>\n<meta name=\"robots\" content=\"index, follow, max-snippet:-1, max-image-preview:large, max-video-preview:-1\" \/>\n<link rel=\"canonical\" href=\"https:\/\/officinegullo.com\/fr\/about\/venez-nous-rendre-visite-a-florence\/\" \/>\n<meta property=\"og:locale\" content=\"fr_FR\" \/>\n<meta property=\"og:type\" content=\"article\" \/>\n<meta property=\"og:title\" content=\"Venez nous rendre visite \u00e0 Florence | Officine Gullo\" \/>\n<meta property=\"og:description\" content=\"our ceux qui souhaitent conna\u00eetre de pr\u00e8s le monde des cuisines Officine Gullo, nous vous invitons \u00e0 visiter nos bureaux \u00e0 Florence\" \/>\n<meta property=\"og:url\" content=\"https:\/\/officinegullo.com\/fr\/about\/venez-nous-rendre-visite-a-florence\/\" \/>\n<meta property=\"og:site_name\" content=\"Officine Gullo\" \/>\n<meta property=\"article:modified_time\" content=\"2024-01-24T09:13:46+00:00\" \/>\n<meta property=\"og:image\" content=\"https:\/\/s3.eu-central-1.amazonaws.com\/eu.officinegullo.com\/wp-content\/uploads\/2021\/08\/19122417\/Officine-Gullo-House-6.jpg\" \/>\n\t<meta property=\"og:image:width\" content=\"1500\" \/>\n\t<meta property=\"og:image:height\" content=\"1000\" \/>\n\t<meta property=\"og:image:type\" content=\"image\/jpeg\" \/>\n<meta name=\"twitter:card\" content=\"summary_large_image\" \/>\n<meta name=\"twitter:label1\" content=\"Dur\u00e9e de lecture estim\u00e9e\" \/>\n\t<meta name=\"twitter:data1\" content=\"9 minutes\" \/>\n<script type=\"application\/ld+json\" class=\"yoast-schema-graph\">{\"@context\":\"https:\\\/\\\/schema.org\",\"@graph\":[{\"@type\":\"WebPage\",\"@id\":\"https:\\\/\\\/officinegullo.com\\\/fr\\\/about\\\/venez-nous-rendre-visite-a-florence\\\/\",\"url\":\"https:\\\/\\\/officinegullo.com\\\/fr\\\/about\\\/venez-nous-rendre-visite-a-florence\\\/\",\"name\":\"Venez nous rendre visite \u00e0 Florence | Officine Gullo\",\"isPartOf\":{\"@id\":\"https:\\\/\\\/officinegullo.com\\\/fr\\\/#website\"},\"primaryImageOfPage\":{\"@id\":\"https:\\\/\\\/officinegullo.com\\\/fr\\\/about\\\/venez-nous-rendre-visite-a-florence\\\/#primaryimage\"},\"image\":{\"@id\":\"https:\\\/\\\/officinegullo.com\\\/fr\\\/about\\\/venez-nous-rendre-visite-a-florence\\\/#primaryimage\"},\"thumbnailUrl\":\"https:\\\/\\\/s3.eu-central-1.amazonaws.com\\\/eu.officinegullo.com\\\/wp-content\\\/uploads\\\/2021\\\/08\\\/19122417\\\/Officine-Gullo-House-6.jpg\",\"datePublished\":\"2022-12-15T11:42:51+00:00\",\"dateModified\":\"2024-01-24T09:13:46+00:00\",\"description\":\"our ceux qui souhaitent conna\u00eetre de pr\u00e8s le monde des cuisines Officine Gullo, nous vous invitons \u00e0 visiter nos bureaux \u00e0 Florence\",\"breadcrumb\":{\"@id\":\"https:\\\/\\\/officinegullo.com\\\/fr\\\/about\\\/venez-nous-rendre-visite-a-florence\\\/#breadcrumb\"},\"inLanguage\":\"fr-FR\",\"potentialAction\":[{\"@type\":\"ReadAction\",\"target\":[\"https:\\\/\\\/officinegullo.com\\\/fr\\\/about\\\/venez-nous-rendre-visite-a-florence\\\/\"]}]},{\"@type\":\"ImageObject\",\"inLanguage\":\"fr-FR\",\"@id\":\"https:\\\/\\\/officinegullo.com\\\/fr\\\/about\\\/venez-nous-rendre-visite-a-florence\\\/#primaryimage\",\"url\":\"https:\\\/\\\/s3.eu-central-1.amazonaws.com\\\/eu.officinegullo.com\\\/wp-content\\\/uploads\\\/2021\\\/08\\\/19122417\\\/Officine-Gullo-House-6.jpg\",\"contentUrl\":\"https:\\\/\\\/s3.eu-central-1.amazonaws.com\\\/eu.officinegullo.com\\\/wp-content\\\/uploads\\\/2021\\\/08\\\/19122417\\\/Officine-Gullo-House-6.jpg\",\"width\":1500,\"height\":1000,\"caption\":\"Officine Gullo House | Luxury culinary experience\"},{\"@type\":\"BreadcrumbList\",\"@id\":\"https:\\\/\\\/officinegullo.com\\\/fr\\\/about\\\/venez-nous-rendre-visite-a-florence\\\/#breadcrumb\",\"itemListElement\":[{\"@type\":\"ListItem\",\"position\":1,\"name\":\"Home\",\"item\":\"https:\\\/\\\/officinegullo.com\\\/fr\\\/\"},{\"@type\":\"ListItem\",\"position\":2,\"name\":\"About\",\"item\":\"https:\\\/\\\/officinegullo.com\\\/fr\\\/about\\\/\"},{\"@type\":\"ListItem\",\"position\":3,\"name\":\"Venez nous rendre visite \u00e0 Florence\"}]},{\"@type\":\"WebSite\",\"@id\":\"https:\\\/\\\/officinegullo.com\\\/fr\\\/#website\",\"url\":\"https:\\\/\\\/officinegullo.com\\\/fr\\\/\",\"name\":\"Officine Gullo\",\"description\":\"Un nuovo sito targato WordPress\",\"potentialAction\":[{\"@type\":\"SearchAction\",\"target\":{\"@type\":\"EntryPoint\",\"urlTemplate\":\"https:\\\/\\\/officinegullo.com\\\/fr\\\/?s={search_term_string}\"},\"query-input\":{\"@type\":\"PropertyValueSpecification\",\"valueRequired\":true,\"valueName\":\"search_term_string\"}}],\"inLanguage\":\"fr-FR\"}]}<\/script>\n<!-- \/ Yoast SEO Premium plugin. -->","yoast_head_json":{"title":"Venez nous rendre visite \u00e0 Florence | Officine Gullo","description":"our ceux qui souhaitent conna\u00eetre de pr\u00e8s le monde des cuisines Officine Gullo, nous vous invitons \u00e0 visiter nos bureaux \u00e0 Florence","robots":{"index":"index","follow":"follow","max-snippet":"max-snippet:-1","max-image-preview":"max-image-preview:large","max-video-preview":"max-video-preview:-1"},"canonical":"https:\/\/officinegullo.com\/fr\/about\/venez-nous-rendre-visite-a-florence\/","og_locale":"fr_FR","og_type":"article","og_title":"Venez nous rendre visite \u00e0 Florence | Officine Gullo","og_description":"our ceux qui souhaitent conna\u00eetre de pr\u00e8s le monde des cuisines Officine Gullo, nous vous invitons \u00e0 visiter nos bureaux \u00e0 Florence","og_url":"https:\/\/officinegullo.com\/fr\/about\/venez-nous-rendre-visite-a-florence\/","og_site_name":"Officine Gullo","article_modified_time":"2024-01-24T09:13:46+00:00","og_image":[{"width":1500,"height":1000,"url":"https:\/\/s3.eu-central-1.amazonaws.com\/eu.officinegullo.com\/wp-content\/uploads\/2021\/08\/19122417\/Officine-Gullo-House-6.jpg","type":"image\/jpeg"}],"twitter_card":"summary_large_image","twitter_misc":{"Dur\u00e9e de lecture estim\u00e9e":"9 minutes"},"schema":{"@context":"https:\/\/schema.org","@graph":[{"@type":"WebPage","@id":"https:\/\/officinegullo.com\/fr\/about\/venez-nous-rendre-visite-a-florence\/","url":"https:\/\/officinegullo.com\/fr\/about\/venez-nous-rendre-visite-a-florence\/","name":"Venez nous rendre visite \u00e0 Florence | Officine Gullo","isPartOf":{"@id":"https:\/\/officinegullo.com\/fr\/#website"},"primaryImageOfPage":{"@id":"https:\/\/officinegullo.com\/fr\/about\/venez-nous-rendre-visite-a-florence\/#primaryimage"},"image":{"@id":"https:\/\/officinegullo.com\/fr\/about\/venez-nous-rendre-visite-a-florence\/#primaryimage"},"thumbnailUrl":"https:\/\/s3.eu-central-1.amazonaws.com\/eu.officinegullo.com\/wp-content\/uploads\/2021\/08\/19122417\/Officine-Gullo-House-6.jpg","datePublished":"2022-12-15T11:42:51+00:00","dateModified":"2024-01-24T09:13:46+00:00","description":"our ceux qui souhaitent conna\u00eetre de pr\u00e8s le monde des cuisines Officine Gullo, nous vous invitons \u00e0 visiter nos bureaux \u00e0 Florence","breadcrumb":{"@id":"https:\/\/officinegullo.com\/fr\/about\/venez-nous-rendre-visite-a-florence\/#breadcrumb"},"inLanguage":"fr-FR","potentialAction":[{"@type":"ReadAction","target":["https:\/\/officinegullo.com\/fr\/about\/venez-nous-rendre-visite-a-florence\/"]}]},{"@type":"ImageObject","inLanguage":"fr-FR","@id":"https:\/\/officinegullo.com\/fr\/about\/venez-nous-rendre-visite-a-florence\/#primaryimage","url":"https:\/\/s3.eu-central-1.amazonaws.com\/eu.officinegullo.com\/wp-content\/uploads\/2021\/08\/19122417\/Officine-Gullo-House-6.jpg","contentUrl":"https:\/\/s3.eu-central-1.amazonaws.com\/eu.officinegullo.com\/wp-content\/uploads\/2021\/08\/19122417\/Officine-Gullo-House-6.jpg","width":1500,"height":1000,"caption":"Officine Gullo House | Luxury culinary experience"},{"@type":"BreadcrumbList","@id":"https:\/\/officinegullo.com\/fr\/about\/venez-nous-rendre-visite-a-florence\/#breadcrumb","itemListElement":[{"@type":"ListItem","position":1,"name":"Home","item":"https:\/\/officinegullo.com\/fr\/"},{"@type":"ListItem","position":2,"name":"About","item":"https:\/\/officinegullo.com\/fr\/about\/"},{"@type":"ListItem","position":3,"name":"Venez nous rendre visite \u00e0 Florence"}]},{"@type":"WebSite","@id":"https:\/\/officinegullo.com\/fr\/#website","url":"https:\/\/officinegullo.com\/fr\/","name":"Officine Gullo","description":"Un nuovo sito targato WordPress","potentialAction":[{"@type":"SearchAction","target":{"@type":"EntryPoint","urlTemplate":"https:\/\/officinegullo.com\/fr\/?s={search_term_string}"},"query-input":{"@type":"PropertyValueSpecification","valueRequired":true,"valueName":"search_term_string"}}],"inLanguage":"fr-FR"}]}},"_links":{"self":[{"href":"https:\/\/officinegullo.com\/fr\/wp-json\/wp\/v2\/pages\/26257","targetHints":{"allow":["GET"]}}],"collection":[{"href":"https:\/\/officinegullo.com\/fr\/wp-json\/wp\/v2\/pages"}],"about":[{"href":"https:\/\/officinegullo.com\/fr\/wp-json\/wp\/v2\/types\/page"}],"author":[{"embeddable":true,"href":"https:\/\/officinegullo.com\/fr\/wp-json\/wp\/v2\/users\/6"}],"replies":[{"embeddable":true,"href":"https:\/\/officinegullo.com\/fr\/wp-json\/wp\/v2\/comments?post=26257"}],"version-history":[{"count":1,"href":"https:\/\/officinegullo.com\/fr\/wp-json\/wp\/v2\/pages\/26257\/revisions"}],"predecessor-version":[{"id":28427,"href":"https:\/\/officinegullo.com\/fr\/wp-json\/wp\/v2\/pages\/26257\/revisions\/28427"}],"up":[{"embeddable":true,"href":"https:\/\/officinegullo.com\/fr\/wp-json\/wp\/v2\/pages\/9801"}],"wp:featuredmedia":[{"embeddable":true,"href":"https:\/\/officinegullo.com\/fr\/wp-json\/wp\/v2\/media\/4915"}],"wp:attachment":[{"href":"https:\/\/officinegullo.com\/fr\/wp-json\/wp\/v2\/media?parent=26257"}],"curies":[{"name":"wp","href":"https:\/\/api.w.org\/{rel}","templated":true}]}}