{"id":26240,"date":"2022-12-15T12:27:05","date_gmt":"2022-12-15T11:27:05","guid":{"rendered":"https:\/\/officinegullo.com\/?page_id=26240"},"modified":"2024-12-11T12:22:21","modified_gmt":"2024-12-11T11:22:21","slug":"nos-connaissances","status":"publish","type":"page","link":"https:\/\/officinegullo.com\/fr\/about\/nos-connaissances\/","title":{"rendered":"Nos connaissances"},"content":{"rendered":"","protected":false},"excerpt":{"rendered":"","protected":false},"author":6,"featured_media":10958,"parent":9801,"menu_order":0,"comment_status":"closed","ping_status":"closed","template":"tpl-single.php","meta":{"_acf_changed":false,"footnotes":""},"class_list":["post-26240","page","type-page","status-publish","has-post-thumbnail","hentry"],"acf":{"hreflang":"<link rel=\"alternate\" hreflang=\"en-us\" href=\"https:\/\/us.officinegullo.com\/about\/our-knowledge\/\">\r\n<link rel=\"alternate\" hreflang=\"fr-ca\" href=\"https:\/\/us.officinegullo.com\/fr-ca\/about\/nos-connaissances-2\/\">\r\n<link rel=\"alternate\" hreflang=\"ru\" href=\"https:\/\/ru.officinegullo.com\/about\/our-knowledge\/\">\r\n<link rel=\"alternate\" hreflang=\"zh\" href=\"https:\/\/officinegullo.cn\/about\/craftmanship\/\">","heading":{"titolo":"Nos connaissances","tipo_sfondo":"locale","immagine":"","sfondo":"","colore_testo":"chiaro","video_id":"https:\/\/s3.eu-central-1.amazonaws.com\/eu.officinegullo.com\/wp-content\/uploads\/2021\/08\/18170025\/video-saldatura.mp4","testo":"Officine Gullo repr\u00e9sente une rencontre particuli\u00e8re: celle entre la tradition artisanale ancienne et l'innovation technologique. L'inspiration vient du pass\u00e9 et elle est r\u00e9interpr\u00e9t\u00e9e pour la fonctionnalit\u00e9 de l'avenir."},"correlati":{"titolo":"","cta":null,"related":null},"page_builder":[{"acf_fc_layout":"mod_media","titolo":"M\u00e9tal et haute couture","cta":null,"orientamento":"sx","testo":"<h3>Le bin\u00f4me possible<\/h3>\r\nPlusieurs univers coexistent au c\u0153ur d'Officine Gullo : beaut\u00e9 et mati\u00e8re, recherche et luxe, manualit\u00e9 et \u00e9l\u00e9gance, produit et processus. Au-del\u00e0 - et peut-\u00eatre avant - d'\u00eatre une marque connue dans le monde entier pour ses cuisines uniques dans le sens le plus authentique du terme, Officine Gullo est litt\u00e9ralement ce qu'elle dit \u00eatre : un atelier, o\u00f9 les mati\u00e8res premi\u00e8res sont coup\u00e9es, pli\u00e9es et d\u00e9cor\u00e9es au mieux par la main de l'homme pour cr\u00e9er des \u0153uvres intemporelles. La main de l'homme, aujourd'hui comme hier, est justement le secret de la transformation alchimique de la mati\u00e8re brute en \u0153uvre achev\u00e9e.","tipo_media":"img","immagine":4584,"galleria":null,"video_id":""},{"acf_fc_layout":"mod_media","titolo":"","cta":null,"orientamento":"dx","testo":"Les ingr\u00e9dients ne sont pas des composants industriels, pr\u00e9-usin\u00e9s ou semi-finis, mais des plaques, des barres, des r\u00e8gles, de m\u00eame que le martelage, le brunissage, le nickelage et le chromage du laiton, l'effet vieilli de l'acier ou la peinture au feu de la carrosserie sont directement r\u00e9alis\u00e9s dans l'atelier apr\u00e8s que la pi\u00e8ce a \u00e9t\u00e9 fa\u00e7onn\u00e9e dans la forme et les dimensions demand\u00e9es par le client. Les couleurs ne proviennent g\u00e9n\u00e9ralement pas d'une palette standard, mais elles sont obtenues \u00e0 la demande explicite du client, reprenant parfois les m\u00eames finitions de couleur de leur voiture de luxe, plut\u00f4t que le m\u00eame point de couleur d'un rev\u00eatement dans leur maison, d'un tableau au mur, d'un compl\u00e9ment d'ameublement. Les gravures de symboles et d'armoiries peuvent s'inspirer aussi bien de la tradition iconographique florentine que des demandes du client et de son histoire familiale, sans limites de personnalisation. Pour Officine Gullo qui, travaillant exclusivement sur commande, ont fait de l'exception leur r\u00e8gle, parvenant \u00e0 d\u00e9finir des standards de qualit\u00e9 jusqu'alors inconnus dans l'industrie, c'est de la haute couture.","tipo_media":"img","immagine":4589,"galleria":null,"video_id":""},{"acf_fc_layout":"mod_fullscreen","tipo_media":"video","immagine":null,"galleria":null,"video_id":"https:\/\/s3.eu-central-1.amazonaws.com\/eu.officinegullo.com\/wp-content\/uploads\/2021\/08\/23144640\/video-lavorazione-1.mp4","iframe":"","titolo":"Un cadeau pour les g\u00e9n\u00e9rations futures ","testo":"<h3 style=\"color: white;\"><em>Les antiquit\u00e9s de demain<\/em><\/h3>\r\nGr\u00e2ce aux mat\u00e9riaux les plus r\u00e9sistants dont elles sont faites, les cuisines d'Officine Gullo sont con\u00e7ues de mani\u00e8re experte pour r\u00e9sister \u00e0 l'usure. Si la dur\u00e9e de vie moyenne d'une cuisine est de dix \u00e0 quinze ans, les cuisines Officine Gullo sont con\u00e7ues pour durer pratiquement pour l'\u00e9ternit\u00e9. Lorsque vous achetez une cuisine Officine Gullo, vous le faites non seulement pour nous, mais aussi pour nos enfants et les enfants des enfants, vous faites un investissement dans l'avenir, en donnant un engagement de confiance dans le futur."},{"acf_fc_layout":"mod_onlytxt","titolo":"","testo":"<p style=\"font-size: 1.5em; font-style: italic; font-weight: 300; line-height: 120%;\">\u201cChez Officine Gullo, nous construisons en pensant \u00e0 des temps bien plus longs que la production industrielle de notre secteur et, quoi qu'il en soit, \u00e0 des choses qui peuvent \u00e9ventuellement \u00eatre actualis\u00e9es, r\u00e9utilis\u00e9es et ult\u00e9rieurement am\u00e9lior\u00e9es, mais jamais abandonn\u00e9es et d\u00e9truites. Nous travaillons et concevons, si l'on peut dire, pour la vie d'aujourd'hui et les antiquit\u00e9s de demain. Chaque \u00e9l\u00e9ment offre solidit\u00e9, beaut\u00e9, qualit\u00e9 des mat\u00e9riaux utilis\u00e9s. Dans chacune de nos cr\u00e9ations, la tradition florentine s'allie \u00e0 une recherche obsessionnelle de la fonctionnalit\u00e9 et de la beaut\u00e9 : nous affinons le corps en acier de nos appareils de cuisson avec des \u00e9l\u00e9ments en laiton martel\u00e9 \u00e0 la main, en cuivre, des finitions galvaniques tr\u00e8s \u00e9paisses, des gravures, dans le sillage de ce qu'ont fait les artisans qui ont forg\u00e9 le m\u00e9tal \u00e0 Florence au cours des si\u00e8cles, cr\u00e9ant ainsi des \u0153uvres uniques et inimitables... nous sommes fiers d'apposer notre nom sur tout ce qui sort de nos ateliers, certains que ce nom durera dans le temps avec nos cr\u00e9ations.\u201d<\/p>\r\n<img class=\"wp-image-4570 alignright\" src=\"https:\/\/s3.eu-central-1.amazonaws.com\/eu.officinegullo.com\/wp-content\/uploads\/2021\/08\/18171358\/CarmeloGullo-firma-300x218.jpg\" alt=\"\" width=\"100\" height=\"73\" \/>"},{"acf_fc_layout":"mod_mediatxtmedia","titolo":"Le m\u00e9tal comme protagoniste","cta":null,"testo":"Des mat\u00e9riaux prestigieux aux qualit\u00e9s extraordinaires qui rappellent une tradition pass\u00e9e sont choisis et travaill\u00e9s \u00e0 la main avec des \u00e9paisseurs importantes allant de 2 \u00e0 7 mm, pour un r\u00e9sultat au charme indiscutable et intemporel.","media_1":{"immagine":5010},"media_2":{"immagine":5015}},{"acf_fc_layout":"mod_columns","colonne":[{"testo":"<h3 style=\"text-align: center;\">Cuivre<\/h3>\r\n<p style=\"text-align: center;\">Le cuivre est le mat\u00e9riau le plus ancien. Celui qui dure le plus longtemps. Le plus r\u00e9sistant. Il repr\u00e9sente un investissement \u00e0 long terme pour la maison. Avec l'or, c'est le seul m\u00e9tal color\u00e9 capable d'insuffler aux environnements une note chaleureuse et \u00e9l\u00e9gante. Utilis\u00e9 depuis l'\u00e9poque romaine, le cuivre se caract\u00e9rise par des propri\u00e9t\u00e9s remarquables : il est naturel, r\u00e9sistant, bact\u00e9riostatique, l\u00e9ger, tr\u00e8s mall\u00e9able et tr\u00e8s facile \u00e0 travailler : en effet, il peut \u00eatre facilement pli\u00e9 et fa\u00e7onn\u00e9.<\/p>"},{"testo":"<h3 style=\"text-align: center;\">Acier<\/h3>\r\n<p style=\"text-align: center;\">L'acier inoxydable est le mat\u00e9riau qui a le plus grand impact esth\u00e9tique sur l'espace cuisine : synonyme de force et de modernit\u00e9, il est \u00e0 la fois inalt\u00e9rable dans le temps, r\u00e9sistant aux bact\u00e9ries, r\u00e9sistant aux hautes temp\u00e9ratures et pratique du point de vue de la gestion quotidienne.<\/p>"},{"testo":"<h3 style=\"text-align: center;\">Laiton<\/h3>\r\n<p style=\"text-align: center;\">\u00a0Un m\u00e9tal utilis\u00e9 depuis des si\u00e8cles \u00e9galement dans le domaine artistique, connu pour sa ductilit\u00e9, sa mall\u00e9abilit\u00e9 et sa r\u00e9sistance \u00e0 la corrosion. Gr\u00e2ce \u00e0 sa couleur et aux nuances qu'il parvient \u00e0 prendre, le laiton ne se contente pas d'apporter de la chaleur aux pi\u00e8ces, mais il se combine facilement avec tout type de style, du moderne au classique.<\/p>"}]},{"acf_fc_layout":"mod_mediatxtmedia","titolo":"Des techniques sp\u00e9ciales  ","cta":null,"testo":"<h3>Des solutions infinies pour cr\u00e9er une cuisine sur mesure<\/h3>\r\nLa estructura de la cocina se puede realizar en 42 colores est\u00e1ndar brillantes, 56 colores est\u00e1ndar mate y 14 colores mate especiales. Se pueden crear otros colores personalizados bajo pedido. Est\u00e1 disponible una amplia gama de acabados para los detalles en lat\u00f3n, como los bordes y las manijas: desde los acabados galvanizados modernos, incluyendo cromo brillante, n\u00edquel negro o satinado, hasta los acabados cl\u00e1sicos en lat\u00f3n envejecido y oro de 24k para un toque exclusivo.","media_1":{"immagine":8671},"media_2":{"immagine":8666}},{"acf_fc_layout":"mod_gallery","titolo":"D\u00e9couvrez notre savoir-faire","galleria":[10887,10877,5010,24803,24793,24798,3194,4980]},{"acf_fc_layout":"mod_mediatxtmedia","titolo":"Les d\u00e9tails les plus embl\u00e9matiques","cta":null,"testo":"Un point fort incontestable d'Officine Gullo est sa grande exp\u00e9rience en m\u00e9canique de pr\u00e9cision, dans tous les usinages m\u00e9talliques pour lesquels un tr\u00e8s haut niveau de pr\u00e9cision est fondamental.","media_1":{"immagine":24981},"media_2":{"immagine":24966}},{"acf_fc_layout":"mod_gallery","titolo":"D\u00e9couvrez les d\u00e9tails les plus embl\u00e9matiques des cuisines Officine Gullo","galleria":[2821,2840,2828,24810,24815]}]},"yoast_head":"<!-- This site is optimized with the Yoast SEO Premium plugin v27.2 (Yoast SEO v27.2) - https:\/\/yoast.com\/product\/yoast-seo-premium-wordpress\/ -->\n<title>Nos connaissances | About Officine Gullo<\/title>\n<meta name=\"description\" content=\"Officine Gullo repr\u00e9sente une rencontre particuli\u00e8re: celle entre la tradition artisanale ancienne et l&#039;innovation technologique.\" \/>\n<meta name=\"robots\" content=\"index, follow, max-snippet:-1, max-image-preview:large, max-video-preview:-1\" \/>\n<link rel=\"canonical\" href=\"https:\/\/officinegullo.com\/fr\/about\/nos-connaissances\/\" \/>\n<meta property=\"og:locale\" content=\"fr_FR\" \/>\n<meta property=\"og:type\" content=\"article\" \/>\n<meta property=\"og:title\" content=\"Nos connaissances | About Officine Gullo\" \/>\n<meta property=\"og:description\" content=\"Officine Gullo repr\u00e9sente une rencontre particuli\u00e8re: celle entre la tradition artisanale ancienne et l&#039;innovation technologique.\" \/>\n<meta property=\"og:url\" content=\"https:\/\/officinegullo.com\/fr\/about\/nos-connaissances\/\" \/>\n<meta property=\"og:site_name\" content=\"Officine Gullo\" \/>\n<meta property=\"article:modified_time\" content=\"2024-12-11T11:22:21+00:00\" \/>\n<meta property=\"og:image\" content=\"https:\/\/s3.eu-central-1.amazonaws.com\/eu.officinegullo.com\/wp-content\/uploads\/2021\/09\/13172318\/Officine-Gullo-Artisans-7.jpg\" \/>\n\t<meta property=\"og:image:width\" content=\"1500\" \/>\n\t<meta property=\"og:image:height\" content=\"1000\" \/>\n\t<meta property=\"og:image:type\" content=\"image\/jpeg\" \/>\n<meta name=\"twitter:card\" content=\"summary_large_image\" \/>\n<meta name=\"twitter:label1\" content=\"Dur\u00e9e de lecture estim\u00e9e\" \/>\n\t<meta name=\"twitter:data1\" content=\"10 minutes\" \/>\n<script type=\"application\/ld+json\" class=\"yoast-schema-graph\">{\"@context\":\"https:\/\/schema.org\",\"@graph\":[{\"@type\":\"WebPage\",\"@id\":\"https:\/\/officinegullo.com\/fr\/about\/nos-connaissances\/\",\"url\":\"https:\/\/officinegullo.com\/fr\/about\/nos-connaissances\/\",\"name\":\"Nos connaissances | About Officine Gullo\",\"isPartOf\":{\"@id\":\"https:\/\/officinegullo.com\/fr\/#website\"},\"primaryImageOfPage\":{\"@id\":\"https:\/\/officinegullo.com\/fr\/about\/nos-connaissances\/#primaryimage\"},\"image\":{\"@id\":\"https:\/\/officinegullo.com\/fr\/about\/nos-connaissances\/#primaryimage\"},\"thumbnailUrl\":\"https:\/\/s3.eu-central-1.amazonaws.com\/eu.officinegullo.com\/wp-content\/uploads\/2021\/09\/13172318\/Officine-Gullo-Artisans-7.jpg\",\"datePublished\":\"2022-12-15T11:27:05+00:00\",\"dateModified\":\"2024-12-11T11:22:21+00:00\",\"description\":\"Officine Gullo repr\u00e9sente une rencontre particuli\u00e8re: celle entre la tradition artisanale ancienne et l'innovation technologique.\",\"breadcrumb\":{\"@id\":\"https:\/\/officinegullo.com\/fr\/about\/nos-connaissances\/#breadcrumb\"},\"inLanguage\":\"fr-FR\",\"potentialAction\":[{\"@type\":\"ReadAction\",\"target\":[\"https:\/\/officinegullo.com\/fr\/about\/nos-connaissances\/\"]}]},{\"@type\":\"ImageObject\",\"inLanguage\":\"fr-FR\",\"@id\":\"https:\/\/officinegullo.com\/fr\/about\/nos-connaissances\/#primaryimage\",\"url\":\"https:\/\/s3.eu-central-1.amazonaws.com\/eu.officinegullo.com\/wp-content\/uploads\/2021\/09\/13172318\/Officine-Gullo-Artisans-7.jpg\",\"contentUrl\":\"https:\/\/s3.eu-central-1.amazonaws.com\/eu.officinegullo.com\/wp-content\/uploads\/2021\/09\/13172318\/Officine-Gullo-Artisans-7.jpg\",\"width\":1500,\"height\":1000,\"caption\":\"Cucine in metallo Officine Gullo dettaglio\"},{\"@type\":\"BreadcrumbList\",\"@id\":\"https:\/\/officinegullo.com\/fr\/about\/nos-connaissances\/#breadcrumb\",\"itemListElement\":[{\"@type\":\"ListItem\",\"position\":1,\"name\":\"Home\",\"item\":\"https:\/\/officinegullo.com\/fr\/\"},{\"@type\":\"ListItem\",\"position\":2,\"name\":\"About\",\"item\":\"https:\/\/officinegullo.com\/fr\/about\/\"},{\"@type\":\"ListItem\",\"position\":3,\"name\":\"Nos connaissances\"}]},{\"@type\":\"WebSite\",\"@id\":\"https:\/\/officinegullo.com\/fr\/#website\",\"url\":\"https:\/\/officinegullo.com\/fr\/\",\"name\":\"Officine Gullo\",\"description\":\"Un nuovo sito targato WordPress\",\"potentialAction\":[{\"@type\":\"SearchAction\",\"target\":{\"@type\":\"EntryPoint\",\"urlTemplate\":\"https:\/\/officinegullo.com\/fr\/?s={search_term_string}\"},\"query-input\":{\"@type\":\"PropertyValueSpecification\",\"valueRequired\":true,\"valueName\":\"search_term_string\"}}],\"inLanguage\":\"fr-FR\"}]}<\/script>\n<!-- \/ Yoast SEO Premium plugin. -->","yoast_head_json":{"title":"Nos connaissances | About Officine Gullo","description":"Officine Gullo repr\u00e9sente une rencontre particuli\u00e8re: celle entre la tradition artisanale ancienne et l'innovation technologique.","robots":{"index":"index","follow":"follow","max-snippet":"max-snippet:-1","max-image-preview":"max-image-preview:large","max-video-preview":"max-video-preview:-1"},"canonical":"https:\/\/officinegullo.com\/fr\/about\/nos-connaissances\/","og_locale":"fr_FR","og_type":"article","og_title":"Nos connaissances | About Officine Gullo","og_description":"Officine Gullo repr\u00e9sente une rencontre particuli\u00e8re: celle entre la tradition artisanale ancienne et l'innovation technologique.","og_url":"https:\/\/officinegullo.com\/fr\/about\/nos-connaissances\/","og_site_name":"Officine Gullo","article_modified_time":"2024-12-11T11:22:21+00:00","og_image":[{"width":1500,"height":1000,"url":"https:\/\/s3.eu-central-1.amazonaws.com\/eu.officinegullo.com\/wp-content\/uploads\/2021\/09\/13172318\/Officine-Gullo-Artisans-7.jpg","type":"image\/jpeg"}],"twitter_card":"summary_large_image","twitter_misc":{"Dur\u00e9e de lecture estim\u00e9e":"10 minutes"},"schema":{"@context":"https:\/\/schema.org","@graph":[{"@type":"WebPage","@id":"https:\/\/officinegullo.com\/fr\/about\/nos-connaissances\/","url":"https:\/\/officinegullo.com\/fr\/about\/nos-connaissances\/","name":"Nos connaissances | About Officine Gullo","isPartOf":{"@id":"https:\/\/officinegullo.com\/fr\/#website"},"primaryImageOfPage":{"@id":"https:\/\/officinegullo.com\/fr\/about\/nos-connaissances\/#primaryimage"},"image":{"@id":"https:\/\/officinegullo.com\/fr\/about\/nos-connaissances\/#primaryimage"},"thumbnailUrl":"https:\/\/s3.eu-central-1.amazonaws.com\/eu.officinegullo.com\/wp-content\/uploads\/2021\/09\/13172318\/Officine-Gullo-Artisans-7.jpg","datePublished":"2022-12-15T11:27:05+00:00","dateModified":"2024-12-11T11:22:21+00:00","description":"Officine Gullo repr\u00e9sente une rencontre particuli\u00e8re: celle entre la tradition artisanale ancienne et l'innovation technologique.","breadcrumb":{"@id":"https:\/\/officinegullo.com\/fr\/about\/nos-connaissances\/#breadcrumb"},"inLanguage":"fr-FR","potentialAction":[{"@type":"ReadAction","target":["https:\/\/officinegullo.com\/fr\/about\/nos-connaissances\/"]}]},{"@type":"ImageObject","inLanguage":"fr-FR","@id":"https:\/\/officinegullo.com\/fr\/about\/nos-connaissances\/#primaryimage","url":"https:\/\/s3.eu-central-1.amazonaws.com\/eu.officinegullo.com\/wp-content\/uploads\/2021\/09\/13172318\/Officine-Gullo-Artisans-7.jpg","contentUrl":"https:\/\/s3.eu-central-1.amazonaws.com\/eu.officinegullo.com\/wp-content\/uploads\/2021\/09\/13172318\/Officine-Gullo-Artisans-7.jpg","width":1500,"height":1000,"caption":"Cucine in metallo Officine Gullo dettaglio"},{"@type":"BreadcrumbList","@id":"https:\/\/officinegullo.com\/fr\/about\/nos-connaissances\/#breadcrumb","itemListElement":[{"@type":"ListItem","position":1,"name":"Home","item":"https:\/\/officinegullo.com\/fr\/"},{"@type":"ListItem","position":2,"name":"About","item":"https:\/\/officinegullo.com\/fr\/about\/"},{"@type":"ListItem","position":3,"name":"Nos connaissances"}]},{"@type":"WebSite","@id":"https:\/\/officinegullo.com\/fr\/#website","url":"https:\/\/officinegullo.com\/fr\/","name":"Officine Gullo","description":"Un nuovo sito targato WordPress","potentialAction":[{"@type":"SearchAction","target":{"@type":"EntryPoint","urlTemplate":"https:\/\/officinegullo.com\/fr\/?s={search_term_string}"},"query-input":{"@type":"PropertyValueSpecification","valueRequired":true,"valueName":"search_term_string"}}],"inLanguage":"fr-FR"}]}},"_links":{"self":[{"href":"https:\/\/officinegullo.com\/fr\/wp-json\/wp\/v2\/pages\/26240","targetHints":{"allow":["GET"]}}],"collection":[{"href":"https:\/\/officinegullo.com\/fr\/wp-json\/wp\/v2\/pages"}],"about":[{"href":"https:\/\/officinegullo.com\/fr\/wp-json\/wp\/v2\/types\/page"}],"author":[{"embeddable":true,"href":"https:\/\/officinegullo.com\/fr\/wp-json\/wp\/v2\/users\/6"}],"replies":[{"embeddable":true,"href":"https:\/\/officinegullo.com\/fr\/wp-json\/wp\/v2\/comments?post=26240"}],"version-history":[{"count":2,"href":"https:\/\/officinegullo.com\/fr\/wp-json\/wp\/v2\/pages\/26240\/revisions"}],"predecessor-version":[{"id":119126,"href":"https:\/\/officinegullo.com\/fr\/wp-json\/wp\/v2\/pages\/26240\/revisions\/119126"}],"up":[{"embeddable":true,"href":"https:\/\/officinegullo.com\/fr\/wp-json\/wp\/v2\/pages\/9801"}],"wp:featuredmedia":[{"embeddable":true,"href":"https:\/\/officinegullo.com\/fr\/wp-json\/wp\/v2\/media\/10958"}],"wp:attachment":[{"href":"https:\/\/officinegullo.com\/fr\/wp-json\/wp\/v2\/media?parent=26240"}],"curies":[{"name":"wp","href":"https:\/\/api.w.org\/{rel}","templated":true}]}}