{"id":26235,"date":"2022-12-15T12:22:21","date_gmt":"2022-12-15T11:22:21","guid":{"rendered":"https:\/\/officinegullo.com\/?page_id=26235"},"modified":"2022-12-15T12:22:21","modified_gmt":"2022-12-15T11:22:21","slug":"identite-2","status":"publish","type":"page","link":"https:\/\/officinegullo.com\/fr\/about\/identite\/","title":{"rendered":"Identit\u00e9"},"content":{"rendered":"","protected":false},"excerpt":{"rendered":"","protected":false},"author":6,"featured_media":0,"parent":9801,"menu_order":0,"comment_status":"closed","ping_status":"closed","template":"tpl-single.php","meta":{"_acf_changed":false,"footnotes":""},"class_list":["post-26235","page","type-page","status-publish","hentry"],"acf":{"hreflang":"<link rel=\"alternate\" hreflang=\"en-us\" href=\"https:\/\/us.officinegullo.com\/about\/identity\/\">\n<link rel=\"alternate\" hreflang=\"fr-ca\" href=\"https:\/\/us.officinegullo.com\/fr-ca\/about\/identite\/\">\n<link rel=\"alternate\" hreflang=\"ru\" href=\"https:\/\/ru.officinegullo.com\/about\/identity\/\">\n<link rel=\"alternate\" hreflang=\"zh\" href=\"https:\/\/officinegullo.cn\/about\/heritage\/\">","heading":{"titolo":"Identit\u00e9","tipo_sfondo":"locale","immagine":4884,"sfondo":"","colore_testo":"chiaro","video_id":"https:\/\/s3.eu-central-1.amazonaws.com\/eu.officinegullo.com\/wp-content\/uploads\/2022\/10\/05164631\/Florence-Skyline-Encoded.mp4","testo":""},"correlati":{"titolo":"","cta":null,"related":null},"page_builder":[{"acf_fc_layout":"mod_media","titolo":"","cta":null,"orientamento":"sx","testo":"Officine Gullo est un sommet de l'excellence italienne en tant que producteur de cuisines m\u00e9talliques de luxe, d'appareils de cuisson professionnels et d'accessoires de cuisine, gr\u00e2ce \u00e0 la vision \u00e9clair\u00e9e et au dynamisme du fondateur Carmelo Gullo, aujourd'hui entour\u00e9 de ses trois fils Pietro, Andrea et Matteo \u00e0 la t\u00eate de l'entreprise. Aujourd'hui, Officine Gullo poss\u00e8de des salles d'exposition monomarques dans les principales villes internationales et capitales du design, notamment : Florence, Milan, Londres, New York, Los Angeles, Shanghai, Hong Kong, Moscou, Tel Aviv, Le Cap et Lagos.\r\n\r\nL'entreprise florentine, impr\u00e9gn\u00e9e d'innovation artisanale et technologique, cr\u00e9e exclusivement avec des m\u00e9taux nobles tels que le laiton, le cuivre et l'acier selon le savoir-faire traditionnel florentin.\r\n<div id=\"gtx-trans\" style=\"position: absolute; left: -17px; top: -17px;\">\r\n<div class=\"gtx-trans-icon\"><\/div>\r\n<\/div>","tipo_media":"img","immagine":14708,"galleria":null,"video_id":""},{"acf_fc_layout":"mod_onlytxt","titolo":"Rien n'aurait \u00e9t\u00e9 possible sans Florence","testo":"<p style=\"font-size: 30px; font-style: italic; font-weight: 300; line-height: 110%;\">\u201cLes deux \u00e2mes de notre production, la tradition et la technologie, ont \u00e9t\u00e9 m\u00eal\u00e9es par la beaut\u00e9 de la ville o\u00f9 nous avons la chance de vivre et de travailler. Les merveilles de ce lieu \u00e9tonnant nous inspirent chaque jour, guidant notre imagination chaque fois que nous nous lan\u00e7ons dans un projet. Ce sont les g\u00e9om\u00e9tries parfaites cach\u00e9es dans les fa\u00e7ades de ses b\u00e2timents, dans ses fresques, dans ses sculptures que nous modelons en forgeant le m\u00e9tal de nos cr\u00e9ations.\u201d<\/p>\r\n\r\n<h3><em><img class=\"wp-image-4570 alignright\" src=\"https:\/\/s3.eu-central-1.amazonaws.com\/eu.officinegullo.com\/wp-content\/uploads\/2021\/08\/18171358\/CarmeloGullo-firma-300x218.jpg\" alt=\"\" width=\"100\" height=\"73\" \/><\/em><\/h3>"},{"acf_fc_layout":"mod_mediatxtmedia","titolo":"","cta":null,"testo":"Officine Gullo voit le jour \u00e0 Florence, o\u00f9 Carmelo Gullo d\u00e9veloppe, avec la contribution d'ateliers m\u00e9caniques et d'artisans bronziers locaux, des cuisines et des accessoires sur mesure, h\u00e9ritiers de la noble tradition des cuisini\u00e8res florentines du XIXe si\u00e8cle, en travaillant les m\u00e9taux les plus nobles comme l'acier inoxydable \u00e9pais, le cuivre bruni, la fonte et le laiton. En effet, d\u00e8s le d\u00e9but, les cuisines d'Officine Gullo ont \u00e9t\u00e9 rendues uniques par leurs rev\u00eatements dans les m\u00e9taux les plus fins, r\u00e9alis\u00e9s enti\u00e8rement \u00e0 la main.","media_1":{"immagine":14715},"media_2":{"immagine":10942}},{"acf_fc_layout":"mod_onlytxt","titolo":"","testo":"La cuisine m\u00e9tallique compl\u00e8te, fabriqu\u00e9e sur mesure pour les maisons de ma\u00eetre, \u00e9tait depuis des si\u00e8cles l'un des \u00e9l\u00e9ments les plus significatifs de la tradition artisanale florentine. Au cours du XIXe si\u00e8cle, en effet, avec le d\u00e9veloppement de l'industrie du fer et de l'acier, de nombreuses fonderies d'art de la r\u00e9gion florentine s'\u00e9taient sp\u00e9cialis\u00e9es dans la production de cuisines m\u00e9talliques raffin\u00e9es, devenant ainsi un point de r\u00e9f\u00e9rence pour la haute bourgeoisie de toute l'Europe.\r\n\r\nUne tradition presque oubli\u00e9e, que Carmelo Gullo a fait revivre, en r\u00e9cup\u00e9rant avec soin les formes, les mat\u00e9riaux et les techniques de travail, pour les mettre en parall\u00e8le avec les technologies les plus modernes pour la cuisson et la conservation des aliments, emprunt\u00e9es directement aux grands restaurants."},{"acf_fc_layout":"mod_media","titolo":"Design intemporel","cta":null,"orientamento":"sx","testo":"Un design \u00e9ternel et des performances d'avant-garde, la tradition et l'innovation : tels sont les piliers sur lesquels Officine Gullo a construit son succ\u00e8s, devenant l'une des entreprises symboliques de la conceptualit\u00e9 Made in Italy dans le monde. Dans les cuisines Officine Gullo, le costume haute couture des carrosseries cohabite avec la technologie de pointe des \u00e9quipements de cuisson et de r\u00e9frig\u00e9ration. Le design est le lien entre ces deux \u00e2mes h\u00e9t\u00e9rog\u00e8nes, capable de m\u00ealer la tradition des fonderies d'art \u00e0 celle de la m\u00e9canique de pr\u00e9cision.","tipo_media":"img","immagine":4852,"galleria":null,"video_id":""},{"acf_fc_layout":"mod_media","titolo":"","cta":null,"orientamento":"dx","testo":"\u00ab Design \u00bb, en effet, ne signifie pas seulement esth\u00e9tique, mais avant toute planification, disposition de tous les \u00e9l\u00e9ments dans un cadre harmonieux, visant \u00e0 optimiser la fonctionnalit\u00e9, les performances et l'ergonomie. Les cuisines Officine Gullo, avant d'\u00eatre des bijoux technologiques et des \u0153uvres de haute facture, sont des chefs-d'\u0153uvre de design, car ce n'est que gr\u00e2ce \u00e0 une recherche minutieuse en mati\u00e8re de conception que ces deux aspects tr\u00e8s diff\u00e9rents peuvent coexister en harmonie, donnant vie \u00e0 un produit unique.","tipo_media":"img","immagine":4847,"galleria":null,"video_id":""}]},"yoast_head":"<!-- This site is optimized with the Yoast SEO Premium plugin v27.4 (Yoast SEO v27.4) - https:\/\/yoast.com\/product\/yoast-seo-premium-wordpress\/ -->\n<title>Identit\u00e9 | Officine Gullo<\/title>\n<meta name=\"description\" content=\"Officine Gullo est un sommet de l&#039;excellence italienne en tant que producteur de cuisines m\u00e9talliques de luxe, d&#039;appareils de cuisson professionnels et d&#039;accessoires de cuisine.\" \/>\n<meta name=\"robots\" content=\"index, follow, max-snippet:-1, max-image-preview:large, max-video-preview:-1\" \/>\n<link rel=\"canonical\" href=\"https:\/\/officinegullo.com\/fr\/about\/identite\/\" \/>\n<meta property=\"og:locale\" content=\"fr_FR\" \/>\n<meta property=\"og:type\" content=\"article\" \/>\n<meta property=\"og:title\" content=\"Identit\u00e9 | Officine Gullo\" \/>\n<meta property=\"og:description\" content=\"Officine Gullo est un sommet de l&#039;excellence italienne en tant que producteur de cuisines m\u00e9talliques de luxe, d&#039;appareils de cuisson professionnels et d&#039;accessoires de cuisine.\" \/>\n<meta property=\"og:url\" content=\"https:\/\/officinegullo.com\/fr\/about\/identite\/\" \/>\n<meta property=\"og:site_name\" content=\"Officine Gullo\" \/>\n<meta name=\"twitter:card\" content=\"summary_large_image\" \/>\n<script type=\"application\/ld+json\" class=\"yoast-schema-graph\">{\"@context\":\"https:\\\/\\\/schema.org\",\"@graph\":[{\"@type\":\"WebPage\",\"@id\":\"https:\\\/\\\/officinegullo.com\\\/fr\\\/about\\\/identite\\\/\",\"url\":\"https:\\\/\\\/officinegullo.com\\\/fr\\\/about\\\/identite\\\/\",\"name\":\"Identit\u00e9 | Officine Gullo\",\"isPartOf\":{\"@id\":\"https:\\\/\\\/officinegullo.com\\\/fr\\\/#website\"},\"datePublished\":\"2022-12-15T11:22:21+00:00\",\"description\":\"Officine Gullo est un sommet de l'excellence italienne en tant que producteur de cuisines m\u00e9talliques de luxe, d'appareils de cuisson professionnels et d'accessoires de cuisine.\",\"breadcrumb\":{\"@id\":\"https:\\\/\\\/officinegullo.com\\\/fr\\\/about\\\/identite\\\/#breadcrumb\"},\"inLanguage\":\"fr-FR\",\"potentialAction\":[{\"@type\":\"ReadAction\",\"target\":[\"https:\\\/\\\/officinegullo.com\\\/fr\\\/about\\\/identite\\\/\"]}]},{\"@type\":\"BreadcrumbList\",\"@id\":\"https:\\\/\\\/officinegullo.com\\\/fr\\\/about\\\/identite\\\/#breadcrumb\",\"itemListElement\":[{\"@type\":\"ListItem\",\"position\":1,\"name\":\"Home\",\"item\":\"https:\\\/\\\/officinegullo.com\\\/fr\\\/\"},{\"@type\":\"ListItem\",\"position\":2,\"name\":\"About\",\"item\":\"https:\\\/\\\/officinegullo.com\\\/fr\\\/about\\\/\"},{\"@type\":\"ListItem\",\"position\":3,\"name\":\"Identit\u00e9\"}]},{\"@type\":\"WebSite\",\"@id\":\"https:\\\/\\\/officinegullo.com\\\/fr\\\/#website\",\"url\":\"https:\\\/\\\/officinegullo.com\\\/fr\\\/\",\"name\":\"Officine Gullo\",\"description\":\"Un nuovo sito targato WordPress\",\"potentialAction\":[{\"@type\":\"SearchAction\",\"target\":{\"@type\":\"EntryPoint\",\"urlTemplate\":\"https:\\\/\\\/officinegullo.com\\\/fr\\\/?s={search_term_string}\"},\"query-input\":{\"@type\":\"PropertyValueSpecification\",\"valueRequired\":true,\"valueName\":\"search_term_string\"}}],\"inLanguage\":\"fr-FR\"}]}<\/script>\n<!-- \/ Yoast SEO Premium plugin. -->","yoast_head_json":{"title":"Identit\u00e9 | Officine Gullo","description":"Officine Gullo est un sommet de l'excellence italienne en tant que producteur de cuisines m\u00e9talliques de luxe, d'appareils de cuisson professionnels et d'accessoires de cuisine.","robots":{"index":"index","follow":"follow","max-snippet":"max-snippet:-1","max-image-preview":"max-image-preview:large","max-video-preview":"max-video-preview:-1"},"canonical":"https:\/\/officinegullo.com\/fr\/about\/identite\/","og_locale":"fr_FR","og_type":"article","og_title":"Identit\u00e9 | Officine Gullo","og_description":"Officine Gullo est un sommet de l'excellence italienne en tant que producteur de cuisines m\u00e9talliques de luxe, d'appareils de cuisson professionnels et d'accessoires de cuisine.","og_url":"https:\/\/officinegullo.com\/fr\/about\/identite\/","og_site_name":"Officine Gullo","twitter_card":"summary_large_image","schema":{"@context":"https:\/\/schema.org","@graph":[{"@type":"WebPage","@id":"https:\/\/officinegullo.com\/fr\/about\/identite\/","url":"https:\/\/officinegullo.com\/fr\/about\/identite\/","name":"Identit\u00e9 | Officine Gullo","isPartOf":{"@id":"https:\/\/officinegullo.com\/fr\/#website"},"datePublished":"2022-12-15T11:22:21+00:00","description":"Officine Gullo est un sommet de l'excellence italienne en tant que producteur de cuisines m\u00e9talliques de luxe, d'appareils de cuisson professionnels et d'accessoires de cuisine.","breadcrumb":{"@id":"https:\/\/officinegullo.com\/fr\/about\/identite\/#breadcrumb"},"inLanguage":"fr-FR","potentialAction":[{"@type":"ReadAction","target":["https:\/\/officinegullo.com\/fr\/about\/identite\/"]}]},{"@type":"BreadcrumbList","@id":"https:\/\/officinegullo.com\/fr\/about\/identite\/#breadcrumb","itemListElement":[{"@type":"ListItem","position":1,"name":"Home","item":"https:\/\/officinegullo.com\/fr\/"},{"@type":"ListItem","position":2,"name":"About","item":"https:\/\/officinegullo.com\/fr\/about\/"},{"@type":"ListItem","position":3,"name":"Identit\u00e9"}]},{"@type":"WebSite","@id":"https:\/\/officinegullo.com\/fr\/#website","url":"https:\/\/officinegullo.com\/fr\/","name":"Officine Gullo","description":"Un nuovo sito targato WordPress","potentialAction":[{"@type":"SearchAction","target":{"@type":"EntryPoint","urlTemplate":"https:\/\/officinegullo.com\/fr\/?s={search_term_string}"},"query-input":{"@type":"PropertyValueSpecification","valueRequired":true,"valueName":"search_term_string"}}],"inLanguage":"fr-FR"}]}},"_links":{"self":[{"href":"https:\/\/officinegullo.com\/fr\/wp-json\/wp\/v2\/pages\/26235","targetHints":{"allow":["GET"]}}],"collection":[{"href":"https:\/\/officinegullo.com\/fr\/wp-json\/wp\/v2\/pages"}],"about":[{"href":"https:\/\/officinegullo.com\/fr\/wp-json\/wp\/v2\/types\/page"}],"author":[{"embeddable":true,"href":"https:\/\/officinegullo.com\/fr\/wp-json\/wp\/v2\/users\/6"}],"replies":[{"embeddable":true,"href":"https:\/\/officinegullo.com\/fr\/wp-json\/wp\/v2\/comments?post=26235"}],"version-history":[{"count":1,"href":"https:\/\/officinegullo.com\/fr\/wp-json\/wp\/v2\/pages\/26235\/revisions"}],"predecessor-version":[{"id":28421,"href":"https:\/\/officinegullo.com\/fr\/wp-json\/wp\/v2\/pages\/26235\/revisions\/28421"}],"up":[{"embeddable":true,"href":"https:\/\/officinegullo.com\/fr\/wp-json\/wp\/v2\/pages\/9801"}],"wp:attachment":[{"href":"https:\/\/officinegullo.com\/fr\/wp-json\/wp\/v2\/media?parent=26235"}],"curies":[{"name":"wp","href":"https:\/\/api.w.org\/{rel}","templated":true}]}}