{"id":26152,"date":"2022-12-15T12:52:50","date_gmt":"2022-12-15T11:52:50","guid":{"rendered":"https:\/\/officinegullo.com\/?page_id=26152"},"modified":"2022-12-15T12:52:50","modified_gmt":"2022-12-15T11:52:50","slug":"le-restaurant-a-domicile","status":"publish","type":"page","link":"https:\/\/officinegullo.com\/fr\/about\/le-restaurant-a-domicile-2\/","title":{"rendered":"Le restaurant \u00e0 domicile"},"content":{"rendered":"","protected":false},"excerpt":{"rendered":"","protected":false},"author":2,"featured_media":0,"parent":9801,"menu_order":0,"comment_status":"closed","ping_status":"closed","template":"tpl-single.php","meta":{"_acf_changed":false,"footnotes":""},"class_list":["post-26152","page","type-page","status-publish","hentry"],"acf":{"hreflang":"<link rel=\"alternate\" hreflang=\"en-us\" href=\"https:\/\/us.officinegullo.com\/about\/restaurant-at-home\/\">\n<link rel=\"alternate\" hreflang=\"fr-ca\" href=\"https:\/\/us.officinegullo.com\/fr-ca\/about\/le-restaurant-a-domicile_old\/\">\n<link rel=\"alternate\" hreflang=\"ru\" href=\"https:\/\/ru.officinegullo.com\/about\/restaurant-at-home\/\">\n<link rel=\"alternate\" hreflang=\"zh\" href=\"https:\/\/officinegullo.cn\/about\/restaurant-at-home\/\">","heading":{"titolo":"Le restaurant \u00e0 domicile","tipo_sfondo":"locale","immagine":null,"sfondo":"","colore_testo":"chiaro","video_id":"https:\/\/s3.eu-central-1.amazonaws.com\/eu.officinegullo.com\/wp-content\/uploads\/2021\/08\/19115308\/VIDEO-RISTORANTE-A-CASA-Encoded.mp4","testo":"Une synth\u00e8se parfaite de la technologie, de l'esth\u00e9tique et de l'ergonomie. Ce sont les ingr\u00e9dients qui rendent les cuisines d'Officine Gullo uniques, cr\u00e9\u00e9es pour que les gens se sentent capables de cuisiner chez eux comme de vrais chefs dans leur propre restaurant."},"correlati":{"titolo":"","cta":null,"related":null},"page_builder":[{"acf_fc_layout":"mod_txtslider","titolo":"","cta":null,"orientamento":"sx","testo":"Officine Gullo fait entrer la technologie de pointe dans la maison sous forme d'appareils \u00e9lectrom\u00e9nagers, d'appareils de cuisson et d'accessoires. Ainsi, on d\u00e9couvre des br\u00fbleurs pouvant \u00e9mettre une puissance de 10 kW, des fours multifonctions programmables \u00e9quip\u00e9s de triple vitrage thermo-isolant, des barbecues en pierre de lave, des tables de cuisson \u00e0 induction, des coups de feu, des friteuses professionnelles, des plaques frytop effet miroir, des cuiseurs \u00e0 vapeur, des cuiseurs \u00e0 p\u00e2tes de la grande restauration, ainsi que des r\u00e9frig\u00e9rateurs rev\u00eatus d'acier inoxydable antibact\u00e9rien, et tout ce dont vous avez besoin pour constituer une cuisine r\u00e9pondant aux normes professionnelles.","slider":[4733,4738,4743,4748,4753]},{"acf_fc_layout":"mod_txtslider","titolo":"","cta":null,"orientamento":"dx","testo":"Mais ce n'est pas tout. Car les cuisines des Officine Gullo, contrairement \u00e0 celles destin\u00e9es uniquement \u00e0 la restauration, sont dot\u00e9es de hautes performances technologiques et sont \u00e9galement con\u00e7ues pour \u00eatre utilis\u00e9es par le commun des mortels. Un utilisateur qui aspire \u00e0 cuisiner comme un chef \u00e9toil\u00e9, mais qui ne veut pas renoncer \u00e0 la chaleur d'une \u00ab vraie \u00bb cuisine. La vaste collection est compl\u00e9t\u00e9e par un certain nombre d'accessoires pour la table et la cuisine, eux aussi d\u00e9velopp\u00e9s selon la philosophie de l'entreprise qui consiste \u00e0 faire entrer le \u00ab restaurant \u00e0 domicile \u00bb : \u00e9tag\u00e8res, petits appareils \u00e9lectrom\u00e9nagers, sets de couteaux, planches \u00e0 d\u00e9couper et objets en cuivre.","slider":[4823,4813,4818,4828,4808]},{"acf_fc_layout":"mod_fullscreen","tipo_media":"video","immagine":null,"galleria":null,"video_id":"https:\/\/s3.eu-central-1.amazonaws.com\/eu.officinegullo.com\/wp-content\/uploads\/2021\/08\/19115220\/Officine-Gullo_Cannavacciuolo_sub-eng.mp4","iframe":"","titolo":"","testo":""},{"acf_fc_layout":"mod_txtslider","titolo":"","cta":null,"orientamento":"sx","testo":"Ce haut contenu technologique a permis \u00e0 Officine Gullo de concevoir et d'am\u00e9nager les cuisines de restaurants de Chefs \u00e9toil\u00e9s tels que le Belmond Hotel Cipriani de Venise, le Four Seasons de Florence dirig\u00e9 par le chef Vito Mollica, la cha\u00eene de restaurants Probka dirig\u00e9e par le chef Aram Mnatsakanov \u00e0 Moscou, Saint-P\u00e9tersbourg et Kiev, la Villa Crespi d'Antonino Cannavacciuolo et le Virtuoso Restaurant Florence dirig\u00e9 par le chef Antonello Sardi. Des chefs avec qui l'entreprise a \u00e9tabli de solides relations au fil des ans, en les impliquant dans le d\u00e9veloppement de ses produits, notamment en ce qui concerne les m\u00e9thodes de cuisson.","slider":[4801,4796,4791,4786,4781,4776,4771]},{"acf_fc_layout":"mod_media","titolo":"La puissance du moteur,<br>comme dans une voiture de luxe","cta":null,"orientamento":"dx","testo":"Un m\u00e9canisme de pr\u00e9cision et de puissance qui allie l'harmonie des formes aux technologies de cuisson les plus modernes : comme une supercar de luxe, le moteur des appareils de cuisson d'Officine Gullo offre des performances extraordinaires et un design raffin\u00e9. Les br\u00fbleurs, \u00e9l\u00e9ment fondamental du moteur, sont fabriqu\u00e9s en laiton massif et en fonte chrom\u00e9e. \u00c9quip\u00e9s d'un thermocouple et de valves de s\u00e9curit\u00e9, ils sont capables de lib\u00e9rer une puissance pouvant atteindre 10 kilowatts.","tipo_media":"video","immagine":null,"galleria":null,"video_id":"https:\/\/s3.eu-central-1.amazonaws.com\/eu.officinegullo.com\/wp-content\/uploads\/2021\/08\/19120407\/potenza-del-motore.mp4"},{"acf_fc_layout":"mod_onlytxt","titolo":"","testo":"Le four professionnel est enti\u00e8rement r\u00e9alis\u00e9 en acier de haute \u00e9paisseur, il est compatible avec le standard des plaques professionnelles Gastronorm et gr\u00e2ce \u00e0 l'uniformit\u00e9 de la temp\u00e9rature, il garantit des cuissons savoureuses. Outre les br\u00fbleurs et le four, il existe de nombreux accessoires de cuisson performants : des barbecues en pierre de lave, des plaques frytop finition miroir et bien plus encore. Tous peuvent \u00eatre s\u00e9lectionn\u00e9s selon les souhaits du client et peuvent \u00eatre plac\u00e9s sur les plans des cuisines sans limites."},{"acf_fc_layout":"mod_fullscreen","tipo_media":"img","immagine":null,"galleria":null,"video_id":"","iframe":"","titolo":"","testo":""}]},"yoast_head":"<!-- This site is optimized with the Yoast SEO Premium plugin v27.2 (Yoast SEO v27.2) - https:\/\/yoast.com\/product\/yoast-seo-premium-wordpress\/ -->\n<title>Le restaurant \u00e0 domicile | Tecnologia, estetica, ergonomia | Officine Gullo<\/title>\n<meta name=\"description\" content=\"Officine Gullo porta in casa una tecnologia altamente avanzata negli elettrodomestici, nelle macchine di cottura e negli accessori.\" \/>\n<meta name=\"robots\" content=\"index, follow, max-snippet:-1, max-image-preview:large, max-video-preview:-1\" \/>\n<link rel=\"canonical\" href=\"https:\/\/officinegullo.com\/fr\/about\/le-restaurant-a-domicile-2\/\" \/>\n<meta property=\"og:locale\" content=\"fr_FR\" \/>\n<meta property=\"og:type\" content=\"article\" \/>\n<meta property=\"og:title\" content=\"Le restaurant \u00e0 domicile | Tecnologia, estetica, ergonomia | Officine Gullo\" \/>\n<meta property=\"og:description\" content=\"Officine Gullo porta in casa una tecnologia altamente avanzata negli elettrodomestici, nelle macchine di cottura e negli accessori.\" \/>\n<meta property=\"og:url\" content=\"https:\/\/officinegullo.com\/fr\/about\/le-restaurant-a-domicile-2\/\" \/>\n<meta property=\"og:site_name\" content=\"Officine Gullo\" \/>\n<meta name=\"twitter:card\" content=\"summary_large_image\" \/>\n<script type=\"application\/ld+json\" class=\"yoast-schema-graph\">{\"@context\":\"https:\/\/schema.org\",\"@graph\":[{\"@type\":\"WebPage\",\"@id\":\"https:\/\/officinegullo.com\/fr\/about\/le-restaurant-a-domicile-2\/\",\"url\":\"https:\/\/officinegullo.com\/fr\/about\/le-restaurant-a-domicile-2\/\",\"name\":\"Le restaurant \u00e0 domicile | Tecnologia, estetica, ergonomia | Officine Gullo\",\"isPartOf\":{\"@id\":\"https:\/\/officinegullo.com\/fr\/#website\"},\"datePublished\":\"2022-12-15T11:52:50+00:00\",\"description\":\"Officine Gullo porta in casa una tecnologia altamente avanzata negli elettrodomestici, nelle macchine di cottura e negli accessori.\",\"breadcrumb\":{\"@id\":\"https:\/\/officinegullo.com\/fr\/about\/le-restaurant-a-domicile-2\/#breadcrumb\"},\"inLanguage\":\"fr-FR\",\"potentialAction\":[{\"@type\":\"ReadAction\",\"target\":[\"https:\/\/officinegullo.com\/fr\/about\/le-restaurant-a-domicile-2\/\"]}]},{\"@type\":\"BreadcrumbList\",\"@id\":\"https:\/\/officinegullo.com\/fr\/about\/le-restaurant-a-domicile-2\/#breadcrumb\",\"itemListElement\":[{\"@type\":\"ListItem\",\"position\":1,\"name\":\"Home\",\"item\":\"https:\/\/officinegullo.com\/fr\/\"},{\"@type\":\"ListItem\",\"position\":2,\"name\":\"About\",\"item\":\"https:\/\/officinegullo.com\/fr\/about\/\"},{\"@type\":\"ListItem\",\"position\":3,\"name\":\"Le restaurant \u00e0 domicile\"}]},{\"@type\":\"WebSite\",\"@id\":\"https:\/\/officinegullo.com\/fr\/#website\",\"url\":\"https:\/\/officinegullo.com\/fr\/\",\"name\":\"Officine Gullo\",\"description\":\"Un nuovo sito targato WordPress\",\"potentialAction\":[{\"@type\":\"SearchAction\",\"target\":{\"@type\":\"EntryPoint\",\"urlTemplate\":\"https:\/\/officinegullo.com\/fr\/?s={search_term_string}\"},\"query-input\":{\"@type\":\"PropertyValueSpecification\",\"valueRequired\":true,\"valueName\":\"search_term_string\"}}],\"inLanguage\":\"fr-FR\"}]}<\/script>\n<!-- \/ Yoast SEO Premium plugin. -->","yoast_head_json":{"title":"Le restaurant \u00e0 domicile | Tecnologia, estetica, ergonomia | Officine Gullo","description":"Officine Gullo porta in casa una tecnologia altamente avanzata negli elettrodomestici, nelle macchine di cottura e negli accessori.","robots":{"index":"index","follow":"follow","max-snippet":"max-snippet:-1","max-image-preview":"max-image-preview:large","max-video-preview":"max-video-preview:-1"},"canonical":"https:\/\/officinegullo.com\/fr\/about\/le-restaurant-a-domicile-2\/","og_locale":"fr_FR","og_type":"article","og_title":"Le restaurant \u00e0 domicile | Tecnologia, estetica, ergonomia | Officine Gullo","og_description":"Officine Gullo porta in casa una tecnologia altamente avanzata negli elettrodomestici, nelle macchine di cottura e negli accessori.","og_url":"https:\/\/officinegullo.com\/fr\/about\/le-restaurant-a-domicile-2\/","og_site_name":"Officine Gullo","twitter_card":"summary_large_image","schema":{"@context":"https:\/\/schema.org","@graph":[{"@type":"WebPage","@id":"https:\/\/officinegullo.com\/fr\/about\/le-restaurant-a-domicile-2\/","url":"https:\/\/officinegullo.com\/fr\/about\/le-restaurant-a-domicile-2\/","name":"Le restaurant \u00e0 domicile | Tecnologia, estetica, ergonomia | Officine Gullo","isPartOf":{"@id":"https:\/\/officinegullo.com\/fr\/#website"},"datePublished":"2022-12-15T11:52:50+00:00","description":"Officine Gullo porta in casa una tecnologia altamente avanzata negli elettrodomestici, nelle macchine di cottura e negli accessori.","breadcrumb":{"@id":"https:\/\/officinegullo.com\/fr\/about\/le-restaurant-a-domicile-2\/#breadcrumb"},"inLanguage":"fr-FR","potentialAction":[{"@type":"ReadAction","target":["https:\/\/officinegullo.com\/fr\/about\/le-restaurant-a-domicile-2\/"]}]},{"@type":"BreadcrumbList","@id":"https:\/\/officinegullo.com\/fr\/about\/le-restaurant-a-domicile-2\/#breadcrumb","itemListElement":[{"@type":"ListItem","position":1,"name":"Home","item":"https:\/\/officinegullo.com\/fr\/"},{"@type":"ListItem","position":2,"name":"About","item":"https:\/\/officinegullo.com\/fr\/about\/"},{"@type":"ListItem","position":3,"name":"Le restaurant \u00e0 domicile"}]},{"@type":"WebSite","@id":"https:\/\/officinegullo.com\/fr\/#website","url":"https:\/\/officinegullo.com\/fr\/","name":"Officine Gullo","description":"Un nuovo sito targato WordPress","potentialAction":[{"@type":"SearchAction","target":{"@type":"EntryPoint","urlTemplate":"https:\/\/officinegullo.com\/fr\/?s={search_term_string}"},"query-input":{"@type":"PropertyValueSpecification","valueRequired":true,"valueName":"search_term_string"}}],"inLanguage":"fr-FR"}]}},"_links":{"self":[{"href":"https:\/\/officinegullo.com\/fr\/wp-json\/wp\/v2\/pages\/26152","targetHints":{"allow":["GET"]}}],"collection":[{"href":"https:\/\/officinegullo.com\/fr\/wp-json\/wp\/v2\/pages"}],"about":[{"href":"https:\/\/officinegullo.com\/fr\/wp-json\/wp\/v2\/types\/page"}],"author":[{"embeddable":true,"href":"https:\/\/officinegullo.com\/fr\/wp-json\/wp\/v2\/users\/2"}],"replies":[{"embeddable":true,"href":"https:\/\/officinegullo.com\/fr\/wp-json\/wp\/v2\/comments?post=26152"}],"version-history":[{"count":2,"href":"https:\/\/officinegullo.com\/fr\/wp-json\/wp\/v2\/pages\/26152\/revisions"}],"predecessor-version":[{"id":84560,"href":"https:\/\/officinegullo.com\/fr\/wp-json\/wp\/v2\/pages\/26152\/revisions\/84560"}],"up":[{"embeddable":true,"href":"https:\/\/officinegullo.com\/fr\/wp-json\/wp\/v2\/pages\/9801"}],"wp:attachment":[{"href":"https:\/\/officinegullo.com\/fr\/wp-json\/wp\/v2\/media?parent=26152"}],"curies":[{"name":"wp","href":"https:\/\/api.w.org\/{rel}","templated":true}]}}