{"id":24827,"date":"2022-09-21T10:02:41","date_gmt":"2022-09-21T08:02:41","guid":{"rendered":"https:\/\/officinegullo.com\/?page_id=24827"},"modified":"2024-01-24T10:04:20","modified_gmt":"2024-01-24T09:04:20","slug":"unazienda-di-persone","status":"publish","type":"page","link":"https:\/\/officinegullo.com\/fr\/about\/une-entreprise-de-personnes\/","title":{"rendered":"Une entreprise de personnes"},"content":{"rendered":"<p>\u00ab\u00a0Les cuisines Officine Gullo sont des cr\u00e9ations artisanales r\u00e9alis\u00e9es dans le cadre d&rsquo;un cycle de production hautement technologique. Les mains de l&rsquo;homme, dans le clair-obscur d&rsquo;un m\u00e9tal cisel\u00e9 ou dans les ombres d&rsquo;un brunissage fait main, fa\u00e7onnent la mati\u00e8re en lui donnant une \u00e2me. Apr\u00e8s tout, aujourd&rsquo;hui encore, l&rsquo;\u0153il humain arrive l\u00e0 o\u00f9 la machine ne peut pas, et distingue le parfait du m\u00e9diocre l\u00e0 o\u00f9 le robot se contente de \u00ab produire \u00bb. C&rsquo;est pourquoi le savoir-faire de ses artisans experts est une contribution indispensable \u00e0 la cr\u00e9ation de chaque cuisine.<\/p>\n<p>C&rsquo;est pourquoi l&rsquo;entreprise a lanc\u00e9 le \u00ab Progetto Memoria \u00bb (projet m\u00e9moire) : un programme visant \u00e0 valoriser le c\u00f4t\u00e9 humain de la production et \u00e0 transmettre les connaissances exclusives li\u00e9es \u00e0 l&rsquo;ancien travail manuel des artisans.\u00a0\u00bb<\/p>\n","protected":false},"excerpt":{"rendered":"<p>\u00ab\u00a0Les cuisines Officine Gullo sont des cr\u00e9ations artisanales r\u00e9alis\u00e9es dans le cadre d&rsquo;un cycle de production hautement technologique. Les mains de l&rsquo;homme, dans le clair-obscur d&rsquo;un m\u00e9tal cisel\u00e9 ou dans les ombres d&rsquo;un brunissage fait main, fa\u00e7onnent la mati\u00e8re en lui donnant une \u00e2me. Apr\u00e8s tout, aujourd&rsquo;hui encore, l&rsquo;\u0153il humain arrive l\u00e0 o\u00f9 la machine [&hellip;]<\/p>\n","protected":false},"author":2,"featured_media":0,"parent":9801,"menu_order":0,"comment_status":"closed","ping_status":"closed","template":"tpl-single.php","meta":{"_acf_changed":false,"footnotes":""},"class_list":["post-24827","page","type-page","status-publish","hentry"],"acf":{"hreflang":"<link rel=\"alternate\" hreflang=\"en-us\" href=\"https:\/\/us.officinegullo.com\/about\/a-people-first-company\/\">\n<link rel=\"alternate\" hreflang=\"fr-ca\" href=\"https:\/\/us.officinegullo.com\/fr-ca\/about\/une-entreprise-de-personnes\/\">\n<link rel=\"alternate\" hreflang=\"ru\" href=\"https:\/\/ru.officinegullo.com\/about\/a-people-first-company\/\">\n<link rel=\"alternate\" hreflang=\"zh\" href=\"https:\/\/officinegullo.cn\/about\/a-people-first-company\/\">","heading":{"titolo":"L'homme au centre","tipo_sfondo":"img","immagine":10958,"sfondo":"","colore_testo":"chiaro","video_id":"","testo":"<h3 style=\"color: white;\">L'humanisme florentin<\/h3>\r\nDu point de vue culturel, la soci\u00e9t\u00e9 Officine Gullo se situe aux antipodes de la grande distribution, en termes de valeurs, de m\u00e9thodes, de proc\u00e9dures et d'objectifs. Chaque collaborateur de l'entreprise a une vue d'ensemble du produit, tant dans les phases de conception que de production."},"correlati":{"titolo":"","cta":null,"related":null},"page_builder":[{"acf_fc_layout":"mod_media","titolo":"","cta":null,"orientamento":"sx","testo":"L'hyper-sp\u00e9cialisation d'aujourd'hui a fait de l'homme un rouage de la machine industrielle. En investissant dans la qualit\u00e9 et l'artisanat, Officine Gullo a r\u00e9ussi \u00e0 s'imposer sur le march\u00e9 mondial en inversant cette tendance, en mettant l'homme au centre, avec ses besoins, ses connaissances, ses comp\u00e9tences, son inventivit\u00e9, sa capacit\u00e9 \u00e0 apprendre et \u00e0 communiquer.\r\nMais \u00ab l'homme au centre \u00bb n'est pas seulement synonyme de vue d'ensemble, de responsabilit\u00e9 et de connaissance universelle. Tout d'abord, cela signifie cr\u00e9ativit\u00e9, vision, courage de s'aventurer dans des territoires inconnus. C'est cet esprit qui, \u00e0 l'apog\u00e9e de la Renaissance, a conduit les navigateurs italiens \u00e0 la d\u00e9couverte et \u00e0 l'exploration du Nouveau Continent. Tout au long de son histoire, Officine Gullo a eu la capacit\u00e9 de saisir les tendances du march\u00e9 avant qu'elles ne deviennent des modes. Cela a \u00e9t\u00e9 possible gr\u00e2ce \u00e0 la relation directe avec ses clients, en restant constamment \u00e0 l'\u00e9coute de leurs d\u00e9sirs et en suivant leurs exigences.","tipo_media":"img","immagine":8691,"galleria":null,"video_id":""},{"acf_fc_layout":"mod_media","titolo":"","cta":null,"orientamento":"dx","testo":"Quelles que soient ses formes, la force de l'entreprise r\u00e9side dans le fait qu'elle repose solidement sur les anciennes valeurs humanistes qui placent l'homme au centre, qu'il s'agisse de l'entrepreneur avec son courage et son inventivit\u00e9, du collaborateur avec ses comp\u00e9tences, ou du client avec ses envies pleines de visions d'avenir.","tipo_media":"img","immagine":10963,"galleria":null,"video_id":""},{"acf_fc_layout":"mod_fullscreen","tipo_media":"img","immagine":4694,"galleria":null,"video_id":"","iframe":"","titolo":"","testo":"<h2 style=\"color: white;\">Le \u00abProjet m\u00e9moire\u00bb<\/h2>\r\n<h3 style=\"color: white;\">Les artisans, la gloire de la cr\u00e9ativit\u00e9 italienne<\/h3>"},{"acf_fc_layout":"mod_media","titolo":"","cta":null,"orientamento":"sx","testo":"Les cuisines Officine Gullo sont des cr\u00e9ations artisanales r\u00e9alis\u00e9es dans le cadre d'un cycle de production hautement technologique. Les mains de l'homme, dans le clair-obscur d'un m\u00e9tal cisel\u00e9 ou dans les ombres d'un brunissage fait main, fa\u00e7onnent la mati\u00e8re en lui donnant une \u00e2me. Apr\u00e8s tout, aujourd'hui encore, l'\u0153il humain arrive l\u00e0 o\u00f9 la machine ne peut pas, et distingue le parfait du m\u00e9diocre l\u00e0 o\u00f9 le robot se contente de \u00ab produire \u00bb. C'est pourquoi le savoir-faire de ses artisans experts est une contribution indispensable \u00e0 la cr\u00e9ation de chaque cuisine.\r\nC'est pourquoi l'entreprise a lanc\u00e9 le \u00ab Progetto Memoria \u00bb (projet m\u00e9moire) : un programme visant \u00e0 valoriser le c\u00f4t\u00e9 humain de la production et \u00e0 transmettre les connaissances exclusives li\u00e9es \u00e0 l'ancien travail manuel des artisans.","tipo_media":"img","immagine":10867,"galleria":null,"video_id":""},{"acf_fc_layout":"mod_media","titolo":"","cta":null,"orientamento":"sx","testo":"Chaque collaborateur des Officine Gullo commence \u00e0 travailler dans l'entreprise \u00e0 travers un parcours de formation visant \u00e0 pr\u00e9server les techniques les plus anciennes du travail du m\u00e9tal et de l'art d\u00e9coratif florentin. L'enseignement, comme dans les anciens ateliers, se fait sous la direction quotidienne de ma\u00eetres exp\u00e9riment\u00e9s.\r\nCela a \u00e9t\u00e9 possible gr\u00e2ce \u00e0 l'aide de personnes encore soucieuses des traditions et des techniques artisanales de leurs p\u00e8res. Des ma\u00eetres d\u00e9sireux de soutenir et de valoriser les connaissances et les valeurs de la tradition. Certaines de ces histoires de vie, de savoir-faire et de passion ont \u00e9t\u00e9 recueillies et viendront enrichir la M\u00e9moire de ce savoir-faire dont Officine Gullo s'est engag\u00e9e \u00e0 \u00eatre la gardienne.","tipo_media":"img","immagine":4985,"galleria":null,"video_id":""},{"acf_fc_layout":"mod_doublefullscreen","titolo":"","cta":null,"testo":"","media_1":{"tipo_media":"yt","video_id":"https:\/\/youtu.be\/y-kcWjg5Klo","immagine":125138},"media_2":{"tipo_media":"yt","video_id":"https:\/\/youtu.be\/AHnVVQNSNPA","immagine":125013}},{"acf_fc_layout":"mod_gallery","titolo":"","galleria":[2902,2897,2892,2887,2882,2877,2872,2867,2862]},{"acf_fc_layout":"mod_onlytxt","titolo":"Une entreprise \u00e0 la dimension internationale qui n'a jamais perdu  son esprit familial","testo":"Chaque produit Officine Gullo raconte une histoire, cr\u00e9\u00e9e \u00e0 travers une collaboration unique impliquant des architectes, des designers, des ing\u00e9nieurs, des artisans et des cr\u00e9atifs num\u00e9riques. Cette parfaite fusion des m\u00e9tiers permet de r\u00e9aliser les projets et les d\u00e9sirs du client final, gr\u00e2ce \u00e0 des sp\u00e9cialistes qui ont une vue d'ensemble de tout le processus de production."},{"acf_fc_layout":"mod_txtslider","titolo":"Conception","cta":null,"orientamento":"sx","testo":"Gr\u00e2ce \u00e0 un \u00e9change intense avec le client et \u00e0 une \u00e9tude approfondie de ses habitudes en cuisine et des espaces r\u00e9els que le projet occupera, nos architectes et designers suivent le client pas \u00e0 pas, de la premi\u00e8re \u00e9bauche au montage. Comme dans un costume sur mesure, l'id\u00e9e initiale calque les d\u00e9sirs du client ainsi que les exigences de l'espace et de l'environnement, d'une mani\u00e8re esth\u00e9tiquement attrayante, et surtout adapt\u00e9e aux exigences de ceux qui vivent et utilisent la cuisine.","slider":[2919,2909,3175,2939,2929]},{"acf_fc_layout":"mod_txtslider","titolo":"CLAB","cta":null,"orientamento":"dx","testo":"Le Creative Lab (CLAB) \u00e9tudie et promeut l'image d'Officine Gullo, en traduisant en repr\u00e9sentations visuelles concr\u00e8tes les valeurs que la famille et la direction ont d\u00e9finies au fil des ans. Chaque jour, nous cherchons de nouvelles fa\u00e7ons de raconter et de communiquer de la meilleure fa\u00e7on possible le travail qui est fait dans l'entreprise. Au CLAB, en effet, les d\u00e9partements 3D et graphique travaillent aux c\u00f4t\u00e9s des d\u00e9partements marketing et communication pour cr\u00e9er une image d'entreprise pr\u00e9cise.","slider":[2949,2964,2944,2954,2959]},{"acf_fc_layout":"mod_txtslider","titolo":"Artisans","cta":null,"orientamento":"sx","testo":"C'est \u00e0 l'atelier, que prenne vie les projets et les dessins techniques gr\u00e2ce au travail manuel soigneux et m\u00e9ticuleux des ma\u00eetres artisans. Tous les usinages, de la d\u00e9coupe du m\u00e9tal \u00e0 la finition des d\u00e9corations en laiton, sont r\u00e9alis\u00e9s par la m\u00eame \u00e9quipe d'artisans, qui \u00ab signent \u00bb la cuisine, en en faisant une pi\u00e8ce unique et inimitable dans tous ses d\u00e9tails.","slider":[3094,3069,3079,2974,2979,2984,2969,2989,2994,2999,3004,3009,3014,3019,3024,3029,3034,3039,3044,3049,3054,3059,3064,3074,3084,3089,3099]},{"acf_fc_layout":"mod_txtslider","titolo":"Bureau technique","cta":null,"orientamento":"dx","testo":"Dans le bureau technique, les id\u00e9es de la conception sont transform\u00e9es en dessins techniques applicables. Les produits sont con\u00e7us \u00e0 travers une conception m\u00e9ticuleuse sur les diff\u00e9rentes \u00e9tapes du d\u00e9veloppement qui permet le grand soin de chaque d\u00e9tail et assure la durabilit\u00e9 de ses produits dans le temps. C'est ici qu'est r\u00e9alis\u00e9e la \u00ab partition \u00bb qui sera ex\u00e9cut\u00e9e par les ma\u00eetres artisans.","slider":[3104,3109,3114,3119,3124,3129,3134]},{"acf_fc_layout":"mod_txtslider","titolo":"Administration","cta":null,"orientamento":"sx","testo":"Parall\u00e8lement \u00e0 la cr\u00e9ativit\u00e9 et aux id\u00e9es, l'organisation, les processus, les r\u00e8gles et le contr\u00f4le sont toujours n\u00e9cessaires. Aucune des \u00e9tapes cr\u00e9atives qui font partie du processus op\u00e9rationnel d'Officine Gullo ne serait possible sans notre d\u00e9partement administratif, qui est charg\u00e9 de coordonner toutes les op\u00e9rations nationales et internationales, pr\u00e9servant ainsi la m\u00e9moire de notre organisation d'ann\u00e9e en ann\u00e9e.","slider":[3139,3159,3149,3154]},{"acf_fc_layout":"mod_txtslider","titolo":"Worldwide","cta":null,"orientamento":"dx","testo":"De l'Italie \u00e0 l'Europe, des \u00c9tats-Unis \u00e0 l'Afrique du Sud, du Moyen-Orient \u00e0 l'Asie du Sud-Est, Officine Gullo couvre le march\u00e9 mondial \u00e0 travers des showrooms monomarques situ\u00e9s dans les principales capitales mondiales et un vaste r\u00e9seau de professionnels dans la r\u00e9gion.","slider":""}]},"yoast_head":"<!-- This site is optimized with the Yoast SEO Premium plugin v27.2 (Yoast SEO v27.2) - https:\/\/yoast.com\/product\/yoast-seo-premium-wordpress\/ -->\n<title>Une entreprise de personnes | Officine Gullo<\/title>\n<meta name=\"description\" content=\"Chaque produit Officine Gullo raconte une histoire, cr\u00e9\u00e9e gr\u00e2ce \u00e0 une collaboration unique entre architectes, designers, ing\u00e9nieurs, artisans et cr\u00e9ateurs num\u00e9riques.\" \/>\n<meta name=\"robots\" content=\"index, follow, max-snippet:-1, max-image-preview:large, max-video-preview:-1\" \/>\n<link rel=\"canonical\" href=\"https:\/\/officinegullo.com\/fr\/about\/une-entreprise-de-personnes\/\" \/>\n<meta property=\"og:locale\" content=\"fr_FR\" \/>\n<meta property=\"og:type\" content=\"article\" \/>\n<meta property=\"og:title\" content=\"Une entreprise de personnes | Officine Gullo\" \/>\n<meta property=\"og:description\" content=\"Chaque produit Officine Gullo raconte une histoire, cr\u00e9\u00e9e gr\u00e2ce \u00e0 une collaboration unique entre architectes, designers, ing\u00e9nieurs, artisans et cr\u00e9ateurs num\u00e9riques.\" \/>\n<meta property=\"og:url\" content=\"https:\/\/officinegullo.com\/fr\/about\/une-entreprise-de-personnes\/\" \/>\n<meta property=\"og:site_name\" content=\"Officine Gullo\" \/>\n<meta property=\"article:modified_time\" content=\"2024-01-24T09:04:20+00:00\" \/>\n<meta name=\"twitter:card\" content=\"summary_large_image\" \/>\n<meta name=\"twitter:label1\" content=\"Dur\u00e9e de lecture estim\u00e9e\" \/>\n\t<meta name=\"twitter:data1\" content=\"19 minutes\" \/>\n<script type=\"application\/ld+json\" class=\"yoast-schema-graph\">{\"@context\":\"https:\/\/schema.org\",\"@graph\":[{\"@type\":\"WebPage\",\"@id\":\"https:\/\/officinegullo.com\/fr\/about\/une-entreprise-de-personnes\/\",\"url\":\"https:\/\/officinegullo.com\/fr\/about\/une-entreprise-de-personnes\/\",\"name\":\"Une entreprise de personnes | Officine Gullo\",\"isPartOf\":{\"@id\":\"https:\/\/officinegullo.com\/fr\/#website\"},\"datePublished\":\"2022-09-21T08:02:41+00:00\",\"dateModified\":\"2024-01-24T09:04:20+00:00\",\"description\":\"Chaque produit Officine Gullo raconte une histoire, cr\u00e9\u00e9e gr\u00e2ce \u00e0 une collaboration unique entre architectes, designers, ing\u00e9nieurs, artisans et cr\u00e9ateurs num\u00e9riques.\",\"breadcrumb\":{\"@id\":\"https:\/\/officinegullo.com\/fr\/about\/une-entreprise-de-personnes\/#breadcrumb\"},\"inLanguage\":\"fr-FR\",\"potentialAction\":[{\"@type\":\"ReadAction\",\"target\":[\"https:\/\/officinegullo.com\/fr\/about\/une-entreprise-de-personnes\/\"]}]},{\"@type\":\"BreadcrumbList\",\"@id\":\"https:\/\/officinegullo.com\/fr\/about\/une-entreprise-de-personnes\/#breadcrumb\",\"itemListElement\":[{\"@type\":\"ListItem\",\"position\":1,\"name\":\"Home\",\"item\":\"https:\/\/officinegullo.com\/fr\/\"},{\"@type\":\"ListItem\",\"position\":2,\"name\":\"About\",\"item\":\"https:\/\/officinegullo.com\/fr\/about\/\"},{\"@type\":\"ListItem\",\"position\":3,\"name\":\"Une entreprise de personnes\"}]},{\"@type\":\"WebSite\",\"@id\":\"https:\/\/officinegullo.com\/fr\/#website\",\"url\":\"https:\/\/officinegullo.com\/fr\/\",\"name\":\"Officine Gullo\",\"description\":\"Un nuovo sito targato WordPress\",\"potentialAction\":[{\"@type\":\"SearchAction\",\"target\":{\"@type\":\"EntryPoint\",\"urlTemplate\":\"https:\/\/officinegullo.com\/fr\/?s={search_term_string}\"},\"query-input\":{\"@type\":\"PropertyValueSpecification\",\"valueRequired\":true,\"valueName\":\"search_term_string\"}}],\"inLanguage\":\"fr-FR\"}]}<\/script>\n<!-- \/ Yoast SEO Premium plugin. -->","yoast_head_json":{"title":"Une entreprise de personnes | Officine Gullo","description":"Chaque produit Officine Gullo raconte une histoire, cr\u00e9\u00e9e gr\u00e2ce \u00e0 une collaboration unique entre architectes, designers, ing\u00e9nieurs, artisans et cr\u00e9ateurs num\u00e9riques.","robots":{"index":"index","follow":"follow","max-snippet":"max-snippet:-1","max-image-preview":"max-image-preview:large","max-video-preview":"max-video-preview:-1"},"canonical":"https:\/\/officinegullo.com\/fr\/about\/une-entreprise-de-personnes\/","og_locale":"fr_FR","og_type":"article","og_title":"Une entreprise de personnes | Officine Gullo","og_description":"Chaque produit Officine Gullo raconte une histoire, cr\u00e9\u00e9e gr\u00e2ce \u00e0 une collaboration unique entre architectes, designers, ing\u00e9nieurs, artisans et cr\u00e9ateurs num\u00e9riques.","og_url":"https:\/\/officinegullo.com\/fr\/about\/une-entreprise-de-personnes\/","og_site_name":"Officine Gullo","article_modified_time":"2024-01-24T09:04:20+00:00","twitter_card":"summary_large_image","twitter_misc":{"Dur\u00e9e de lecture estim\u00e9e":"19 minutes"},"schema":{"@context":"https:\/\/schema.org","@graph":[{"@type":"WebPage","@id":"https:\/\/officinegullo.com\/fr\/about\/une-entreprise-de-personnes\/","url":"https:\/\/officinegullo.com\/fr\/about\/une-entreprise-de-personnes\/","name":"Une entreprise de personnes | Officine Gullo","isPartOf":{"@id":"https:\/\/officinegullo.com\/fr\/#website"},"datePublished":"2022-09-21T08:02:41+00:00","dateModified":"2024-01-24T09:04:20+00:00","description":"Chaque produit Officine Gullo raconte une histoire, cr\u00e9\u00e9e gr\u00e2ce \u00e0 une collaboration unique entre architectes, designers, ing\u00e9nieurs, artisans et cr\u00e9ateurs num\u00e9riques.","breadcrumb":{"@id":"https:\/\/officinegullo.com\/fr\/about\/une-entreprise-de-personnes\/#breadcrumb"},"inLanguage":"fr-FR","potentialAction":[{"@type":"ReadAction","target":["https:\/\/officinegullo.com\/fr\/about\/une-entreprise-de-personnes\/"]}]},{"@type":"BreadcrumbList","@id":"https:\/\/officinegullo.com\/fr\/about\/une-entreprise-de-personnes\/#breadcrumb","itemListElement":[{"@type":"ListItem","position":1,"name":"Home","item":"https:\/\/officinegullo.com\/fr\/"},{"@type":"ListItem","position":2,"name":"About","item":"https:\/\/officinegullo.com\/fr\/about\/"},{"@type":"ListItem","position":3,"name":"Une entreprise de personnes"}]},{"@type":"WebSite","@id":"https:\/\/officinegullo.com\/fr\/#website","url":"https:\/\/officinegullo.com\/fr\/","name":"Officine Gullo","description":"Un nuovo sito targato WordPress","potentialAction":[{"@type":"SearchAction","target":{"@type":"EntryPoint","urlTemplate":"https:\/\/officinegullo.com\/fr\/?s={search_term_string}"},"query-input":{"@type":"PropertyValueSpecification","valueRequired":true,"valueName":"search_term_string"}}],"inLanguage":"fr-FR"}]}},"_links":{"self":[{"href":"https:\/\/officinegullo.com\/fr\/wp-json\/wp\/v2\/pages\/24827","targetHints":{"allow":["GET"]}}],"collection":[{"href":"https:\/\/officinegullo.com\/fr\/wp-json\/wp\/v2\/pages"}],"about":[{"href":"https:\/\/officinegullo.com\/fr\/wp-json\/wp\/v2\/types\/page"}],"author":[{"embeddable":true,"href":"https:\/\/officinegullo.com\/fr\/wp-json\/wp\/v2\/users\/2"}],"replies":[{"embeddable":true,"href":"https:\/\/officinegullo.com\/fr\/wp-json\/wp\/v2\/comments?post=24827"}],"version-history":[{"count":2,"href":"https:\/\/officinegullo.com\/fr\/wp-json\/wp\/v2\/pages\/24827\/revisions"}],"predecessor-version":[{"id":25627,"href":"https:\/\/officinegullo.com\/fr\/wp-json\/wp\/v2\/pages\/24827\/revisions\/25627"}],"up":[{"embeddable":true,"href":"https:\/\/officinegullo.com\/fr\/wp-json\/wp\/v2\/pages\/9801"}],"wp:attachment":[{"href":"https:\/\/officinegullo.com\/fr\/wp-json\/wp\/v2\/media?parent=24827"}],"curies":[{"name":"wp","href":"https:\/\/api.w.org\/{rel}","templated":true}]}}