{"id":12282,"date":"2021-08-10T17:25:27","date_gmt":"2021-08-10T15:25:27","guid":{"rendered":"https:\/\/officinegullo.com\/downloads\/"},"modified":"2023-12-14T17:06:10","modified_gmt":"2023-12-14T16:06:10","slug":"downloads","status":"publish","type":"page","link":"https:\/\/officinegullo.com\/fr\/downloads\/","title":{"rendered":"Downloads"},"content":{"rendered":"","protected":false},"excerpt":{"rendered":"","protected":false},"author":1,"featured_media":0,"parent":0,"menu_order":0,"comment_status":"closed","ping_status":"closed","template":"tpl-downloads.php","meta":{"_acf_changed":false,"footnotes":""},"class_list":["post-12282","page","type-page","status-publish","hentry"],"acf":{"heading":{"titolo":"Downloads","immagine":23914,"testo":""},"form_downloads":{"titolo":"Remplissez le formulaire pour t\u00e9l\u00e9charger nos catalogues","immagine":""},"correlati":{"titolo":"Scopri","cta":null,"related":null},"hreflang":"<link rel=\"alternate\" hreflang=\"en-us\" href=\"https:\/\/us.officinegullo.com\/downloads\/\">\n<link rel=\"alternate\" hreflang=\"fr-ca\" href=\"https:\/\/us.officinegullo.com\/fr-ca\/downloads\/\">\n<link rel=\"alternate\" hreflang=\"ru\" href=\"https:\/\/ru.officinegullo.com\/downloads\/\">\n<link rel=\"alternate\" hreflang=\"zh\" href=\"https:\/\/officinegullo.cn\/downloads\/\">","page_builder":null},"yoast_head":"<!-- This site is optimized with the Yoast SEO Premium plugin v27.4 (Yoast SEO v27.4) - https:\/\/yoast.com\/product\/yoast-seo-premium-wordpress\/ -->\n<title>T\u00e9l\u00e9chargements - Cuisines de luxe | Catalogues Officine Gullo<\/title>\n<meta name=\"description\" content=\"Remplissez le formulaire avec vos donn\u00e9es et t\u00e9l\u00e9chargez nos catalogues avec les derni\u00e8res collections Officine Gullo.\" \/>\n<meta name=\"robots\" content=\"index, follow, max-snippet:-1, max-image-preview:large, max-video-preview:-1\" \/>\n<link rel=\"canonical\" href=\"https:\/\/officinegullo.com\/fr\/downloads\/\" \/>\n<meta property=\"og:locale\" content=\"fr_FR\" \/>\n<meta property=\"og:type\" content=\"article\" \/>\n<meta property=\"og:title\" content=\"T\u00e9l\u00e9chargements - Cuisines de luxe | Catalogues Officine Gullo\" \/>\n<meta property=\"og:description\" content=\"Remplissez le formulaire avec vos donn\u00e9es et t\u00e9l\u00e9chargez nos catalogues avec les derni\u00e8res collections Officine Gullo.\" \/>\n<meta property=\"og:url\" content=\"https:\/\/officinegullo.com\/fr\/downloads\/\" \/>\n<meta property=\"og:site_name\" content=\"Officine Gullo\" \/>\n<meta property=\"article:modified_time\" content=\"2023-12-14T16:06:10+00:00\" \/>\n<meta name=\"twitter:card\" content=\"summary_large_image\" \/>\n<meta name=\"twitter:label1\" content=\"Dur\u00e9e de lecture estim\u00e9e\" \/>\n\t<meta name=\"twitter:data1\" content=\"1 minute\" \/>\n<script type=\"application\/ld+json\" class=\"yoast-schema-graph\">{\"@context\":\"https:\\\/\\\/schema.org\",\"@graph\":[{\"@type\":\"WebPage\",\"@id\":\"https:\\\/\\\/officinegullo.com\\\/fr\\\/downloads\\\/\",\"url\":\"https:\\\/\\\/officinegullo.com\\\/fr\\\/downloads\\\/\",\"name\":\"T\u00e9l\u00e9chargements - Cuisines de luxe | Catalogues Officine Gullo\",\"isPartOf\":{\"@id\":\"https:\\\/\\\/officinegullo.com\\\/fr\\\/#website\"},\"datePublished\":\"2021-08-10T15:25:27+00:00\",\"dateModified\":\"2023-12-14T16:06:10+00:00\",\"description\":\"Remplissez le formulaire avec vos donn\u00e9es et t\u00e9l\u00e9chargez nos catalogues avec les derni\u00e8res collections Officine Gullo.\",\"breadcrumb\":{\"@id\":\"https:\\\/\\\/officinegullo.com\\\/fr\\\/downloads\\\/#breadcrumb\"},\"inLanguage\":\"fr-FR\",\"potentialAction\":[{\"@type\":\"ReadAction\",\"target\":[\"https:\\\/\\\/officinegullo.com\\\/fr\\\/downloads\\\/\"]}]},{\"@type\":\"BreadcrumbList\",\"@id\":\"https:\\\/\\\/officinegullo.com\\\/fr\\\/downloads\\\/#breadcrumb\",\"itemListElement\":[{\"@type\":\"ListItem\",\"position\":1,\"name\":\"Home\",\"item\":\"https:\\\/\\\/officinegullo.com\\\/fr\\\/\"},{\"@type\":\"ListItem\",\"position\":2,\"name\":\"Downloads\"}]},{\"@type\":\"WebSite\",\"@id\":\"https:\\\/\\\/officinegullo.com\\\/fr\\\/#website\",\"url\":\"https:\\\/\\\/officinegullo.com\\\/fr\\\/\",\"name\":\"Officine Gullo\",\"description\":\"Un nuovo sito targato WordPress\",\"potentialAction\":[{\"@type\":\"SearchAction\",\"target\":{\"@type\":\"EntryPoint\",\"urlTemplate\":\"https:\\\/\\\/officinegullo.com\\\/fr\\\/?s={search_term_string}\"},\"query-input\":{\"@type\":\"PropertyValueSpecification\",\"valueRequired\":true,\"valueName\":\"search_term_string\"}}],\"inLanguage\":\"fr-FR\"}]}<\/script>\n<!-- \/ Yoast SEO Premium plugin. -->","yoast_head_json":{"title":"T\u00e9l\u00e9chargements - Cuisines de luxe | Catalogues Officine Gullo","description":"Remplissez le formulaire avec vos donn\u00e9es et t\u00e9l\u00e9chargez nos catalogues avec les derni\u00e8res collections Officine Gullo.","robots":{"index":"index","follow":"follow","max-snippet":"max-snippet:-1","max-image-preview":"max-image-preview:large","max-video-preview":"max-video-preview:-1"},"canonical":"https:\/\/officinegullo.com\/fr\/downloads\/","og_locale":"fr_FR","og_type":"article","og_title":"T\u00e9l\u00e9chargements - Cuisines de luxe | Catalogues Officine Gullo","og_description":"Remplissez le formulaire avec vos donn\u00e9es et t\u00e9l\u00e9chargez nos catalogues avec les derni\u00e8res collections Officine Gullo.","og_url":"https:\/\/officinegullo.com\/fr\/downloads\/","og_site_name":"Officine Gullo","article_modified_time":"2023-12-14T16:06:10+00:00","twitter_card":"summary_large_image","twitter_misc":{"Dur\u00e9e de lecture estim\u00e9e":"1 minute"},"schema":{"@context":"https:\/\/schema.org","@graph":[{"@type":"WebPage","@id":"https:\/\/officinegullo.com\/fr\/downloads\/","url":"https:\/\/officinegullo.com\/fr\/downloads\/","name":"T\u00e9l\u00e9chargements - Cuisines de luxe | Catalogues Officine Gullo","isPartOf":{"@id":"https:\/\/officinegullo.com\/fr\/#website"},"datePublished":"2021-08-10T15:25:27+00:00","dateModified":"2023-12-14T16:06:10+00:00","description":"Remplissez le formulaire avec vos donn\u00e9es et t\u00e9l\u00e9chargez nos catalogues avec les derni\u00e8res collections Officine Gullo.","breadcrumb":{"@id":"https:\/\/officinegullo.com\/fr\/downloads\/#breadcrumb"},"inLanguage":"fr-FR","potentialAction":[{"@type":"ReadAction","target":["https:\/\/officinegullo.com\/fr\/downloads\/"]}]},{"@type":"BreadcrumbList","@id":"https:\/\/officinegullo.com\/fr\/downloads\/#breadcrumb","itemListElement":[{"@type":"ListItem","position":1,"name":"Home","item":"https:\/\/officinegullo.com\/fr\/"},{"@type":"ListItem","position":2,"name":"Downloads"}]},{"@type":"WebSite","@id":"https:\/\/officinegullo.com\/fr\/#website","url":"https:\/\/officinegullo.com\/fr\/","name":"Officine Gullo","description":"Un nuovo sito targato WordPress","potentialAction":[{"@type":"SearchAction","target":{"@type":"EntryPoint","urlTemplate":"https:\/\/officinegullo.com\/fr\/?s={search_term_string}"},"query-input":{"@type":"PropertyValueSpecification","valueRequired":true,"valueName":"search_term_string"}}],"inLanguage":"fr-FR"}]}},"_links":{"self":[{"href":"https:\/\/officinegullo.com\/fr\/wp-json\/wp\/v2\/pages\/12282","targetHints":{"allow":["GET"]}}],"collection":[{"href":"https:\/\/officinegullo.com\/fr\/wp-json\/wp\/v2\/pages"}],"about":[{"href":"https:\/\/officinegullo.com\/fr\/wp-json\/wp\/v2\/types\/page"}],"author":[{"embeddable":true,"href":"https:\/\/officinegullo.com\/fr\/wp-json\/wp\/v2\/users\/1"}],"replies":[{"embeddable":true,"href":"https:\/\/officinegullo.com\/fr\/wp-json\/wp\/v2\/comments?post=12282"}],"version-history":[{"count":1,"href":"https:\/\/officinegullo.com\/fr\/wp-json\/wp\/v2\/pages\/12282\/revisions"}],"predecessor-version":[{"id":12286,"href":"https:\/\/officinegullo.com\/fr\/wp-json\/wp\/v2\/pages\/12282\/revisions\/12286"}],"wp:attachment":[{"href":"https:\/\/officinegullo.com\/fr\/wp-json\/wp\/v2\/media?parent=12282"}],"curies":[{"name":"wp","href":"https:\/\/api.w.org\/{rel}","templated":true}]}}