{"id":12163,"date":"2021-09-17T15:04:45","date_gmt":"2021-09-17T13:04:45","guid":{"rendered":"https:\/\/officinegullo.com\/?page_id=12163"},"modified":"2025-08-26T15:57:15","modified_gmt":"2025-08-26T13:57:15","slug":"officine-gullo-house","status":"publish","type":"page","link":"https:\/\/officinegullo.com\/fr\/experience\/","title":{"rendered":"Experience"},"content":{"rendered":"","protected":false},"excerpt":{"rendered":"","protected":false},"author":2,"featured_media":118322,"parent":0,"menu_order":0,"comment_status":"closed","ping_status":"closed","template":"tpl-single.php","meta":{"_acf_changed":false,"footnotes":""},"class_list":["post-12163","page","type-page","status-publish","has-post-thumbnail","hentry"],"acf":{"hreflang":"<link rel=\"alternate\" hreflang=\"en-us\" href=\"https:\/\/us.officinegullo.com\/experience\/\">\r\n<link rel=\"alternate\" hreflang=\"fr-ca\" href=\"https:\/\/us.officinegullo.com\/fr-ca\/experience\/\">\r\n<link rel=\"alternate\" hreflang=\"ru\" href=\"https:\/\/ru.officinegullo.com\/experience\">","heading":{"titolo":"Officine Gullo House","tipo_sfondo":"locale","immagine":"","sfondo":"","colore_testo":"chiaro","video_id":"https:\/\/s3.eu-central-1.amazonaws.com\/eu.officinegullo.com\/wp-content\/uploads\/2021\/10\/20162901\/OG-House-Encoded.mp4","testo":"<span data-sheets-root=\"1\">Un temple d\u00e9di\u00e9 \u00e0 la culture de la cuisine italienne, \u00e0 ses outils et \u00e0 l\u2019excellence \u00e0 table<\/span>"},"correlati":{"titolo":"","cta":null,"related":null},"page_builder":[{"acf_fc_layout":"mod_txtslider","titolo":"Au c\u0153ur de Florence","cta":null,"orientamento":"sx","testo":"<span data-sheets-root=\"1\">Officine Gullo House se trouve sur la <em>Piazza Ognissanti<\/em>, dans un cadre exceptionnel : une ancienne chapelle de la Renaissance, partie de l'\u00e9glise San Salvatore di Ognissanti.<\/span>","slider":[15407,118444,15412,118454,118459,15417,118449]},{"acf_fc_layout":"mod_txtslider","titolo":"","cta":null,"orientamento":"dx","testo":"<span data-sheets-root=\"1\">L\u2019\u00e9glise voisine d\u2019Ognissanti est un joyau m\u00e9connu, riche en tr\u00e9sors historiques et artistiques : du Crucifix de Giotto aux fresques de Ghirlandaio et Botticelli, qui repose ici aux c\u00f4t\u00e9s d\u2019Amerigo Vespucci et Carolina Bonaparte Murat, la s\u0153ur de Napol\u00e9on.<\/span>","slider":[118332,118337,118357,118342,15422]},{"acf_fc_layout":"mod_fullscreen","tipo_media":"video","immagine":null,"galleria":null,"video_id":"https:\/\/s3.eu-central-1.amazonaws.com\/eu.officinegullo.com\/wp-content\/uploads\/2023\/02\/20154828\/O.Gullo-Encoded.mp4","iframe":"","titolo":"","testo":""},{"acf_fc_layout":"mod_txtslider","titolo":"","cta":null,"orientamento":"dx","testo":"Officine Gullo House est un lieu de rencontre unique o\u00f9 l\u2019entreprise accueille ses invit\u00e9s pour entreprendre un voyage sensoriel, culinaire et historique, immerg\u00e9 dans la prestigieuse tradition florentine.\r\n\r\nL\u2019exp\u00e9rience par excellence est le d\u00eener plac\u00e9 : dans un cadre exclusif, face au chef\u2019s table de la cuisine \u00eelot sign\u00e9e Officine Gullo, le chef r\u00e9alise ses chefs-d\u2019\u0153uvre gastronomiques \u00e0 la vue de tous, offrant aux convives un moment convivial inoubliable.\r\n\r\nPour ceux qui souhaitent d\u00e9couvrir les secrets de la cuisine professionnelle, Officine Gullo propose des cours de cuisine captivants. Les invit\u00e9s, guid\u00e9s par l\u2019expertise du chef, peuvent pr\u00e9parer de d\u00e9licieuses recettes et les d\u00e9guster ensuite, accompagn\u00e9es d\u2019une s\u00e9lection de vins soigneusement assortis.","slider":[118517,119000,118372,119015,118407,118377,118397,119020]},{"acf_fc_layout":"mod_txtslider","titolo":"","cta":null,"orientamento":"sx","testo":"Dans la zone Lounge Bar au premier \u00e9tage, les invit\u00e9s peuvent se laisser s\u00e9duire par des cocktails signatures, r\u00e9alis\u00e9s avec ma\u00eetrise par des mixologues qui en r\u00e9v\u00e8lent l\u2019histoire et les caract\u00e9ristiques, transformant chaque verre en une exp\u00e9rience m\u00e9morable.\r\n\r\nOfficine Gullo offre \u00e9galement la possibilit\u00e9 d\u2019organiser des \u00e9v\u00e9nements priv\u00e9s sur mesure, con\u00e7us pour r\u00e9pondre aux demandes les plus exclusives et garantir une exp\u00e9rience inoubliable.\r\n\r\nLes visiteurs d\u2019Officine Gullo House peuvent aussi d\u00e9couvrir, \u00e0 travers un r\u00e9cit in\u00e9dit, le lien profond entre la naissance de la cuisine moderne, l\u2019histoire de Florence, l\u2019ancienne tradition de la m\u00e9tallurgie et le riche patrimoine artistique de la ville. Un entrelacement fascinant d\u2019histoires qui permet de comprendre et d\u2019appr\u00e9cier pleinement l\u2019unicit\u00e9 extraordinaire de cet endroit.","slider":[119035,119050,118402,119030,119055,119040,119025,119045]},{"acf_fc_layout":"mod_onlytxt","titolo":"","testo":"<hr \/>\r\n\r\n<h3><em><span data-sheets-root=\"1\">Officine Gullo House est un lieu o\u00f9 l\u2019entreprise invite ses invit\u00e9s \u00e0 entreprendre un parcours exp\u00e9rientiel d\u2019excellence qui c\u00e9l\u00e8bre l\u2019art, l\u2019histoire, les traditions culinaires et l\u2019artisanat de Florence, offrant un moment convivial unique.<\/span><\/em><\/h3>\r\n<strong>Officine Gullo House<\/strong>\r\nBorgo Ognissanti, 32\r\n50123 Florence, Italie\r\n\r\n<hr \/>"},{"acf_fc_layout":"mod_formlanding","form":null,"titolo":"Contactez-nous","shortcode":"[contact-form-7 id=\"118548\" title=\"Form Experience FR\"]","typ":{"title":"Merci - Experience","url":"https:\/\/officinegullo.com\/grazie-experience","target":""}}]},"yoast_head":"<!-- This site is optimized with the Yoast SEO Premium plugin v27.2 (Yoast SEO v27.2) - https:\/\/yoast.com\/product\/yoast-seo-premium-wordpress\/ -->\n<title>Officine Gullo House : Exp\u00e9riences Priv\u00e9es au C\u0153ur de Florence<\/title>\n<meta name=\"description\" content=\"Un temple o\u00f9 l&#039;art de la cuisine italienne se m\u00eale \u00e0 l&#039;excellence gastronomique. D\u00e9couvrez nos propositions.\" \/>\n<meta name=\"robots\" content=\"index, follow, max-snippet:-1, max-image-preview:large, max-video-preview:-1\" \/>\n<link rel=\"canonical\" href=\"https:\/\/officinegullo.com\/fr\/experience\/\" \/>\n<meta property=\"og:locale\" content=\"fr_FR\" \/>\n<meta property=\"og:type\" content=\"article\" \/>\n<meta property=\"og:title\" content=\"Officine Gullo House : Exp\u00e9riences Priv\u00e9es au C\u0153ur de Florence\" \/>\n<meta property=\"og:description\" content=\"Un temple o\u00f9 l&#039;art de la cuisine italienne se m\u00eale \u00e0 l&#039;excellence gastronomique. D\u00e9couvrez nos propositions.\" \/>\n<meta property=\"og:url\" content=\"https:\/\/officinegullo.com\/fr\/experience\/\" \/>\n<meta property=\"og:site_name\" content=\"Officine Gullo\" \/>\n<meta property=\"article:modified_time\" content=\"2025-08-26T13:57:15+00:00\" \/>\n<meta property=\"og:image\" content=\"https:\/\/s3.eu-central-1.amazonaws.com\/eu.officinegullo.com\/wp-content\/uploads\/2024\/12\/03154039\/Officine-Gullo_-Experience-cena-43-scaled.jpg\" \/>\n\t<meta property=\"og:image:width\" content=\"2560\" \/>\n\t<meta property=\"og:image:height\" content=\"1707\" \/>\n\t<meta property=\"og:image:type\" content=\"image\/jpeg\" \/>\n<meta name=\"twitter:card\" content=\"summary_large_image\" \/>\n<meta name=\"twitter:label1\" content=\"Dur\u00e9e de lecture estim\u00e9e\" \/>\n\t<meta name=\"twitter:data1\" content=\"8 minutes\" \/>\n<script type=\"application\/ld+json\" class=\"yoast-schema-graph\">{\"@context\":\"https:\/\/schema.org\",\"@graph\":[{\"@type\":\"WebPage\",\"@id\":\"https:\/\/officinegullo.com\/fr\/experience\/\",\"url\":\"https:\/\/officinegullo.com\/fr\/experience\/\",\"name\":\"Officine Gullo House : Exp\u00e9riences Priv\u00e9es au C\u0153ur de Florence\",\"isPartOf\":{\"@id\":\"https:\/\/officinegullo.com\/fr\/#website\"},\"primaryImageOfPage\":{\"@id\":\"https:\/\/officinegullo.com\/fr\/experience\/#primaryimage\"},\"image\":{\"@id\":\"https:\/\/officinegullo.com\/fr\/experience\/#primaryimage\"},\"thumbnailUrl\":\"https:\/\/s3.eu-central-1.amazonaws.com\/eu.officinegullo.com\/wp-content\/uploads\/2024\/12\/03154039\/Officine-Gullo_-Experience-cena-43-scaled.jpg\",\"datePublished\":\"2021-09-17T13:04:45+00:00\",\"dateModified\":\"2025-08-26T13:57:15+00:00\",\"description\":\"Un temple o\u00f9 l'art de la cuisine italienne se m\u00eale \u00e0 l'excellence gastronomique. D\u00e9couvrez nos propositions.\",\"breadcrumb\":{\"@id\":\"https:\/\/officinegullo.com\/fr\/experience\/#breadcrumb\"},\"inLanguage\":\"fr-FR\",\"potentialAction\":[{\"@type\":\"ReadAction\",\"target\":[\"https:\/\/officinegullo.com\/fr\/experience\/\"]}]},{\"@type\":\"ImageObject\",\"inLanguage\":\"fr-FR\",\"@id\":\"https:\/\/officinegullo.com\/fr\/experience\/#primaryimage\",\"url\":\"https:\/\/s3.eu-central-1.amazonaws.com\/eu.officinegullo.com\/wp-content\/uploads\/2024\/12\/03154039\/Officine-Gullo_-Experience-cena-43-scaled.jpg\",\"contentUrl\":\"https:\/\/s3.eu-central-1.amazonaws.com\/eu.officinegullo.com\/wp-content\/uploads\/2024\/12\/03154039\/Officine-Gullo_-Experience-cena-43-scaled.jpg\",\"width\":2560,\"height\":1707,\"caption\":\"Officine Gullo House - Cena privata\"},{\"@type\":\"BreadcrumbList\",\"@id\":\"https:\/\/officinegullo.com\/fr\/experience\/#breadcrumb\",\"itemListElement\":[{\"@type\":\"ListItem\",\"position\":1,\"name\":\"Home\",\"item\":\"https:\/\/officinegullo.com\/fr\/\"},{\"@type\":\"ListItem\",\"position\":2,\"name\":\"Experience\"}]},{\"@type\":\"WebSite\",\"@id\":\"https:\/\/officinegullo.com\/fr\/#website\",\"url\":\"https:\/\/officinegullo.com\/fr\/\",\"name\":\"Officine Gullo\",\"description\":\"Un nuovo sito targato WordPress\",\"potentialAction\":[{\"@type\":\"SearchAction\",\"target\":{\"@type\":\"EntryPoint\",\"urlTemplate\":\"https:\/\/officinegullo.com\/fr\/?s={search_term_string}\"},\"query-input\":{\"@type\":\"PropertyValueSpecification\",\"valueRequired\":true,\"valueName\":\"search_term_string\"}}],\"inLanguage\":\"fr-FR\"}]}<\/script>\n<!-- \/ Yoast SEO Premium plugin. -->","yoast_head_json":{"title":"Officine Gullo House : Exp\u00e9riences Priv\u00e9es au C\u0153ur de Florence","description":"Un temple o\u00f9 l'art de la cuisine italienne se m\u00eale \u00e0 l'excellence gastronomique. D\u00e9couvrez nos propositions.","robots":{"index":"index","follow":"follow","max-snippet":"max-snippet:-1","max-image-preview":"max-image-preview:large","max-video-preview":"max-video-preview:-1"},"canonical":"https:\/\/officinegullo.com\/fr\/experience\/","og_locale":"fr_FR","og_type":"article","og_title":"Officine Gullo House : Exp\u00e9riences Priv\u00e9es au C\u0153ur de Florence","og_description":"Un temple o\u00f9 l'art de la cuisine italienne se m\u00eale \u00e0 l'excellence gastronomique. D\u00e9couvrez nos propositions.","og_url":"https:\/\/officinegullo.com\/fr\/experience\/","og_site_name":"Officine Gullo","article_modified_time":"2025-08-26T13:57:15+00:00","og_image":[{"width":2560,"height":1707,"url":"https:\/\/s3.eu-central-1.amazonaws.com\/eu.officinegullo.com\/wp-content\/uploads\/2024\/12\/03154039\/Officine-Gullo_-Experience-cena-43-scaled.jpg","type":"image\/jpeg"}],"twitter_card":"summary_large_image","twitter_misc":{"Dur\u00e9e de lecture estim\u00e9e":"8 minutes"},"schema":{"@context":"https:\/\/schema.org","@graph":[{"@type":"WebPage","@id":"https:\/\/officinegullo.com\/fr\/experience\/","url":"https:\/\/officinegullo.com\/fr\/experience\/","name":"Officine Gullo House : Exp\u00e9riences Priv\u00e9es au C\u0153ur de Florence","isPartOf":{"@id":"https:\/\/officinegullo.com\/fr\/#website"},"primaryImageOfPage":{"@id":"https:\/\/officinegullo.com\/fr\/experience\/#primaryimage"},"image":{"@id":"https:\/\/officinegullo.com\/fr\/experience\/#primaryimage"},"thumbnailUrl":"https:\/\/s3.eu-central-1.amazonaws.com\/eu.officinegullo.com\/wp-content\/uploads\/2024\/12\/03154039\/Officine-Gullo_-Experience-cena-43-scaled.jpg","datePublished":"2021-09-17T13:04:45+00:00","dateModified":"2025-08-26T13:57:15+00:00","description":"Un temple o\u00f9 l'art de la cuisine italienne se m\u00eale \u00e0 l'excellence gastronomique. D\u00e9couvrez nos propositions.","breadcrumb":{"@id":"https:\/\/officinegullo.com\/fr\/experience\/#breadcrumb"},"inLanguage":"fr-FR","potentialAction":[{"@type":"ReadAction","target":["https:\/\/officinegullo.com\/fr\/experience\/"]}]},{"@type":"ImageObject","inLanguage":"fr-FR","@id":"https:\/\/officinegullo.com\/fr\/experience\/#primaryimage","url":"https:\/\/s3.eu-central-1.amazonaws.com\/eu.officinegullo.com\/wp-content\/uploads\/2024\/12\/03154039\/Officine-Gullo_-Experience-cena-43-scaled.jpg","contentUrl":"https:\/\/s3.eu-central-1.amazonaws.com\/eu.officinegullo.com\/wp-content\/uploads\/2024\/12\/03154039\/Officine-Gullo_-Experience-cena-43-scaled.jpg","width":2560,"height":1707,"caption":"Officine Gullo House - Cena privata"},{"@type":"BreadcrumbList","@id":"https:\/\/officinegullo.com\/fr\/experience\/#breadcrumb","itemListElement":[{"@type":"ListItem","position":1,"name":"Home","item":"https:\/\/officinegullo.com\/fr\/"},{"@type":"ListItem","position":2,"name":"Experience"}]},{"@type":"WebSite","@id":"https:\/\/officinegullo.com\/fr\/#website","url":"https:\/\/officinegullo.com\/fr\/","name":"Officine Gullo","description":"Un nuovo sito targato WordPress","potentialAction":[{"@type":"SearchAction","target":{"@type":"EntryPoint","urlTemplate":"https:\/\/officinegullo.com\/fr\/?s={search_term_string}"},"query-input":{"@type":"PropertyValueSpecification","valueRequired":true,"valueName":"search_term_string"}}],"inLanguage":"fr-FR"}]}},"_links":{"self":[{"href":"https:\/\/officinegullo.com\/fr\/wp-json\/wp\/v2\/pages\/12163","targetHints":{"allow":["GET"]}}],"collection":[{"href":"https:\/\/officinegullo.com\/fr\/wp-json\/wp\/v2\/pages"}],"about":[{"href":"https:\/\/officinegullo.com\/fr\/wp-json\/wp\/v2\/types\/page"}],"author":[{"embeddable":true,"href":"https:\/\/officinegullo.com\/fr\/wp-json\/wp\/v2\/users\/2"}],"replies":[{"embeddable":true,"href":"https:\/\/officinegullo.com\/fr\/wp-json\/wp\/v2\/comments?post=12163"}],"version-history":[{"count":18,"href":"https:\/\/officinegullo.com\/fr\/wp-json\/wp\/v2\/pages\/12163\/revisions"}],"predecessor-version":[{"id":147049,"href":"https:\/\/officinegullo.com\/fr\/wp-json\/wp\/v2\/pages\/12163\/revisions\/147049"}],"wp:featuredmedia":[{"embeddable":true,"href":"https:\/\/officinegullo.com\/fr\/wp-json\/wp\/v2\/media\/118322"}],"wp:attachment":[{"href":"https:\/\/officinegullo.com\/fr\/wp-json\/wp\/v2\/media?parent=12163"}],"curies":[{"name":"wp","href":"https:\/\/api.w.org\/{rel}","templated":true}]}}