{"id":10157,"date":"2021-08-06T14:39:11","date_gmt":"2021-08-06T12:39:11","guid":{"rendered":"https:\/\/officinegullo.com\/home\/"},"modified":"2026-01-29T12:49:14","modified_gmt":"2026-01-29T11:49:14","slug":"home","status":"publish","type":"page","link":"https:\/\/officinegullo.com\/fr\/","title":{"rendered":"Home"},"content":{"rendered":"","protected":false},"excerpt":{"rendered":"","protected":false},"author":1,"featured_media":23802,"parent":0,"menu_order":0,"comment_status":"closed","ping_status":"closed","template":"tpl-home.php","meta":{"_acf_changed":false,"footnotes":""},"class_list":["post-10157","page","type-page","status-publish","has-post-thumbnail","hentry"],"acf":{"heading":{"titolo":"La cuisine par excellence","cta":null,"tipo_media":"locale","immagine":1966,"testo":"","video_id":"https:\/\/s3.eu-central-1.amazonaws.com\/eu.officinegullo.com\/wp-content\/uploads\/2021\/08\/20175038\/Home-desktop.mp4"},"correlati":{"titolo":"News","cta":null,"related":null},"hreflang":"<link rel=\"alternate\" hreflang=\"en-us\" href=\"https:\/\/us.officinegullo.com\">\r\n<link rel=\"alternate\" hreflang=\"fr-ca\" href=\"https:\/\/us.officinegullo.com\/fr-ca\/\">\r\n<link rel=\"alternate\" hreflang=\"ru\" href=\"https:\/\/ru.officinegullo.com\">\r\n<link rel=\"alternate\" hreflang=\"zh\" href=\"https:\/\/officinegullo.cn\">","page_builder":[{"acf_fc_layout":"mod_kitchen","sovrattitolo":"Collezioni","titolo":"Cuisines ","cta":null,"testo":"Ce sont les d\u00e9tails qui font la perfection. Et la perfection n'est pas un d\u00e9tail.","kitchen":[{"immagine":42939,"link":{"title":"Tailor Made","url":"\/fr\/les-cuisines-completes\/tailor-made\/","target":""}},{"immagine":13147,"link":{"title":"Contemporanea","url":"\/fr\/les-cuisines-completes\/contemporanea","target":""}},{"immagine":13165,"link":{"title":"Outdoor","url":"\/fr\/les-cuisines-completes\/outdoor\/","target":""}},{"immagine":41216,"link":{"title":"Bar & Lounge","url":"\/fr\/les-cuisines-completes\/bar-lounge","target":""}},{"immagine":124753,"link":{"title":"Nautical","url":"\/fr\/les-cuisines-completes\/nautical","target":""}},{"immagine":36437,"link":{"title":"Hotellerie","url":"\/fr\/les-cuisines-completes\/hotellerie\/","target":""}}]},{"acf_fc_layout":"mod_ranges","titolo":"Machines et appareils de cuisson","sovrattitolo":"","cta":{"title":"D\u00e9couvrez tous les appareils","url":"\/fr\/machines-et-appareils-de-cuisson\/","target":""},"testo":"Une gamme d'appareils dans laquelle la plus haute technologie \u00e0 usage professionnel est combin\u00e9e \u00e0 une esth\u00e9tique incomparable.","ranges":[{"link":{"title":"ISOLA","url":" \/fr\/machines-et-appareils-de-cuisson\/isola","target":""},"immagine":58162,"testo":"La ligne de cuisines en \u00eelot d\u00e9di\u00e9e \u00e0 la cuisson."},{"link":{"title":"OG Professional","url":"\/fr\/machines-et-appareils-de-cuisson\/og-professional\/","target":""},"immagine":1056,"testo":"La ligne professionnelle embl\u00e9matique, con\u00e7ue par des chefs \u00e9toil\u00e9s."},{"link":{"title":"Fiorentina","url":"\/fr\/machines-et-appareils-de-cuisson\/fiorentina\/","target":""},"immagine":3568,"testo":"La technologie et l'\u00e9l\u00e9gance s'unissent dans une collection au design unique qui garantit des performances maximales."}]},{"acf_fc_layout":"mod_accessori","titolo":"Accessoires","cta":{"title":"D\u00e9couvrez tous les accessoires","url":"\/fr\/accessoires\/","target":""},"testo":"","accessori":[{"immagine":1562,"link":{"title":"Robinets","url":"\/fr\/accessoires\/robinets\/","target":""}},{"immagine":7427,"link":{"title":"\u00c9viers","url":"\/fr\/accessoires\/eviers\/","target":""}},{"immagine":85606,"link":{"title":"Kitchen Decor","url":"\/fr\/accessoires\/kitchen-decor","target":""}},{"immagine":1482,"link":{"title":"Kitchenware","url":"\/fr\/accessoires\/kitchenware\/","target":""}}]},{"acf_fc_layout":"mod_media","titolo":"Officine Gullo <i>House<\/i>","cta":{"title":"En savoir plus","url":"\/fr\/about\/officine-gullo-house\/","target":""},"orientamento":"sx","testo":"Un espace unique dans lequel les cuisines ultramodernes des Officine Gullo rencontrent la grande histoire de la ville de Florence.","tipo_media":"video","immagine":null,"galleria":null,"video_id":"https:\/\/s3.eu-central-1.amazonaws.com\/eu.officinegullo.com\/wp-content\/uploads\/2021\/10\/20162901\/OG-House-Encoded.mp4"},{"acf_fc_layout":"mod_doublelink","titolo_1":"About Officine Gullo","cta_1":{"title":"En savoir plus","url":"\/fr\/about\/","target":""},"testo_1":"Officine Gullo est une excellence italienne n\u00e9e de la vision \u00e9clair\u00e9e et de la passion de son fondateur, Carmelo Gullo, qui est aujourd'hui entour\u00e9 \u00e0 la t\u00eate de l'entreprise par ses trois fils Pietro, Andrea et Matteo.","immagine_1":14715,"titolo_2":"Officine Gullo dans le mond","cta_2":{"title":"Contacts et salle d'exposition","url":"\/fr\/contacts\/","target":""},"testo_2":"<p class=\"ai-optimize-6\">Nous couvrons le march\u00e9 mondial gr\u00e2ce \u00e0 nos salles d'exposition situ\u00e9es dans les principales capitales mondiales et \u00e0 nos agents locaux.\r\nNous livrons et installons nos cuisines dans le monde entier<\/p>","immagine_2":1218}]},"yoast_head":"<!-- This site is optimized with the Yoast SEO Premium plugin v27.4 (Yoast SEO v27.4) - https:\/\/yoast.com\/product\/yoast-seo-premium-wordpress\/ -->\n<title>Cuisines de luxe artisanales italiennes | Officine Gullo<\/title>\n<meta name=\"description\" content=\"Officine Gullo fabrique des cuisines de luxe artisanales avec des mat\u00e9riaux de haute qualit\u00e9 et un design unique et raffin\u00e9.\" \/>\n<meta name=\"robots\" content=\"index, follow, max-snippet:-1, max-image-preview:large, max-video-preview:-1\" \/>\n<link rel=\"canonical\" href=\"https:\/\/officinegullo.com\/fr\/\" \/>\n<meta property=\"og:locale\" content=\"fr_FR\" \/>\n<meta property=\"og:type\" content=\"article\" \/>\n<meta property=\"og:title\" content=\"Cuisines de luxe artisanales italiennes | Officine Gullo\" \/>\n<meta property=\"og:description\" content=\"Officine Gullo fabrique des cuisines de luxe artisanales avec des mat\u00e9riaux de haute qualit\u00e9 et un design unique et raffin\u00e9.\" \/>\n<meta property=\"og:url\" content=\"https:\/\/officinegullo.com\/fr\/\" \/>\n<meta property=\"og:site_name\" content=\"Officine Gullo\" \/>\n<meta property=\"article:modified_time\" content=\"2026-01-29T11:49:14+00:00\" \/>\n<meta property=\"og:image\" content=\"https:\/\/s3.eu-central-1.amazonaws.com\/eu.officinegullo.com\/wp-content\/uploads\/2022\/08\/01152410\/U9A2329--1024x673.jpg\" \/>\n\t<meta property=\"og:image:width\" content=\"1024\" \/>\n\t<meta property=\"og:image:height\" content=\"673\" \/>\n\t<meta property=\"og:image:type\" content=\"image\/jpeg\" \/>\n<meta name=\"twitter:card\" content=\"summary_large_image\" \/>\n<meta name=\"twitter:label1\" content=\"Dur\u00e9e de lecture estim\u00e9e\" \/>\n\t<meta name=\"twitter:data1\" content=\"2 minutes\" \/>\n<script type=\"application\/ld+json\" class=\"yoast-schema-graph\">{\"@context\":\"https:\\\/\\\/schema.org\",\"@graph\":[{\"@type\":\"WebPage\",\"@id\":\"https:\\\/\\\/officinegullo.com\\\/fr\\\/\",\"url\":\"https:\\\/\\\/officinegullo.com\\\/fr\\\/\",\"name\":\"Cuisines de luxe artisanales italiennes | Officine Gullo\",\"isPartOf\":{\"@id\":\"https:\\\/\\\/officinegullo.com\\\/fr\\\/#website\"},\"primaryImageOfPage\":{\"@id\":\"https:\\\/\\\/officinegullo.com\\\/fr\\\/#primaryimage\"},\"image\":{\"@id\":\"https:\\\/\\\/officinegullo.com\\\/fr\\\/#primaryimage\"},\"thumbnailUrl\":\"https:\\\/\\\/s3.eu-central-1.amazonaws.com\\\/eu.officinegullo.com\\\/wp-content\\\/uploads\\\/2022\\\/08\\\/01152410\\\/U9A2329-.jpg\",\"datePublished\":\"2021-08-06T12:39:11+00:00\",\"dateModified\":\"2026-01-29T11:49:14+00:00\",\"description\":\"Officine Gullo fabrique des cuisines de luxe artisanales avec des mat\u00e9riaux de haute qualit\u00e9 et un design unique et raffin\u00e9.\",\"breadcrumb\":{\"@id\":\"https:\\\/\\\/officinegullo.com\\\/fr\\\/#breadcrumb\"},\"inLanguage\":\"fr-FR\",\"potentialAction\":[{\"@type\":\"ReadAction\",\"target\":[\"https:\\\/\\\/officinegullo.com\\\/fr\\\/\"]}]},{\"@type\":\"ImageObject\",\"inLanguage\":\"fr-FR\",\"@id\":\"https:\\\/\\\/officinegullo.com\\\/fr\\\/#primaryimage\",\"url\":\"https:\\\/\\\/s3.eu-central-1.amazonaws.com\\\/eu.officinegullo.com\\\/wp-content\\\/uploads\\\/2022\\\/08\\\/01152410\\\/U9A2329-.jpg\",\"contentUrl\":\"https:\\\/\\\/s3.eu-central-1.amazonaws.com\\\/eu.officinegullo.com\\\/wp-content\\\/uploads\\\/2022\\\/08\\\/01152410\\\/U9A2329-.jpg\",\"width\":2500,\"height\":1643,\"caption\":\"Cucine con isola Officine Gullo\"},{\"@type\":\"BreadcrumbList\",\"@id\":\"https:\\\/\\\/officinegullo.com\\\/fr\\\/#breadcrumb\",\"itemListElement\":[{\"@type\":\"ListItem\",\"position\":1,\"name\":\"Home\",\"item\":\"https:\\\/\\\/officinegullo.com\\\/fr\\\/\"},{\"@type\":\"ListItem\",\"position\":2,\"name\":\"Home\"}]},{\"@type\":\"WebSite\",\"@id\":\"https:\\\/\\\/officinegullo.com\\\/fr\\\/#website\",\"url\":\"https:\\\/\\\/officinegullo.com\\\/fr\\\/\",\"name\":\"Officine Gullo\",\"description\":\"Un nuovo sito targato WordPress\",\"potentialAction\":[{\"@type\":\"SearchAction\",\"target\":{\"@type\":\"EntryPoint\",\"urlTemplate\":\"https:\\\/\\\/officinegullo.com\\\/fr\\\/?s={search_term_string}\"},\"query-input\":{\"@type\":\"PropertyValueSpecification\",\"valueRequired\":true,\"valueName\":\"search_term_string\"}}],\"inLanguage\":\"fr-FR\"}]}<\/script>\n<!-- \/ Yoast SEO Premium plugin. -->","yoast_head_json":{"title":"Cuisines de luxe artisanales italiennes | Officine Gullo","description":"Officine Gullo fabrique des cuisines de luxe artisanales avec des mat\u00e9riaux de haute qualit\u00e9 et un design unique et raffin\u00e9.","robots":{"index":"index","follow":"follow","max-snippet":"max-snippet:-1","max-image-preview":"max-image-preview:large","max-video-preview":"max-video-preview:-1"},"canonical":"https:\/\/officinegullo.com\/fr\/","og_locale":"fr_FR","og_type":"article","og_title":"Cuisines de luxe artisanales italiennes | Officine Gullo","og_description":"Officine Gullo fabrique des cuisines de luxe artisanales avec des mat\u00e9riaux de haute qualit\u00e9 et un design unique et raffin\u00e9.","og_url":"https:\/\/officinegullo.com\/fr\/","og_site_name":"Officine Gullo","article_modified_time":"2026-01-29T11:49:14+00:00","og_image":[{"width":1024,"height":673,"url":"https:\/\/s3.eu-central-1.amazonaws.com\/eu.officinegullo.com\/wp-content\/uploads\/2022\/08\/01152410\/U9A2329--1024x673.jpg","type":"image\/jpeg"}],"twitter_card":"summary_large_image","twitter_misc":{"Dur\u00e9e de lecture estim\u00e9e":"2 minutes"},"schema":{"@context":"https:\/\/schema.org","@graph":[{"@type":"WebPage","@id":"https:\/\/officinegullo.com\/fr\/","url":"https:\/\/officinegullo.com\/fr\/","name":"Cuisines de luxe artisanales italiennes | Officine Gullo","isPartOf":{"@id":"https:\/\/officinegullo.com\/fr\/#website"},"primaryImageOfPage":{"@id":"https:\/\/officinegullo.com\/fr\/#primaryimage"},"image":{"@id":"https:\/\/officinegullo.com\/fr\/#primaryimage"},"thumbnailUrl":"https:\/\/s3.eu-central-1.amazonaws.com\/eu.officinegullo.com\/wp-content\/uploads\/2022\/08\/01152410\/U9A2329-.jpg","datePublished":"2021-08-06T12:39:11+00:00","dateModified":"2026-01-29T11:49:14+00:00","description":"Officine Gullo fabrique des cuisines de luxe artisanales avec des mat\u00e9riaux de haute qualit\u00e9 et un design unique et raffin\u00e9.","breadcrumb":{"@id":"https:\/\/officinegullo.com\/fr\/#breadcrumb"},"inLanguage":"fr-FR","potentialAction":[{"@type":"ReadAction","target":["https:\/\/officinegullo.com\/fr\/"]}]},{"@type":"ImageObject","inLanguage":"fr-FR","@id":"https:\/\/officinegullo.com\/fr\/#primaryimage","url":"https:\/\/s3.eu-central-1.amazonaws.com\/eu.officinegullo.com\/wp-content\/uploads\/2022\/08\/01152410\/U9A2329-.jpg","contentUrl":"https:\/\/s3.eu-central-1.amazonaws.com\/eu.officinegullo.com\/wp-content\/uploads\/2022\/08\/01152410\/U9A2329-.jpg","width":2500,"height":1643,"caption":"Cucine con isola Officine Gullo"},{"@type":"BreadcrumbList","@id":"https:\/\/officinegullo.com\/fr\/#breadcrumb","itemListElement":[{"@type":"ListItem","position":1,"name":"Home","item":"https:\/\/officinegullo.com\/fr\/"},{"@type":"ListItem","position":2,"name":"Home"}]},{"@type":"WebSite","@id":"https:\/\/officinegullo.com\/fr\/#website","url":"https:\/\/officinegullo.com\/fr\/","name":"Officine Gullo","description":"Un nuovo sito targato WordPress","potentialAction":[{"@type":"SearchAction","target":{"@type":"EntryPoint","urlTemplate":"https:\/\/officinegullo.com\/fr\/?s={search_term_string}"},"query-input":{"@type":"PropertyValueSpecification","valueRequired":true,"valueName":"search_term_string"}}],"inLanguage":"fr-FR"}]}},"_links":{"self":[{"href":"https:\/\/officinegullo.com\/fr\/wp-json\/wp\/v2\/pages\/10157","targetHints":{"allow":["GET"]}}],"collection":[{"href":"https:\/\/officinegullo.com\/fr\/wp-json\/wp\/v2\/pages"}],"about":[{"href":"https:\/\/officinegullo.com\/fr\/wp-json\/wp\/v2\/types\/page"}],"author":[{"embeddable":true,"href":"https:\/\/officinegullo.com\/fr\/wp-json\/wp\/v2\/users\/1"}],"replies":[{"embeddable":true,"href":"https:\/\/officinegullo.com\/fr\/wp-json\/wp\/v2\/comments?post=10157"}],"version-history":[{"count":27,"href":"https:\/\/officinegullo.com\/fr\/wp-json\/wp\/v2\/pages\/10157\/revisions"}],"predecessor-version":[{"id":156327,"href":"https:\/\/officinegullo.com\/fr\/wp-json\/wp\/v2\/pages\/10157\/revisions\/156327"}],"wp:featuredmedia":[{"embeddable":true,"href":"https:\/\/officinegullo.com\/fr\/wp-json\/wp\/v2\/media\/23802"}],"wp:attachment":[{"href":"https:\/\/officinegullo.com\/fr\/wp-json\/wp\/v2\/media?parent=10157"}],"curies":[{"name":"wp","href":"https:\/\/api.w.org\/{rel}","templated":true}]}}