{"id":9844,"date":"2021-08-18T17:28:19","date_gmt":"2021-08-18T15:28:19","guid":{"rendered":"https:\/\/officinegullo.com\/about\/tradizione-italiana\/"},"modified":"2021-08-31T09:30:08","modified_gmt":"2021-08-31T07:30:08","slug":"tradizione-italiana","status":"publish","type":"page","link":"https:\/\/officinegullo.com\/es\/about\/tradicion-italiana\/","title":{"rendered":"Tradici\u00f3n italiana"},"content":{"rendered":"","protected":false},"excerpt":{"rendered":"","protected":false},"author":2,"featured_media":0,"parent":9803,"menu_order":0,"comment_status":"closed","ping_status":"closed","template":"tpl-single.php","meta":{"_acf_changed":false,"footnotes":""},"class_list":["post-9844","page","type-page","status-publish","hentry"],"acf":{"hreflang":"","heading":{"titolo":"Entre arte y artesan\u00eda","tipo_sfondo":"img","immagine":4727,"sfondo":"","colore_testo":"chiaro","video_id":"","testo":"En perfecto equilibrio entre vanguardia y tradici\u00f3n italiana."},"correlati":{"titolo":"","cta":null,"related":null},"page_builder":[{"acf_fc_layout":"mod_media","titolo":"Florencia como inspiraci\u00f3n","cta":null,"orientamento":"sx","testo":"<h3>Nada habr\u00eda sido posible sin Florencia<\/h3>\r\n\u00abLa belleza de la ciudad donde tenemos la suerte de vivir y trabajar ha sido quien ha unido las dos almas de nuestra producci\u00f3n, la tradici\u00f3n y la tecnolog\u00eda. Las maravillas de este incre\u00edble lugar nos inspiran todos los d\u00edas, gu\u00edan nuestra imaginaci\u00f3n cada vez que nos centramos en un proyecto. Son las geometr\u00edas perfectas ocultas en las fachadas de sus edificios, en sus frescos, en sus esculturas las que utilizamos como modelo mientras forjamos el metal de nuestras creaciones\u00bb\r\n\r\n<img class=\"wp-image-4570 alignright\" src=\"https:\/\/s3.eu-central-1.amazonaws.com\/eu.officinegullo.com\/wp-content\/uploads\/2021\/08\/18171358\/CarmeloGullo-firma-300x218.jpg\" alt=\"\" width=\"100\" height=\"73\" \/>","tipo_media":"img","immagine":4600,"galleria":null,"video_id":""},{"acf_fc_layout":"mod_media","titolo":"","cta":null,"orientamento":"dx","testo":"Officine Gullo naci\u00f3 en Florencia, donde el se\u00f1or Carmelo Gullo desarroll\u00f3, con la ayuda de talleres mec\u00e1nicos y artesanos locales del bronce, cocinas a medida y accesorios herederos de la noble tradici\u00f3n de los cocineros florentinos del siglo XIX, trabajando los metales m\u00e1s nobles como el acero inoxidable de alto espesor, el cobre bru\u00f1ido, el hierro fundido y el lat\u00f3n. De hecho, desde sus inicios, las cocinas Officine Gullo fueron \u00fanicas gracias a sus revestimientos de los metales m\u00e1s preciados, realizados \u00edntegramente a mano.\r\n \r\nLa cocina completa de metal, hecha a medida para las casas se\u00f1oriales, ya era desde hace siglos una de las caracter\u00edsticas m\u00e1s significativas de la tradici\u00f3n artesanal florentina. Durante el siglo XIX, con el desarrollo de la industria del acero, muchas fundiciones de arte de la zona florentina se hab\u00edan especializado en la producci\u00f3n de preciadas cocinas de metal, convirti\u00e9ndose en un punto de referencia para la clase media alta de toda Europa.\r\n \r\nUna tradici\u00f3n casi olvidada que Carmelo Gullo devolvi\u00f3 a la vida, recuperando cuidadosamente las formas, los materiales y las t\u00e9cnicas de elaboraci\u00f3n, para acompa\u00f1arlos con el uso de las tecnolog\u00edas m\u00e1s modernas de cocci\u00f3n y conservaci\u00f3n de alimentos, prestadas directamente de la gran restauraci\u00f3n.","tipo_media":"img","immagine":4605,"galleria":null,"video_id":""},{"acf_fc_layout":"mod_gallery","titolo":"","galleria":[4682,4610,4677,4615,4662,4672,4630,4647,4635,4667,4652,4640,4657]},{"acf_fc_layout":"mod_fullscreen","tipo_media":"img","immagine":4688,"galleria":null,"video_id":"","iframe":"","titolo":"","testo":"<h2 style=\"color: white;\">Las personas en el centro<br>El humanismo florentino<\/h2>\r\n<p style=\"color: white;\">Officine Gullo se encuentra culturalmente en las ant\u00edpodas de la distribuci\u00f3n a gran escala, en cuanto a valores, m\u00e9todos, procedimientos y objetivos. Cada colaborador de la empresa tiene una visi\u00f3n general del producto, tanto en las fases de dise\u00f1o como de producci\u00f3n. <\/p>"},{"acf_fc_layout":"mod_media","titolo":"","cta":null,"orientamento":"sx","testo":"El departamento comercial est\u00e1 formado por los mismos arquitectos que definen el proyecto junto con el cliente, para poder acompa\u00f1arle en todas sus fases, desde el primer borrador hasta la instalaci\u00f3n final. De la misma forma, cada uno de los artesanos del taller es capaz de crear una cocina de principio a fin. Artesanos polifac\u00e9ticos, capaces de convertir en realidad los sue\u00f1os del cliente y las mesas de los dise\u00f1adores. Sus or\u00edgenes son muy variados: artesanos del bronce, herreros, fundidores, bru\u00f1idores. No existe una formaci\u00f3n espec\u00edfica que prepare para trabajar en Officine Gullo, porque aqu\u00ed se tratan todos los metales: lat\u00f3n, cobre, acero, aluminio, bronce. Cada metal tiene su propia alma, un comportamiento y una forma de trabajarlo diferente, y todos deben aprender a conocerlo todo, form\u00e1ndose directamente en la empresa gracias a la ense\u00f1anza de verdaderos maestros artesanos.","tipo_media":"img","immagine":4721,"galleria":null,"video_id":""},{"acf_fc_layout":"mod_media","titolo":"","cta":null,"orientamento":"dx","testo":"La hiperespecializaci\u00f3n actual ha convertido a las personas en una especie de engranaje de la maquinaria industrial. Al invertir en calidad y artesan\u00eda, Officine Gullo ha logrado establecerse en el mercado mundial invirtiendo esta tendencia, poniendo a las personas en el centro, con sus necesidades, conocimientos, habilidades, inventiva y su capacidad para aprender y comunicarse.\r\n \r\nPero \u00ablas personas en el centro\u00bb no solo significa una visi\u00f3n de conjunto, una responsabilidad y un conocimiento universal. En primer lugar significa creatividad, ser visionario y tener el valor de adentrarse en territorios desconocidos. Este es el esp\u00edritu que, en la etapa m\u00e1s gloriosa del Renacimiento, llev\u00f3 a los navegantes italianos a descubrir y explorar el Nuevo Continente. A lo largo de su historia, Officine Gullo ha tenido la capacidad de captar las tendencias del mercado antes de que se convirtieran en modas. Y esto ha sido posible gracias a la relaci\u00f3n directa con sus clientes, escuchando continuamente sus deseos y atendiendo sus necesidades.","tipo_media":"img","immagine":4716,"galleria":null,"video_id":""},{"acf_fc_layout":"mod_media","titolo":"","cta":null,"orientamento":"sx","testo":"Cualquiera que sean sus formas, la fuerza de la empresa consiste en estar firmemente cimentada en los antiguos valores humanistas que sit\u00faan a las personas en el centro, ya sea el empresario con su valor e inventiva, el colaborador con sus habilidades, o el cliente, con sus deseos llenos de expectativas de futuro.","tipo_media":"img","immagine":4711,"galleria":null,"video_id":""},{"acf_fc_layout":"mod_fullscreen","tipo_media":"img","immagine":4696,"galleria":null,"video_id":"","iframe":"","titolo":"","testo":"<h2 style=\"color: white;\">El \u00abproyecto memoria\u00bb<br>Los artesanos, la gloria de la creatividad italiana<\/h2>"},{"acf_fc_layout":"mod_media","titolo":"","cta":null,"orientamento":"sx","testo":"Las cocinas Officine Gullo son creaciones artesanales realizadas dentro de un ciclo de producci\u00f3n altamente tecnol\u00f3gico. Las manos del ser humano, en el claroscuro de un metal cincelado o en las sombras de un bru\u00f1ido artesanal, modelan el material d\u00e1ndole un alma. Al fin y al cabo, el ojo de las personas todav\u00eda llega donde la m\u00e1quina no puede llegar y distingue lo perfecto de lo mediocre donde el robot simplemente \u00abfabrica\u00bb. Por esta raz\u00f3n, la destreza de sus expertos artesanos, para la empresa, es un valor indispensable para la creaci\u00f3n de cualquier cocina. \r\n \r\nPara ello la empresa ha impulsado el \u00abProyecto Memoria\u00bb, un programa destinado a potenciar el lado humano de la producci\u00f3n y a transmitir los conocimientos exclusivos del antiguo trabajo manual de los artesanos.","tipo_media":"img","immagine":4706,"galleria":null,"video_id":""},{"acf_fc_layout":"mod_media","titolo":"","cta":null,"orientamento":"dx","testo":"Todos los colaboradores de Officine Gullo empiezan a trabajar en la empresa a trav\u00e9s de un curso de formaci\u00f3n destinado a mantener vivas las t\u00e9cnicas m\u00e1s antiguas del procesamiento de los metales y el darte decorativo florentino. La ense\u00f1anza, como en los talleres antiguos, se lleva a cabo bajo la supervisi\u00f3n diaria de maestros expertos.\r\n \r\nEsto ha sido posible gracias a la ayuda de personas que todav\u00eda recuerdan las tradiciones y t\u00e9cnicas artesanales transmitidas por sus antepasados. Maestros deseosos de apoyar y potenciar el conocimiento y los valores de la tradici\u00f3n. Algunas de estas historias de vida, de maestr\u00eda y pasi\u00f3n, han sido recopiladas y enriquecer\u00e1n la Memoria de ese saber hacer que Officine Gullo est\u00e1 comprometida en conservar y perpetuar.","tipo_media":"img","immagine":4701,"galleria":null,"video_id":""},{"acf_fc_layout":"mod_doublefullscreen","titolo":"","cta":null,"testo":"","media_1":{"tipo_media":"yt","video_id":"https:\/\/youtu.be\/y-kcWjg5Klo","immagine":null},"media_2":{"tipo_media":"yt","video_id":"https:\/\/youtu.be\/AHnVVQNSNPA","immagine":null}}]},"yoast_head":"<!-- This site is optimized with the Yoast SEO Premium plugin v27.2 (Yoast SEO v27.2) - https:\/\/yoast.com\/product\/yoast-seo-premium-wordpress\/ -->\n<title>Tradici\u00f3n italiana | Tra arte e artigianato | Officine Gullo<\/title>\n<meta name=\"description\" content=\"Fin dagli inizi, le cucine Officine Gullo erano rese uniche dai loro rivestimenti nei metalli pi\u00f9 pregiati, realizzati interamente a mano.\" \/>\n<meta name=\"robots\" content=\"index, follow, max-snippet:-1, max-image-preview:large, max-video-preview:-1\" \/>\n<link rel=\"canonical\" href=\"https:\/\/officinegullo.com\/es\/about\/tradicion-italiana\/\" \/>\n<meta property=\"og:locale\" content=\"es_ES\" \/>\n<meta property=\"og:type\" content=\"article\" \/>\n<meta property=\"og:title\" content=\"Tradici\u00f3n italiana | Tra arte e artigianato | Officine Gullo\" \/>\n<meta property=\"og:description\" content=\"Fin dagli inizi, le cucine Officine Gullo erano rese uniche dai loro rivestimenti nei metalli pi\u00f9 pregiati, realizzati interamente a mano.\" \/>\n<meta property=\"og:url\" content=\"https:\/\/officinegullo.com\/es\/about\/tradicion-italiana\/\" \/>\n<meta property=\"og:site_name\" content=\"Officine Gullo\" \/>\n<meta property=\"article:modified_time\" content=\"2021-08-31T07:30:08+00:00\" \/>\n<meta name=\"twitter:card\" content=\"summary_large_image\" \/>\n<script type=\"application\/ld+json\" class=\"yoast-schema-graph\">{\"@context\":\"https:\/\/schema.org\",\"@graph\":[{\"@type\":\"WebPage\",\"@id\":\"https:\/\/officinegullo.com\/es\/about\/tradicion-italiana\/\",\"url\":\"https:\/\/officinegullo.com\/es\/about\/tradicion-italiana\/\",\"name\":\"Tradici\u00f3n italiana | Tra arte e artigianato | Officine Gullo\",\"isPartOf\":{\"@id\":\"https:\/\/officinegullo.com\/es\/#website\"},\"datePublished\":\"2021-08-18T15:28:19+00:00\",\"dateModified\":\"2021-08-31T07:30:08+00:00\",\"description\":\"Fin dagli inizi, le cucine Officine Gullo erano rese uniche dai loro rivestimenti nei metalli pi\u00f9 pregiati, realizzati interamente a mano.\",\"breadcrumb\":{\"@id\":\"https:\/\/officinegullo.com\/es\/about\/tradicion-italiana\/#breadcrumb\"},\"inLanguage\":\"es\",\"potentialAction\":[{\"@type\":\"ReadAction\",\"target\":[\"https:\/\/officinegullo.com\/es\/about\/tradicion-italiana\/\"]}]},{\"@type\":\"BreadcrumbList\",\"@id\":\"https:\/\/officinegullo.com\/es\/about\/tradicion-italiana\/#breadcrumb\",\"itemListElement\":[{\"@type\":\"ListItem\",\"position\":1,\"name\":\"Home\",\"item\":\"https:\/\/officinegullo.com\/es\/\"},{\"@type\":\"ListItem\",\"position\":2,\"name\":\"About\",\"item\":\"https:\/\/officinegullo.com\/es\/about\/\"},{\"@type\":\"ListItem\",\"position\":3,\"name\":\"Tradici\u00f3n italiana\"}]},{\"@type\":\"WebSite\",\"@id\":\"https:\/\/officinegullo.com\/es\/#website\",\"url\":\"https:\/\/officinegullo.com\/es\/\",\"name\":\"Officine Gullo\",\"description\":\"The quintessential kitchen\",\"potentialAction\":[{\"@type\":\"SearchAction\",\"target\":{\"@type\":\"EntryPoint\",\"urlTemplate\":\"https:\/\/officinegullo.com\/es\/?s={search_term_string}\"},\"query-input\":{\"@type\":\"PropertyValueSpecification\",\"valueRequired\":true,\"valueName\":\"search_term_string\"}}],\"inLanguage\":\"es\"}]}<\/script>\n<!-- \/ Yoast SEO Premium plugin. -->","yoast_head_json":{"title":"Tradici\u00f3n italiana | Tra arte e artigianato | Officine Gullo","description":"Fin dagli inizi, le cucine Officine Gullo erano rese uniche dai loro rivestimenti nei metalli pi\u00f9 pregiati, realizzati interamente a mano.","robots":{"index":"index","follow":"follow","max-snippet":"max-snippet:-1","max-image-preview":"max-image-preview:large","max-video-preview":"max-video-preview:-1"},"canonical":"https:\/\/officinegullo.com\/es\/about\/tradicion-italiana\/","og_locale":"es_ES","og_type":"article","og_title":"Tradici\u00f3n italiana | Tra arte e artigianato | Officine Gullo","og_description":"Fin dagli inizi, le cucine Officine Gullo erano rese uniche dai loro rivestimenti nei metalli pi\u00f9 pregiati, realizzati interamente a mano.","og_url":"https:\/\/officinegullo.com\/es\/about\/tradicion-italiana\/","og_site_name":"Officine Gullo","article_modified_time":"2021-08-31T07:30:08+00:00","twitter_card":"summary_large_image","schema":{"@context":"https:\/\/schema.org","@graph":[{"@type":"WebPage","@id":"https:\/\/officinegullo.com\/es\/about\/tradicion-italiana\/","url":"https:\/\/officinegullo.com\/es\/about\/tradicion-italiana\/","name":"Tradici\u00f3n italiana | Tra arte e artigianato | Officine Gullo","isPartOf":{"@id":"https:\/\/officinegullo.com\/es\/#website"},"datePublished":"2021-08-18T15:28:19+00:00","dateModified":"2021-08-31T07:30:08+00:00","description":"Fin dagli inizi, le cucine Officine Gullo erano rese uniche dai loro rivestimenti nei metalli pi\u00f9 pregiati, realizzati interamente a mano.","breadcrumb":{"@id":"https:\/\/officinegullo.com\/es\/about\/tradicion-italiana\/#breadcrumb"},"inLanguage":"es","potentialAction":[{"@type":"ReadAction","target":["https:\/\/officinegullo.com\/es\/about\/tradicion-italiana\/"]}]},{"@type":"BreadcrumbList","@id":"https:\/\/officinegullo.com\/es\/about\/tradicion-italiana\/#breadcrumb","itemListElement":[{"@type":"ListItem","position":1,"name":"Home","item":"https:\/\/officinegullo.com\/es\/"},{"@type":"ListItem","position":2,"name":"About","item":"https:\/\/officinegullo.com\/es\/about\/"},{"@type":"ListItem","position":3,"name":"Tradici\u00f3n italiana"}]},{"@type":"WebSite","@id":"https:\/\/officinegullo.com\/es\/#website","url":"https:\/\/officinegullo.com\/es\/","name":"Officine Gullo","description":"The quintessential kitchen","potentialAction":[{"@type":"SearchAction","target":{"@type":"EntryPoint","urlTemplate":"https:\/\/officinegullo.com\/es\/?s={search_term_string}"},"query-input":{"@type":"PropertyValueSpecification","valueRequired":true,"valueName":"search_term_string"}}],"inLanguage":"es"}]}},"_links":{"self":[{"href":"https:\/\/officinegullo.com\/es\/wp-json\/wp\/v2\/pages\/9844","targetHints":{"allow":["GET"]}}],"collection":[{"href":"https:\/\/officinegullo.com\/es\/wp-json\/wp\/v2\/pages"}],"about":[{"href":"https:\/\/officinegullo.com\/es\/wp-json\/wp\/v2\/types\/page"}],"author":[{"embeddable":true,"href":"https:\/\/officinegullo.com\/es\/wp-json\/wp\/v2\/users\/2"}],"replies":[{"embeddable":true,"href":"https:\/\/officinegullo.com\/es\/wp-json\/wp\/v2\/comments?post=9844"}],"version-history":[{"count":2,"href":"https:\/\/officinegullo.com\/es\/wp-json\/wp\/v2\/pages\/9844\/revisions"}],"predecessor-version":[{"id":9850,"href":"https:\/\/officinegullo.com\/es\/wp-json\/wp\/v2\/pages\/9844\/revisions\/9850"}],"up":[{"embeddable":true,"href":"https:\/\/officinegullo.com\/es\/wp-json\/wp\/v2\/pages\/9803"}],"wp:attachment":[{"href":"https:\/\/officinegullo.com\/es\/wp-json\/wp\/v2\/media?parent=9844"}],"curies":[{"name":"wp","href":"https:\/\/api.w.org\/{rel}","templated":true}]}}