{"id":26629,"date":"2022-12-27T14:59:26","date_gmt":"2022-12-27T13:59:26","guid":{"rendered":"https:\/\/officinegullo.com\/?page_id=26629"},"modified":"2023-12-13T16:42:22","modified_gmt":"2023-12-13T15:42:22","slug":"customer-service-2","status":"publish","type":"page","link":"https:\/\/officinegullo.com\/es\/customer-service\/","title":{"rendered":"Customer service"},"content":{"rendered":"","protected":false},"excerpt":{"rendered":"","protected":false},"author":2,"featured_media":0,"parent":0,"menu_order":0,"comment_status":"closed","ping_status":"closed","template":"tpl-single.php","meta":{"_acf_changed":false,"footnotes":""},"class_list":["post-26629","page","type-page","status-publish","hentry"],"acf":{"hreflang":"<link rel=\"alternate\" hreflang=\"en-us\" href=\"https:\/\/us.officinegullo.com\/customerservice\/\">\r\n<link rel=\"alternate\" hreflang=\"fr-ca\" href=\"https:\/\/us.officinegullo.com\/fr-ca\/customerservice\/\">\r\n<link rel=\"alternate\" hreflang=\"ru\" href=\"https:\/\/ru.officinegullo.com\/customer-service\">\r\n<link rel=\"alternate\" hreflang=\"zh\" href=\"https:\/\/officinegullo.cn\/customer-service\">","heading":{"titolo":"Customer Service","tipo_sfondo":"img","immagine":23916,"sfondo":"","colore_testo":"chiaro","video_id":"","testo":""},"correlati":{"titolo":"Scopri","cta":null,"related":null},"page_builder":[{"acf_fc_layout":"mod_formcustomer","titolo":"Como podemos ayudarte?","testo":"Si tiene alguna pregunta posventa sobre su producto Officine Gullo, comun\u00edquese con uno de nuestros operadores. Estamos aqu\u00ed para ayudarte.\r\n<h3>+39 02 986 70150<\/h3>\r\n&nbsp;\r\n\r\nEl servicio de atenci\u00f3n al cliente est\u00e1 disponible en los siguientes horarios:\r\nLunes \u2013 Viernes: 8.30am \u2013 8.30pm\r\nS\u00e1bado: 9:00 \u2013 13:00 y 14:00 \u2013 18:00\r\n\r\nSi tiene alguna pregunta posventa sobre su producto Officine Gullo, tambi\u00e9n puede contactarnos a trav\u00e9s de este formulario.\r\n\r\nPara que podamos ayudarle de la mejor manera posible, le pedimos que nos indique el producto para el que solicita asistencia (n\u00famero de serie o c\u00f3digo), la direcci\u00f3n de instalaci\u00f3n, el a\u00f1o de compra y, si es posible, el n\u00famero de factura.\r\n\r\nNos pondremos en contacto con usted tan pronto como sea posible."}]},"yoast_head":"<!-- This site is optimized with the Yoast SEO Premium plugin v27.4 (Yoast SEO v27.4) - https:\/\/yoast.com\/product\/yoast-seo-premium-wordpress\/ -->\n<title>Customer service, Atenci\u00f3n al cliente - Contacto | Officine Gullo<\/title>\n<meta name=\"description\" content=\"Para asistencia posventa sobre los productos Officine Gullo, p\u00f3ngase en contacto con nuestro servicio de atenci\u00f3n al cliente o rellene el formulario.\" \/>\n<meta name=\"robots\" content=\"index, follow, max-snippet:-1, max-image-preview:large, max-video-preview:-1\" \/>\n<link rel=\"canonical\" href=\"https:\/\/officinegullo.com\/es\/customer-service\/\" \/>\n<meta property=\"og:locale\" content=\"es_ES\" \/>\n<meta property=\"og:type\" content=\"article\" \/>\n<meta property=\"og:title\" content=\"Customer service, Atenci\u00f3n al cliente - Contacto | Officine Gullo\" \/>\n<meta property=\"og:description\" content=\"Para asistencia posventa sobre los productos Officine Gullo, p\u00f3ngase en contacto con nuestro servicio de atenci\u00f3n al cliente o rellene el formulario.\" \/>\n<meta property=\"og:url\" content=\"https:\/\/officinegullo.com\/es\/customer-service\/\" \/>\n<meta property=\"og:site_name\" content=\"Officine Gullo\" \/>\n<meta property=\"article:modified_time\" content=\"2023-12-13T15:42:22+00:00\" \/>\n<meta name=\"twitter:card\" content=\"summary_large_image\" \/>\n<script type=\"application\/ld+json\" class=\"yoast-schema-graph\">{\"@context\":\"https:\\\/\\\/schema.org\",\"@graph\":[{\"@type\":\"WebPage\",\"@id\":\"https:\\\/\\\/officinegullo.com\\\/es\\\/customer-service\\\/\",\"url\":\"https:\\\/\\\/officinegullo.com\\\/es\\\/customer-service\\\/\",\"name\":\"Customer service, Atenci\u00f3n al cliente - Contacto | Officine Gullo\",\"isPartOf\":{\"@id\":\"https:\\\/\\\/officinegullo.com\\\/es\\\/#website\"},\"datePublished\":\"2022-12-27T13:59:26+00:00\",\"dateModified\":\"2023-12-13T15:42:22+00:00\",\"description\":\"Para asistencia posventa sobre los productos Officine Gullo, p\u00f3ngase en contacto con nuestro servicio de atenci\u00f3n al cliente o rellene el formulario.\",\"breadcrumb\":{\"@id\":\"https:\\\/\\\/officinegullo.com\\\/es\\\/customer-service\\\/#breadcrumb\"},\"inLanguage\":\"es\",\"potentialAction\":[{\"@type\":\"ReadAction\",\"target\":[\"https:\\\/\\\/officinegullo.com\\\/es\\\/customer-service\\\/\"]}]},{\"@type\":\"BreadcrumbList\",\"@id\":\"https:\\\/\\\/officinegullo.com\\\/es\\\/customer-service\\\/#breadcrumb\",\"itemListElement\":[{\"@type\":\"ListItem\",\"position\":1,\"name\":\"Home\",\"item\":\"https:\\\/\\\/officinegullo.com\\\/es\\\/\"},{\"@type\":\"ListItem\",\"position\":2,\"name\":\"Customer service\"}]},{\"@type\":\"WebSite\",\"@id\":\"https:\\\/\\\/officinegullo.com\\\/es\\\/#website\",\"url\":\"https:\\\/\\\/officinegullo.com\\\/es\\\/\",\"name\":\"Officine Gullo\",\"description\":\"The quintessential kitchen\",\"potentialAction\":[{\"@type\":\"SearchAction\",\"target\":{\"@type\":\"EntryPoint\",\"urlTemplate\":\"https:\\\/\\\/officinegullo.com\\\/es\\\/?s={search_term_string}\"},\"query-input\":{\"@type\":\"PropertyValueSpecification\",\"valueRequired\":true,\"valueName\":\"search_term_string\"}}],\"inLanguage\":\"es\"}]}<\/script>\n<!-- \/ Yoast SEO Premium plugin. -->","yoast_head_json":{"title":"Customer service, Atenci\u00f3n al cliente - Contacto | Officine Gullo","description":"Para asistencia posventa sobre los productos Officine Gullo, p\u00f3ngase en contacto con nuestro servicio de atenci\u00f3n al cliente o rellene el formulario.","robots":{"index":"index","follow":"follow","max-snippet":"max-snippet:-1","max-image-preview":"max-image-preview:large","max-video-preview":"max-video-preview:-1"},"canonical":"https:\/\/officinegullo.com\/es\/customer-service\/","og_locale":"es_ES","og_type":"article","og_title":"Customer service, Atenci\u00f3n al cliente - Contacto | Officine Gullo","og_description":"Para asistencia posventa sobre los productos Officine Gullo, p\u00f3ngase en contacto con nuestro servicio de atenci\u00f3n al cliente o rellene el formulario.","og_url":"https:\/\/officinegullo.com\/es\/customer-service\/","og_site_name":"Officine Gullo","article_modified_time":"2023-12-13T15:42:22+00:00","twitter_card":"summary_large_image","schema":{"@context":"https:\/\/schema.org","@graph":[{"@type":"WebPage","@id":"https:\/\/officinegullo.com\/es\/customer-service\/","url":"https:\/\/officinegullo.com\/es\/customer-service\/","name":"Customer service, Atenci\u00f3n al cliente - Contacto | Officine Gullo","isPartOf":{"@id":"https:\/\/officinegullo.com\/es\/#website"},"datePublished":"2022-12-27T13:59:26+00:00","dateModified":"2023-12-13T15:42:22+00:00","description":"Para asistencia posventa sobre los productos Officine Gullo, p\u00f3ngase en contacto con nuestro servicio de atenci\u00f3n al cliente o rellene el formulario.","breadcrumb":{"@id":"https:\/\/officinegullo.com\/es\/customer-service\/#breadcrumb"},"inLanguage":"es","potentialAction":[{"@type":"ReadAction","target":["https:\/\/officinegullo.com\/es\/customer-service\/"]}]},{"@type":"BreadcrumbList","@id":"https:\/\/officinegullo.com\/es\/customer-service\/#breadcrumb","itemListElement":[{"@type":"ListItem","position":1,"name":"Home","item":"https:\/\/officinegullo.com\/es\/"},{"@type":"ListItem","position":2,"name":"Customer service"}]},{"@type":"WebSite","@id":"https:\/\/officinegullo.com\/es\/#website","url":"https:\/\/officinegullo.com\/es\/","name":"Officine Gullo","description":"The quintessential kitchen","potentialAction":[{"@type":"SearchAction","target":{"@type":"EntryPoint","urlTemplate":"https:\/\/officinegullo.com\/es\/?s={search_term_string}"},"query-input":{"@type":"PropertyValueSpecification","valueRequired":true,"valueName":"search_term_string"}}],"inLanguage":"es"}]}},"_links":{"self":[{"href":"https:\/\/officinegullo.com\/es\/wp-json\/wp\/v2\/pages\/26629","targetHints":{"allow":["GET"]}}],"collection":[{"href":"https:\/\/officinegullo.com\/es\/wp-json\/wp\/v2\/pages"}],"about":[{"href":"https:\/\/officinegullo.com\/es\/wp-json\/wp\/v2\/types\/page"}],"author":[{"embeddable":true,"href":"https:\/\/officinegullo.com\/es\/wp-json\/wp\/v2\/users\/2"}],"replies":[{"embeddable":true,"href":"https:\/\/officinegullo.com\/es\/wp-json\/wp\/v2\/comments?post=26629"}],"version-history":[{"count":3,"href":"https:\/\/officinegullo.com\/es\/wp-json\/wp\/v2\/pages\/26629\/revisions"}],"predecessor-version":[{"id":37066,"href":"https:\/\/officinegullo.com\/es\/wp-json\/wp\/v2\/pages\/26629\/revisions\/37066"}],"wp:attachment":[{"href":"https:\/\/officinegullo.com\/es\/wp-json\/wp\/v2\/media?parent=26629"}],"curies":[{"name":"wp","href":"https:\/\/api.w.org\/{rel}","templated":true}]}}