{"id":26256,"date":"2022-12-15T12:43:02","date_gmt":"2022-12-15T11:43:02","guid":{"rendered":"https:\/\/officinegullo.com\/?page_id=26256"},"modified":"2024-01-24T10:15:20","modified_gmt":"2024-01-24T09:15:20","slug":"visitanos-en-florencia","status":"publish","type":"page","link":"https:\/\/officinegullo.com\/es\/about\/visitanos-en-florencia\/","title":{"rendered":"Vis\u00edtanos en Florencia"},"content":{"rendered":"","protected":false},"excerpt":{"rendered":"","protected":false},"author":6,"featured_media":4917,"parent":9803,"menu_order":0,"comment_status":"closed","ping_status":"closed","template":"tpl-single.php","meta":{"_acf_changed":false,"footnotes":""},"class_list":["post-26256","page","type-page","status-publish","has-post-thumbnail","hentry"],"acf":{"hreflang":"<link rel=\"alternate\" hreflang=\"en-us\" href=\"https:\/\/us.officinegullo.com\/about\/visit-us-in-florence\/\">\n<link rel=\"alternate\" hreflang=\"fr-ca\" href=\"https:\/\/us.officinegullo.com\/fr-ca\/about\/venez-nous-rendre-visite-a-florence_old\/\">\n<link rel=\"alternate\" hreflang=\"ru\" href=\"https:\/\/ru.officinegullo.com\/about\/visit-us-in-florence\/\">","heading":{"titolo":"Officine Gullo en Florencia, nuestras instalaciones","tipo_sfondo":"locale","immagine":"","sfondo":"","colore_testo":"chiaro","video_id":"https:\/\/s3.eu-central-1.amazonaws.com\/eu.officinegullo.com\/wp-content\/uploads\/2021\/08\/19121906\/Officine-Gullo-NEW-SHOOTING-CANONICA1-Encoded.mp4","testo":""},"correlati":{"titolo":"","cta":null,"related":null},"page_builder":[{"acf_fc_layout":"mod_onlytxt","titolo":"","testo":"Invitamos a visitar nuestras instalaciones de Florencia a todo el que quiera conocer de cerca el mundo de las cocinas Officine Gullo, para entrar en contacto directo con nuestra filosof\u00eda de producci\u00f3n, hecha de pasi\u00f3n, cultura, ciencia, t\u00e9cnica y b\u00fasqueda continua de la calidad. Contacta con nosotros para concertar una visita."},{"acf_fc_layout":"mod_txtslider","titolo":"Officine Gullo <i>House<\/i>","cta":{"title":"M\u00e1s informaci\u00f3n","url":"\/es\/about\/officine-gullo-house\/","target":""},"orientamento":"sx","testo":"<h3>Florencia, Piazza Ognissanti<\/h3>\r\n<em>Un \u00abtemplo\u00bb dedicado a la cultura de la cocina italiana, sus utensilios y la excelencia en la mesa.<\/em>\r\n\r\nEn un lugar excepcional, una antigua capilla renacentista del complejo de la iglesia de Ognissanti, conocida por las obras de Giotto, Ghirlandaio y Botticelli, Officine Gullo ha situado su House, un espacio de encuentro en el que exponer sus productos m\u00e1s emblem\u00e1ticos, pero sobre todo donde invitar a sus visitantes a que vivan una experiencia sensorial, gastron\u00f3mica e hist\u00f3rica a trav\u00e9s del conocimiento de la marca y la tradici\u00f3n florentina. Los visitantes guiados por el interior de la House de Officine Gullo participar\u00e1n en un verdadero ritual, un recorrido que rinde homenaje a Florencia, su arte, su historia, su tradici\u00f3n gastron\u00f3mica y su artesan\u00eda.","slider":[4902,4907,4912,4917,4922,4927,4932]},{"acf_fc_layout":"mod_txtslider","titolo":"Design Center","cta":null,"orientamento":"dx","testo":"<h3>Antella<\/h3>\r\nLa sede hist\u00f3rica de la empresa se encuentra en Antella, en las monta\u00f1as de Florencia y muy cerca de Chianti. La remodelaci\u00f3n llevada a cabo recientemente ha reunido aqu\u00ed un nuevo e importante espacio de exposici\u00f3n donde se puede apreciar y tocar la calidad de las cocinas Officine Gullo.\r\n\r\nAqu\u00ed los dise\u00f1adores del Design Center est\u00e1n a disposici\u00f3n de los clientes que quieran hacer el proyecto de su cocina. Al tratarse de cocinas que pueden personalizarse por completo en cuanto a la composici\u00f3n, medidas, colores y acabados, cada proyecto nace de un intenso intercambio entre el cliente y los dise\u00f1adores que interpretan los deseos y h\u00e1bitos culinarios del futuro propietario.\r\n\r\nTambi\u00e9n aqu\u00ed se encuentra la Biblioteca de Materiales de la empresa, el archivo de materiales, colores y acabados: una herramienta imprescindible en el desarrollo de cada nuevo proyecto.\r\n\r\nA su lado, el Creative Lab, formado por el grupo de creadores que se ocupa del desarrollo de la imagen de la empresa, de los canales de comunicaci\u00f3n y de la creaci\u00f3n de renders fotorealistas y experiencias de realidad virtual como soporte al trabajo de los dise\u00f1adores.","slider":[4937,4942,4947]},{"acf_fc_layout":"mod_txtslider","titolo":"La producci\u00f3n","cta":null,"orientamento":"sx","testo":"<h3>Strada in Chianti<\/h3>\r\nUn \u00e1rea de producci\u00f3n de 10.000 metros cuadrados, en Greve in Chianti, a las afueras de Florencia, en el coraz\u00f3n de la maravillosa campi\u00f1a toscana. Este es el lugar donde la artesan\u00eda del trabajo de los metales se encuentra con la tecnolog\u00eda m\u00e1s moderna. En la producci\u00f3n de Officine Gullo no hay ning\u00fan detalle que no est\u00e9 hecho a mano. No se fabrican productos en serie, no hay componentes est\u00e1ndar, \u00fanicamente materiales que las h\u00e1biles manos de los artesanos moldean a partir de las necesidades de cada cliente. Officine Gullo es lo que su propio nombre indica: un taller donde los materiales brutos se cortan, pliegan y decoran artesanalmente para crear obras eternas. Aqu\u00ed se puede apreciar hasta qu\u00e9 punto la b\u00fasqueda de la calidad absoluta ha alcanzado la m\u00e1xima perfecci\u00f3n, llevando la producci\u00f3n industrial a recuperar la artesan\u00eda como su m\u00e1xima expresi\u00f3n.\r\n\r\nPor esta raz\u00f3n, en Officine Gullo, cada nuevo joven artesano empieza a trabajar siguiendo un programa formativo muy preciso. La ense\u00f1anza, como en los talleres antiguos, es sobre todo pr\u00e1ctica y se lleva a cabo bajo la supervisi\u00f3n de maestros expertos. El objetivo es cultivar dentro de la empresa y transmitir al futuro todo el patrimonio de experiencia y habilidad manual que ha hecho que la artesan\u00eda italiana sea \u00fanica en el mundo.","slider":[4952,4957,4962,4967,4972,4977,4982,4987,4992,4997,5002,5007,5012,5017]}]},"yoast_head":"<!-- This site is optimized with the Yoast SEO Premium plugin v27.4 (Yoast SEO v27.4) - https:\/\/yoast.com\/product\/yoast-seo-premium-wordpress\/ -->\n<title>Vis\u00edtanos en Florencia | Officine Gullo<\/title>\n<meta name=\"description\" content=\"Invitamos a visitar nuestras instalaciones de Florencia a todo el que quiera conocer de cerca el mundo de las cocinas Officine Gullo\" \/>\n<meta name=\"robots\" content=\"index, follow, max-snippet:-1, max-image-preview:large, max-video-preview:-1\" \/>\n<link rel=\"canonical\" href=\"https:\/\/officinegullo.com\/es\/about\/visitanos-en-florencia\/\" \/>\n<meta property=\"og:locale\" content=\"es_ES\" \/>\n<meta property=\"og:type\" content=\"article\" \/>\n<meta property=\"og:title\" content=\"Vis\u00edtanos en Florencia | Officine Gullo\" \/>\n<meta property=\"og:description\" content=\"Invitamos a visitar nuestras instalaciones de Florencia a todo el que quiera conocer de cerca el mundo de las cocinas Officine Gullo\" \/>\n<meta property=\"og:url\" content=\"https:\/\/officinegullo.com\/es\/about\/visitanos-en-florencia\/\" \/>\n<meta property=\"og:site_name\" content=\"Officine Gullo\" \/>\n<meta property=\"article:modified_time\" content=\"2024-01-24T09:15:20+00:00\" \/>\n<meta property=\"og:image\" content=\"https:\/\/s3.eu-central-1.amazonaws.com\/eu.officinegullo.com\/wp-content\/uploads\/2021\/08\/19122417\/Officine-Gullo-House-6.jpg\" \/>\n\t<meta property=\"og:image:width\" content=\"1500\" \/>\n\t<meta property=\"og:image:height\" content=\"1000\" \/>\n\t<meta property=\"og:image:type\" content=\"image\/jpeg\" \/>\n<meta name=\"twitter:card\" content=\"summary_large_image\" \/>\n<meta name=\"twitter:label1\" content=\"Tiempo de lectura\" \/>\n\t<meta name=\"twitter:data1\" content=\"9 minutos\" \/>\n<script type=\"application\/ld+json\" class=\"yoast-schema-graph\">{\"@context\":\"https:\\\/\\\/schema.org\",\"@graph\":[{\"@type\":\"WebPage\",\"@id\":\"https:\\\/\\\/officinegullo.com\\\/es\\\/about\\\/visitanos-en-florencia\\\/\",\"url\":\"https:\\\/\\\/officinegullo.com\\\/es\\\/about\\\/visitanos-en-florencia\\\/\",\"name\":\"Vis\u00edtanos en Florencia | Officine Gullo\",\"isPartOf\":{\"@id\":\"https:\\\/\\\/officinegullo.com\\\/es\\\/#website\"},\"primaryImageOfPage\":{\"@id\":\"https:\\\/\\\/officinegullo.com\\\/es\\\/about\\\/visitanos-en-florencia\\\/#primaryimage\"},\"image\":{\"@id\":\"https:\\\/\\\/officinegullo.com\\\/es\\\/about\\\/visitanos-en-florencia\\\/#primaryimage\"},\"thumbnailUrl\":\"https:\\\/\\\/s3.eu-central-1.amazonaws.com\\\/eu.officinegullo.com\\\/wp-content\\\/uploads\\\/2021\\\/08\\\/19122417\\\/Officine-Gullo-House-6.jpg\",\"datePublished\":\"2022-12-15T11:43:02+00:00\",\"dateModified\":\"2024-01-24T09:15:20+00:00\",\"description\":\"Invitamos a visitar nuestras instalaciones de Florencia a todo el que quiera conocer de cerca el mundo de las cocinas Officine Gullo\",\"breadcrumb\":{\"@id\":\"https:\\\/\\\/officinegullo.com\\\/es\\\/about\\\/visitanos-en-florencia\\\/#breadcrumb\"},\"inLanguage\":\"es\",\"potentialAction\":[{\"@type\":\"ReadAction\",\"target\":[\"https:\\\/\\\/officinegullo.com\\\/es\\\/about\\\/visitanos-en-florencia\\\/\"]}]},{\"@type\":\"ImageObject\",\"inLanguage\":\"es\",\"@id\":\"https:\\\/\\\/officinegullo.com\\\/es\\\/about\\\/visitanos-en-florencia\\\/#primaryimage\",\"url\":\"https:\\\/\\\/s3.eu-central-1.amazonaws.com\\\/eu.officinegullo.com\\\/wp-content\\\/uploads\\\/2021\\\/08\\\/19122417\\\/Officine-Gullo-House-6.jpg\",\"contentUrl\":\"https:\\\/\\\/s3.eu-central-1.amazonaws.com\\\/eu.officinegullo.com\\\/wp-content\\\/uploads\\\/2021\\\/08\\\/19122417\\\/Officine-Gullo-House-6.jpg\",\"width\":1500,\"height\":1000,\"caption\":\"Officine Gullo House | Luxury culinary experience\"},{\"@type\":\"BreadcrumbList\",\"@id\":\"https:\\\/\\\/officinegullo.com\\\/es\\\/about\\\/visitanos-en-florencia\\\/#breadcrumb\",\"itemListElement\":[{\"@type\":\"ListItem\",\"position\":1,\"name\":\"Home\",\"item\":\"https:\\\/\\\/officinegullo.com\\\/es\\\/\"},{\"@type\":\"ListItem\",\"position\":2,\"name\":\"About\",\"item\":\"https:\\\/\\\/officinegullo.com\\\/es\\\/about\\\/\"},{\"@type\":\"ListItem\",\"position\":3,\"name\":\"Vis\u00edtanos en Florencia\"}]},{\"@type\":\"WebSite\",\"@id\":\"https:\\\/\\\/officinegullo.com\\\/es\\\/#website\",\"url\":\"https:\\\/\\\/officinegullo.com\\\/es\\\/\",\"name\":\"Officine Gullo\",\"description\":\"The quintessential kitchen\",\"potentialAction\":[{\"@type\":\"SearchAction\",\"target\":{\"@type\":\"EntryPoint\",\"urlTemplate\":\"https:\\\/\\\/officinegullo.com\\\/es\\\/?s={search_term_string}\"},\"query-input\":{\"@type\":\"PropertyValueSpecification\",\"valueRequired\":true,\"valueName\":\"search_term_string\"}}],\"inLanguage\":\"es\"}]}<\/script>\n<!-- \/ Yoast SEO Premium plugin. -->","yoast_head_json":{"title":"Vis\u00edtanos en Florencia | Officine Gullo","description":"Invitamos a visitar nuestras instalaciones de Florencia a todo el que quiera conocer de cerca el mundo de las cocinas Officine Gullo","robots":{"index":"index","follow":"follow","max-snippet":"max-snippet:-1","max-image-preview":"max-image-preview:large","max-video-preview":"max-video-preview:-1"},"canonical":"https:\/\/officinegullo.com\/es\/about\/visitanos-en-florencia\/","og_locale":"es_ES","og_type":"article","og_title":"Vis\u00edtanos en Florencia | Officine Gullo","og_description":"Invitamos a visitar nuestras instalaciones de Florencia a todo el que quiera conocer de cerca el mundo de las cocinas Officine Gullo","og_url":"https:\/\/officinegullo.com\/es\/about\/visitanos-en-florencia\/","og_site_name":"Officine Gullo","article_modified_time":"2024-01-24T09:15:20+00:00","og_image":[{"width":1500,"height":1000,"url":"https:\/\/s3.eu-central-1.amazonaws.com\/eu.officinegullo.com\/wp-content\/uploads\/2021\/08\/19122417\/Officine-Gullo-House-6.jpg","type":"image\/jpeg"}],"twitter_card":"summary_large_image","twitter_misc":{"Tiempo de lectura":"9 minutos"},"schema":{"@context":"https:\/\/schema.org","@graph":[{"@type":"WebPage","@id":"https:\/\/officinegullo.com\/es\/about\/visitanos-en-florencia\/","url":"https:\/\/officinegullo.com\/es\/about\/visitanos-en-florencia\/","name":"Vis\u00edtanos en Florencia | Officine Gullo","isPartOf":{"@id":"https:\/\/officinegullo.com\/es\/#website"},"primaryImageOfPage":{"@id":"https:\/\/officinegullo.com\/es\/about\/visitanos-en-florencia\/#primaryimage"},"image":{"@id":"https:\/\/officinegullo.com\/es\/about\/visitanos-en-florencia\/#primaryimage"},"thumbnailUrl":"https:\/\/s3.eu-central-1.amazonaws.com\/eu.officinegullo.com\/wp-content\/uploads\/2021\/08\/19122417\/Officine-Gullo-House-6.jpg","datePublished":"2022-12-15T11:43:02+00:00","dateModified":"2024-01-24T09:15:20+00:00","description":"Invitamos a visitar nuestras instalaciones de Florencia a todo el que quiera conocer de cerca el mundo de las cocinas Officine Gullo","breadcrumb":{"@id":"https:\/\/officinegullo.com\/es\/about\/visitanos-en-florencia\/#breadcrumb"},"inLanguage":"es","potentialAction":[{"@type":"ReadAction","target":["https:\/\/officinegullo.com\/es\/about\/visitanos-en-florencia\/"]}]},{"@type":"ImageObject","inLanguage":"es","@id":"https:\/\/officinegullo.com\/es\/about\/visitanos-en-florencia\/#primaryimage","url":"https:\/\/s3.eu-central-1.amazonaws.com\/eu.officinegullo.com\/wp-content\/uploads\/2021\/08\/19122417\/Officine-Gullo-House-6.jpg","contentUrl":"https:\/\/s3.eu-central-1.amazonaws.com\/eu.officinegullo.com\/wp-content\/uploads\/2021\/08\/19122417\/Officine-Gullo-House-6.jpg","width":1500,"height":1000,"caption":"Officine Gullo House | Luxury culinary experience"},{"@type":"BreadcrumbList","@id":"https:\/\/officinegullo.com\/es\/about\/visitanos-en-florencia\/#breadcrumb","itemListElement":[{"@type":"ListItem","position":1,"name":"Home","item":"https:\/\/officinegullo.com\/es\/"},{"@type":"ListItem","position":2,"name":"About","item":"https:\/\/officinegullo.com\/es\/about\/"},{"@type":"ListItem","position":3,"name":"Vis\u00edtanos en Florencia"}]},{"@type":"WebSite","@id":"https:\/\/officinegullo.com\/es\/#website","url":"https:\/\/officinegullo.com\/es\/","name":"Officine Gullo","description":"The quintessential kitchen","potentialAction":[{"@type":"SearchAction","target":{"@type":"EntryPoint","urlTemplate":"https:\/\/officinegullo.com\/es\/?s={search_term_string}"},"query-input":{"@type":"PropertyValueSpecification","valueRequired":true,"valueName":"search_term_string"}}],"inLanguage":"es"}]}},"_links":{"self":[{"href":"https:\/\/officinegullo.com\/es\/wp-json\/wp\/v2\/pages\/26256","targetHints":{"allow":["GET"]}}],"collection":[{"href":"https:\/\/officinegullo.com\/es\/wp-json\/wp\/v2\/pages"}],"about":[{"href":"https:\/\/officinegullo.com\/es\/wp-json\/wp\/v2\/types\/page"}],"author":[{"embeddable":true,"href":"https:\/\/officinegullo.com\/es\/wp-json\/wp\/v2\/users\/6"}],"replies":[{"embeddable":true,"href":"https:\/\/officinegullo.com\/es\/wp-json\/wp\/v2\/comments?post=26256"}],"version-history":[{"count":1,"href":"https:\/\/officinegullo.com\/es\/wp-json\/wp\/v2\/pages\/26256\/revisions"}],"predecessor-version":[{"id":28429,"href":"https:\/\/officinegullo.com\/es\/wp-json\/wp\/v2\/pages\/26256\/revisions\/28429"}],"up":[{"embeddable":true,"href":"https:\/\/officinegullo.com\/es\/wp-json\/wp\/v2\/pages\/9803"}],"wp:featuredmedia":[{"embeddable":true,"href":"https:\/\/officinegullo.com\/es\/wp-json\/wp\/v2\/media\/4917"}],"wp:attachment":[{"href":"https:\/\/officinegullo.com\/es\/wp-json\/wp\/v2\/media?parent=26256"}],"curies":[{"name":"wp","href":"https:\/\/api.w.org\/{rel}","templated":true}]}}