{"id":26239,"date":"2022-12-15T12:27:24","date_gmt":"2022-12-15T11:27:24","guid":{"rendered":"https:\/\/officinegullo.com\/?page_id=26239"},"modified":"2024-12-11T12:21:22","modified_gmt":"2024-12-11T11:21:22","slug":"nuestra-conocimiento","status":"publish","type":"page","link":"https:\/\/officinegullo.com\/es\/about\/nuestra-conocimiento\/","title":{"rendered":"Nuestra conocimiento"},"content":{"rendered":"","protected":false},"excerpt":{"rendered":"","protected":false},"author":6,"featured_media":10960,"parent":9803,"menu_order":0,"comment_status":"closed","ping_status":"closed","template":"tpl-single.php","meta":{"_acf_changed":false,"footnotes":""},"class_list":["post-26239","page","type-page","status-publish","has-post-thumbnail","hentry"],"acf":{"hreflang":"<link rel=\"alternate\" hreflang=\"en-us\" href=\"https:\/\/us.officinegullo.com\/about\/our-knowledge\/\">\r\n<link rel=\"alternate\" hreflang=\"fr-ca\" href=\"https:\/\/us.officinegullo.com\/fr-ca\/about\/nos-connaissances-2\/\">\r\n<link rel=\"alternate\" hreflang=\"ru\" href=\"https:\/\/ru.officinegullo.com\/about\/our-knowledge\/\">\r\n<link rel=\"alternate\" hreflang=\"zh\" href=\"https:\/\/officinegullo.cn\/about\/craftmanship\/\">","heading":{"titolo":"Nuestra conocimiento","tipo_sfondo":"locale","immagine":"","sfondo":"","colore_testo":"chiaro","video_id":"https:\/\/s3.eu-central-1.amazonaws.com\/eu.officinegullo.com\/wp-content\/uploads\/2021\/08\/18170025\/video-saldatura.mp4","testo":"Officine Gullo representa un encuentro especial: el de la antigua tradici\u00f3n artesanal y la innovaci\u00f3n tecnol\u00f3gica.\r\nLa inspiraci\u00f3n viene del pasado y se reinterpreta para la funcionalidad del futuro.\r\n<div id=\"gtx-trans\" style=\"position: absolute; left: 6px; top: -17px;\">\r\n<div class=\"gtx-trans-icon\"><\/div>\r\n<\/div>"},"correlati":{"titolo":"","cta":null,"related":null},"page_builder":[{"acf_fc_layout":"mod_media","titolo":"Metal y a medida","cta":null,"orientamento":"sx","testo":"<h3>El binomio posible<\/h3>\r\nEn Officine Gullo conviven diferentes universos: belleza y materia, investigaci\u00f3n y lujo, artesan\u00eda y elegancia, producto y proceso. Adem\u00e1s, y quiz\u00e1s antes, de ser una marca conocida en todo el mundo por sus cocinas \u00fanicas en el sentido m\u00e1s amplio de la palabra, Officine Gullo es literalmente lo que dice que es: un taller donde los materiales brutos se cortan, pliegan, decoran, o mejor dicho, se forjan artesanalmente para obtener obras atemporales. Es precisamente la mano del hombre, ahora como entonces, el secreto de la transformaci\u00f3n alqu\u00edmica del material en bruto en la obra acabada.","tipo_media":"img","immagine":4586,"galleria":null,"video_id":""},{"acf_fc_layout":"mod_media","titolo":"","cta":null,"orientamento":"dx","testo":"Los ingredientes no son componentes industriales, previamente procesados o semiacabados, sino planchas, barras y reglas y, de la misma forma, el martillado, bru\u00f1ido, niquelado y cromado del lat\u00f3n, el envejecido del acero o la pintura al fuego de la carrocer\u00eda se realizan directamente en el taller despu\u00e9s de que la pieza haya sido moldeada en la forma y las medidas solicitadas por el cliente. Los colores generalmente no provienen de una paleta est\u00e1ndar, sino que se obtienen bajo pedido expl\u00edcito del cliente, a veces reproduciendo los mismos acabados crom\u00e1ticos de su coche de lujo, antes que el mismo punto de color de la tapicer\u00eda de su hogar, de un cuadro o de un complemento de decoraci\u00f3n. Los grabados de s\u00edmbolos y escudos se pueden inspirar tanto en la tradici\u00f3n iconogr\u00e1fica florentina, como en las peticiones del cliente y su historia familiar, sin l\u00edmites a la personalizaci\u00f3n. Para Officine Gullo esto significa crear productos a medida, que trabajando exclusivamente por encargo ha hecho de la excepci\u00f3n su regla, llegando a definir est\u00e1ndares de calidad hasta ahora nunca vistos en la industria.","tipo_media":"img","immagine":4591,"galleria":null,"video_id":""},{"acf_fc_layout":"mod_fullscreen","tipo_media":"video","immagine":null,"galleria":null,"video_id":"https:\/\/s3.eu-central-1.amazonaws.com\/eu.officinegullo.com\/wp-content\/uploads\/2021\/08\/23144640\/video-lavorazione-1.mp4","iframe":"","titolo":"Un regalo para las futuras generaciones","testo":"<h3 style=\"color: white;\"><em>Las antig\u00fcedades del ma\u00f1ana<\/em><\/h3>\r\nGracias a los materiales m\u00e1s resistentes con los que se realizan, las cocinas Officine Gullo est\u00e1n hechas por expertos para resistir el desgaste. De hecho, si la vida media \u00fatil de una cocina es de entre diez y quince a\u00f1os, las cocinas Officine Gullo est\u00e1n dise\u00f1adas para durar pr\u00e1cticamente para siempre. Cuando se compra una cocina Officine Gullo, no solo se hace para nosotros, sino tambi\u00e9n para nuestros hijos y los hijos de nuestros hijos, se hace una inversi\u00f3n de futuro, como una promesa de confianza en el futuro."},{"acf_fc_layout":"mod_onlytxt","titolo":"","testo":"<p style=\"font-size: 1.5em; font-style: italic; font-weight: 300; line-height: 120%;\">\u201cEn Officine Gullo construimos pensando en tiempos mucho m\u00e1s largos que la producci\u00f3n industrial de nuestro sector y siempre teniendo en cuenta aspectos que posiblemente se puedan actualizar, reutilizar e incluso mejorar, nunca abandonarlas ni destruirlas. Trabajamos y dise\u00f1amos, si se puede decir as\u00ed, para la vida de hoy y las antig\u00fcedades del ma\u00f1ana. Cada componente ofrece la solidez, la belleza y el valor de los materiales utilizados. En cada una de nuestras creaciones, la tradici\u00f3n florentina se combina con una b\u00fasqueda obsesiva de la funcionalidad y la belleza. Acabamos la carrocer\u00eda de acero de nuestros bloques de cocci\u00f3n con elementos de lat\u00f3n martillado a mano, cobre, acabados galvanizados de alto espesor y grabados siguiendo la tradici\u00f3n de los artesanos que a lo largo de los siglos han forjado el metal en Florencia, creando obras \u00fanicas e inimitables... Estamos orgullosos de poner nuestro nombre en todo lo que sale de nuestros talleres, con la seguridad de que este nombre perdurar\u00e1 en el tiempo junto con nuestras creaciones.\u201d<\/p>\r\n<img class=\"wp-image-4570 alignright\" src=\"https:\/\/s3.eu-central-1.amazonaws.com\/eu.officinegullo.com\/wp-content\/uploads\/2021\/08\/18171358\/CarmeloGullo-firma-300x218.jpg\" alt=\"\" width=\"100\" height=\"73\" \/>"},{"acf_fc_layout":"mod_mediatxtmedia","titolo":"El metal como protagonista","cta":null,"testo":"Se seleccionan materiales de prestigio con cualidades extraordinarias que nos devuelven a la tradici\u00f3n del pasado, y se trabajan de forma artesanal con importantes espesores que van desde los 2 mm hasta los 7 mm, para obtener un resultado de un encanto indiscutible y atemporal.","media_1":{"immagine":5012},"media_2":{"immagine":5017}},{"acf_fc_layout":"mod_columns","colonne":[{"testo":"<h3 style=\"text-align: center;\">Cobre<\/h3>\r\n<p style=\"text-align: center;\">\u00a0El cobre es el material m\u00e1s antiguo. El que dura m\u00e1s tiempo. El m\u00e1s resistente. Representa una inversi\u00f3n a largo plazo para el hogar. Junto con el oro, es el \u00fanico metal con color que puede aportar a los ambientes una nota c\u00e1lida y elegante. Utilizado desde la \u00e9poca romana, el cobre se caracteriza por numerosas propiedades: es natural, resistente, bacteriost\u00e1tico, ligero, muy maleable y muy f\u00e1cil de trabajar, de hecho, se puede doblar y moldear f\u00e1cilmente.<\/p>"},{"testo":"<h3 style=\"text-align: center;\">Acero<\/h3>\r\n<p style=\"text-align: center;\">\u00a0El acero inoxidable es el material que m\u00e1s impacto est\u00e9tico tiene en la cocina: sin\u00f3nimo de fuerza y\u200bmodernidad, es a la vez inalterable al paso del tiempo, resistente a las bacterias y a las altas temperaturas y muy pr\u00e1ctico desde el punto de vista del uso diario.<\/p>"},{"testo":"<h3 style=\"text-align: center;\">Lat\u00f3n<\/h3>\r\n<p style=\"text-align: center;\">\u00a0Un metal utilizado desde hace siglos tambi\u00e9n en el campo art\u00edstico, conocido por su ductilidad, su maleabilidad y su resistencia a la corrosi\u00f3n. Gracias a su color y los matices que adquiere, el lat\u00f3n no solo logra aportar calidez a los ambientes, sino que combina f\u00e1cilmente con cualquier tipo de estilo, desde el moderno hasta el m\u00e1s cl\u00e1sico.<\/p>"}]},{"acf_fc_layout":"mod_mediatxtmedia","titolo":"T\u00e9cnicas especiales","cta":null,"testo":"<h3>Soluciones infinitas para crear una cocina a medida<\/h3>\r\nLa estructura de la cocina se puede realizar en 42 colores est\u00e1ndar brillantes, 56 colores est\u00e1ndar mate y 14 colores mate especiales. Se pueden crear otros colores personalizados bajo pedido. Est\u00e1 disponible una amplia gama de acabados para los detalles en lat\u00f3n, como los bordes y las manijas: desde los acabados galvanizados modernos, incluyendo cromo brillante, n\u00edquel negro o satinado, hasta los acabados cl\u00e1sicos en lat\u00f3n envejecido y oro de 24k para un toque exclusivo.","media_1":{"immagine":8673},"media_2":{"immagine":8668}},{"acf_fc_layout":"mod_gallery","titolo":"Scopri le nostre lavorazioni artigianali","galleria":[10889,10879,5012,24805,24795,24800,3196,4982]},{"acf_fc_layout":"mod_mediatxtmedia","titolo":"Los detalles m\u00e1s ic\u00f3nicos","cta":null,"testo":"El punto fuerte indiscutible de Officine Gullo es su larga experiencia en el sector de la ingenier\u00eda de precisi\u00f3n, en todos los procesos de mecanizado de metales para los que es fundamental un alt\u00edsimo nivel de precisi\u00f3n.","media_1":{"immagine":24983},"media_2":{"immagine":24968}},{"acf_fc_layout":"mod_gallery","titolo":"Descubre los detalles m\u00e1s ic\u00f3nicos de las cocinas de Officine Gullo","galleria":[2823,2842,2830,24812,24817]}]},"yoast_head":"<!-- This site is optimized with the Yoast SEO Premium plugin v27.4 (Yoast SEO v27.4) - https:\/\/yoast.com\/product\/yoast-seo-premium-wordpress\/ -->\n<title>Nuestra conocimiento | About Officine Gullo<\/title>\n<meta name=\"description\" content=\"Officine Gullo representa un encuentro especial: el de la antigua tradici\u00f3n artesanal y la innovaci\u00f3n tecnol\u00f3gica.\" \/>\n<meta name=\"robots\" content=\"index, follow, max-snippet:-1, max-image-preview:large, max-video-preview:-1\" \/>\n<link rel=\"canonical\" href=\"https:\/\/officinegullo.com\/es\/about\/nuestra-conocimiento\/\" \/>\n<meta property=\"og:locale\" content=\"es_ES\" \/>\n<meta property=\"og:type\" content=\"article\" \/>\n<meta property=\"og:title\" content=\"Nuestra conocimiento | About Officine Gullo\" \/>\n<meta property=\"og:description\" content=\"Officine Gullo representa un encuentro especial: el de la antigua tradici\u00f3n artesanal y la innovaci\u00f3n tecnol\u00f3gica.\" \/>\n<meta property=\"og:url\" content=\"https:\/\/officinegullo.com\/es\/about\/nuestra-conocimiento\/\" \/>\n<meta property=\"og:site_name\" content=\"Officine Gullo\" \/>\n<meta property=\"article:modified_time\" content=\"2024-12-11T11:21:22+00:00\" \/>\n<meta property=\"og:image\" content=\"https:\/\/s3.eu-central-1.amazonaws.com\/eu.officinegullo.com\/wp-content\/uploads\/2021\/09\/13172318\/Officine-Gullo-Artisans-7.jpg\" \/>\n\t<meta property=\"og:image:width\" content=\"1500\" \/>\n\t<meta property=\"og:image:height\" content=\"1000\" \/>\n\t<meta property=\"og:image:type\" content=\"image\/jpeg\" \/>\n<meta name=\"twitter:card\" content=\"summary_large_image\" \/>\n<meta name=\"twitter:label1\" content=\"Tiempo de lectura\" \/>\n\t<meta name=\"twitter:data1\" content=\"10 minutos\" \/>\n<script type=\"application\/ld+json\" class=\"yoast-schema-graph\">{\"@context\":\"https:\\\/\\\/schema.org\",\"@graph\":[{\"@type\":\"WebPage\",\"@id\":\"https:\\\/\\\/officinegullo.com\\\/es\\\/about\\\/nuestra-conocimiento\\\/\",\"url\":\"https:\\\/\\\/officinegullo.com\\\/es\\\/about\\\/nuestra-conocimiento\\\/\",\"name\":\"Nuestra conocimiento | About Officine Gullo\",\"isPartOf\":{\"@id\":\"https:\\\/\\\/officinegullo.com\\\/es\\\/#website\"},\"primaryImageOfPage\":{\"@id\":\"https:\\\/\\\/officinegullo.com\\\/es\\\/about\\\/nuestra-conocimiento\\\/#primaryimage\"},\"image\":{\"@id\":\"https:\\\/\\\/officinegullo.com\\\/es\\\/about\\\/nuestra-conocimiento\\\/#primaryimage\"},\"thumbnailUrl\":\"https:\\\/\\\/s3.eu-central-1.amazonaws.com\\\/eu.officinegullo.com\\\/wp-content\\\/uploads\\\/2021\\\/09\\\/13172318\\\/Officine-Gullo-Artisans-7.jpg\",\"datePublished\":\"2022-12-15T11:27:24+00:00\",\"dateModified\":\"2024-12-11T11:21:22+00:00\",\"description\":\"Officine Gullo representa un encuentro especial: el de la antigua tradici\u00f3n artesanal y la innovaci\u00f3n tecnol\u00f3gica.\",\"breadcrumb\":{\"@id\":\"https:\\\/\\\/officinegullo.com\\\/es\\\/about\\\/nuestra-conocimiento\\\/#breadcrumb\"},\"inLanguage\":\"es\",\"potentialAction\":[{\"@type\":\"ReadAction\",\"target\":[\"https:\\\/\\\/officinegullo.com\\\/es\\\/about\\\/nuestra-conocimiento\\\/\"]}]},{\"@type\":\"ImageObject\",\"inLanguage\":\"es\",\"@id\":\"https:\\\/\\\/officinegullo.com\\\/es\\\/about\\\/nuestra-conocimiento\\\/#primaryimage\",\"url\":\"https:\\\/\\\/s3.eu-central-1.amazonaws.com\\\/eu.officinegullo.com\\\/wp-content\\\/uploads\\\/2021\\\/09\\\/13172318\\\/Officine-Gullo-Artisans-7.jpg\",\"contentUrl\":\"https:\\\/\\\/s3.eu-central-1.amazonaws.com\\\/eu.officinegullo.com\\\/wp-content\\\/uploads\\\/2021\\\/09\\\/13172318\\\/Officine-Gullo-Artisans-7.jpg\",\"width\":1500,\"height\":1000,\"caption\":\"Cucine in metallo Officine Gullo dettaglio\"},{\"@type\":\"BreadcrumbList\",\"@id\":\"https:\\\/\\\/officinegullo.com\\\/es\\\/about\\\/nuestra-conocimiento\\\/#breadcrumb\",\"itemListElement\":[{\"@type\":\"ListItem\",\"position\":1,\"name\":\"Home\",\"item\":\"https:\\\/\\\/officinegullo.com\\\/es\\\/\"},{\"@type\":\"ListItem\",\"position\":2,\"name\":\"About\",\"item\":\"https:\\\/\\\/officinegullo.com\\\/es\\\/about\\\/\"},{\"@type\":\"ListItem\",\"position\":3,\"name\":\"Nuestra conocimiento\"}]},{\"@type\":\"WebSite\",\"@id\":\"https:\\\/\\\/officinegullo.com\\\/es\\\/#website\",\"url\":\"https:\\\/\\\/officinegullo.com\\\/es\\\/\",\"name\":\"Officine Gullo\",\"description\":\"The quintessential kitchen\",\"potentialAction\":[{\"@type\":\"SearchAction\",\"target\":{\"@type\":\"EntryPoint\",\"urlTemplate\":\"https:\\\/\\\/officinegullo.com\\\/es\\\/?s={search_term_string}\"},\"query-input\":{\"@type\":\"PropertyValueSpecification\",\"valueRequired\":true,\"valueName\":\"search_term_string\"}}],\"inLanguage\":\"es\"}]}<\/script>\n<!-- \/ Yoast SEO Premium plugin. -->","yoast_head_json":{"title":"Nuestra conocimiento | About Officine Gullo","description":"Officine Gullo representa un encuentro especial: el de la antigua tradici\u00f3n artesanal y la innovaci\u00f3n tecnol\u00f3gica.","robots":{"index":"index","follow":"follow","max-snippet":"max-snippet:-1","max-image-preview":"max-image-preview:large","max-video-preview":"max-video-preview:-1"},"canonical":"https:\/\/officinegullo.com\/es\/about\/nuestra-conocimiento\/","og_locale":"es_ES","og_type":"article","og_title":"Nuestra conocimiento | About Officine Gullo","og_description":"Officine Gullo representa un encuentro especial: el de la antigua tradici\u00f3n artesanal y la innovaci\u00f3n tecnol\u00f3gica.","og_url":"https:\/\/officinegullo.com\/es\/about\/nuestra-conocimiento\/","og_site_name":"Officine Gullo","article_modified_time":"2024-12-11T11:21:22+00:00","og_image":[{"width":1500,"height":1000,"url":"https:\/\/s3.eu-central-1.amazonaws.com\/eu.officinegullo.com\/wp-content\/uploads\/2021\/09\/13172318\/Officine-Gullo-Artisans-7.jpg","type":"image\/jpeg"}],"twitter_card":"summary_large_image","twitter_misc":{"Tiempo de lectura":"10 minutos"},"schema":{"@context":"https:\/\/schema.org","@graph":[{"@type":"WebPage","@id":"https:\/\/officinegullo.com\/es\/about\/nuestra-conocimiento\/","url":"https:\/\/officinegullo.com\/es\/about\/nuestra-conocimiento\/","name":"Nuestra conocimiento | About Officine Gullo","isPartOf":{"@id":"https:\/\/officinegullo.com\/es\/#website"},"primaryImageOfPage":{"@id":"https:\/\/officinegullo.com\/es\/about\/nuestra-conocimiento\/#primaryimage"},"image":{"@id":"https:\/\/officinegullo.com\/es\/about\/nuestra-conocimiento\/#primaryimage"},"thumbnailUrl":"https:\/\/s3.eu-central-1.amazonaws.com\/eu.officinegullo.com\/wp-content\/uploads\/2021\/09\/13172318\/Officine-Gullo-Artisans-7.jpg","datePublished":"2022-12-15T11:27:24+00:00","dateModified":"2024-12-11T11:21:22+00:00","description":"Officine Gullo representa un encuentro especial: el de la antigua tradici\u00f3n artesanal y la innovaci\u00f3n tecnol\u00f3gica.","breadcrumb":{"@id":"https:\/\/officinegullo.com\/es\/about\/nuestra-conocimiento\/#breadcrumb"},"inLanguage":"es","potentialAction":[{"@type":"ReadAction","target":["https:\/\/officinegullo.com\/es\/about\/nuestra-conocimiento\/"]}]},{"@type":"ImageObject","inLanguage":"es","@id":"https:\/\/officinegullo.com\/es\/about\/nuestra-conocimiento\/#primaryimage","url":"https:\/\/s3.eu-central-1.amazonaws.com\/eu.officinegullo.com\/wp-content\/uploads\/2021\/09\/13172318\/Officine-Gullo-Artisans-7.jpg","contentUrl":"https:\/\/s3.eu-central-1.amazonaws.com\/eu.officinegullo.com\/wp-content\/uploads\/2021\/09\/13172318\/Officine-Gullo-Artisans-7.jpg","width":1500,"height":1000,"caption":"Cucine in metallo Officine Gullo dettaglio"},{"@type":"BreadcrumbList","@id":"https:\/\/officinegullo.com\/es\/about\/nuestra-conocimiento\/#breadcrumb","itemListElement":[{"@type":"ListItem","position":1,"name":"Home","item":"https:\/\/officinegullo.com\/es\/"},{"@type":"ListItem","position":2,"name":"About","item":"https:\/\/officinegullo.com\/es\/about\/"},{"@type":"ListItem","position":3,"name":"Nuestra conocimiento"}]},{"@type":"WebSite","@id":"https:\/\/officinegullo.com\/es\/#website","url":"https:\/\/officinegullo.com\/es\/","name":"Officine Gullo","description":"The quintessential kitchen","potentialAction":[{"@type":"SearchAction","target":{"@type":"EntryPoint","urlTemplate":"https:\/\/officinegullo.com\/es\/?s={search_term_string}"},"query-input":{"@type":"PropertyValueSpecification","valueRequired":true,"valueName":"search_term_string"}}],"inLanguage":"es"}]}},"_links":{"self":[{"href":"https:\/\/officinegullo.com\/es\/wp-json\/wp\/v2\/pages\/26239","targetHints":{"allow":["GET"]}}],"collection":[{"href":"https:\/\/officinegullo.com\/es\/wp-json\/wp\/v2\/pages"}],"about":[{"href":"https:\/\/officinegullo.com\/es\/wp-json\/wp\/v2\/types\/page"}],"author":[{"embeddable":true,"href":"https:\/\/officinegullo.com\/es\/wp-json\/wp\/v2\/users\/6"}],"replies":[{"embeddable":true,"href":"https:\/\/officinegullo.com\/es\/wp-json\/wp\/v2\/comments?post=26239"}],"version-history":[{"count":2,"href":"https:\/\/officinegullo.com\/es\/wp-json\/wp\/v2\/pages\/26239\/revisions"}],"predecessor-version":[{"id":119125,"href":"https:\/\/officinegullo.com\/es\/wp-json\/wp\/v2\/pages\/26239\/revisions\/119125"}],"up":[{"embeddable":true,"href":"https:\/\/officinegullo.com\/es\/wp-json\/wp\/v2\/pages\/9803"}],"wp:featuredmedia":[{"embeddable":true,"href":"https:\/\/officinegullo.com\/es\/wp-json\/wp\/v2\/media\/10960"}],"wp:attachment":[{"href":"https:\/\/officinegullo.com\/es\/wp-json\/wp\/v2\/media?parent=26239"}],"curies":[{"name":"wp","href":"https:\/\/api.w.org\/{rel}","templated":true}]}}