{"id":26234,"date":"2022-12-15T12:22:34","date_gmt":"2022-12-15T11:22:34","guid":{"rendered":"https:\/\/officinegullo.com\/?page_id=26234"},"modified":"2024-01-24T16:38:40","modified_gmt":"2024-01-24T15:38:40","slug":"identidad-2","status":"publish","type":"page","link":"https:\/\/officinegullo.com\/es\/about\/identidad\/","title":{"rendered":"Identidad"},"content":{"rendered":"","protected":false},"excerpt":{"rendered":"","protected":false},"author":6,"featured_media":0,"parent":9803,"menu_order":0,"comment_status":"closed","ping_status":"closed","template":"tpl-single.php","meta":{"_acf_changed":false,"footnotes":""},"class_list":["post-26234","page","type-page","status-publish","hentry"],"acf":{"hreflang":"<link rel=\"alternate\" hreflang=\"en-us\" href=\"https:\/\/us.officinegullo.com\/about\/identity\/\">\n<link rel=\"alternate\" hreflang=\"fr-ca\" href=\"https:\/\/us.officinegullo.com\/fr-ca\/about\/identite\/\">\n<link rel=\"alternate\" hreflang=\"ru\" href=\"https:\/\/ru.officinegullo.com\/about\/identity\/\">\n<link rel=\"alternate\" hreflang=\"zh\" href=\"https:\/\/officinegullo.cn\/about\/heritage\/\">","heading":{"titolo":"Identidad","tipo_sfondo":"img","immagine":4886,"sfondo":"","colore_testo":"chiaro","video_id":"https:\/\/s3.eu-central-1.amazonaws.com\/eu.officinegullo.com\/wp-content\/uploads\/2022\/10\/05164631\/Florence-Skyline-Encoded.mp4","testo":""},"correlati":{"titolo":"","cta":null,"related":null},"page_builder":[{"acf_fc_layout":"mod_media","titolo":"","cta":null,"orientamento":"sx","testo":"Officine Gullo \u00e8 un\u2019eccellenza italiana nella produzione di cucine di lusso in metallo, macchine di cottura professionali e accessori per la cucina, nata dalla visione illuminata e la passione del suo fondatore, Carmelo Gullo, affiancato oggi al timone dell\u2019azienda dai tre figli Pietro, Andrea e Matteo.\r\n\r\nL\u2019azienda fiorentina, espressione di savoir-faire artigianale e innovazione tecnologica realizza le proprie creazioni esclusivamente con metalli nobili come ottone, rame e acciaio e secondo le tradizioni artigianali fiorentine. Il risultato di questo approccio \u00e8 un\u2019estetica in equilibrio tra il classico e il contemporaneo, espressione pi\u00f9 autentica di una grande cultura artigiana.","tipo_media":"img","immagine":14710,"galleria":null,"video_id":""},{"acf_fc_layout":"mod_onlytxt","titolo":"Nada habr\u00eda sido posible sin Florencia","testo":"<p style=\"font-size: 30px; font-style: italic; font-weight: 300; line-height: 110%;\">\u201cLa belleza de la ciudad donde tenemos la suerte de vivir y trabajar ha sido quien ha unido las dos almas de nuestra producci\u00f3n, la tradici\u00f3n y la tecnolog\u00eda. Las maravillas de este incre\u00edble lugar nos inspiran todos los d\u00edas, gu\u00edan nuestra imaginaci\u00f3n cada vez que nos centramos en un proyecto. Son las geometr\u00edas perfectas ocultas en las fachadas de sus edificios, en sus frescos, en sus esculturas las que utilizamos como modelo mientras forjamos el metal de nuestras creaciones\u201d<\/p>\r\n\r\n<h3><em><img class=\"wp-image-4570 alignright\" src=\"https:\/\/s3.eu-central-1.amazonaws.com\/eu.officinegullo.com\/wp-content\/uploads\/2021\/08\/18171358\/CarmeloGullo-firma-300x218.jpg\" alt=\"\" width=\"100\" height=\"73\" \/><\/em><\/h3>"},{"acf_fc_layout":"mod_mediatxtmedia","titolo":"","cta":null,"testo":"Officine Gullo naci\u00f3 en Florencia, donde el se\u00f1or Carmelo Gullo desarroll\u00f3, con la ayuda de talleres mec\u00e1nicos y artesanos locales del bronce, cocinas a medida y accesorios herederos de la noble tradici\u00f3n de los cocineros florentinos del siglo XIX, trabajando los metales m\u00e1s nobles como el acero inoxidable de alto espesor, el cobre bru\u00f1ido, el hierro fundido y el lat\u00f3n. De hecho, desde sus inicios, las cocinas Officine Gullo fueron \u00fanicas gracias a sus revestimientos de los metales m\u00e1s preciados, realizados \u00edntegramente a mano.","media_1":{"immagine":14717},"media_2":{"immagine":10944}},{"acf_fc_layout":"mod_onlytxt","titolo":"","testo":"La cocina completa de metal, hecha a medida para las casas se\u00f1oriales, ya era desde hace siglos una de las caracter\u00edsticas m\u00e1s significativas de la tradici\u00f3n artesanal florentina. Durante el siglo XIX, con el desarrollo de la industria del acero, muchas fundiciones de arte de la zona florentina se hab\u00edan especializado en la producci\u00f3n de preciadas cocinas de metal, convirti\u00e9ndose en un punto de referencia para la clase media alta de toda Europa.\r\n\r\nUna tradici\u00f3n casi olvidada que Carmelo Gullo devolvi\u00f3 a la vida, recuperando cuidadosamente las formas, los materiales y las t\u00e9cnicas de elaboraci\u00f3n, para acompa\u00f1arlos con el uso de las tecnolog\u00edas m\u00e1s modernas de cocci\u00f3n y conservaci\u00f3n de alimentos, prestadas directamente de la gran restauraci\u00f3n."},{"acf_fc_layout":"mod_media","titolo":"Dise\u00f1o atemporal","cta":null,"orientamento":"sx","testo":"Un dise\u00f1o eterno y prestaciones de vanguardia, tradici\u00f3n e innovaci\u00f3n: estos son los pilares sobre los que Officine Gullo ha construido su \u00e9xito, convirti\u00e9ndose en una de las empresas s\u00edmbolo del dise\u00f1o italiano en todo el mundo. En las cocinas Officine Gullo el traje a medida de los talleres de carrocer\u00eda convive con la tecnolog\u00eda de vanguardia de los sistemas de cocci\u00f3n y refrigeraci\u00f3n. El dise\u00f1o es el v\u00ednculo entre estas dos almas tan heterog\u00e9neas, capaz de mezclar la tradici\u00f3n de las fundiciones de arte con la mec\u00e1nica de precisi\u00f3n.","tipo_media":"img","immagine":4854,"galleria":null,"video_id":""},{"acf_fc_layout":"mod_media","titolo":"","cta":null,"orientamento":"dx","testo":"\u00abDise\u00f1o\u00bb no significa solo est\u00e9tica, sino ante todo proyecto, disposici\u00f3n de todos los elementos en un marco armonioso, pensado para optimizar su funcionalidad, prestaciones y ergonom\u00eda. Las cocinas Officine Gullo, antes de ser joyas tecnol\u00f3gicas y obras de alta artesan\u00eda, son obras maestras del dise\u00f1o, ya que solo gracias a un estudio exhaustivo del dise\u00f1o pueden convivir en armon\u00eda estos dos aspectos tan diferentes, creando un producto \u00fanico.","tipo_media":"img","immagine":4849,"galleria":null,"video_id":""}]},"yoast_head":"<!-- This site is optimized with the Yoast SEO Premium plugin v27.2 (Yoast SEO v27.2) - https:\/\/yoast.com\/product\/yoast-seo-premium-wordpress\/ -->\n<title>Identidad | Officine Gullo<\/title>\n<meta name=\"description\" content=\"Officine Gullo es una excelencia italiana en la producci\u00f3n de cocinas met\u00e1licas de lujo, m\u00e1quinas de cocina profesionales y accesorios de cocina.\" \/>\n<meta name=\"robots\" content=\"index, follow, max-snippet:-1, max-image-preview:large, max-video-preview:-1\" \/>\n<link rel=\"canonical\" href=\"https:\/\/officinegullo.com\/es\/about\/identidad\/\" \/>\n<meta property=\"og:locale\" content=\"es_ES\" \/>\n<meta property=\"og:type\" content=\"article\" \/>\n<meta property=\"og:title\" content=\"Identidad | Officine Gullo\" \/>\n<meta property=\"og:description\" content=\"Officine Gullo es una excelencia italiana en la producci\u00f3n de cocinas met\u00e1licas de lujo, m\u00e1quinas de cocina profesionales y accesorios de cocina.\" \/>\n<meta property=\"og:url\" content=\"https:\/\/officinegullo.com\/es\/about\/identidad\/\" \/>\n<meta property=\"og:site_name\" content=\"Officine Gullo\" \/>\n<meta property=\"article:modified_time\" content=\"2024-01-24T15:38:40+00:00\" \/>\n<meta name=\"twitter:card\" content=\"summary_large_image\" \/>\n<meta name=\"twitter:label1\" content=\"Tiempo de lectura\" \/>\n\t<meta name=\"twitter:data1\" content=\"5 minutos\" \/>\n<script type=\"application\/ld+json\" class=\"yoast-schema-graph\">{\"@context\":\"https:\/\/schema.org\",\"@graph\":[{\"@type\":\"WebPage\",\"@id\":\"https:\/\/officinegullo.com\/es\/about\/identidad\/\",\"url\":\"https:\/\/officinegullo.com\/es\/about\/identidad\/\",\"name\":\"Identidad | Officine Gullo\",\"isPartOf\":{\"@id\":\"https:\/\/officinegullo.com\/es\/#website\"},\"datePublished\":\"2022-12-15T11:22:34+00:00\",\"dateModified\":\"2024-01-24T15:38:40+00:00\",\"description\":\"Officine Gullo es una excelencia italiana en la producci\u00f3n de cocinas met\u00e1licas de lujo, m\u00e1quinas de cocina profesionales y accesorios de cocina.\",\"breadcrumb\":{\"@id\":\"https:\/\/officinegullo.com\/es\/about\/identidad\/#breadcrumb\"},\"inLanguage\":\"es\",\"potentialAction\":[{\"@type\":\"ReadAction\",\"target\":[\"https:\/\/officinegullo.com\/es\/about\/identidad\/\"]}]},{\"@type\":\"BreadcrumbList\",\"@id\":\"https:\/\/officinegullo.com\/es\/about\/identidad\/#breadcrumb\",\"itemListElement\":[{\"@type\":\"ListItem\",\"position\":1,\"name\":\"Home\",\"item\":\"https:\/\/officinegullo.com\/es\/\"},{\"@type\":\"ListItem\",\"position\":2,\"name\":\"About\",\"item\":\"https:\/\/officinegullo.com\/es\/about\/\"},{\"@type\":\"ListItem\",\"position\":3,\"name\":\"Identidad\"}]},{\"@type\":\"WebSite\",\"@id\":\"https:\/\/officinegullo.com\/es\/#website\",\"url\":\"https:\/\/officinegullo.com\/es\/\",\"name\":\"Officine Gullo\",\"description\":\"The quintessential kitchen\",\"potentialAction\":[{\"@type\":\"SearchAction\",\"target\":{\"@type\":\"EntryPoint\",\"urlTemplate\":\"https:\/\/officinegullo.com\/es\/?s={search_term_string}\"},\"query-input\":{\"@type\":\"PropertyValueSpecification\",\"valueRequired\":true,\"valueName\":\"search_term_string\"}}],\"inLanguage\":\"es\"}]}<\/script>\n<!-- \/ Yoast SEO Premium plugin. -->","yoast_head_json":{"title":"Identidad | Officine Gullo","description":"Officine Gullo es una excelencia italiana en la producci\u00f3n de cocinas met\u00e1licas de lujo, m\u00e1quinas de cocina profesionales y accesorios de cocina.","robots":{"index":"index","follow":"follow","max-snippet":"max-snippet:-1","max-image-preview":"max-image-preview:large","max-video-preview":"max-video-preview:-1"},"canonical":"https:\/\/officinegullo.com\/es\/about\/identidad\/","og_locale":"es_ES","og_type":"article","og_title":"Identidad | Officine Gullo","og_description":"Officine Gullo es una excelencia italiana en la producci\u00f3n de cocinas met\u00e1licas de lujo, m\u00e1quinas de cocina profesionales y accesorios de cocina.","og_url":"https:\/\/officinegullo.com\/es\/about\/identidad\/","og_site_name":"Officine Gullo","article_modified_time":"2024-01-24T15:38:40+00:00","twitter_card":"summary_large_image","twitter_misc":{"Tiempo de lectura":"5 minutos"},"schema":{"@context":"https:\/\/schema.org","@graph":[{"@type":"WebPage","@id":"https:\/\/officinegullo.com\/es\/about\/identidad\/","url":"https:\/\/officinegullo.com\/es\/about\/identidad\/","name":"Identidad | Officine Gullo","isPartOf":{"@id":"https:\/\/officinegullo.com\/es\/#website"},"datePublished":"2022-12-15T11:22:34+00:00","dateModified":"2024-01-24T15:38:40+00:00","description":"Officine Gullo es una excelencia italiana en la producci\u00f3n de cocinas met\u00e1licas de lujo, m\u00e1quinas de cocina profesionales y accesorios de cocina.","breadcrumb":{"@id":"https:\/\/officinegullo.com\/es\/about\/identidad\/#breadcrumb"},"inLanguage":"es","potentialAction":[{"@type":"ReadAction","target":["https:\/\/officinegullo.com\/es\/about\/identidad\/"]}]},{"@type":"BreadcrumbList","@id":"https:\/\/officinegullo.com\/es\/about\/identidad\/#breadcrumb","itemListElement":[{"@type":"ListItem","position":1,"name":"Home","item":"https:\/\/officinegullo.com\/es\/"},{"@type":"ListItem","position":2,"name":"About","item":"https:\/\/officinegullo.com\/es\/about\/"},{"@type":"ListItem","position":3,"name":"Identidad"}]},{"@type":"WebSite","@id":"https:\/\/officinegullo.com\/es\/#website","url":"https:\/\/officinegullo.com\/es\/","name":"Officine Gullo","description":"The quintessential kitchen","potentialAction":[{"@type":"SearchAction","target":{"@type":"EntryPoint","urlTemplate":"https:\/\/officinegullo.com\/es\/?s={search_term_string}"},"query-input":{"@type":"PropertyValueSpecification","valueRequired":true,"valueName":"search_term_string"}}],"inLanguage":"es"}]}},"_links":{"self":[{"href":"https:\/\/officinegullo.com\/es\/wp-json\/wp\/v2\/pages\/26234","targetHints":{"allow":["GET"]}}],"collection":[{"href":"https:\/\/officinegullo.com\/es\/wp-json\/wp\/v2\/pages"}],"about":[{"href":"https:\/\/officinegullo.com\/es\/wp-json\/wp\/v2\/types\/page"}],"author":[{"embeddable":true,"href":"https:\/\/officinegullo.com\/es\/wp-json\/wp\/v2\/users\/6"}],"replies":[{"embeddable":true,"href":"https:\/\/officinegullo.com\/es\/wp-json\/wp\/v2\/comments?post=26234"}],"version-history":[{"count":1,"href":"https:\/\/officinegullo.com\/es\/wp-json\/wp\/v2\/pages\/26234\/revisions"}],"predecessor-version":[{"id":28423,"href":"https:\/\/officinegullo.com\/es\/wp-json\/wp\/v2\/pages\/26234\/revisions\/28423"}],"up":[{"embeddable":true,"href":"https:\/\/officinegullo.com\/es\/wp-json\/wp\/v2\/pages\/9803"}],"wp:attachment":[{"href":"https:\/\/officinegullo.com\/es\/wp-json\/wp\/v2\/media?parent=26234"}],"curies":[{"name":"wp","href":"https:\/\/api.w.org\/{rel}","templated":true}]}}