{"id":26151,"date":"2022-12-15T12:53:01","date_gmt":"2022-12-15T11:53:01","guid":{"rendered":"https:\/\/officinegullo.com\/?page_id=26151"},"modified":"2024-01-24T16:37:50","modified_gmt":"2024-01-24T15:37:50","slug":"el-restaurante-en-casa","status":"publish","type":"page","link":"https:\/\/officinegullo.com\/es\/about\/el-restaurante-en-casa\/","title":{"rendered":"El restaurante en casa"},"content":{"rendered":"","protected":false},"excerpt":{"rendered":"","protected":false},"author":2,"featured_media":0,"parent":9803,"menu_order":0,"comment_status":"closed","ping_status":"closed","template":"tpl-single.php","meta":{"_acf_changed":false,"footnotes":""},"class_list":["post-26151","page","type-page","status-publish","hentry"],"acf":{"hreflang":"<link rel=\"alternate\" hreflang=\"en-us\" href=\"https:\/\/us.officinegullo.com\/about\/restaurant-at-home\/\">\n<link rel=\"alternate\" hreflang=\"fr-ca\" href=\"https:\/\/us.officinegullo.com\/fr-ca\/about\/le-restaurant-a-domicile_old\/\">\n<link rel=\"alternate\" hreflang=\"ru\" href=\"https:\/\/ru.officinegullo.com\/about\/restaurant-at-home\/\">\n<link rel=\"alternate\" hreflang=\"zh\" href=\"https:\/\/officinegullo.cn\/about\/restaurant-at-home\/\">","heading":{"titolo":"El restaurante en casa","tipo_sfondo":"locale","immagine":null,"sfondo":"","colore_testo":"chiaro","video_id":"https:\/\/s3.eu-central-1.amazonaws.com\/eu.officinegullo.com\/wp-content\/uploads\/2021\/08\/19115308\/VIDEO-RISTORANTE-A-CASA-Encoded.mp4","testo":"Una s\u00edntesis perfecta entre tecnolog\u00eda, est\u00e9tica y ergonom\u00eda. Estos son los ingredientes que hacen que las cocinas Officine Gullo sean \u00fanicas, creadas para que las personas puedan cocinar en su propia casa como los aut\u00e9nticos chefs en sus restaurantes."},"correlati":{"titolo":"","cta":null,"related":null},"page_builder":[{"acf_fc_layout":"mod_txtslider","titolo":"","cta":null,"orientamento":"sx","testo":"Officine Gullo lleva a los hogares una tecnolog\u00eda muy avanzada en electrodom\u00e9sticos, bloques de cocci\u00f3n y accesorios. De esta forma encontramos quemadores que pueden suministrar una potencia de 10 kW, hornos programables multifunci\u00f3n equipados con triple cristal termoaislante, barbacoas de piedra volc\u00e1nica, placas de inducci\u00f3n, placas radiantes, freidoras profesionales, planchas fry-top con acabado de espejo, vaporeras, cocedores de pasta para los restaurantes m\u00e1s especializados, adem\u00e1s de frigor\u00edficos revestidos con acero inoxidable con propiedades antibacterianas y todo lo necesario para disponer de una cocina que cumpla con los est\u00e1ndares profesionales.","slider":[4735,4740,4745,4750,4755]},{"acf_fc_layout":"mod_txtslider","titolo":"","cta":null,"orientamento":"dx","testo":"Pero eso no es todo. Porque las cocinas Officine Gullo, a diferencia de las destinadas \u00fanicamente a la restauraci\u00f3n, adem\u00e1s de estar equipadas con las mejores prestaciones tecnol\u00f3gicas, tambi\u00e9n est\u00e1n pensadas para que los usuarios no profesionales puedan utilizarlas. Un usuario que aspira a cocinar como un chef con estrella, pero que no quiere renunciar al calor de una \u00abverdadera\u00bb cocina. La amplia colecci\u00f3n se completa con algunos accesorios para la mesa y la cocina desarrollados tambi\u00e9n siguiendo la filosof\u00eda de la empresa de llevar el \u00abrestaurante a casa\u00bb: estanter\u00edas, peque\u00f1os electrodom\u00e9sticos, juegos de cuchillos, tablas de cortar y objetos de cobre.","slider":[4825,4815,4820,4830,4810]},{"acf_fc_layout":"mod_fullscreen","tipo_media":"video","immagine":null,"galleria":null,"video_id":"https:\/\/s3.eu-central-1.amazonaws.com\/eu.officinegullo.com\/wp-content\/uploads\/2021\/08\/19115220\/Officine-Gullo_Cannavacciuolo_sub-eng.mp4","iframe":"","titolo":"","testo":""},{"acf_fc_layout":"mod_txtslider","titolo":"","cta":null,"orientamento":"sx","testo":"Un alto contenido tecnol\u00f3gico que ha permitido a Officine Gullo dise\u00f1ar y equipar las cocinas de los restaurantes de chefs con estrella como el Belmond Hotel Cipriani de Venecia, el Four Seasons de Florencia del chef Vito Mollica, la cadena de restaurantes Probka del chef Aram Mnatsakanov en Mosc\u00fa, San Petersburgo y Kiev, Villa Crespi de Antonino Cannavacciuolo o el Virtuoso Restaurant Florence del chef Antonello Sardi. Chefs con los que la empresa ha construido a lo largo de los a\u00f1os una relaci\u00f3n muy s\u00f3lida, haciendo que participen en el desarrollo de sus productos, especialmente en lo que respecta a los m\u00e9todos de cocci\u00f3n.","slider":[4803,4798,4793,4788,4783,4778,4773]},{"acf_fc_layout":"mod_media","titolo":"La potencia del motor,<br>como en un coche de lujo","cta":null,"orientamento":"dx","testo":"Un mecanismo de precisi\u00f3n y potencia que combina la armon\u00eda de las formas con las tecnolog\u00edas de cocci\u00f3n m\u00e1s modernas. Como un lujoso autom\u00f3vil superdeportivo, el motor de los bloques de cocci\u00f3n de Officine Gullo ofrece un rendimiento extraordinario y un dise\u00f1o sofisticado. Los quemadores, parte fundamental del motor, est\u00e1n realizados con lat\u00f3n macizo y hierro fundido cromado. Equipados con termopar y v\u00e1lvulas de seguridad, pueden suministrar hasta 10 kilovatios de potencia.","tipo_media":"video","immagine":null,"galleria":null,"video_id":"https:\/\/s3.eu-central-1.amazonaws.com\/eu.officinegullo.com\/wp-content\/uploads\/2021\/08\/19120407\/potenza-del-motore.mp4"},{"acf_fc_layout":"mod_onlytxt","titolo":"","testo":"El horno profesional est\u00e1 \u00edntegramente realizado en acero de alto espesor, es compatible con la medida estandarizada Gastronorm para bandejas profesionales y, gracias a la uniformidad de temperatura, garantiza una cocci\u00f3n sabrosa. Adem\u00e1s de los quemadores y el horno, se pueden encontrar muchos accesorios de cocina de gran potencia: cocedores de pasta, vaporeras, barbacoas de piedra volc\u00e1nica, planchas fry-top con acabado de espejo y mucho m\u00e1s. Todos se pueden seleccionar como desee el cliente y pueden colocarse sin limitaciones en las encimeras de las cocinas."},{"acf_fc_layout":"mod_fullscreen","tipo_media":"img","immagine":null,"galleria":null,"video_id":"","iframe":"","titolo":"","testo":""}]},"yoast_head":"<!-- This site is optimized with the Yoast SEO Premium plugin v27.4 (Yoast SEO v27.4) - https:\/\/yoast.com\/product\/yoast-seo-premium-wordpress\/ -->\n<title>El restaurante en casa | Tecnologia, estetica, ergonomia | Officine Gullo<\/title>\n<meta name=\"description\" content=\"Officine Gullo lleva la tecnolog\u00eda m\u00e1s avanzada al hogar en electrodom\u00e9sticos, m\u00e1quinas de cocina y accesorios.\" \/>\n<meta name=\"robots\" content=\"index, follow, max-snippet:-1, max-image-preview:large, max-video-preview:-1\" \/>\n<link rel=\"canonical\" href=\"https:\/\/officinegullo.com\/es\/about\/el-restaurante-en-casa\/\" \/>\n<meta property=\"og:locale\" content=\"es_ES\" \/>\n<meta property=\"og:type\" content=\"article\" \/>\n<meta property=\"og:title\" content=\"El restaurante en casa | Tecnologia, estetica, ergonomia | Officine Gullo\" \/>\n<meta property=\"og:description\" content=\"Officine Gullo lleva la tecnolog\u00eda m\u00e1s avanzada al hogar en electrodom\u00e9sticos, m\u00e1quinas de cocina y accesorios.\" \/>\n<meta property=\"og:url\" content=\"https:\/\/officinegullo.com\/es\/about\/el-restaurante-en-casa\/\" \/>\n<meta property=\"og:site_name\" content=\"Officine Gullo\" \/>\n<meta property=\"article:modified_time\" content=\"2024-01-24T15:37:50+00:00\" \/>\n<meta name=\"twitter:card\" content=\"summary_large_image\" \/>\n<meta name=\"twitter:label1\" content=\"Tiempo de lectura\" \/>\n\t<meta name=\"twitter:data1\" content=\"7 minutos\" \/>\n<script type=\"application\/ld+json\" class=\"yoast-schema-graph\">{\"@context\":\"https:\\\/\\\/schema.org\",\"@graph\":[{\"@type\":\"WebPage\",\"@id\":\"https:\\\/\\\/officinegullo.com\\\/es\\\/about\\\/el-restaurante-en-casa\\\/\",\"url\":\"https:\\\/\\\/officinegullo.com\\\/es\\\/about\\\/el-restaurante-en-casa\\\/\",\"name\":\"El restaurante en casa | Tecnologia, estetica, ergonomia | Officine Gullo\",\"isPartOf\":{\"@id\":\"https:\\\/\\\/officinegullo.com\\\/es\\\/#website\"},\"datePublished\":\"2022-12-15T11:53:01+00:00\",\"dateModified\":\"2024-01-24T15:37:50+00:00\",\"description\":\"Officine Gullo lleva la tecnolog\u00eda m\u00e1s avanzada al hogar en electrodom\u00e9sticos, m\u00e1quinas de cocina y accesorios.\",\"breadcrumb\":{\"@id\":\"https:\\\/\\\/officinegullo.com\\\/es\\\/about\\\/el-restaurante-en-casa\\\/#breadcrumb\"},\"inLanguage\":\"es\",\"potentialAction\":[{\"@type\":\"ReadAction\",\"target\":[\"https:\\\/\\\/officinegullo.com\\\/es\\\/about\\\/el-restaurante-en-casa\\\/\"]}]},{\"@type\":\"BreadcrumbList\",\"@id\":\"https:\\\/\\\/officinegullo.com\\\/es\\\/about\\\/el-restaurante-en-casa\\\/#breadcrumb\",\"itemListElement\":[{\"@type\":\"ListItem\",\"position\":1,\"name\":\"Home\",\"item\":\"https:\\\/\\\/officinegullo.com\\\/es\\\/\"},{\"@type\":\"ListItem\",\"position\":2,\"name\":\"About\",\"item\":\"https:\\\/\\\/officinegullo.com\\\/es\\\/about\\\/\"},{\"@type\":\"ListItem\",\"position\":3,\"name\":\"El restaurante en casa\"}]},{\"@type\":\"WebSite\",\"@id\":\"https:\\\/\\\/officinegullo.com\\\/es\\\/#website\",\"url\":\"https:\\\/\\\/officinegullo.com\\\/es\\\/\",\"name\":\"Officine Gullo\",\"description\":\"The quintessential kitchen\",\"potentialAction\":[{\"@type\":\"SearchAction\",\"target\":{\"@type\":\"EntryPoint\",\"urlTemplate\":\"https:\\\/\\\/officinegullo.com\\\/es\\\/?s={search_term_string}\"},\"query-input\":{\"@type\":\"PropertyValueSpecification\",\"valueRequired\":true,\"valueName\":\"search_term_string\"}}],\"inLanguage\":\"es\"}]}<\/script>\n<!-- \/ Yoast SEO Premium plugin. -->","yoast_head_json":{"title":"El restaurante en casa | Tecnologia, estetica, ergonomia | Officine Gullo","description":"Officine Gullo lleva la tecnolog\u00eda m\u00e1s avanzada al hogar en electrodom\u00e9sticos, m\u00e1quinas de cocina y accesorios.","robots":{"index":"index","follow":"follow","max-snippet":"max-snippet:-1","max-image-preview":"max-image-preview:large","max-video-preview":"max-video-preview:-1"},"canonical":"https:\/\/officinegullo.com\/es\/about\/el-restaurante-en-casa\/","og_locale":"es_ES","og_type":"article","og_title":"El restaurante en casa | Tecnologia, estetica, ergonomia | Officine Gullo","og_description":"Officine Gullo lleva la tecnolog\u00eda m\u00e1s avanzada al hogar en electrodom\u00e9sticos, m\u00e1quinas de cocina y accesorios.","og_url":"https:\/\/officinegullo.com\/es\/about\/el-restaurante-en-casa\/","og_site_name":"Officine Gullo","article_modified_time":"2024-01-24T15:37:50+00:00","twitter_card":"summary_large_image","twitter_misc":{"Tiempo de lectura":"7 minutos"},"schema":{"@context":"https:\/\/schema.org","@graph":[{"@type":"WebPage","@id":"https:\/\/officinegullo.com\/es\/about\/el-restaurante-en-casa\/","url":"https:\/\/officinegullo.com\/es\/about\/el-restaurante-en-casa\/","name":"El restaurante en casa | Tecnologia, estetica, ergonomia | Officine Gullo","isPartOf":{"@id":"https:\/\/officinegullo.com\/es\/#website"},"datePublished":"2022-12-15T11:53:01+00:00","dateModified":"2024-01-24T15:37:50+00:00","description":"Officine Gullo lleva la tecnolog\u00eda m\u00e1s avanzada al hogar en electrodom\u00e9sticos, m\u00e1quinas de cocina y accesorios.","breadcrumb":{"@id":"https:\/\/officinegullo.com\/es\/about\/el-restaurante-en-casa\/#breadcrumb"},"inLanguage":"es","potentialAction":[{"@type":"ReadAction","target":["https:\/\/officinegullo.com\/es\/about\/el-restaurante-en-casa\/"]}]},{"@type":"BreadcrumbList","@id":"https:\/\/officinegullo.com\/es\/about\/el-restaurante-en-casa\/#breadcrumb","itemListElement":[{"@type":"ListItem","position":1,"name":"Home","item":"https:\/\/officinegullo.com\/es\/"},{"@type":"ListItem","position":2,"name":"About","item":"https:\/\/officinegullo.com\/es\/about\/"},{"@type":"ListItem","position":3,"name":"El restaurante en casa"}]},{"@type":"WebSite","@id":"https:\/\/officinegullo.com\/es\/#website","url":"https:\/\/officinegullo.com\/es\/","name":"Officine Gullo","description":"The quintessential kitchen","potentialAction":[{"@type":"SearchAction","target":{"@type":"EntryPoint","urlTemplate":"https:\/\/officinegullo.com\/es\/?s={search_term_string}"},"query-input":{"@type":"PropertyValueSpecification","valueRequired":true,"valueName":"search_term_string"}}],"inLanguage":"es"}]}},"_links":{"self":[{"href":"https:\/\/officinegullo.com\/es\/wp-json\/wp\/v2\/pages\/26151","targetHints":{"allow":["GET"]}}],"collection":[{"href":"https:\/\/officinegullo.com\/es\/wp-json\/wp\/v2\/pages"}],"about":[{"href":"https:\/\/officinegullo.com\/es\/wp-json\/wp\/v2\/types\/page"}],"author":[{"embeddable":true,"href":"https:\/\/officinegullo.com\/es\/wp-json\/wp\/v2\/users\/2"}],"replies":[{"embeddable":true,"href":"https:\/\/officinegullo.com\/es\/wp-json\/wp\/v2\/comments?post=26151"}],"version-history":[{"count":1,"href":"https:\/\/officinegullo.com\/es\/wp-json\/wp\/v2\/pages\/26151\/revisions"}],"predecessor-version":[{"id":28435,"href":"https:\/\/officinegullo.com\/es\/wp-json\/wp\/v2\/pages\/26151\/revisions\/28435"}],"up":[{"embeddable":true,"href":"https:\/\/officinegullo.com\/es\/wp-json\/wp\/v2\/pages\/9803"}],"wp:attachment":[{"href":"https:\/\/officinegullo.com\/es\/wp-json\/wp\/v2\/media?parent=26151"}],"curies":[{"name":"wp","href":"https:\/\/api.w.org\/{rel}","templated":true}]}}