{"id":24826,"date":"2022-09-20T12:39:31","date_gmt":"2022-09-20T10:39:31","guid":{"rendered":"https:\/\/officinegullo.com\/?page_id=24826"},"modified":"2024-01-24T16:40:41","modified_gmt":"2024-01-24T15:40:41","slug":"unazienda-di-persone","status":"publish","type":"page","link":"https:\/\/officinegullo.com\/es\/about\/una-empresa-de-personas\/","title":{"rendered":"Una empresa de personas"},"content":{"rendered":"","protected":false},"excerpt":{"rendered":"","protected":false},"author":2,"featured_media":0,"parent":9803,"menu_order":0,"comment_status":"closed","ping_status":"closed","template":"tpl-single.php","meta":{"_acf_changed":false,"footnotes":""},"class_list":["post-24826","page","type-page","status-publish","hentry"],"acf":{"hreflang":"<link rel=\"alternate\" hreflang=\"en-us\" href=\"https:\/\/us.officinegullo.com\/about\/a-people-first-company\/\">\n<link rel=\"alternate\" hreflang=\"fr-ca\" href=\"https:\/\/us.officinegullo.com\/fr-ca\/about\/une-entreprise-de-personnes\/\">\n<link rel=\"alternate\" hreflang=\"ru\" href=\"https:\/\/ru.officinegullo.com\/about\/a-people-first-company\/\">\n<link rel=\"alternate\" hreflang=\"zh\" href=\"https:\/\/officinegullo.cn\/about\/a-people-first-company\/\">","heading":{"titolo":"Las personas en el centro","tipo_sfondo":"img","immagine":10960,"sfondo":"","colore_testo":"chiaro","video_id":"","testo":"<h3 style=\"color: white;\">El humanismo florentino<\/h3>\r\nOfficine Gullo se encuentra culturalmente en las ant\u00edpodas de la distribuci\u00f3n a gran escala, en cuanto a valores, m\u00e9todos, procedimientos y objetivos. Cada colaborador de la empresa tiene una visi\u00f3n general del producto, tanto en las fases de dise\u00f1o como de producci\u00f3n."},"correlati":{"titolo":"","cta":null,"related":null},"page_builder":[{"acf_fc_layout":"mod_media","titolo":"","cta":null,"orientamento":"sx","testo":"La hiperespecializaci\u00f3n actual ha convertido a las personas en una especie de engranaje de la maquinaria industrial. Al invertir en calidad y artesan\u00eda, Officine Gullo ha logrado establecerse en el mercado mundial invirtiendo esta tendencia, poniendo a las personas en el centro, con sus necesidades, conocimientos, habilidades, inventiva y su capacidad para aprender y comunicarse.\r\nPero \u00ablas personas en el centro\u00bb no solo significa una visi\u00f3n de conjunto, una responsabilidad y un conocimiento universal. En primer lugar significa creatividad, ser visionario y tener el valor de adentrarse en territorios desconocidos. Este es el esp\u00edritu que, en la etapa m\u00e1s gloriosa del Renacimiento, llev\u00f3 a los navegantes italianos a descubrir y explorar el Nuevo Continente. A lo largo de su historia, Officine Gullo ha tenido la capacidad de captar las tendencias del mercado antes de que se convirtieran en modas. Y esto ha sido posible gracias a la relaci\u00f3n directa con sus clientes, escuchando continuamente sus deseos y atendiendo sus necesidades.","tipo_media":"img","immagine":8693,"galleria":null,"video_id":""},{"acf_fc_layout":"mod_media","titolo":"","cta":null,"orientamento":"dx","testo":"Cualquiera que sean sus formas, la fuerza de la empresa consiste en estar firmemente cimentada en los antiguos valores humanistas que sit\u00faan a las personas en el centro, ya sea el empresario con su valor e inventiva, el colaborador con sus habilidades, o el cliente, con sus deseos llenos de expectativas de futuro.","tipo_media":"img","immagine":10965,"galleria":null,"video_id":""},{"acf_fc_layout":"mod_fullscreen","tipo_media":"img","immagine":4696,"galleria":null,"video_id":"","iframe":"","titolo":"","testo":"<h2 style=\"color: white;\">El \u00abproyecto memoria\u00bb<\/h2>\r\n<h3 style=\"color: white;\">Los artesanos, la gloria de la creatividad italiana<\/h3>"},{"acf_fc_layout":"mod_media","titolo":"","cta":null,"orientamento":"sx","testo":"Las cocinas Officine Gullo son creaciones artesanales realizadas dentro de un ciclo de producci\u00f3n altamente tecnol\u00f3gico. Las manos del ser humano, en el claroscuro de un metal cincelado o en las sombras de un bru\u00f1ido artesanal, modelan el material d\u00e1ndole un alma. Al fin y al cabo, el ojo de las personas todav\u00eda llega donde la m\u00e1quina no puede llegar y distingue lo perfecto de lo mediocre donde el robot simplemente \u00abfabrica\u00bb. Por esta raz\u00f3n, la destreza de sus expertos artesanos, para la empresa, es un valor indispensable para la creaci\u00f3n de cualquier cocina.\r\nPara ello la empresa ha impulsado el \u00abProyecto Memoria\u00bb, un programa destinado a potenciar el lado humano de la producci\u00f3n y a transmitir los conocimientos exclusivos del antiguo trabajo manual de los artesanos.","tipo_media":"img","immagine":10869,"galleria":null,"video_id":""},{"acf_fc_layout":"mod_media","titolo":"","cta":null,"orientamento":"sx","testo":"Todos los colaboradores de Officine Gullo empiezan a trabajar en la empresa a trav\u00e9s de un curso de formaci\u00f3n destinado a mantener vivas las t\u00e9cnicas m\u00e1s antiguas del procesamiento de los metales y el darte decorativo florentino. La ense\u00f1anza, como en los talleres antiguos, se lleva a cabo bajo la supervisi\u00f3n diaria de maestros expertos.\r\nEsto ha sido posible gracias a la ayuda de personas que todav\u00eda recuerdan las tradiciones y t\u00e9cnicas artesanales transmitidas por sus antepasados. Maestros deseosos de apoyar y potenciar el conocimiento y los valores de la tradici\u00f3n. Algunas de estas historias de vida, de maestr\u00eda y pasi\u00f3n, han sido recopiladas y enriquecer\u00e1n la Memoria de ese saber hacer que Officine Gullo est\u00e1 comprometida en conservar y perpetuar.","tipo_media":"img","immagine":4987,"galleria":null,"video_id":""},{"acf_fc_layout":"mod_doublefullscreen","titolo":"","cta":null,"testo":"","media_1":{"tipo_media":"yt","video_id":"https:\/\/youtu.be\/y-kcWjg5Klo","immagine":125140},"media_2":{"tipo_media":"yt","video_id":"https:\/\/youtu.be\/AHnVVQNSNPA","immagine":125015}},{"acf_fc_layout":"mod_gallery","titolo":"","galleria":[2904,2899,2894,2889,2884,2879,2874,2869,2864]},{"acf_fc_layout":"mod_onlytxt","titolo":"Una empresa con representaci\u00f3n internacional que nunca ha perdido su alma familiar.","testo":"Todos los productos de Officine Gullo cuentan una historia, creada a trav\u00e9s de una colaboraci\u00f3n \u00fanica entre arquitectos, dise\u00f1adores, ingenieros, artesanos y creativos digitales. Esta fusi\u00f3n perfecta de profesiones permite hacer realidad los proyectos y deseos del cliente final, gracias a especialistas que tienen una visi\u00f3n de conjunto de todo el proceso de producci\u00f3n."},{"acf_fc_layout":"mod_txtslider","titolo":"Dise\u00f1o","cta":null,"orientamento":"sx","testo":"A trav\u00e9s de un intenso intercambio con el cliente y un estudio exhaustivo de sus h\u00e1bitos en la cocina y el espacio real que ocupar\u00e1 el proyecto, nuestros arquitectos y dise\u00f1adores acompa\u00f1an al cliente en todos los pasos, desde el primer borrador hasta el montaje. Igual que para un traje a medida, la idea inicial se cose sobre los deseos del cliente y las necesidades del espacio y del entorno, no solo de forma est\u00e9ticamente atractiva, sino sobre todo funcional y adaptada a las necesidades de quien vive y utiliza la cocina.","slider":[2921,2911,3177,2941,2931]},{"acf_fc_layout":"mod_txtslider","titolo":"CLAB","cta":null,"orientamento":"dx","testo":"En el Creative Lab (CLAB) se estudia y se da a conocer la imagen de Officine Gullo, traduciendo los valores que la familia y la direcci\u00f3n han definido a lo largo de los a\u00f1os en representaciones visuales concretas. Cada d\u00eda se buscan nuevas formas de describir y comunicar mejor el trabajo que se lleva a cabo en la empresa. En el CLAB, de hecho, el departamento de 3D y gr\u00e1fico trabaja junto al departamento de marketing y comunicaci\u00f3n para crear una imagen muy precisa de la empresa.","slider":[2951,2966,2946,2956,2961]},{"acf_fc_layout":"mod_txtslider","titolo":"Artesanos","cta":null,"orientamento":"sx","testo":"En el taller, gracias al cuidado y minucioso trabajo manual que llevan a cabo los maestros artesanos, cobran vida los proyectos y dise\u00f1os t\u00e9cnicos. Todo el proceso, desde el corte del metal hasta el acabado de las decoraciones de lat\u00f3n, lo realiza el mismo equipo de artesanos, que de esta forma \u00abfirman\u00bb la cocina para convertirla en una pieza \u00fanica e inimitable en todos sus detalles.","slider":[3096,3071,3081,2976,2981,2986,2971,2991,2996,3001,3006,3011,3016,3021,3026,3031,3036,3041,3046,3051,3056,3061,3066,3076,3086,3091,3101]},{"acf_fc_layout":"mod_txtslider","titolo":"Departamento t\u00e9cnico","cta":null,"orientamento":"dx","testo":"En el departamento t\u00e9cnico, las ideas de dise\u00f1o se transforman en dibujos t\u00e9cnicos aplicables. Los productos se desarrollan a trav\u00e9s de un dise\u00f1o meticuloso en las distintas etapas de la producci\u00f3n que permite dedicar gran atenci\u00f3n a todos los detalles y permite que la empresa garantice una gran durabilidad de sus productos. Aqu\u00ed se crea la \u00abpartitura\u00bb que ejecutar\u00e1n los maestros artesanos.","slider":[3106,3111,3116,3121,3126,3131,3136]},{"acf_fc_layout":"mod_txtslider","titolo":"Administraci\u00f3n","cta":null,"orientamento":"sx","testo":"Adem\u00e1s de la creatividad y las ideas, tambi\u00e9n se necesita siempre organizaci\u00f3n, procesos, reglas y controles. Ninguna de las fases creativas que forman parte del proceso de producci\u00f3n de Officine Gullo ser\u00eda posible sin nuestro departamento administrativo que se encarga de coordinar todas las operaciones nacionales e internacionales, custodiando de a\u00f1o en a\u00f1o la memoria de nuestra organizaci\u00f3n.","slider":[3141,3161,3151,3156]},{"acf_fc_layout":"mod_txtslider","titolo":"Worldwide","cta":null,"orientamento":"dx","testo":"De Italia a Europa, de EEUU a Sud\u00e1frica, de Oriente Medio al Sudeste Asi\u00e1tico, Officine Gullo cubre el mercado global a trav\u00e9s de showrooms monomarca ubicados en las principales capitales del mundo y una amplia red de profesionales en el \u00e1rea.","slider":""}]},"yoast_head":"<!-- This site is optimized with the Yoast SEO Premium plugin v27.2 (Yoast SEO v27.2) - https:\/\/yoast.com\/product\/yoast-seo-premium-wordpress\/ -->\n<title>Una empresa de personas | Officine Gullo<\/title>\n<meta name=\"description\" content=\"Cada producto de Officine Gullo cuenta una historia, creada a trav\u00e9s de una colaboraci\u00f3n \u00fanica en la que participan arquitectos, dise\u00f1adores, ingenieros, artesanos y creativos digitales.\" \/>\n<meta name=\"robots\" content=\"index, follow, max-snippet:-1, max-image-preview:large, max-video-preview:-1\" \/>\n<link rel=\"canonical\" href=\"https:\/\/officinegullo.com\/es\/about\/una-empresa-de-personas\/\" \/>\n<meta property=\"og:locale\" content=\"es_ES\" \/>\n<meta property=\"og:type\" content=\"article\" \/>\n<meta property=\"og:title\" content=\"Una empresa de personas | Officine Gullo\" \/>\n<meta property=\"og:description\" content=\"Cada producto de Officine Gullo cuenta una historia, creada a trav\u00e9s de una colaboraci\u00f3n \u00fanica en la que participan arquitectos, dise\u00f1adores, ingenieros, artesanos y creativos digitales.\" \/>\n<meta property=\"og:url\" content=\"https:\/\/officinegullo.com\/es\/about\/una-empresa-de-personas\/\" \/>\n<meta property=\"og:site_name\" content=\"Officine Gullo\" \/>\n<meta property=\"article:modified_time\" content=\"2024-01-24T15:40:41+00:00\" \/>\n<meta name=\"twitter:card\" content=\"summary_large_image\" \/>\n<meta name=\"twitter:label1\" content=\"Tiempo de lectura\" \/>\n\t<meta name=\"twitter:data1\" content=\"19 minutos\" \/>\n<script type=\"application\/ld+json\" class=\"yoast-schema-graph\">{\"@context\":\"https:\/\/schema.org\",\"@graph\":[{\"@type\":\"WebPage\",\"@id\":\"https:\/\/officinegullo.com\/es\/about\/una-empresa-de-personas\/\",\"url\":\"https:\/\/officinegullo.com\/es\/about\/una-empresa-de-personas\/\",\"name\":\"Una empresa de personas | Officine Gullo\",\"isPartOf\":{\"@id\":\"https:\/\/officinegullo.com\/es\/#website\"},\"datePublished\":\"2022-09-20T10:39:31+00:00\",\"dateModified\":\"2024-01-24T15:40:41+00:00\",\"description\":\"Cada producto de Officine Gullo cuenta una historia, creada a trav\u00e9s de una colaboraci\u00f3n \u00fanica en la que participan arquitectos, dise\u00f1adores, ingenieros, artesanos y creativos digitales.\",\"breadcrumb\":{\"@id\":\"https:\/\/officinegullo.com\/es\/about\/una-empresa-de-personas\/#breadcrumb\"},\"inLanguage\":\"es\",\"potentialAction\":[{\"@type\":\"ReadAction\",\"target\":[\"https:\/\/officinegullo.com\/es\/about\/una-empresa-de-personas\/\"]}]},{\"@type\":\"BreadcrumbList\",\"@id\":\"https:\/\/officinegullo.com\/es\/about\/una-empresa-de-personas\/#breadcrumb\",\"itemListElement\":[{\"@type\":\"ListItem\",\"position\":1,\"name\":\"Home\",\"item\":\"https:\/\/officinegullo.com\/es\/\"},{\"@type\":\"ListItem\",\"position\":2,\"name\":\"About\",\"item\":\"https:\/\/officinegullo.com\/es\/about\/\"},{\"@type\":\"ListItem\",\"position\":3,\"name\":\"Una empresa de personas\"}]},{\"@type\":\"WebSite\",\"@id\":\"https:\/\/officinegullo.com\/es\/#website\",\"url\":\"https:\/\/officinegullo.com\/es\/\",\"name\":\"Officine Gullo\",\"description\":\"The quintessential kitchen\",\"potentialAction\":[{\"@type\":\"SearchAction\",\"target\":{\"@type\":\"EntryPoint\",\"urlTemplate\":\"https:\/\/officinegullo.com\/es\/?s={search_term_string}\"},\"query-input\":{\"@type\":\"PropertyValueSpecification\",\"valueRequired\":true,\"valueName\":\"search_term_string\"}}],\"inLanguage\":\"es\"}]}<\/script>\n<!-- \/ Yoast SEO Premium plugin. -->","yoast_head_json":{"title":"Una empresa de personas | Officine Gullo","description":"Cada producto de Officine Gullo cuenta una historia, creada a trav\u00e9s de una colaboraci\u00f3n \u00fanica en la que participan arquitectos, dise\u00f1adores, ingenieros, artesanos y creativos digitales.","robots":{"index":"index","follow":"follow","max-snippet":"max-snippet:-1","max-image-preview":"max-image-preview:large","max-video-preview":"max-video-preview:-1"},"canonical":"https:\/\/officinegullo.com\/es\/about\/una-empresa-de-personas\/","og_locale":"es_ES","og_type":"article","og_title":"Una empresa de personas | Officine Gullo","og_description":"Cada producto de Officine Gullo cuenta una historia, creada a trav\u00e9s de una colaboraci\u00f3n \u00fanica en la que participan arquitectos, dise\u00f1adores, ingenieros, artesanos y creativos digitales.","og_url":"https:\/\/officinegullo.com\/es\/about\/una-empresa-de-personas\/","og_site_name":"Officine Gullo","article_modified_time":"2024-01-24T15:40:41+00:00","twitter_card":"summary_large_image","twitter_misc":{"Tiempo de lectura":"19 minutos"},"schema":{"@context":"https:\/\/schema.org","@graph":[{"@type":"WebPage","@id":"https:\/\/officinegullo.com\/es\/about\/una-empresa-de-personas\/","url":"https:\/\/officinegullo.com\/es\/about\/una-empresa-de-personas\/","name":"Una empresa de personas | Officine Gullo","isPartOf":{"@id":"https:\/\/officinegullo.com\/es\/#website"},"datePublished":"2022-09-20T10:39:31+00:00","dateModified":"2024-01-24T15:40:41+00:00","description":"Cada producto de Officine Gullo cuenta una historia, creada a trav\u00e9s de una colaboraci\u00f3n \u00fanica en la que participan arquitectos, dise\u00f1adores, ingenieros, artesanos y creativos digitales.","breadcrumb":{"@id":"https:\/\/officinegullo.com\/es\/about\/una-empresa-de-personas\/#breadcrumb"},"inLanguage":"es","potentialAction":[{"@type":"ReadAction","target":["https:\/\/officinegullo.com\/es\/about\/una-empresa-de-personas\/"]}]},{"@type":"BreadcrumbList","@id":"https:\/\/officinegullo.com\/es\/about\/una-empresa-de-personas\/#breadcrumb","itemListElement":[{"@type":"ListItem","position":1,"name":"Home","item":"https:\/\/officinegullo.com\/es\/"},{"@type":"ListItem","position":2,"name":"About","item":"https:\/\/officinegullo.com\/es\/about\/"},{"@type":"ListItem","position":3,"name":"Una empresa de personas"}]},{"@type":"WebSite","@id":"https:\/\/officinegullo.com\/es\/#website","url":"https:\/\/officinegullo.com\/es\/","name":"Officine Gullo","description":"The quintessential kitchen","potentialAction":[{"@type":"SearchAction","target":{"@type":"EntryPoint","urlTemplate":"https:\/\/officinegullo.com\/es\/?s={search_term_string}"},"query-input":{"@type":"PropertyValueSpecification","valueRequired":true,"valueName":"search_term_string"}}],"inLanguage":"es"}]}},"_links":{"self":[{"href":"https:\/\/officinegullo.com\/es\/wp-json\/wp\/v2\/pages\/24826","targetHints":{"allow":["GET"]}}],"collection":[{"href":"https:\/\/officinegullo.com\/es\/wp-json\/wp\/v2\/pages"}],"about":[{"href":"https:\/\/officinegullo.com\/es\/wp-json\/wp\/v2\/types\/page"}],"author":[{"embeddable":true,"href":"https:\/\/officinegullo.com\/es\/wp-json\/wp\/v2\/users\/2"}],"replies":[{"embeddable":true,"href":"https:\/\/officinegullo.com\/es\/wp-json\/wp\/v2\/comments?post=24826"}],"version-history":[{"count":2,"href":"https:\/\/officinegullo.com\/es\/wp-json\/wp\/v2\/pages\/24826\/revisions"}],"predecessor-version":[{"id":25633,"href":"https:\/\/officinegullo.com\/es\/wp-json\/wp\/v2\/pages\/24826\/revisions\/25633"}],"up":[{"embeddable":true,"href":"https:\/\/officinegullo.com\/es\/wp-json\/wp\/v2\/pages\/9803"}],"wp:attachment":[{"href":"https:\/\/officinegullo.com\/es\/wp-json\/wp\/v2\/media?parent=24826"}],"curies":[{"name":"wp","href":"https:\/\/api.w.org\/{rel}","templated":true}]}}