{"id":12162,"date":"2021-09-17T15:04:45","date_gmt":"2021-09-17T13:04:45","guid":{"rendered":"https:\/\/officinegullo.com\/?page_id=12162"},"modified":"2025-08-26T16:02:01","modified_gmt":"2025-08-26T14:02:01","slug":"officine-gullo-house-2","status":"publish","type":"page","link":"https:\/\/officinegullo.com\/es\/experience\/","title":{"rendered":"Experience"},"content":{"rendered":"","protected":false},"excerpt":{"rendered":"","protected":false},"author":2,"featured_media":118324,"parent":0,"menu_order":0,"comment_status":"closed","ping_status":"closed","template":"tpl-single.php","meta":{"_acf_changed":false,"footnotes":""},"class_list":["post-12162","page","type-page","status-publish","has-post-thumbnail","hentry"],"acf":{"hreflang":"<link rel=\"alternate\" hreflang=\"en-us\" href=\"https:\/\/us.officinegullo.com\/experience\/\">\r\n<link rel=\"alternate\" hreflang=\"fr-ca\" href=\"https:\/\/us.officinegullo.com\/fr-ca\/experience\/\">\r\n<link rel=\"alternate\" hreflang=\"ru\" href=\"https:\/\/ru.officinegullo.com\/experience\">","heading":{"titolo":"Officine Gullo House","tipo_sfondo":"locale","immagine":"","sfondo":"","colore_testo":"chiaro","video_id":"https:\/\/s3.eu-central-1.amazonaws.com\/eu.officinegullo.com\/wp-content\/uploads\/2021\/10\/20162901\/OG-House-Encoded.mp4","testo":"<span data-sheets-root=\"1\">Un templo dedicado a la cultura de la cocina italiana, sus herramientas y la excelencia en la mesa<\/span>"},"correlati":{"titolo":"","cta":null,"related":null},"page_builder":[{"acf_fc_layout":"mod_txtslider","titolo":"En el coraz\u00f3n de Florencia","cta":null,"orientamento":"sx","testo":"<span data-sheets-root=\"1\">Officine Gullo House se encuentra en la <em>Piazza Ognissanti<\/em>, en un lugar extraordinario: una antigua capilla renacentista, parte de la iglesia de San Salvatore di Ognissanti.<\/span>","slider":[15409,118446,15414,118456,118461,15419,118451]},{"acf_fc_layout":"mod_txtslider","titolo":"","cta":null,"orientamento":"dx","testo":"<span data-sheets-root=\"1\">La adyacente Iglesia de Ognissanti es una joya poco conocida, rica en tesoros hist\u00f3ricos y art\u00edsticos: desde el Crucifijo de Giotto hasta los frescos de Ghirlandaio y Botticelli, quien est\u00e1 enterrado aqu\u00ed junto a Amerigo Vespucci y Carolina Bonaparte Murat, hermana de Napole\u00f3n.<\/span>","slider":[118334,118339,118359,118344,15424]},{"acf_fc_layout":"mod_fullscreen","tipo_media":"video","immagine":null,"galleria":null,"video_id":"https:\/\/s3.eu-central-1.amazonaws.com\/eu.officinegullo.com\/wp-content\/uploads\/2023\/02\/20154828\/O.Gullo-Encoded.mp4","iframe":"","titolo":"","testo":""},{"acf_fc_layout":"mod_txtslider","titolo":"","cta":null,"orientamento":"dx","testo":"Officine Gullo House es un lugar de encuentro \u00fanico donde la empresa da la bienvenida a sus invitados para embarcarse en un viaje sensorial, culinario e hist\u00f3rico, inmerso en la prestigiosa tradici\u00f3n florentina.\r\n\r\nLa experiencia por excelencia es la cena plac\u00e9e: en un entorno exclusivo, frente al chef\u2019s table de la cocina en isla dise\u00f1ada por Officine Gullo, el chef realiza a la vista sus obras maestras culinarias, regalando a los comensales un momento inolvidable de convivialidad.\r\n\r\nPara quienes deseen descubrir los secretos de la cocina profesional, Officine Gullo propone atractivas clases de cocina. Los invitados, guiados por la experiencia del chef, pueden preparar recetas deliciosas y luego degustarlas, acompa\u00f1adas por una selecci\u00f3n de vinos cuidadosamente elegidos.","slider":[118519,119002,118374,119017,118409,118379,118399,119022]},{"acf_fc_layout":"mod_txtslider","titolo":"","cta":null,"orientamento":"sx","testo":"En el \u00e1rea del Lounge Bar en el primer piso, los invitados pueden deleitarse con c\u00f3cteles de autor, preparados con maestr\u00eda por mix\u00f3logos que revelan su historia y caracter\u00edsticas, transformando cada bebida en una experiencia memorable.\r\n\r\nOfficine Gullo tambi\u00e9n ofrece la posibilidad de organizar eventos privados personalizados, dise\u00f1ados para satisfacer las solicitudes m\u00e1s exclusivas y garantizar una experiencia irrepetible.\r\n\r\nLos visitantes de Officine Gullo House tambi\u00e9n pueden descubrir, a trav\u00e9s de un relato \u00fanico, el profundo v\u00ednculo entre el nacimiento de la cocina moderna, la historia de Florencia, la antigua tradici\u00f3n de la metalurgia y el rico patrimonio art\u00edstico de la ciudad. Un fascinante entrelazado de historias que permite comprender y apreciar plenamente la extraordinaria unicidad de este lugar.","slider":[119037,119052,118404,119032,119057,119042,119027,119047]},{"acf_fc_layout":"mod_onlytxt","titolo":"","testo":"<hr \/>\r\n\r\n<h3><em><span data-sheets-root=\"1\">Officine Gullo House es un lugar donde la empresa invita a sus hu\u00e9spedes a emprender un recorrido experiencial de excelencia que celebra el arte, la historia, las tradiciones culinarias y la artesan\u00eda de Florencia, ofreciendo un momento de convivencia \u00fanico.<\/span><\/em><\/h3>\r\n<strong>Officine Gullo House<\/strong>\r\nBorgo Ognissanti, 32\r\n50123 Florencia, Italia\r\n\r\n<hr \/>"},{"acf_fc_layout":"mod_formlanding","form":null,"titolo":"Cont\u00e1ctanos","shortcode":"[contact-form-7 id=\"118556\" title=\"Form Experience ES\"]","typ":{"title":"Gracias - Experience","url":"https:\/\/officinegullo.com\/es\/grazie-experience","target":""}}]},"yoast_head":"<!-- This site is optimized with the Yoast SEO Premium plugin v27.2 (Yoast SEO v27.2) - https:\/\/yoast.com\/product\/yoast-seo-premium-wordpress\/ -->\n<title>Officine Gullo House: Experiencias Privadas en el Coraz\u00f3n de Florencia<\/title>\n<meta name=\"description\" content=\"Un templo donde el arte de la cocina italiana se fusiona con la excelencia gastron\u00f3mica. Descubre nuestras propuestas.\" \/>\n<meta name=\"robots\" content=\"index, follow, max-snippet:-1, max-image-preview:large, max-video-preview:-1\" \/>\n<link rel=\"canonical\" href=\"https:\/\/officinegullo.com\/es\/experience\/\" \/>\n<meta property=\"og:locale\" content=\"es_ES\" \/>\n<meta property=\"og:type\" content=\"article\" \/>\n<meta property=\"og:title\" content=\"Officine Gullo House: Experiencias Privadas en el Coraz\u00f3n de Florencia\" \/>\n<meta property=\"og:description\" content=\"Un templo donde el arte de la cocina italiana se fusiona con la excelencia gastron\u00f3mica. Descubre nuestras propuestas.\" \/>\n<meta property=\"og:url\" content=\"https:\/\/officinegullo.com\/es\/experience\/\" \/>\n<meta property=\"og:site_name\" content=\"Officine Gullo\" \/>\n<meta property=\"article:modified_time\" content=\"2025-08-26T14:02:01+00:00\" \/>\n<meta property=\"og:image\" content=\"https:\/\/s3.eu-central-1.amazonaws.com\/eu.officinegullo.com\/wp-content\/uploads\/2024\/12\/03154039\/Officine-Gullo_-Experience-cena-43-scaled.jpg\" \/>\n\t<meta property=\"og:image:width\" content=\"2560\" \/>\n\t<meta property=\"og:image:height\" content=\"1707\" \/>\n\t<meta property=\"og:image:type\" content=\"image\/jpeg\" \/>\n<meta name=\"twitter:card\" content=\"summary_large_image\" \/>\n<meta name=\"twitter:label1\" content=\"Tiempo de lectura\" \/>\n\t<meta name=\"twitter:data1\" content=\"8 minutos\" \/>\n<script type=\"application\/ld+json\" class=\"yoast-schema-graph\">{\"@context\":\"https:\/\/schema.org\",\"@graph\":[{\"@type\":\"WebPage\",\"@id\":\"https:\/\/officinegullo.com\/es\/experience\/\",\"url\":\"https:\/\/officinegullo.com\/es\/experience\/\",\"name\":\"Officine Gullo House: Experiencias Privadas en el Coraz\u00f3n de Florencia\",\"isPartOf\":{\"@id\":\"https:\/\/officinegullo.com\/es\/#website\"},\"primaryImageOfPage\":{\"@id\":\"https:\/\/officinegullo.com\/es\/experience\/#primaryimage\"},\"image\":{\"@id\":\"https:\/\/officinegullo.com\/es\/experience\/#primaryimage\"},\"thumbnailUrl\":\"https:\/\/s3.eu-central-1.amazonaws.com\/eu.officinegullo.com\/wp-content\/uploads\/2024\/12\/03154039\/Officine-Gullo_-Experience-cena-43-scaled.jpg\",\"datePublished\":\"2021-09-17T13:04:45+00:00\",\"dateModified\":\"2025-08-26T14:02:01+00:00\",\"description\":\"Un templo donde el arte de la cocina italiana se fusiona con la excelencia gastron\u00f3mica. Descubre nuestras propuestas.\",\"breadcrumb\":{\"@id\":\"https:\/\/officinegullo.com\/es\/experience\/#breadcrumb\"},\"inLanguage\":\"es\",\"potentialAction\":[{\"@type\":\"ReadAction\",\"target\":[\"https:\/\/officinegullo.com\/es\/experience\/\"]}]},{\"@type\":\"ImageObject\",\"inLanguage\":\"es\",\"@id\":\"https:\/\/officinegullo.com\/es\/experience\/#primaryimage\",\"url\":\"https:\/\/s3.eu-central-1.amazonaws.com\/eu.officinegullo.com\/wp-content\/uploads\/2024\/12\/03154039\/Officine-Gullo_-Experience-cena-43-scaled.jpg\",\"contentUrl\":\"https:\/\/s3.eu-central-1.amazonaws.com\/eu.officinegullo.com\/wp-content\/uploads\/2024\/12\/03154039\/Officine-Gullo_-Experience-cena-43-scaled.jpg\",\"width\":2560,\"height\":1707,\"caption\":\"Officine Gullo House - Cena privata\"},{\"@type\":\"BreadcrumbList\",\"@id\":\"https:\/\/officinegullo.com\/es\/experience\/#breadcrumb\",\"itemListElement\":[{\"@type\":\"ListItem\",\"position\":1,\"name\":\"Home\",\"item\":\"https:\/\/officinegullo.com\/es\/\"},{\"@type\":\"ListItem\",\"position\":2,\"name\":\"Experience\"}]},{\"@type\":\"WebSite\",\"@id\":\"https:\/\/officinegullo.com\/es\/#website\",\"url\":\"https:\/\/officinegullo.com\/es\/\",\"name\":\"Officine Gullo\",\"description\":\"The quintessential kitchen\",\"potentialAction\":[{\"@type\":\"SearchAction\",\"target\":{\"@type\":\"EntryPoint\",\"urlTemplate\":\"https:\/\/officinegullo.com\/es\/?s={search_term_string}\"},\"query-input\":{\"@type\":\"PropertyValueSpecification\",\"valueRequired\":true,\"valueName\":\"search_term_string\"}}],\"inLanguage\":\"es\"}]}<\/script>\n<!-- \/ Yoast SEO Premium plugin. -->","yoast_head_json":{"title":"Officine Gullo House: Experiencias Privadas en el Coraz\u00f3n de Florencia","description":"Un templo donde el arte de la cocina italiana se fusiona con la excelencia gastron\u00f3mica. Descubre nuestras propuestas.","robots":{"index":"index","follow":"follow","max-snippet":"max-snippet:-1","max-image-preview":"max-image-preview:large","max-video-preview":"max-video-preview:-1"},"canonical":"https:\/\/officinegullo.com\/es\/experience\/","og_locale":"es_ES","og_type":"article","og_title":"Officine Gullo House: Experiencias Privadas en el Coraz\u00f3n de Florencia","og_description":"Un templo donde el arte de la cocina italiana se fusiona con la excelencia gastron\u00f3mica. Descubre nuestras propuestas.","og_url":"https:\/\/officinegullo.com\/es\/experience\/","og_site_name":"Officine Gullo","article_modified_time":"2025-08-26T14:02:01+00:00","og_image":[{"width":2560,"height":1707,"url":"https:\/\/s3.eu-central-1.amazonaws.com\/eu.officinegullo.com\/wp-content\/uploads\/2024\/12\/03154039\/Officine-Gullo_-Experience-cena-43-scaled.jpg","type":"image\/jpeg"}],"twitter_card":"summary_large_image","twitter_misc":{"Tiempo de lectura":"8 minutos"},"schema":{"@context":"https:\/\/schema.org","@graph":[{"@type":"WebPage","@id":"https:\/\/officinegullo.com\/es\/experience\/","url":"https:\/\/officinegullo.com\/es\/experience\/","name":"Officine Gullo House: Experiencias Privadas en el Coraz\u00f3n de Florencia","isPartOf":{"@id":"https:\/\/officinegullo.com\/es\/#website"},"primaryImageOfPage":{"@id":"https:\/\/officinegullo.com\/es\/experience\/#primaryimage"},"image":{"@id":"https:\/\/officinegullo.com\/es\/experience\/#primaryimage"},"thumbnailUrl":"https:\/\/s3.eu-central-1.amazonaws.com\/eu.officinegullo.com\/wp-content\/uploads\/2024\/12\/03154039\/Officine-Gullo_-Experience-cena-43-scaled.jpg","datePublished":"2021-09-17T13:04:45+00:00","dateModified":"2025-08-26T14:02:01+00:00","description":"Un templo donde el arte de la cocina italiana se fusiona con la excelencia gastron\u00f3mica. Descubre nuestras propuestas.","breadcrumb":{"@id":"https:\/\/officinegullo.com\/es\/experience\/#breadcrumb"},"inLanguage":"es","potentialAction":[{"@type":"ReadAction","target":["https:\/\/officinegullo.com\/es\/experience\/"]}]},{"@type":"ImageObject","inLanguage":"es","@id":"https:\/\/officinegullo.com\/es\/experience\/#primaryimage","url":"https:\/\/s3.eu-central-1.amazonaws.com\/eu.officinegullo.com\/wp-content\/uploads\/2024\/12\/03154039\/Officine-Gullo_-Experience-cena-43-scaled.jpg","contentUrl":"https:\/\/s3.eu-central-1.amazonaws.com\/eu.officinegullo.com\/wp-content\/uploads\/2024\/12\/03154039\/Officine-Gullo_-Experience-cena-43-scaled.jpg","width":2560,"height":1707,"caption":"Officine Gullo House - Cena privata"},{"@type":"BreadcrumbList","@id":"https:\/\/officinegullo.com\/es\/experience\/#breadcrumb","itemListElement":[{"@type":"ListItem","position":1,"name":"Home","item":"https:\/\/officinegullo.com\/es\/"},{"@type":"ListItem","position":2,"name":"Experience"}]},{"@type":"WebSite","@id":"https:\/\/officinegullo.com\/es\/#website","url":"https:\/\/officinegullo.com\/es\/","name":"Officine Gullo","description":"The quintessential kitchen","potentialAction":[{"@type":"SearchAction","target":{"@type":"EntryPoint","urlTemplate":"https:\/\/officinegullo.com\/es\/?s={search_term_string}"},"query-input":{"@type":"PropertyValueSpecification","valueRequired":true,"valueName":"search_term_string"}}],"inLanguage":"es"}]}},"_links":{"self":[{"href":"https:\/\/officinegullo.com\/es\/wp-json\/wp\/v2\/pages\/12162","targetHints":{"allow":["GET"]}}],"collection":[{"href":"https:\/\/officinegullo.com\/es\/wp-json\/wp\/v2\/pages"}],"about":[{"href":"https:\/\/officinegullo.com\/es\/wp-json\/wp\/v2\/types\/page"}],"author":[{"embeddable":true,"href":"https:\/\/officinegullo.com\/es\/wp-json\/wp\/v2\/users\/2"}],"replies":[{"embeddable":true,"href":"https:\/\/officinegullo.com\/es\/wp-json\/wp\/v2\/comments?post=12162"}],"version-history":[{"count":15,"href":"https:\/\/officinegullo.com\/es\/wp-json\/wp\/v2\/pages\/12162\/revisions"}],"predecessor-version":[{"id":147053,"href":"https:\/\/officinegullo.com\/es\/wp-json\/wp\/v2\/pages\/12162\/revisions\/147053"}],"wp:featuredmedia":[{"embeddable":true,"href":"https:\/\/officinegullo.com\/es\/wp-json\/wp\/v2\/media\/118324"}],"wp:attachment":[{"href":"https:\/\/officinegullo.com\/es\/wp-json\/wp\/v2\/media?parent=12162"}],"curies":[{"name":"wp","href":"https:\/\/api.w.org\/{rel}","templated":true}]}}