{"id":10159,"date":"2021-08-06T14:39:11","date_gmt":"2021-08-06T12:39:11","guid":{"rendered":"https:\/\/officinegullo.com\/home\/"},"modified":"2026-01-29T12:49:58","modified_gmt":"2026-01-29T11:49:58","slug":"home","status":"publish","type":"page","link":"https:\/\/officinegullo.com\/es\/","title":{"rendered":"Home"},"content":{"rendered":"","protected":false},"excerpt":{"rendered":"","protected":false},"author":1,"featured_media":23800,"parent":0,"menu_order":0,"comment_status":"closed","ping_status":"closed","template":"tpl-home.php","meta":{"_acf_changed":false,"footnotes":""},"class_list":["post-10159","page","type-page","status-publish","has-post-thumbnail","hentry"],"acf":{"heading":{"titolo":"Proyectos de cocina a medida","cta":null,"tipo_media":"locale","immagine":1968,"testo":"","video_id":"https:\/\/s3.eu-central-1.amazonaws.com\/eu.officinegullo.com\/wp-content\/uploads\/2021\/08\/20175038\/Home-desktop.mp4"},"correlati":{"titolo":"News","cta":null,"related":null},"hreflang":"<link rel=\"alternate\" hreflang=\"en-us\" href=\"https:\/\/us.officinegullo.com\">\r\n<link rel=\"alternate\" hreflang=\"fr-ca\" href=\"https:\/\/us.officinegullo.com\/fr-ca\/\">\r\n<link rel=\"alternate\" hreflang=\"ru\" href=\"https:\/\/ru.officinegullo.com\">\r\n<link rel=\"alternate\" hreflang=\"zh\" href=\"https:\/\/officinegullo.cn\">","page_builder":[{"acf_fc_layout":"mod_kitchen","sovrattitolo":"Collezioni","titolo":"La cocina por excelencia","cta":null,"testo":"Son los detalles los que hacen la perfecci\u00f3n. Y la perfecci\u00f3n no es un detalle.","kitchen":[{"immagine":42941,"link":{"title":"Cocinas a medida","url":"\/es\/cocinas-completas\/tailor-made\/","target":""}},{"immagine":13149,"link":{"title":"Contemporanea","url":"\/es\/cocinas-completas\/contemporanea\/","target":""}},{"immagine":13167,"link":{"title":"Cocinas de exterior","url":"\/es\/cocinas-completas\/outdoor\/","target":""}},{"immagine":41218,"link":{"title":"Bar & Lounge","url":"\/es\/cocinas-completas\/bar-lounge\/","target":""}},{"immagine":124755,"link":{"title":"Nautical","url":"\/es\/cocinas-completas\/nautical","target":""}},{"immagine":36440,"link":{"title":"Hotellerie","url":"\/es\/cocinas-completas\/hotellerie\/","target":""}}]},{"acf_fc_layout":"mod_ranges","titolo":"Electrodom\u00e9sticos y bloques de cocci\u00f3n","sovrattitolo":"","cta":{"title":"Descubra todos los electrodom\u00e9sticos","url":"\/es\/maquinas-y-electrodomesticos-de-cocina\/","target":""},"testo":"Una gama de electrodom\u00e9sticos en la que la m\u00e1s alta tecnolog\u00eda para uso profesional se combina con una est\u00e9tica inconfundible.\r\n<div id=\"gtx-trans\" style=\"position: absolute; left: 1843px; top: 32px;\">\r\n<div class=\"gtx-trans-icon\"><\/div>\r\n<\/div>","ranges":[{"link":{"title":"Bloque de cocci\u00f3n Isola","url":"\/es\/maquinas-y-electrodomesticos-de-cocina\/og-professional\/","target":""},"immagine":58164,"testo":"La l\u00ednea de cocinas de isla dedicada a la cocina profesional"},{"link":{"title":"Bloque de cocci\u00f3n OG Professional","url":"\/es\/maquinas-y-electrodomesticos-de-cocina\/og-professional\/","target":""},"immagine":1058,"testo":"La l\u00ednea ic\u00f3nica de cocinas profesionales dise\u00f1ada por chefs estrella."},{"link":{"title":"Bloque de cocci\u00f3n Fiorentina","url":"https:\/\/officinegullo.com\/es\/maquinas-y-electrodomesticos-de-cocina\/barbecue\/og-barbecue-140-freestanding\/","target":""},"immagine":3570,"testo":"Tecnolog\u00eda y elegancia se unen en una colecci\u00f3n de dise\u00f1o \u00fanico que garantiza excelentes prestaciones"}]},{"acf_fc_layout":"mod_accessori","titolo":"Accesorios","cta":{"title":"Descubre todos los accesorios","url":"\/es\/accesorios\/","target":""},"testo":"","accessori":[{"immagine":1564,"link":{"title":"Grifos","url":"\/es\/accesorios\/grifos\/","target":""}},{"immagine":7429,"link":{"title":"Fregaderos","url":"\/es\/accesorios\/fregaderos\/","target":""}},{"immagine":85608,"link":{"title":"Kitchen Decor","url":"\/es\/accesorios\/kitchen-decor","target":""}},{"immagine":1484,"link":{"title":"Utensilios de cocina","url":"\/es\/accesorios\/utensilios-de-cocina\/","target":""}}]},{"acf_fc_layout":"mod_media","titolo":"Officine Gullo <i>House<\/i>","cta":{"title":"M\u00e1s informaci\u00f3n","url":"\/es\/about\/officine-gullo-house","target":""},"orientamento":"sx","testo":"Un espacio \u00fanico y original, donde la \u00faltima tecnolog\u00eda de las cocinas Officine Gullo se entremezcla con la gran historia de la ciudad de Florencia.","tipo_media":"video","immagine":null,"galleria":null,"video_id":"https:\/\/s3.eu-central-1.amazonaws.com\/eu.officinegullo.com\/wp-content\/uploads\/2021\/10\/20162901\/OG-House-Encoded.mp4"},{"acf_fc_layout":"mod_doublelink","titolo_1":"About Officine Gullo","cta_1":{"title":"About","url":"\/es\/about\/","target":""},"testo_1":"Officine Gullo es una empresa italiana de excelencia que naci\u00f3 de la visi\u00f3n iluminada y la pasi\u00f3n de su fundador, Carmelo Gullo, al que actualmente acompa\u00f1an al frente de la empresa sus tres hijos Pietro, Andrea y Matteo.","immagine_1":14717,"titolo_2":"Officine Gullo en el mundo","cta_2":{"title":"Contatti e Showroom","url":"\/es\/contacto\/","target":""},"testo_2":"<p class=\"ai-optimize-6\">Estamos presentes en todo el mundo a trav\u00e9s de nuestras salas de exposici\u00f3n situadas en las principales capitales mundiales y nuestros distribuidores locales.\r\nEntregamos e instalamos nuestras cocinas en todo el mundo.<\/p>","immagine_2":1220}]},"yoast_head":"<!-- This site is optimized with the Yoast SEO Premium plugin v27.2 (Yoast SEO v27.2) - https:\/\/yoast.com\/product\/yoast-seo-premium-wordpress\/ -->\n<title>Cocinas de lujo artesanales italianas | Officine Gullo<\/title>\n<meta name=\"description\" content=\"Officine Gullo fabrica cocinas de lujo artesanales con materiales de alta calidad y un dise\u00f1o \u00fanico y refinado.\" \/>\n<meta name=\"robots\" content=\"index, follow, max-snippet:-1, max-image-preview:large, max-video-preview:-1\" \/>\n<link rel=\"canonical\" href=\"https:\/\/officinegullo.com\/es\/\" \/>\n<meta property=\"og:locale\" content=\"es_ES\" \/>\n<meta property=\"og:type\" content=\"article\" \/>\n<meta property=\"og:title\" content=\"Cocinas de lujo artesanales italianas | Officine Gullo\" \/>\n<meta property=\"og:description\" content=\"Officine Gullo fabrica cocinas de lujo artesanales con materiales de alta calidad y un dise\u00f1o \u00fanico y refinado.\" \/>\n<meta property=\"og:url\" content=\"https:\/\/officinegullo.com\/es\/\" \/>\n<meta property=\"og:site_name\" content=\"Officine Gullo\" \/>\n<meta property=\"article:modified_time\" content=\"2026-01-29T11:49:58+00:00\" \/>\n<meta property=\"og:image\" content=\"https:\/\/s3.eu-central-1.amazonaws.com\/eu.officinegullo.com\/wp-content\/uploads\/2022\/08\/01152410\/U9A2329--1024x673.jpg\" \/>\n\t<meta property=\"og:image:width\" content=\"1024\" \/>\n\t<meta property=\"og:image:height\" content=\"673\" \/>\n\t<meta property=\"og:image:type\" content=\"image\/jpeg\" \/>\n<meta name=\"twitter:card\" content=\"summary_large_image\" \/>\n<meta name=\"twitter:label1\" content=\"Tiempo de lectura\" \/>\n\t<meta name=\"twitter:data1\" content=\"5 minutos\" \/>\n<script type=\"application\/ld+json\" class=\"yoast-schema-graph\">{\"@context\":\"https:\/\/schema.org\",\"@graph\":[{\"@type\":\"WebPage\",\"@id\":\"https:\/\/officinegullo.com\/es\/\",\"url\":\"https:\/\/officinegullo.com\/es\/\",\"name\":\"Cocinas de lujo artesanales italianas | Officine Gullo\",\"isPartOf\":{\"@id\":\"https:\/\/officinegullo.com\/es\/#website\"},\"primaryImageOfPage\":{\"@id\":\"https:\/\/officinegullo.com\/es\/#primaryimage\"},\"image\":{\"@id\":\"https:\/\/officinegullo.com\/es\/#primaryimage\"},\"thumbnailUrl\":\"https:\/\/s3.eu-central-1.amazonaws.com\/eu.officinegullo.com\/wp-content\/uploads\/2022\/08\/01152410\/U9A2329-.jpg\",\"datePublished\":\"2021-08-06T12:39:11+00:00\",\"dateModified\":\"2026-01-29T11:49:58+00:00\",\"description\":\"Officine Gullo fabrica cocinas de lujo artesanales con materiales de alta calidad y un dise\u00f1o \u00fanico y refinado.\",\"breadcrumb\":{\"@id\":\"https:\/\/officinegullo.com\/es\/#breadcrumb\"},\"inLanguage\":\"es\",\"potentialAction\":[{\"@type\":\"ReadAction\",\"target\":[\"https:\/\/officinegullo.com\/es\/\"]}]},{\"@type\":\"ImageObject\",\"inLanguage\":\"es\",\"@id\":\"https:\/\/officinegullo.com\/es\/#primaryimage\",\"url\":\"https:\/\/s3.eu-central-1.amazonaws.com\/eu.officinegullo.com\/wp-content\/uploads\/2022\/08\/01152410\/U9A2329-.jpg\",\"contentUrl\":\"https:\/\/s3.eu-central-1.amazonaws.com\/eu.officinegullo.com\/wp-content\/uploads\/2022\/08\/01152410\/U9A2329-.jpg\",\"width\":2500,\"height\":1643},{\"@type\":\"BreadcrumbList\",\"@id\":\"https:\/\/officinegullo.com\/es\/#breadcrumb\",\"itemListElement\":[{\"@type\":\"ListItem\",\"position\":1,\"name\":\"Home\",\"item\":\"https:\/\/officinegullo.com\/es\/\"},{\"@type\":\"ListItem\",\"position\":2,\"name\":\"Home\"}]},{\"@type\":\"WebSite\",\"@id\":\"https:\/\/officinegullo.com\/es\/#website\",\"url\":\"https:\/\/officinegullo.com\/es\/\",\"name\":\"Officine Gullo\",\"description\":\"The quintessential kitchen\",\"potentialAction\":[{\"@type\":\"SearchAction\",\"target\":{\"@type\":\"EntryPoint\",\"urlTemplate\":\"https:\/\/officinegullo.com\/es\/?s={search_term_string}\"},\"query-input\":{\"@type\":\"PropertyValueSpecification\",\"valueRequired\":true,\"valueName\":\"search_term_string\"}}],\"inLanguage\":\"es\"}]}<\/script>\n<!-- \/ Yoast SEO Premium plugin. -->","yoast_head_json":{"title":"Cocinas de lujo artesanales italianas | Officine Gullo","description":"Officine Gullo fabrica cocinas de lujo artesanales con materiales de alta calidad y un dise\u00f1o \u00fanico y refinado.","robots":{"index":"index","follow":"follow","max-snippet":"max-snippet:-1","max-image-preview":"max-image-preview:large","max-video-preview":"max-video-preview:-1"},"canonical":"https:\/\/officinegullo.com\/es\/","og_locale":"es_ES","og_type":"article","og_title":"Cocinas de lujo artesanales italianas | Officine Gullo","og_description":"Officine Gullo fabrica cocinas de lujo artesanales con materiales de alta calidad y un dise\u00f1o \u00fanico y refinado.","og_url":"https:\/\/officinegullo.com\/es\/","og_site_name":"Officine Gullo","article_modified_time":"2026-01-29T11:49:58+00:00","og_image":[{"width":1024,"height":673,"url":"https:\/\/s3.eu-central-1.amazonaws.com\/eu.officinegullo.com\/wp-content\/uploads\/2022\/08\/01152410\/U9A2329--1024x673.jpg","type":"image\/jpeg"}],"twitter_card":"summary_large_image","twitter_misc":{"Tiempo de lectura":"5 minutos"},"schema":{"@context":"https:\/\/schema.org","@graph":[{"@type":"WebPage","@id":"https:\/\/officinegullo.com\/es\/","url":"https:\/\/officinegullo.com\/es\/","name":"Cocinas de lujo artesanales italianas | Officine Gullo","isPartOf":{"@id":"https:\/\/officinegullo.com\/es\/#website"},"primaryImageOfPage":{"@id":"https:\/\/officinegullo.com\/es\/#primaryimage"},"image":{"@id":"https:\/\/officinegullo.com\/es\/#primaryimage"},"thumbnailUrl":"https:\/\/s3.eu-central-1.amazonaws.com\/eu.officinegullo.com\/wp-content\/uploads\/2022\/08\/01152410\/U9A2329-.jpg","datePublished":"2021-08-06T12:39:11+00:00","dateModified":"2026-01-29T11:49:58+00:00","description":"Officine Gullo fabrica cocinas de lujo artesanales con materiales de alta calidad y un dise\u00f1o \u00fanico y refinado.","breadcrumb":{"@id":"https:\/\/officinegullo.com\/es\/#breadcrumb"},"inLanguage":"es","potentialAction":[{"@type":"ReadAction","target":["https:\/\/officinegullo.com\/es\/"]}]},{"@type":"ImageObject","inLanguage":"es","@id":"https:\/\/officinegullo.com\/es\/#primaryimage","url":"https:\/\/s3.eu-central-1.amazonaws.com\/eu.officinegullo.com\/wp-content\/uploads\/2022\/08\/01152410\/U9A2329-.jpg","contentUrl":"https:\/\/s3.eu-central-1.amazonaws.com\/eu.officinegullo.com\/wp-content\/uploads\/2022\/08\/01152410\/U9A2329-.jpg","width":2500,"height":1643},{"@type":"BreadcrumbList","@id":"https:\/\/officinegullo.com\/es\/#breadcrumb","itemListElement":[{"@type":"ListItem","position":1,"name":"Home","item":"https:\/\/officinegullo.com\/es\/"},{"@type":"ListItem","position":2,"name":"Home"}]},{"@type":"WebSite","@id":"https:\/\/officinegullo.com\/es\/#website","url":"https:\/\/officinegullo.com\/es\/","name":"Officine Gullo","description":"The quintessential kitchen","potentialAction":[{"@type":"SearchAction","target":{"@type":"EntryPoint","urlTemplate":"https:\/\/officinegullo.com\/es\/?s={search_term_string}"},"query-input":{"@type":"PropertyValueSpecification","valueRequired":true,"valueName":"search_term_string"}}],"inLanguage":"es"}]}},"_links":{"self":[{"href":"https:\/\/officinegullo.com\/es\/wp-json\/wp\/v2\/pages\/10159","targetHints":{"allow":["GET"]}}],"collection":[{"href":"https:\/\/officinegullo.com\/es\/wp-json\/wp\/v2\/pages"}],"about":[{"href":"https:\/\/officinegullo.com\/es\/wp-json\/wp\/v2\/types\/page"}],"author":[{"embeddable":true,"href":"https:\/\/officinegullo.com\/es\/wp-json\/wp\/v2\/users\/1"}],"replies":[{"embeddable":true,"href":"https:\/\/officinegullo.com\/es\/wp-json\/wp\/v2\/comments?post=10159"}],"version-history":[{"count":22,"href":"https:\/\/officinegullo.com\/es\/wp-json\/wp\/v2\/pages\/10159\/revisions"}],"predecessor-version":[{"id":156329,"href":"https:\/\/officinegullo.com\/es\/wp-json\/wp\/v2\/pages\/10159\/revisions\/156329"}],"wp:featuredmedia":[{"embeddable":true,"href":"https:\/\/officinegullo.com\/es\/wp-json\/wp\/v2\/media\/23800"}],"wp:attachment":[{"href":"https:\/\/officinegullo.com\/es\/wp-json\/wp\/v2\/media?parent=10159"}],"curies":[{"name":"wp","href":"https:\/\/api.w.org\/{rel}","templated":true}]}}