{"id":26627,"date":"2022-12-27T14:59:55","date_gmt":"2022-12-27T13:59:55","guid":{"rendered":"https:\/\/officinegullo.com\/?page_id=26627"},"modified":"2023-12-13T16:42:37","modified_gmt":"2023-12-13T15:42:37","slug":"customer-service-2","status":"publish","type":"page","link":"https:\/\/officinegullo.com\/de\/customer-service\/","title":{"rendered":"Customer Service"},"content":{"rendered":"","protected":false},"excerpt":{"rendered":"","protected":false},"author":2,"featured_media":0,"parent":0,"menu_order":0,"comment_status":"closed","ping_status":"closed","template":"tpl-single.php","meta":{"_acf_changed":false,"footnotes":""},"class_list":["post-26627","page","type-page","status-publish","hentry"],"acf":{"hreflang":"<link rel=\"alternate\" hreflang=\"en-us\" href=\"https:\/\/us.officinegullo.com\/customerservice\/\">\r\n<link rel=\"alternate\" hreflang=\"fr-ca\" href=\"https:\/\/us.officinegullo.com\/fr-ca\/customerservice\/\">\r\n<link rel=\"alternate\" hreflang=\"ru\" href=\"https:\/\/ru.officinegullo.com\/customer-service\">\r\n<link rel=\"alternate\" hreflang=\"zh\" href=\"https:\/\/officinegullo.cn\/customer-service\">","heading":{"titolo":"Customer Service","tipo_sfondo":"img","immagine":23915,"sfondo":"","colore_testo":"chiaro","video_id":"","testo":""},"correlati":{"titolo":"","cta":null,"related":null},"page_builder":[{"acf_fc_layout":"mod_formcustomer","titolo":"Wie k\u00f6nnen wir Ihnen helfen?","testo":"Wenn Sie After-Sales-Fragen zu Ihrem Officine Gullo-Produkt haben, wenden Sie sich an einen unserer Mitarbeiter. Wir sind hier, um dir zu helfen.\r\n<h3>+39 02 986 70150<\/h3>\r\n&nbsp;\r\n\r\nDer Kundenservice ist zu folgenden Zeiten erreichbar:\r\nMontag \u2013 Freitag: 8.30 \u2013 20.30 Uhr\r\nSamstag: 9:00 \u2013 13:00 und 14:00 \u2013 18:00\r\n\r\nWenn Sie After-Sales-Fragen zu Ihrem Officine Gullo-Produkt haben, k\u00f6nnen Sie uns auch \u00fcber dieses Formular kontaktieren.\r\n\r\nDamit wir Ihnen bestm\u00f6glich helfen k\u00f6nnen, bitten wir Sie, das Produkt anzugeben, f\u00fcr das Sie Hilfe anfordern (Seriennummer oder Code), die Installationsadresse, das Kaufjahr und, wenn m\u00f6glich, die Rechnungsnummer.\r\n\r\nWir werden uns schnellstm\u00f6glich mit Ihnen in Verbindung setzen."}]},"yoast_head":"<!-- This site is optimized with the Yoast SEO Premium plugin v27.4 (Yoast SEO v27.4) - https:\/\/yoast.com\/product\/yoast-seo-premium-wordpress\/ -->\n<title>Kundenbetreuung - Kontakt | Officine Gullo<\/title>\n<meta name=\"description\" content=\"F\u00fcr den Kundendienst zu den Produkten von Officine Gullo wenden Sie sich bitte an unseren Kundendienst oder f\u00fcllen Sie das Kontaktformular aus.\" \/>\n<meta name=\"robots\" content=\"index, follow, max-snippet:-1, max-image-preview:large, max-video-preview:-1\" \/>\n<link rel=\"canonical\" href=\"https:\/\/officinegullo.com\/de\/customer-service\/\" \/>\n<meta property=\"og:locale\" content=\"de_DE\" \/>\n<meta property=\"og:type\" content=\"article\" \/>\n<meta property=\"og:title\" content=\"Kundenbetreuung - Kontakt | Officine Gullo\" \/>\n<meta property=\"og:description\" content=\"F\u00fcr den Kundendienst zu den Produkten von Officine Gullo wenden Sie sich bitte an unseren Kundendienst oder f\u00fcllen Sie das Kontaktformular aus.\" \/>\n<meta property=\"og:url\" content=\"https:\/\/officinegullo.com\/de\/customer-service\/\" \/>\n<meta property=\"og:site_name\" content=\"Officine Gullo\" \/>\n<meta property=\"article:modified_time\" content=\"2023-12-13T15:42:37+00:00\" \/>\n<meta name=\"twitter:card\" content=\"summary_large_image\" \/>\n<script type=\"application\/ld+json\" class=\"yoast-schema-graph\">{\"@context\":\"https:\\\/\\\/schema.org\",\"@graph\":[{\"@type\":\"WebPage\",\"@id\":\"https:\\\/\\\/officinegullo.com\\\/de\\\/customer-service\\\/\",\"url\":\"https:\\\/\\\/officinegullo.com\\\/de\\\/customer-service\\\/\",\"name\":\"Kundenbetreuung - Kontakt | Officine Gullo\",\"isPartOf\":{\"@id\":\"https:\\\/\\\/officinegullo.com\\\/de\\\/#website\"},\"datePublished\":\"2022-12-27T13:59:55+00:00\",\"dateModified\":\"2023-12-13T15:42:37+00:00\",\"description\":\"F\u00fcr den Kundendienst zu den Produkten von Officine Gullo wenden Sie sich bitte an unseren Kundendienst oder f\u00fcllen Sie das Kontaktformular aus.\",\"breadcrumb\":{\"@id\":\"https:\\\/\\\/officinegullo.com\\\/de\\\/customer-service\\\/#breadcrumb\"},\"inLanguage\":\"de\",\"potentialAction\":[{\"@type\":\"ReadAction\",\"target\":[\"https:\\\/\\\/officinegullo.com\\\/de\\\/customer-service\\\/\"]}]},{\"@type\":\"BreadcrumbList\",\"@id\":\"https:\\\/\\\/officinegullo.com\\\/de\\\/customer-service\\\/#breadcrumb\",\"itemListElement\":[{\"@type\":\"ListItem\",\"position\":1,\"name\":\"Home\",\"item\":\"https:\\\/\\\/officinegullo.com\\\/de\\\/\"},{\"@type\":\"ListItem\",\"position\":2,\"name\":\"Customer Service\"}]},{\"@type\":\"WebSite\",\"@id\":\"https:\\\/\\\/officinegullo.com\\\/de\\\/#website\",\"url\":\"https:\\\/\\\/officinegullo.com\\\/de\\\/\",\"name\":\"Officine Gullo\",\"description\":\"Un nuovo sito targato WordPress\",\"potentialAction\":[{\"@type\":\"SearchAction\",\"target\":{\"@type\":\"EntryPoint\",\"urlTemplate\":\"https:\\\/\\\/officinegullo.com\\\/de\\\/?s={search_term_string}\"},\"query-input\":{\"@type\":\"PropertyValueSpecification\",\"valueRequired\":true,\"valueName\":\"search_term_string\"}}],\"inLanguage\":\"de\"}]}<\/script>\n<!-- \/ Yoast SEO Premium plugin. -->","yoast_head_json":{"title":"Kundenbetreuung - Kontakt | Officine Gullo","description":"F\u00fcr den Kundendienst zu den Produkten von Officine Gullo wenden Sie sich bitte an unseren Kundendienst oder f\u00fcllen Sie das Kontaktformular aus.","robots":{"index":"index","follow":"follow","max-snippet":"max-snippet:-1","max-image-preview":"max-image-preview:large","max-video-preview":"max-video-preview:-1"},"canonical":"https:\/\/officinegullo.com\/de\/customer-service\/","og_locale":"de_DE","og_type":"article","og_title":"Kundenbetreuung - Kontakt | Officine Gullo","og_description":"F\u00fcr den Kundendienst zu den Produkten von Officine Gullo wenden Sie sich bitte an unseren Kundendienst oder f\u00fcllen Sie das Kontaktformular aus.","og_url":"https:\/\/officinegullo.com\/de\/customer-service\/","og_site_name":"Officine Gullo","article_modified_time":"2023-12-13T15:42:37+00:00","twitter_card":"summary_large_image","schema":{"@context":"https:\/\/schema.org","@graph":[{"@type":"WebPage","@id":"https:\/\/officinegullo.com\/de\/customer-service\/","url":"https:\/\/officinegullo.com\/de\/customer-service\/","name":"Kundenbetreuung - Kontakt | Officine Gullo","isPartOf":{"@id":"https:\/\/officinegullo.com\/de\/#website"},"datePublished":"2022-12-27T13:59:55+00:00","dateModified":"2023-12-13T15:42:37+00:00","description":"F\u00fcr den Kundendienst zu den Produkten von Officine Gullo wenden Sie sich bitte an unseren Kundendienst oder f\u00fcllen Sie das Kontaktformular aus.","breadcrumb":{"@id":"https:\/\/officinegullo.com\/de\/customer-service\/#breadcrumb"},"inLanguage":"de","potentialAction":[{"@type":"ReadAction","target":["https:\/\/officinegullo.com\/de\/customer-service\/"]}]},{"@type":"BreadcrumbList","@id":"https:\/\/officinegullo.com\/de\/customer-service\/#breadcrumb","itemListElement":[{"@type":"ListItem","position":1,"name":"Home","item":"https:\/\/officinegullo.com\/de\/"},{"@type":"ListItem","position":2,"name":"Customer Service"}]},{"@type":"WebSite","@id":"https:\/\/officinegullo.com\/de\/#website","url":"https:\/\/officinegullo.com\/de\/","name":"Officine Gullo","description":"Un nuovo sito targato WordPress","potentialAction":[{"@type":"SearchAction","target":{"@type":"EntryPoint","urlTemplate":"https:\/\/officinegullo.com\/de\/?s={search_term_string}"},"query-input":{"@type":"PropertyValueSpecification","valueRequired":true,"valueName":"search_term_string"}}],"inLanguage":"de"}]}},"_links":{"self":[{"href":"https:\/\/officinegullo.com\/de\/wp-json\/wp\/v2\/pages\/26627","targetHints":{"allow":["GET"]}}],"collection":[{"href":"https:\/\/officinegullo.com\/de\/wp-json\/wp\/v2\/pages"}],"about":[{"href":"https:\/\/officinegullo.com\/de\/wp-json\/wp\/v2\/types\/page"}],"author":[{"embeddable":true,"href":"https:\/\/officinegullo.com\/de\/wp-json\/wp\/v2\/users\/2"}],"replies":[{"embeddable":true,"href":"https:\/\/officinegullo.com\/de\/wp-json\/wp\/v2\/comments?post=26627"}],"version-history":[{"count":4,"href":"https:\/\/officinegullo.com\/de\/wp-json\/wp\/v2\/pages\/26627\/revisions"}],"predecessor-version":[{"id":37065,"href":"https:\/\/officinegullo.com\/de\/wp-json\/wp\/v2\/pages\/26627\/revisions\/37065"}],"wp:attachment":[{"href":"https:\/\/officinegullo.com\/de\/wp-json\/wp\/v2\/media?parent=26627"}],"curies":[{"name":"wp","href":"https:\/\/api.w.org\/{rel}","templated":true}]}}