{"id":26254,"date":"2022-12-15T12:42:55","date_gmt":"2022-12-15T11:42:55","guid":{"rendered":"https:\/\/officinegullo.com\/?page_id=26254"},"modified":"2024-01-24T10:14:32","modified_gmt":"2024-01-24T09:14:32","slug":"besuchen-sie-uns-in-florenz-2","status":"publish","type":"page","link":"https:\/\/officinegullo.com\/de\/about\/besuchen-sie-uns-in-florenz\/","title":{"rendered":"Besuchen Sie uns in Florenz"},"content":{"rendered":"","protected":false},"excerpt":{"rendered":"","protected":false},"author":6,"featured_media":4916,"parent":9802,"menu_order":0,"comment_status":"closed","ping_status":"closed","template":"tpl-single.php","meta":{"_acf_changed":false,"footnotes":""},"class_list":["post-26254","page","type-page","status-publish","has-post-thumbnail","hentry"],"acf":{"hreflang":"<link rel=\"alternate\" hreflang=\"en-us\" href=\"https:\/\/us.officinegullo.com\/about\/visit-us-in-florence\/\">\n<link rel=\"alternate\" hreflang=\"fr-ca\" href=\"https:\/\/us.officinegullo.com\/fr-ca\/about\/venez-nous-rendre-visite-a-florence_old\/\">\n<link rel=\"alternate\" hreflang=\"ru\" href=\"https:\/\/ru.officinegullo.com\/about\/visit-us-in-florence\/\">","heading":{"titolo":"Officine Gullo in Florenz, unsere Standorte","tipo_sfondo":"locale","immagine":"","sfondo":"","colore_testo":"chiaro","video_id":"https:\/\/s3.eu-central-1.amazonaws.com\/eu.officinegullo.com\/wp-content\/uploads\/2021\/08\/19121906\/Officine-Gullo-NEW-SHOOTING-CANONICA1-Encoded.mp4","testo":""},"correlati":{"titolo":"","cta":null,"related":null},"page_builder":[{"acf_fc_layout":"mod_onlytxt","titolo":"","testo":"Diejenigen, die die Welt der K\u00fcchen von Officine Gullo aus n\u00e4chster N\u00e4he kennenlernen m\u00f6chten, laden wir ein, unsere Standorte in Florenz zu besuchen, um in direkten Kontakt mit unserer Produktionsphilosophie zu kommen, die aus Leidenschaft, Kultur, Wissenschaft, Technologie und einer kontinuierlichen Suche nach Qualit\u00e4t besteht. Kontaktieren Sie uns, um einen Besuch zu vereinbaren."},{"acf_fc_layout":"mod_txtslider","titolo":"Officine Gullo <i>House<\/i>","cta":{"title":"Mehr entdecken","url":"\/de\/about\/officine-gullo-house\/","target":""},"orientamento":"sx","testo":"<h3>Florenz, Piazza Ognissanti<\/h3>\r\n<em>Ein \u201eTempel\u201c, der der Kultur der italienischen K\u00fcche, ihren Werkzeugen und der Exzellenz am Tisch gewidmet ist.<\/em>\r\n\r\nAn einem au\u00dfergew\u00f6hnlichen Ort, einer ehemaligen Kapelle im Renaissancestil des Kirchenkomplexes Ognissanti, der f\u00fcr die Werke von Giotto, Ghirlandaio und Botticelli ber\u00fchmt ist, hat Officine Gullo sein House eingerichtet, einen Treffpunkt, an dem es seine ikonischsten Produkte pr\u00e4sentiert, aber vor allem seine G\u00e4ste einl\u00e4dt, sich auf eine sensorische, kulinarische und historische Reise durch die Marke und die florentinische Tradition zu begeben. Besucher, die ins Innere des House von Officine Gullo gef\u00fchrt werden, nehmen an einem echten Ritual teil, einer Reise, die Florenz, seine Kunst, seine Geschichte, seine kulinarische Tradition und seine Handwerkskunst feiert.","slider":[4901,4906,4911,4916,4921,4926,4931]},{"acf_fc_layout":"mod_txtslider","titolo":"Design Center","cta":null,"orientamento":"dx","testo":"<h3>Antella<\/h3>\r\nIn Antella, auf den H\u00fcgeln von Florenz und vor den Toren des Chianti, befindet sich der historische Sitz des Unternehmens. Nach einer k\u00fcrzlichen Neugestaltung ist an diesem Ort ein wichtiger neuer Ausstellungsraum entstanden, in dem Sie die Qualit\u00e4t der K\u00fcchen von Officine Gullo sehen und anfassen k\u00f6nnen.\r\n\r\nHier stehen die Spezialisten des Design Centers den Kunden zur Verf\u00fcgung, die ihre eigene K\u00fcche gestalten wollen. Da jede K\u00fcche in Zusammensetzung, Gr\u00f6\u00dfe, Farben und Oberfl\u00e4chen komplett anpassbar ist, ist jedes Projekt das Ergebnis eines intensiven Austauschs zwischen dem Kunden und den Designern, die die W\u00fcnsche und Kochgewohnheiten des zuk\u00fcnftigen Besitzers interpretieren.\r\n\r\nHier befindet sich auch die Materialbibliothek des Unternehmens, das Archiv der Materialien, Farben und Oberfl\u00e4chen: ein grundlegendes Werkzeug bei der Entwicklung jedes neuen Projekts.\r\n\r\nIhm zur Seite steht das Creative Lab, eine Gruppe von Entwicklern, die sich mit der Evolution des Firmenimages, der Pflege von Kommunikationskan\u00e4len und der Erstellung von fotorealistischen Renderings und Virtual-Reality-Erlebnissen zur Unterst\u00fctzung der Arbeit der Designer besch\u00e4ftigt.","slider":[4936,4941,4946]},{"acf_fc_layout":"mod_txtslider","titolo":"Die produktion","cta":null,"orientamento":"sx","testo":"<h3>Strada in Chianti<\/h3>\r\nEine Produktionsfl\u00e4che von 10.000 Quadratmetern, in Greve in Chianti, am Rande von Florenz, im Herzen der malerischen toskanischen Landschaft. Es ist der Ort, an dem die Handwerkskunst der Metallverarbeitung auf die modernsten Technologien trifft. Es gibt kein Detail in der Produktion von Officine Gullo, das nicht handgefertigt ist. Es gibt keine Massenware, es gibt keine Standardkomponenten, sondern nur Materialien, die von geschickten Handwerkerh\u00e4nden nach den Bed\u00fcrfnissen des jeweiligen Kunden geformt werden. Officine Gullo ist das, was schon der Name verr\u00e4t: eine Werkstatt (ital. \"\"Officina\"\"), in der Materialien in ihrem \"\"rohen\"\" Zustand von Menschenhand geschnitten, gebogen und verziert werden, um ewige Werke zu schaffen. Hier kann man nachvollziehen, wie die Suche nach absoluter Qualit\u00e4t den Stand der Technik erreicht hat und die industrielle Produktion dazu f\u00fchrt, das Handwerk als h\u00f6chsten Ausdruck wiederzuentdecken.\r\n\r\nAus diesem Grund beginnt bei Officine Gullo jeder neue junge Handwerker seine Arbeit nach einem genauen Ausbildungsweg. Die Lehre ist, wie in den alten Werkst\u00e4tten, praktisch und erfolgt unter Anleitung erfahrener Meister. Der Wunsch ist es, innerhalb des Unternehmens jenes Erbe an Erfahrung und Handwerkskunst zu pflegen und an die Zukunft weiterzugeben, das die italienische Handwerkskunst in der Welt einzigartig gemacht hat.","slider":[4951,4956,4961,4966,4971,4976,4981,4986,4991,4996,5001,5006,5011,5016]}]},"yoast_head":"<!-- This site is optimized with the Yoast SEO Premium plugin v27.2 (Yoast SEO v27.2) - https:\/\/yoast.com\/product\/yoast-seo-premium-wordpress\/ -->\n<title>Besuchen Sie uns in Florenz | Officine Gullo<\/title>\n<meta name=\"description\" content=\"Diejenigen, die die Welt der K\u00fcchen von Officine Gullo aus n\u00e4chster N\u00e4he kennenlernen m\u00f6chten, laden wir ein, unsere Standorte in Florenz zu besuchen\" \/>\n<meta name=\"robots\" content=\"index, follow, max-snippet:-1, max-image-preview:large, max-video-preview:-1\" \/>\n<link rel=\"canonical\" href=\"https:\/\/officinegullo.com\/de\/about\/besuchen-sie-uns-in-florenz\/\" \/>\n<meta property=\"og:locale\" content=\"de_DE\" \/>\n<meta property=\"og:type\" content=\"article\" \/>\n<meta property=\"og:title\" content=\"Besuchen Sie uns in Florenz | Officine Gullo\" \/>\n<meta property=\"og:description\" content=\"Diejenigen, die die Welt der K\u00fcchen von Officine Gullo aus n\u00e4chster N\u00e4he kennenlernen m\u00f6chten, laden wir ein, unsere Standorte in Florenz zu besuchen\" \/>\n<meta property=\"og:url\" content=\"https:\/\/officinegullo.com\/de\/about\/besuchen-sie-uns-in-florenz\/\" \/>\n<meta property=\"og:site_name\" content=\"Officine Gullo\" \/>\n<meta property=\"article:modified_time\" content=\"2024-01-24T09:14:32+00:00\" \/>\n<meta property=\"og:image\" content=\"https:\/\/s3.eu-central-1.amazonaws.com\/eu.officinegullo.com\/wp-content\/uploads\/2021\/08\/19122417\/Officine-Gullo-House-6.jpg\" \/>\n\t<meta property=\"og:image:width\" content=\"1500\" \/>\n\t<meta property=\"og:image:height\" content=\"1000\" \/>\n\t<meta property=\"og:image:type\" content=\"image\/jpeg\" \/>\n<meta name=\"twitter:card\" content=\"summary_large_image\" \/>\n<meta name=\"twitter:label1\" content=\"Gesch\u00e4tzte Lesezeit\" \/>\n\t<meta name=\"twitter:data1\" content=\"8\u00a0Minuten\" \/>\n<script type=\"application\/ld+json\" class=\"yoast-schema-graph\">{\"@context\":\"https:\/\/schema.org\",\"@graph\":[{\"@type\":\"WebPage\",\"@id\":\"https:\/\/officinegullo.com\/de\/about\/besuchen-sie-uns-in-florenz\/\",\"url\":\"https:\/\/officinegullo.com\/de\/about\/besuchen-sie-uns-in-florenz\/\",\"name\":\"Besuchen Sie uns in Florenz | Officine Gullo\",\"isPartOf\":{\"@id\":\"https:\/\/officinegullo.com\/de\/#website\"},\"primaryImageOfPage\":{\"@id\":\"https:\/\/officinegullo.com\/de\/about\/besuchen-sie-uns-in-florenz\/#primaryimage\"},\"image\":{\"@id\":\"https:\/\/officinegullo.com\/de\/about\/besuchen-sie-uns-in-florenz\/#primaryimage\"},\"thumbnailUrl\":\"https:\/\/s3.eu-central-1.amazonaws.com\/eu.officinegullo.com\/wp-content\/uploads\/2021\/08\/19122417\/Officine-Gullo-House-6.jpg\",\"datePublished\":\"2022-12-15T11:42:55+00:00\",\"dateModified\":\"2024-01-24T09:14:32+00:00\",\"description\":\"Diejenigen, die die Welt der K\u00fcchen von Officine Gullo aus n\u00e4chster N\u00e4he kennenlernen m\u00f6chten, laden wir ein, unsere Standorte in Florenz zu besuchen\",\"breadcrumb\":{\"@id\":\"https:\/\/officinegullo.com\/de\/about\/besuchen-sie-uns-in-florenz\/#breadcrumb\"},\"inLanguage\":\"de\",\"potentialAction\":[{\"@type\":\"ReadAction\",\"target\":[\"https:\/\/officinegullo.com\/de\/about\/besuchen-sie-uns-in-florenz\/\"]}]},{\"@type\":\"ImageObject\",\"inLanguage\":\"de\",\"@id\":\"https:\/\/officinegullo.com\/de\/about\/besuchen-sie-uns-in-florenz\/#primaryimage\",\"url\":\"https:\/\/s3.eu-central-1.amazonaws.com\/eu.officinegullo.com\/wp-content\/uploads\/2021\/08\/19122417\/Officine-Gullo-House-6.jpg\",\"contentUrl\":\"https:\/\/s3.eu-central-1.amazonaws.com\/eu.officinegullo.com\/wp-content\/uploads\/2021\/08\/19122417\/Officine-Gullo-House-6.jpg\",\"width\":1500,\"height\":1000,\"caption\":\"Officine Gullo House | Luxury culinary experience\"},{\"@type\":\"BreadcrumbList\",\"@id\":\"https:\/\/officinegullo.com\/de\/about\/besuchen-sie-uns-in-florenz\/#breadcrumb\",\"itemListElement\":[{\"@type\":\"ListItem\",\"position\":1,\"name\":\"Home\",\"item\":\"https:\/\/officinegullo.com\/de\/\"},{\"@type\":\"ListItem\",\"position\":2,\"name\":\"About\",\"item\":\"https:\/\/officinegullo.com\/de\/about\/\"},{\"@type\":\"ListItem\",\"position\":3,\"name\":\"Besuchen Sie uns in Florenz\"}]},{\"@type\":\"WebSite\",\"@id\":\"https:\/\/officinegullo.com\/de\/#website\",\"url\":\"https:\/\/officinegullo.com\/de\/\",\"name\":\"Officine Gullo\",\"description\":\"Un nuovo sito targato WordPress\",\"potentialAction\":[{\"@type\":\"SearchAction\",\"target\":{\"@type\":\"EntryPoint\",\"urlTemplate\":\"https:\/\/officinegullo.com\/de\/?s={search_term_string}\"},\"query-input\":{\"@type\":\"PropertyValueSpecification\",\"valueRequired\":true,\"valueName\":\"search_term_string\"}}],\"inLanguage\":\"de\"}]}<\/script>\n<!-- \/ Yoast SEO Premium plugin. -->","yoast_head_json":{"title":"Besuchen Sie uns in Florenz | Officine Gullo","description":"Diejenigen, die die Welt der K\u00fcchen von Officine Gullo aus n\u00e4chster N\u00e4he kennenlernen m\u00f6chten, laden wir ein, unsere Standorte in Florenz zu besuchen","robots":{"index":"index","follow":"follow","max-snippet":"max-snippet:-1","max-image-preview":"max-image-preview:large","max-video-preview":"max-video-preview:-1"},"canonical":"https:\/\/officinegullo.com\/de\/about\/besuchen-sie-uns-in-florenz\/","og_locale":"de_DE","og_type":"article","og_title":"Besuchen Sie uns in Florenz | Officine Gullo","og_description":"Diejenigen, die die Welt der K\u00fcchen von Officine Gullo aus n\u00e4chster N\u00e4he kennenlernen m\u00f6chten, laden wir ein, unsere Standorte in Florenz zu besuchen","og_url":"https:\/\/officinegullo.com\/de\/about\/besuchen-sie-uns-in-florenz\/","og_site_name":"Officine Gullo","article_modified_time":"2024-01-24T09:14:32+00:00","og_image":[{"width":1500,"height":1000,"url":"https:\/\/s3.eu-central-1.amazonaws.com\/eu.officinegullo.com\/wp-content\/uploads\/2021\/08\/19122417\/Officine-Gullo-House-6.jpg","type":"image\/jpeg"}],"twitter_card":"summary_large_image","twitter_misc":{"Gesch\u00e4tzte Lesezeit":"8\u00a0Minuten"},"schema":{"@context":"https:\/\/schema.org","@graph":[{"@type":"WebPage","@id":"https:\/\/officinegullo.com\/de\/about\/besuchen-sie-uns-in-florenz\/","url":"https:\/\/officinegullo.com\/de\/about\/besuchen-sie-uns-in-florenz\/","name":"Besuchen Sie uns in Florenz | Officine Gullo","isPartOf":{"@id":"https:\/\/officinegullo.com\/de\/#website"},"primaryImageOfPage":{"@id":"https:\/\/officinegullo.com\/de\/about\/besuchen-sie-uns-in-florenz\/#primaryimage"},"image":{"@id":"https:\/\/officinegullo.com\/de\/about\/besuchen-sie-uns-in-florenz\/#primaryimage"},"thumbnailUrl":"https:\/\/s3.eu-central-1.amazonaws.com\/eu.officinegullo.com\/wp-content\/uploads\/2021\/08\/19122417\/Officine-Gullo-House-6.jpg","datePublished":"2022-12-15T11:42:55+00:00","dateModified":"2024-01-24T09:14:32+00:00","description":"Diejenigen, die die Welt der K\u00fcchen von Officine Gullo aus n\u00e4chster N\u00e4he kennenlernen m\u00f6chten, laden wir ein, unsere Standorte in Florenz zu besuchen","breadcrumb":{"@id":"https:\/\/officinegullo.com\/de\/about\/besuchen-sie-uns-in-florenz\/#breadcrumb"},"inLanguage":"de","potentialAction":[{"@type":"ReadAction","target":["https:\/\/officinegullo.com\/de\/about\/besuchen-sie-uns-in-florenz\/"]}]},{"@type":"ImageObject","inLanguage":"de","@id":"https:\/\/officinegullo.com\/de\/about\/besuchen-sie-uns-in-florenz\/#primaryimage","url":"https:\/\/s3.eu-central-1.amazonaws.com\/eu.officinegullo.com\/wp-content\/uploads\/2021\/08\/19122417\/Officine-Gullo-House-6.jpg","contentUrl":"https:\/\/s3.eu-central-1.amazonaws.com\/eu.officinegullo.com\/wp-content\/uploads\/2021\/08\/19122417\/Officine-Gullo-House-6.jpg","width":1500,"height":1000,"caption":"Officine Gullo House | Luxury culinary experience"},{"@type":"BreadcrumbList","@id":"https:\/\/officinegullo.com\/de\/about\/besuchen-sie-uns-in-florenz\/#breadcrumb","itemListElement":[{"@type":"ListItem","position":1,"name":"Home","item":"https:\/\/officinegullo.com\/de\/"},{"@type":"ListItem","position":2,"name":"About","item":"https:\/\/officinegullo.com\/de\/about\/"},{"@type":"ListItem","position":3,"name":"Besuchen Sie uns in Florenz"}]},{"@type":"WebSite","@id":"https:\/\/officinegullo.com\/de\/#website","url":"https:\/\/officinegullo.com\/de\/","name":"Officine Gullo","description":"Un nuovo sito targato WordPress","potentialAction":[{"@type":"SearchAction","target":{"@type":"EntryPoint","urlTemplate":"https:\/\/officinegullo.com\/de\/?s={search_term_string}"},"query-input":{"@type":"PropertyValueSpecification","valueRequired":true,"valueName":"search_term_string"}}],"inLanguage":"de"}]}},"_links":{"self":[{"href":"https:\/\/officinegullo.com\/de\/wp-json\/wp\/v2\/pages\/26254","targetHints":{"allow":["GET"]}}],"collection":[{"href":"https:\/\/officinegullo.com\/de\/wp-json\/wp\/v2\/pages"}],"about":[{"href":"https:\/\/officinegullo.com\/de\/wp-json\/wp\/v2\/types\/page"}],"author":[{"embeddable":true,"href":"https:\/\/officinegullo.com\/de\/wp-json\/wp\/v2\/users\/6"}],"replies":[{"embeddable":true,"href":"https:\/\/officinegullo.com\/de\/wp-json\/wp\/v2\/comments?post=26254"}],"version-history":[{"count":1,"href":"https:\/\/officinegullo.com\/de\/wp-json\/wp\/v2\/pages\/26254\/revisions"}],"predecessor-version":[{"id":28428,"href":"https:\/\/officinegullo.com\/de\/wp-json\/wp\/v2\/pages\/26254\/revisions\/28428"}],"up":[{"embeddable":true,"href":"https:\/\/officinegullo.com\/de\/wp-json\/wp\/v2\/pages\/9802"}],"wp:featuredmedia":[{"embeddable":true,"href":"https:\/\/officinegullo.com\/de\/wp-json\/wp\/v2\/media\/4916"}],"wp:attachment":[{"href":"https:\/\/officinegullo.com\/de\/wp-json\/wp\/v2\/media?parent=26254"}],"curies":[{"name":"wp","href":"https:\/\/api.w.org\/{rel}","templated":true}]}}