{"id":26237,"date":"2022-12-15T12:27:16","date_gmt":"2022-12-15T11:27:16","guid":{"rendered":"https:\/\/officinegullo.com\/?page_id=26237"},"modified":"2024-12-11T12:20:26","modified_gmt":"2024-12-11T11:20:26","slug":"unser-wissen","status":"publish","type":"page","link":"https:\/\/officinegullo.com\/de\/about\/unser-wissen\/","title":{"rendered":"Unser wissen"},"content":{"rendered":"","protected":false},"excerpt":{"rendered":"","protected":false},"author":6,"featured_media":10959,"parent":9802,"menu_order":0,"comment_status":"closed","ping_status":"closed","template":"tpl-single.php","meta":{"_acf_changed":false,"footnotes":""},"class_list":["post-26237","page","type-page","status-publish","has-post-thumbnail","hentry"],"acf":{"hreflang":"<link rel=\"alternate\" hreflang=\"en-us\" href=\"https:\/\/us.officinegullo.com\/about\/our-knowledge\/\">\r\n<link rel=\"alternate\" hreflang=\"fr-ca\" href=\"https:\/\/us.officinegullo.com\/fr-ca\/about\/nos-connaissances-2\/\">\r\n<link rel=\"alternate\" hreflang=\"ru\" href=\"https:\/\/ru.officinegullo.com\/about\/our-knowledge\/\">\r\n<link rel=\"alternate\" hreflang=\"zh\" href=\"https:\/\/officinegullo.cn\/about\/craftmanship\/\">","heading":{"titolo":"Unser wissen","tipo_sfondo":"locale","immagine":"","sfondo":"","colore_testo":"chiaro","video_id":"https:\/\/s3.eu-central-1.amazonaws.com\/eu.officinegullo.com\/wp-content\/uploads\/2021\/08\/18170025\/video-saldatura.mp4","testo":"Officine Gullo steht f\u00fcr eine besondere Begegnung: die zwischen einer alten handwerklichen Tradition und technologischer Innovation.\r\nDie Inspiration kommt aus der Vergangenheit und wird f\u00fcr die Funktionalit\u00e4t der Zukunft neu interpretiert."},"correlati":{"titolo":"","cta":null,"related":null},"page_builder":[{"acf_fc_layout":"mod_media","titolo":"Metall und zuschnitt nach mass","cta":null,"orientamento":"sx","testo":"<h3>Die m\u00f6gliche kombination<\/h3>\r\nIn Officine Gullo koexistieren mehrere Universen: Sch\u00f6nheit und Materie, Forschung und Luxus, handwerkliches K\u00f6nnen und Eleganz, Produkt und Prozess. Dar\u00fcber hinaus - und vielleicht vor allem - eine Marke zu sein, die weltweit f\u00fcr ihre einzigartigen K\u00fcchen im authentischsten Sinne des Wortes bekannt ist, ist Officine Gullo buchst\u00e4blich das, was es ist: eine Werkstatt, in der Rohmaterialien geschnitten, gebogen und verziert, oder besser gesagt, von Menschenhand geschmiedet werden, um zeitlose Werke zu erhalten. Eben genau die Hand des Menschen ist, heute wie damals, das Geheimnis der alchemistischen Verwandlung vom unbearbeiteten Material zum fertigen Werk.","tipo_media":"img","immagine":4585,"galleria":null,"video_id":""},{"acf_fc_layout":"mod_media","titolo":"","cta":null,"orientamento":"dx","testo":"Bei den Zutaten handelt es sich nicht um industrielle Bauteile, die vorbearbeitet oder halbfertig sind, sondern um Platten, St\u00e4be, Lineale, genauso wie das H\u00e4mmern, Br\u00fcnieren, Vernickeln und Verchromen von Messing, das Antikisieren von Stahl oder die Einbrennlackierung der Karosserie, was direkt in der Werkstatt erfolgt, nachdem das Werkst\u00fcck in der vom Kunden gew\u00fcnschten Form und Abmessung geformt wurde. Die Farben selbst stammen in der Regel nicht aus einer Standardpalette, sondern werden auf ausdr\u00fccklichen Wunsch des Kunden beschafft und greifen manchmal den gleichen Farbpunkt eines Polsters in der Wohnung, eines Bildes an der Wand oder eines Einrichtungsaccessoires auf, oder die gleichen Farbausf\u00fchrungen wie bei seinem Luxusauto. Die Gravuren von Symbolen und Wappen k\u00f6nnen sowohl aus der florentinischen ikonographischen Tradition als auch aus den W\u00fcnschen und der Familiengeschichte des Kunden stammen, wobei der Personalisierung keine Grenzen gesetzt sind. Das bedeutet Zuschnitt nach Ma\u00df f\u00fcr Officine Gullo, die, ausschlie\u00dflich auf Bestellung arbeitend, die Ausnahme zur Regel gemacht hat und zu Qualit\u00e4tsstandards gelangt, die in der Industrie bisher unbekannt waren.","tipo_media":"img","immagine":4590,"galleria":null,"video_id":""},{"acf_fc_layout":"mod_fullscreen","tipo_media":"video","immagine":null,"galleria":null,"video_id":"https:\/\/s3.eu-central-1.amazonaws.com\/eu.officinegullo.com\/wp-content\/uploads\/2021\/08\/23144640\/video-lavorazione-1.mp4","iframe":"","titolo":"Ein geschenk an zuk\u00fcnftige generationen  ","testo":"<h3 style=\"color: white;\"><em>Die antiquit\u00e4ten von morgen<\/em><\/h3>\r\nDank der robusten Materialien, aus denen sie hergestellt werden, sind die K\u00fcchen von Officine Gullo fachm\u00e4nnisch gefertigt, um dem Verschlei\u00df standzuhalten. W\u00e4hrend die durchschnittliche Lebensdauer einer K\u00fcche zwischen zehn und f\u00fcnfzehn Jahren liegt, sind die K\u00fcchen von Officine Gullo so konzipiert, dass sie praktisch ewig halten. Wenn Sie eine K\u00fcche von Officine Gullo kaufen, tun Sie das nicht nur f\u00fcr sich selbst, sondern auch f\u00fcr Ihre Kinder und Kindeskinder, Sie t\u00e4tigen eine Investition in die Zukunft, geben ein Versprechen des Vertrauens in die kommende Zeit."},{"acf_fc_layout":"mod_onlytxt","titolo":"","testo":"<p style=\"font-size: 1.5em; font-style: italic; font-weight: 300; line-height: 120%;\">\u201cBei Officine Gullo bauen wir mit einem viel l\u00e4ngeren Zeithorizont als die industrielle Produktion unserer Branche und auf jeden Fall mit Dingen, die irgendwann aktualisiert, wiederverwendet und sogar verbessert werden k\u00f6nnen und niemals aufgegeben und zerst\u00f6rt werden. Wir arbeiten und entwickeln, wenn man das so nennen kann, f\u00fcr das Leben von heute und die Antiquit\u00e4ten von morgen. Jedes Element bietet Robustheit, Sch\u00f6nheit und Qualit\u00e4t der verwendeten Materialien. In jeder unserer Kreationen verbindet sich die florentinische Tradition mit einer obsessiven Suche nach Funktionalit\u00e4t und Sch\u00f6nheit: wir veredeln den Stahlk\u00f6rper unserer Herde mit Elementen aus handgeh\u00e4mmertem Messing, Kupfer, dicken galvanischen \u00dcberz\u00fcgen, Gravuren, im Gefolge dessen, was die Handwerker, die im Laufe der Jahrhunderte in Florenz Metall geschmiedet haben, getan haben, um einzigartige und unnachahmliche Werke zu schaffen... wir sind stolz darauf, unseren Namen auf alles zu setzen, was aus unseren Werkst\u00e4tten kommt, in der Gewissheit, dass dieser Name zusammen mit unseren Kreationen die Zeit \u00fcberdauern wird\u201d<\/p>\r\n<img class=\"wp-image-4570 alignright\" src=\"https:\/\/s3.eu-central-1.amazonaws.com\/eu.officinegullo.com\/wp-content\/uploads\/2021\/08\/18171358\/CarmeloGullo-firma-300x218.jpg\" alt=\"\" width=\"100\" height=\"73\" \/>"},{"acf_fc_layout":"mod_mediatxtmedia","titolo":"Metall als protagonist","cta":null,"testo":"Wertvolle Materialien mit au\u00dfergew\u00f6hnlichen Qualit\u00e4ten, die an eine vergangene Tradition erinnern, werden f\u00fcr ein Ergebnis von unbestrittenem und zeitlosem Charme ausgew\u00e4hlt und in Handarbeit mit St\u00e4rken von 2 bis 7 mm verarbeitet.","media_1":{"immagine":5011},"media_2":{"immagine":5016}},{"acf_fc_layout":"mod_columns","colonne":[{"testo":"<h3 style=\"text-align: center;\">Kupfer<\/h3>\r\n<p style=\"text-align: center;\">Kupfer ist der \u00e4lteste Werkstoff. Derjenige, der am l\u00e4ngsten h\u00e4lt. Der St\u00e4rkste. Er stellt eine langfristige Investition in das Haus dar. Zusammen mit Gold ist es das einzige Buntmetall, das in der Lage ist, dem Ambiente eine warme und elegante Note zu verleihen. Seit der R\u00f6merzeit verwendet, zeichnet sich Kupfer durch bemerkenswerte Eigenschaften aus: Es ist nat\u00fcrlich, widerstandsf\u00e4hig, bakteriostatisch, leicht, sehr formbar und gut bearbeitbar: Es l\u00e4sst sich n\u00e4mlich leicht biegen und formen.<\/p>\r\n\r\n<div id=\"gtx-trans\" style=\"position: absolute; left: 940px; top: -15px;\">\r\n<div class=\"gtx-trans-icon\"><\/div>\r\n<\/div>"},{"testo":"<h3 style=\"text-align: center;\">Stahl<\/h3>\r\n<p style=\"text-align: center;\">\u00a0Edelstahl ist das Material, das den gr\u00f6\u00dften \u00e4sthetischen Einfluss auf das K\u00fcchenambiente hat: Er ist ein Synonym f\u00fcr St\u00e4rke und Zeitgem\u00e4\u00dfheit und gleichzeitig unver\u00e4nderlich im Laufe der Zeit, resistent gegen Bakterien, best\u00e4ndig gegen hohe Temperaturen und praktisch in Bezug auf die t\u00e4gliche Nutzung.<\/p>\r\n\r\n<div id=\"gtx-trans\" style=\"position: absolute; left: 939px; top: 46px;\">\r\n<div class=\"gtx-trans-icon\"><\/div>\r\n<\/div>"},{"testo":"<h3 style=\"text-align: center;\">Messing<\/h3>\r\n<p style=\"text-align: center;\">\u00a0Ein Metall, das seit Jahrhunderten auch im k\u00fcnstlerischen Bereich verwendet wird, bekannt f\u00fcr seine Duktilit\u00e4t, seine Formbarkeit und seine Korrosionsbest\u00e4ndigkeit. Dank seiner Farbe und der Schattierungen, die es annimmt, verleiht Messing dem Ambiente nicht nur W\u00e4rme, sondern l\u00e4sst sich auch problemlos mit jedem Stil kombinieren, von modern bis klassisch.<\/p>\r\n\r\n<div id=\"gtx-trans\" style=\"position: absolute; left: 941px; top: 46px;\">\r\n<div class=\"gtx-trans-icon\"><\/div>\r\n<\/div>"}]},{"acf_fc_layout":"mod_mediatxtmedia","titolo":"Spezielle techniken  ","cta":null,"testo":"<h3>Endlose l\u00f6sungen, um eine massgeschneiderte k\u00fcche zu schaffen<\/h3>\r\nDie K\u00fcchenstruktur kann in 42 Standard-Glanzfarben, 56 Standard-Mattfarben und 14 speziellen Mattfarben gefertigt werden. Weitere benutzerdefinierte Farben k\u00f6nnen auf Anfrage erstellt werden. Eine breite Palette an Oberfl\u00e4chen ist f\u00fcr die Messingdetails wie Kanten und Griffe verf\u00fcgbar: von modernen galvanischen Oberfl\u00e4chen wie gl\u00e4nzendem Chrom, schwarzem Nickel oder satiniertem Nickel bis hin zu klassischen Oberfl\u00e4chen in geb\u00fcrstetem Messing und 24 Karat Gold f\u00fcr einen exklusiven Touch.\r\n<div id=\"gtx-trans\" style=\"position: absolute; left: 13px; top: -15px;\">\r\n<div class=\"gtx-trans-icon\"><\/div>\r\n<\/div>","media_1":{"immagine":8672},"media_2":{"immagine":8667}},{"acf_fc_layout":"mod_gallery","titolo":"Entdecken Sie unsere Handwerkskunst","galleria":[10888,10878,5011,24804,24794,24799,3195,4981]},{"acf_fc_layout":"mod_mediatxtmedia","titolo":"Die kultigsten Details","cta":null,"testo":"Die unbestrittene St\u00e4rke von Officine Gullo ist die gro\u00dfe Erfahrung in der Feinmechanik, in all jenen Metallarbeiten, f\u00fcr die ein sehr hohes Ma\u00df an Genauigkeit erforderlich ist.","media_1":{"immagine":24982},"media_2":{"immagine":24967}},{"acf_fc_layout":"mod_gallery","titolo":"Entdecken Sie die kultigsten Details der K\u00fcchen von Officine Gullo","galleria":[2822,2841,2829,24811,24816]}]},"yoast_head":"<!-- This site is optimized with the Yoast SEO Premium plugin v27.4 (Yoast SEO v27.4) - https:\/\/yoast.com\/product\/yoast-seo-premium-wordpress\/ -->\n<title>Unser wissen | About Officine Gullo<\/title>\n<meta name=\"description\" content=\"Officine Gullo steht f\u00fcr eine besondere Begegnung: die zwischen einer alten handwerklichen Tradition und technologischer Innovation.\" \/>\n<meta name=\"robots\" content=\"index, follow, max-snippet:-1, max-image-preview:large, max-video-preview:-1\" \/>\n<link rel=\"canonical\" href=\"https:\/\/officinegullo.com\/de\/about\/unser-wissen\/\" \/>\n<meta property=\"og:locale\" content=\"de_DE\" \/>\n<meta property=\"og:type\" content=\"article\" \/>\n<meta property=\"og:title\" content=\"Unser wissen | About Officine Gullo\" \/>\n<meta property=\"og:description\" content=\"Officine Gullo steht f\u00fcr eine besondere Begegnung: die zwischen einer alten handwerklichen Tradition und technologischer Innovation.\" \/>\n<meta property=\"og:url\" content=\"https:\/\/officinegullo.com\/de\/about\/unser-wissen\/\" \/>\n<meta property=\"og:site_name\" content=\"Officine Gullo\" \/>\n<meta property=\"article:modified_time\" content=\"2024-12-11T11:20:26+00:00\" \/>\n<meta property=\"og:image\" content=\"https:\/\/s3.eu-central-1.amazonaws.com\/eu.officinegullo.com\/wp-content\/uploads\/2021\/09\/13172318\/Officine-Gullo-Artisans-7.jpg\" \/>\n\t<meta property=\"og:image:width\" content=\"1500\" \/>\n\t<meta property=\"og:image:height\" content=\"1000\" \/>\n\t<meta property=\"og:image:type\" content=\"image\/jpeg\" \/>\n<meta name=\"twitter:card\" content=\"summary_large_image\" \/>\n<meta name=\"twitter:label1\" content=\"Gesch\u00e4tzte Lesezeit\" \/>\n\t<meta name=\"twitter:data1\" content=\"10\u00a0Minuten\" \/>\n<script type=\"application\/ld+json\" class=\"yoast-schema-graph\">{\"@context\":\"https:\\\/\\\/schema.org\",\"@graph\":[{\"@type\":\"WebPage\",\"@id\":\"https:\\\/\\\/officinegullo.com\\\/de\\\/about\\\/unser-wissen\\\/\",\"url\":\"https:\\\/\\\/officinegullo.com\\\/de\\\/about\\\/unser-wissen\\\/\",\"name\":\"Unser wissen | About Officine Gullo\",\"isPartOf\":{\"@id\":\"https:\\\/\\\/officinegullo.com\\\/de\\\/#website\"},\"primaryImageOfPage\":{\"@id\":\"https:\\\/\\\/officinegullo.com\\\/de\\\/about\\\/unser-wissen\\\/#primaryimage\"},\"image\":{\"@id\":\"https:\\\/\\\/officinegullo.com\\\/de\\\/about\\\/unser-wissen\\\/#primaryimage\"},\"thumbnailUrl\":\"https:\\\/\\\/s3.eu-central-1.amazonaws.com\\\/eu.officinegullo.com\\\/wp-content\\\/uploads\\\/2021\\\/09\\\/13172318\\\/Officine-Gullo-Artisans-7.jpg\",\"datePublished\":\"2022-12-15T11:27:16+00:00\",\"dateModified\":\"2024-12-11T11:20:26+00:00\",\"description\":\"Officine Gullo steht f\u00fcr eine besondere Begegnung: die zwischen einer alten handwerklichen Tradition und technologischer Innovation.\",\"breadcrumb\":{\"@id\":\"https:\\\/\\\/officinegullo.com\\\/de\\\/about\\\/unser-wissen\\\/#breadcrumb\"},\"inLanguage\":\"de\",\"potentialAction\":[{\"@type\":\"ReadAction\",\"target\":[\"https:\\\/\\\/officinegullo.com\\\/de\\\/about\\\/unser-wissen\\\/\"]}]},{\"@type\":\"ImageObject\",\"inLanguage\":\"de\",\"@id\":\"https:\\\/\\\/officinegullo.com\\\/de\\\/about\\\/unser-wissen\\\/#primaryimage\",\"url\":\"https:\\\/\\\/s3.eu-central-1.amazonaws.com\\\/eu.officinegullo.com\\\/wp-content\\\/uploads\\\/2021\\\/09\\\/13172318\\\/Officine-Gullo-Artisans-7.jpg\",\"contentUrl\":\"https:\\\/\\\/s3.eu-central-1.amazonaws.com\\\/eu.officinegullo.com\\\/wp-content\\\/uploads\\\/2021\\\/09\\\/13172318\\\/Officine-Gullo-Artisans-7.jpg\",\"width\":1500,\"height\":1000,\"caption\":\"Cucine in metallo Officine Gullo dettaglio\"},{\"@type\":\"BreadcrumbList\",\"@id\":\"https:\\\/\\\/officinegullo.com\\\/de\\\/about\\\/unser-wissen\\\/#breadcrumb\",\"itemListElement\":[{\"@type\":\"ListItem\",\"position\":1,\"name\":\"Home\",\"item\":\"https:\\\/\\\/officinegullo.com\\\/de\\\/\"},{\"@type\":\"ListItem\",\"position\":2,\"name\":\"About\",\"item\":\"https:\\\/\\\/officinegullo.com\\\/de\\\/about\\\/\"},{\"@type\":\"ListItem\",\"position\":3,\"name\":\"Unser wissen\"}]},{\"@type\":\"WebSite\",\"@id\":\"https:\\\/\\\/officinegullo.com\\\/de\\\/#website\",\"url\":\"https:\\\/\\\/officinegullo.com\\\/de\\\/\",\"name\":\"Officine Gullo\",\"description\":\"Un nuovo sito targato WordPress\",\"potentialAction\":[{\"@type\":\"SearchAction\",\"target\":{\"@type\":\"EntryPoint\",\"urlTemplate\":\"https:\\\/\\\/officinegullo.com\\\/de\\\/?s={search_term_string}\"},\"query-input\":{\"@type\":\"PropertyValueSpecification\",\"valueRequired\":true,\"valueName\":\"search_term_string\"}}],\"inLanguage\":\"de\"}]}<\/script>\n<!-- \/ Yoast SEO Premium plugin. -->","yoast_head_json":{"title":"Unser wissen | About Officine Gullo","description":"Officine Gullo steht f\u00fcr eine besondere Begegnung: die zwischen einer alten handwerklichen Tradition und technologischer Innovation.","robots":{"index":"index","follow":"follow","max-snippet":"max-snippet:-1","max-image-preview":"max-image-preview:large","max-video-preview":"max-video-preview:-1"},"canonical":"https:\/\/officinegullo.com\/de\/about\/unser-wissen\/","og_locale":"de_DE","og_type":"article","og_title":"Unser wissen | About Officine Gullo","og_description":"Officine Gullo steht f\u00fcr eine besondere Begegnung: die zwischen einer alten handwerklichen Tradition und technologischer Innovation.","og_url":"https:\/\/officinegullo.com\/de\/about\/unser-wissen\/","og_site_name":"Officine Gullo","article_modified_time":"2024-12-11T11:20:26+00:00","og_image":[{"width":1500,"height":1000,"url":"https:\/\/s3.eu-central-1.amazonaws.com\/eu.officinegullo.com\/wp-content\/uploads\/2021\/09\/13172318\/Officine-Gullo-Artisans-7.jpg","type":"image\/jpeg"}],"twitter_card":"summary_large_image","twitter_misc":{"Gesch\u00e4tzte Lesezeit":"10\u00a0Minuten"},"schema":{"@context":"https:\/\/schema.org","@graph":[{"@type":"WebPage","@id":"https:\/\/officinegullo.com\/de\/about\/unser-wissen\/","url":"https:\/\/officinegullo.com\/de\/about\/unser-wissen\/","name":"Unser wissen | About Officine Gullo","isPartOf":{"@id":"https:\/\/officinegullo.com\/de\/#website"},"primaryImageOfPage":{"@id":"https:\/\/officinegullo.com\/de\/about\/unser-wissen\/#primaryimage"},"image":{"@id":"https:\/\/officinegullo.com\/de\/about\/unser-wissen\/#primaryimage"},"thumbnailUrl":"https:\/\/s3.eu-central-1.amazonaws.com\/eu.officinegullo.com\/wp-content\/uploads\/2021\/09\/13172318\/Officine-Gullo-Artisans-7.jpg","datePublished":"2022-12-15T11:27:16+00:00","dateModified":"2024-12-11T11:20:26+00:00","description":"Officine Gullo steht f\u00fcr eine besondere Begegnung: die zwischen einer alten handwerklichen Tradition und technologischer Innovation.","breadcrumb":{"@id":"https:\/\/officinegullo.com\/de\/about\/unser-wissen\/#breadcrumb"},"inLanguage":"de","potentialAction":[{"@type":"ReadAction","target":["https:\/\/officinegullo.com\/de\/about\/unser-wissen\/"]}]},{"@type":"ImageObject","inLanguage":"de","@id":"https:\/\/officinegullo.com\/de\/about\/unser-wissen\/#primaryimage","url":"https:\/\/s3.eu-central-1.amazonaws.com\/eu.officinegullo.com\/wp-content\/uploads\/2021\/09\/13172318\/Officine-Gullo-Artisans-7.jpg","contentUrl":"https:\/\/s3.eu-central-1.amazonaws.com\/eu.officinegullo.com\/wp-content\/uploads\/2021\/09\/13172318\/Officine-Gullo-Artisans-7.jpg","width":1500,"height":1000,"caption":"Cucine in metallo Officine Gullo dettaglio"},{"@type":"BreadcrumbList","@id":"https:\/\/officinegullo.com\/de\/about\/unser-wissen\/#breadcrumb","itemListElement":[{"@type":"ListItem","position":1,"name":"Home","item":"https:\/\/officinegullo.com\/de\/"},{"@type":"ListItem","position":2,"name":"About","item":"https:\/\/officinegullo.com\/de\/about\/"},{"@type":"ListItem","position":3,"name":"Unser wissen"}]},{"@type":"WebSite","@id":"https:\/\/officinegullo.com\/de\/#website","url":"https:\/\/officinegullo.com\/de\/","name":"Officine Gullo","description":"Un nuovo sito targato WordPress","potentialAction":[{"@type":"SearchAction","target":{"@type":"EntryPoint","urlTemplate":"https:\/\/officinegullo.com\/de\/?s={search_term_string}"},"query-input":{"@type":"PropertyValueSpecification","valueRequired":true,"valueName":"search_term_string"}}],"inLanguage":"de"}]}},"_links":{"self":[{"href":"https:\/\/officinegullo.com\/de\/wp-json\/wp\/v2\/pages\/26237","targetHints":{"allow":["GET"]}}],"collection":[{"href":"https:\/\/officinegullo.com\/de\/wp-json\/wp\/v2\/pages"}],"about":[{"href":"https:\/\/officinegullo.com\/de\/wp-json\/wp\/v2\/types\/page"}],"author":[{"embeddable":true,"href":"https:\/\/officinegullo.com\/de\/wp-json\/wp\/v2\/users\/6"}],"replies":[{"embeddable":true,"href":"https:\/\/officinegullo.com\/de\/wp-json\/wp\/v2\/comments?post=26237"}],"version-history":[{"count":2,"href":"https:\/\/officinegullo.com\/de\/wp-json\/wp\/v2\/pages\/26237\/revisions"}],"predecessor-version":[{"id":119124,"href":"https:\/\/officinegullo.com\/de\/wp-json\/wp\/v2\/pages\/26237\/revisions\/119124"}],"up":[{"embeddable":true,"href":"https:\/\/officinegullo.com\/de\/wp-json\/wp\/v2\/pages\/9802"}],"wp:featuredmedia":[{"embeddable":true,"href":"https:\/\/officinegullo.com\/de\/wp-json\/wp\/v2\/media\/10959"}],"wp:attachment":[{"href":"https:\/\/officinegullo.com\/de\/wp-json\/wp\/v2\/media?parent=26237"}],"curies":[{"name":"wp","href":"https:\/\/api.w.org\/{rel}","templated":true}]}}