{"id":26149,"date":"2022-12-15T12:52:55","date_gmt":"2022-12-15T11:52:55","guid":{"rendered":"https:\/\/officinegullo.com\/?page_id=26149"},"modified":"2022-12-15T12:52:55","modified_gmt":"2022-12-15T11:52:55","slug":"das-restaurant-zuhause","status":"publish","type":"page","link":"https:\/\/officinegullo.com\/de\/about\/das-restaurant-zuhause\/","title":{"rendered":"Das Restaurant zuhause"},"content":{"rendered":"","protected":false},"excerpt":{"rendered":"","protected":false},"author":2,"featured_media":0,"parent":9802,"menu_order":0,"comment_status":"closed","ping_status":"closed","template":"tpl-single.php","meta":{"_acf_changed":false,"footnotes":""},"class_list":["post-26149","page","type-page","status-publish","hentry"],"acf":{"hreflang":"<link rel=\"alternate\" hreflang=\"en-us\" href=\"https:\/\/us.officinegullo.com\/about\/restaurant-at-home\/\">\n<link rel=\"alternate\" hreflang=\"fr-ca\" href=\"https:\/\/us.officinegullo.com\/fr-ca\/about\/le-restaurant-a-domicile_old\/\">\n<link rel=\"alternate\" hreflang=\"ru\" href=\"https:\/\/ru.officinegullo.com\/about\/restaurant-at-home\/\">\n<link rel=\"alternate\" hreflang=\"zh\" href=\"https:\/\/officinegullo.cn\/about\/restaurant-at-home\/\">","heading":{"titolo":"Das Restaurant zuhause","tipo_sfondo":"locale","immagine":null,"sfondo":"","colore_testo":"chiaro","video_id":"https:\/\/s3.eu-central-1.amazonaws.com\/eu.officinegullo.com\/wp-content\/uploads\/2021\/08\/19115308\/VIDEO-RISTORANTE-A-CASA-Encoded.mp4","testo":"Eine perfekte Synthese aus Technik, \u00c4sthetik und Ergonomie. Das sind die Zutaten, die die K\u00fcchen von Officine Gullo einzigartig machen. Sie wurden geschaffen, um den Menschen das Gef\u00fchl zu geben, in ihren eigenen vier W\u00e4nden wie echte K\u00f6che in ihren eigenen Restaurants kochen zu k\u00f6nnen."},"correlati":{"titolo":"","cta":null,"related":null},"page_builder":[{"acf_fc_layout":"mod_txtslider","titolo":"","cta":null,"orientamento":"sx","testo":"Officine Gullo bringt hochentwickelte Technologie in Form von Ger\u00e4ten, Herden und Zubeh\u00f6r ins Haus. So finden wir Brenner, die eine Leistung von 10 kW abgeben k\u00f6nnen, programmierbare Multifunktionsback\u00f6fen, die mit dreifach w\u00e4rmeisolierendem Glas ausgestattet sind, Lavasteingrills, Induktionskochfelder, Coup de Feu, professionelle Fritteusen, hochglanzpolierte Bratplatten, Dampfgarer, Profi-Pastakocher sowie K\u00fchlschr\u00e4nke, die mit antibakteriellem Edelstahl ausgekleidet sind, und alles andere, was Sie f\u00fcr eine K\u00fcche brauchen, die professionellen Standards entspricht.","slider":[4734,4739,4744,4749,4754]},{"acf_fc_layout":"mod_txtslider","titolo":"","cta":null,"orientamento":"dx","testo":"Aber das ist noch nicht alles. Denn die K\u00fcchen von Officine Gullo sind im Gegensatz zu denen, die nur f\u00fcr die Gastronomie bestimmt sind, nicht nur mit hohen technologischen Leistungen ausgestattet, sondern auch f\u00fcr die Nutzung durch den Normalverbraucher konzipiert. Ein Benutzer, der danach strebt, wie ein Sternekoch zu kochen, aber nicht auf die W\u00e4rme einer \"echten\" K\u00fcche verzichten m\u00f6chte. Die umfangreiche Kollektion wird durch eine Reihe von Accessoires f\u00fcr den Tisch und die K\u00fcche vervollst\u00e4ndigt, die ebenfalls nach der Philosophie des Unternehmens entwickelt wurden, das \"Restaurant ins Haus\" zu bringen: Regale, Kleinger\u00e4te, Messersets, Schneidebretter und Kupferobjekte.","slider":[4824,4814,4819,4829,4809]},{"acf_fc_layout":"mod_fullscreen","tipo_media":"video","immagine":null,"galleria":null,"video_id":"https:\/\/s3.eu-central-1.amazonaws.com\/eu.officinegullo.com\/wp-content\/uploads\/2021\/08\/19115220\/Officine-Gullo_Cannavacciuolo_sub-eng.mp4","iframe":"","titolo":"","testo":""},{"acf_fc_layout":"mod_txtslider","titolo":"","cta":null,"orientamento":"sx","testo":"Dieser hohe technologische Gehalt hat es Officine Gullo erm\u00f6glicht, K\u00fcchen f\u00fcr die Restaurants von Sternek\u00f6chen wie das Belmond Hotel Cipriani in Venedig, das Four Seasons in Florenz von Chefkoch Vito Mollica, die Probka-Restaurantkette von Chefkoch Aram Mnatsakanov in Moskau, St. Petersburg und Kiew, Antonino Cannavacciuolos Villa Crespi und das Virtuoso Restaurant Florenz von Chefkoch Antonello Sardi zu planen und einzurichten. Chefk\u00f6che, zu denen das Unternehmen im Laufe der Jahre solide Beziehungen aufgebaut hat und die es in die Entwicklung seiner Produkte einbezieht, insbesondere im Hinblick auf die Kochmethoden.","slider":[4802,4797,4792,4787,4782,4777,4772]},{"acf_fc_layout":"mod_media","titolo":"Die leistung des motors,<br>wie bei einem luxusauto","cta":null,"orientamento":"dx","testo":"Ein Mechanismus von Pr\u00e4zision und Kraft, der die Harmonie der Formen mit den modernsten Kochtechnologien verbindet: wie ein luxuri\u00f6ser Supersportwagen bietet der Motor der Herde von Officine Gullo au\u00dfergew\u00f6hnliche Leistungen und ein raffiniertes Design. Die Brenner, ein wesentlicher Teil des Motors, sind aus massivem Messing und verchromtem Gusseisen gefertigt. Ausgestattet mit Thermoelement und Sicherheitsventilen, k\u00f6nnen sie bis zu 10 Kilowatt Leistung abgeben.","tipo_media":"video","immagine":null,"galleria":null,"video_id":"https:\/\/s3.eu-central-1.amazonaws.com\/eu.officinegullo.com\/wp-content\/uploads\/2021\/08\/19120407\/potenza-del-motore.mp4"},{"acf_fc_layout":"mod_onlytxt","titolo":"","testo":"Der Profi-Backofen ist komplett aus dickem Stahl gefertigt, er ist mit dem Standard professioneller Gastronorm-Pfannen kompatibel und garantiert dank der Gleichm\u00e4\u00dfigkeit der Temperatur schmackhaftes Kochen. Neben den Brennern und dem Backofen gibt es viel leistungsstarkes Kochzubeh\u00f6r: Pastakocher, Dampfgarer, Lavasteingrill, hochglanzpolierte Bratplatten und vieles mehr. Alle sind nach Kundenwunsch w\u00e4hlbar und k\u00f6nnen ohne Einschr\u00e4nkung auf den K\u00fcchenplatten platziert werden."},{"acf_fc_layout":"mod_fullscreen","tipo_media":"img","immagine":null,"galleria":null,"video_id":"","iframe":"","titolo":"","testo":""}]},"yoast_head":"<!-- This site is optimized with the Yoast SEO Premium plugin v27.2 (Yoast SEO v27.2) - https:\/\/yoast.com\/product\/yoast-seo-premium-wordpress\/ -->\n<title>Das Restaurant zuhause | Tecnologia, estetica, ergonomia | Officine Gullo<\/title>\n<meta name=\"description\" content=\"Officine Gullo porta in casa una tecnologia altamente avanzata negli elettrodomestici, nelle macchine di cottura e negli accessori.\" \/>\n<meta name=\"robots\" content=\"index, follow, max-snippet:-1, max-image-preview:large, max-video-preview:-1\" \/>\n<link rel=\"canonical\" href=\"https:\/\/officinegullo.com\/de\/about\/das-restaurant-zuhause\/\" \/>\n<meta property=\"og:locale\" content=\"de_DE\" \/>\n<meta property=\"og:type\" content=\"article\" \/>\n<meta property=\"og:title\" content=\"Das Restaurant zuhause | Tecnologia, estetica, ergonomia | Officine Gullo\" \/>\n<meta property=\"og:description\" content=\"Officine Gullo porta in casa una tecnologia altamente avanzata negli elettrodomestici, nelle macchine di cottura e negli accessori.\" \/>\n<meta property=\"og:url\" content=\"https:\/\/officinegullo.com\/de\/about\/das-restaurant-zuhause\/\" \/>\n<meta property=\"og:site_name\" content=\"Officine Gullo\" \/>\n<meta name=\"twitter:card\" content=\"summary_large_image\" \/>\n<script type=\"application\/ld+json\" class=\"yoast-schema-graph\">{\"@context\":\"https:\/\/schema.org\",\"@graph\":[{\"@type\":\"WebPage\",\"@id\":\"https:\/\/officinegullo.com\/de\/about\/das-restaurant-zuhause\/\",\"url\":\"https:\/\/officinegullo.com\/de\/about\/das-restaurant-zuhause\/\",\"name\":\"Das Restaurant zuhause | Tecnologia, estetica, ergonomia | Officine Gullo\",\"isPartOf\":{\"@id\":\"https:\/\/officinegullo.com\/de\/#website\"},\"datePublished\":\"2022-12-15T11:52:55+00:00\",\"description\":\"Officine Gullo porta in casa una tecnologia altamente avanzata negli elettrodomestici, nelle macchine di cottura e negli accessori.\",\"breadcrumb\":{\"@id\":\"https:\/\/officinegullo.com\/de\/about\/das-restaurant-zuhause\/#breadcrumb\"},\"inLanguage\":\"de\",\"potentialAction\":[{\"@type\":\"ReadAction\",\"target\":[\"https:\/\/officinegullo.com\/de\/about\/das-restaurant-zuhause\/\"]}]},{\"@type\":\"BreadcrumbList\",\"@id\":\"https:\/\/officinegullo.com\/de\/about\/das-restaurant-zuhause\/#breadcrumb\",\"itemListElement\":[{\"@type\":\"ListItem\",\"position\":1,\"name\":\"Home\",\"item\":\"https:\/\/officinegullo.com\/de\/\"},{\"@type\":\"ListItem\",\"position\":2,\"name\":\"About\",\"item\":\"https:\/\/officinegullo.com\/de\/about\/\"},{\"@type\":\"ListItem\",\"position\":3,\"name\":\"Das Restaurant zuhause\"}]},{\"@type\":\"WebSite\",\"@id\":\"https:\/\/officinegullo.com\/de\/#website\",\"url\":\"https:\/\/officinegullo.com\/de\/\",\"name\":\"Officine Gullo\",\"description\":\"Un nuovo sito targato WordPress\",\"potentialAction\":[{\"@type\":\"SearchAction\",\"target\":{\"@type\":\"EntryPoint\",\"urlTemplate\":\"https:\/\/officinegullo.com\/de\/?s={search_term_string}\"},\"query-input\":{\"@type\":\"PropertyValueSpecification\",\"valueRequired\":true,\"valueName\":\"search_term_string\"}}],\"inLanguage\":\"de\"}]}<\/script>\n<!-- \/ Yoast SEO Premium plugin. -->","yoast_head_json":{"title":"Das Restaurant zuhause | Tecnologia, estetica, ergonomia | Officine Gullo","description":"Officine Gullo porta in casa una tecnologia altamente avanzata negli elettrodomestici, nelle macchine di cottura e negli accessori.","robots":{"index":"index","follow":"follow","max-snippet":"max-snippet:-1","max-image-preview":"max-image-preview:large","max-video-preview":"max-video-preview:-1"},"canonical":"https:\/\/officinegullo.com\/de\/about\/das-restaurant-zuhause\/","og_locale":"de_DE","og_type":"article","og_title":"Das Restaurant zuhause | Tecnologia, estetica, ergonomia | Officine Gullo","og_description":"Officine Gullo porta in casa una tecnologia altamente avanzata negli elettrodomestici, nelle macchine di cottura e negli accessori.","og_url":"https:\/\/officinegullo.com\/de\/about\/das-restaurant-zuhause\/","og_site_name":"Officine Gullo","twitter_card":"summary_large_image","schema":{"@context":"https:\/\/schema.org","@graph":[{"@type":"WebPage","@id":"https:\/\/officinegullo.com\/de\/about\/das-restaurant-zuhause\/","url":"https:\/\/officinegullo.com\/de\/about\/das-restaurant-zuhause\/","name":"Das Restaurant zuhause | Tecnologia, estetica, ergonomia | Officine Gullo","isPartOf":{"@id":"https:\/\/officinegullo.com\/de\/#website"},"datePublished":"2022-12-15T11:52:55+00:00","description":"Officine Gullo porta in casa una tecnologia altamente avanzata negli elettrodomestici, nelle macchine di cottura e negli accessori.","breadcrumb":{"@id":"https:\/\/officinegullo.com\/de\/about\/das-restaurant-zuhause\/#breadcrumb"},"inLanguage":"de","potentialAction":[{"@type":"ReadAction","target":["https:\/\/officinegullo.com\/de\/about\/das-restaurant-zuhause\/"]}]},{"@type":"BreadcrumbList","@id":"https:\/\/officinegullo.com\/de\/about\/das-restaurant-zuhause\/#breadcrumb","itemListElement":[{"@type":"ListItem","position":1,"name":"Home","item":"https:\/\/officinegullo.com\/de\/"},{"@type":"ListItem","position":2,"name":"About","item":"https:\/\/officinegullo.com\/de\/about\/"},{"@type":"ListItem","position":3,"name":"Das Restaurant zuhause"}]},{"@type":"WebSite","@id":"https:\/\/officinegullo.com\/de\/#website","url":"https:\/\/officinegullo.com\/de\/","name":"Officine Gullo","description":"Un nuovo sito targato WordPress","potentialAction":[{"@type":"SearchAction","target":{"@type":"EntryPoint","urlTemplate":"https:\/\/officinegullo.com\/de\/?s={search_term_string}"},"query-input":{"@type":"PropertyValueSpecification","valueRequired":true,"valueName":"search_term_string"}}],"inLanguage":"de"}]}},"_links":{"self":[{"href":"https:\/\/officinegullo.com\/de\/wp-json\/wp\/v2\/pages\/26149","targetHints":{"allow":["GET"]}}],"collection":[{"href":"https:\/\/officinegullo.com\/de\/wp-json\/wp\/v2\/pages"}],"about":[{"href":"https:\/\/officinegullo.com\/de\/wp-json\/wp\/v2\/types\/page"}],"author":[{"embeddable":true,"href":"https:\/\/officinegullo.com\/de\/wp-json\/wp\/v2\/users\/2"}],"replies":[{"embeddable":true,"href":"https:\/\/officinegullo.com\/de\/wp-json\/wp\/v2\/comments?post=26149"}],"version-history":[{"count":1,"href":"https:\/\/officinegullo.com\/de\/wp-json\/wp\/v2\/pages\/26149\/revisions"}],"predecessor-version":[{"id":28434,"href":"https:\/\/officinegullo.com\/de\/wp-json\/wp\/v2\/pages\/26149\/revisions\/28434"}],"up":[{"embeddable":true,"href":"https:\/\/officinegullo.com\/de\/wp-json\/wp\/v2\/pages\/9802"}],"wp:attachment":[{"href":"https:\/\/officinegullo.com\/de\/wp-json\/wp\/v2\/media?parent=26149"}],"curies":[{"name":"wp","href":"https:\/\/api.w.org\/{rel}","templated":true}]}}