{"id":24824,"date":"2022-09-21T10:02:11","date_gmt":"2022-09-21T08:02:11","guid":{"rendered":"https:\/\/officinegullo.com\/?page_id=24824"},"modified":"2022-12-15T12:46:44","modified_gmt":"2022-12-15T11:46:44","slug":"unazienda-di-persone","status":"publish","type":"page","link":"https:\/\/officinegullo.com\/de\/about\/ein-unternehmen-von-menschen\/","title":{"rendered":"Ein unternehmen von menschen"},"content":{"rendered":"","protected":false},"excerpt":{"rendered":"","protected":false},"author":2,"featured_media":0,"parent":9802,"menu_order":0,"comment_status":"closed","ping_status":"closed","template":"tpl-single.php","meta":{"_acf_changed":false,"footnotes":""},"class_list":["post-24824","page","type-page","status-publish","hentry"],"acf":{"hreflang":"<link rel=\"alternate\" hreflang=\"en-us\" href=\"https:\/\/us.officinegullo.com\/about\/a-people-first-company\/\">\n<link rel=\"alternate\" hreflang=\"fr-ca\" href=\"https:\/\/us.officinegullo.com\/fr-ca\/about\/une-entreprise-de-personnes\/\">\n<link rel=\"alternate\" hreflang=\"ru\" href=\"https:\/\/ru.officinegullo.com\/about\/a-people-first-company\/\">\n<link rel=\"alternate\" hreflang=\"zh\" href=\"https:\/\/officinegullo.cn\/about\/a-people-first-company\/\">","heading":{"titolo":"Der mensch im mittelpunkt","tipo_sfondo":"img","immagine":10959,"sfondo":"","colore_testo":"chiaro","video_id":"","testo":"<h3 style=\"color: white;\">Florentinischer humanismus<\/h3>\r\nOfficine Gullo befindet sich kulturell an den Antipoden des Gro\u00dfvertriebs, was die Werte, Methoden, Verfahren und Ziele betrifft. Jeder Mitarbeiter des Unternehmens hat eine Gesamtvision des Produkts, sowohl in der Entwicklungs- als auch in der Produktionsphase."},"correlati":{"titolo":"","cta":null,"related":null},"page_builder":[{"acf_fc_layout":"mod_media","titolo":"","cta":null,"orientamento":"sx","testo":"\"Die heutige Hyperspezialisierung hat den Menschen zu einem R\u00e4dchen in der industriellen Maschine gemacht. Durch Investitionen in Qualit\u00e4t und Handwerkskunst ist es Officine Gullo gelungen, sich auf dem Weltmarkt zu etablieren, indem es diesen Trend umkehrt und den Menschen mit seinen Bed\u00fcrfnissen, seinem Wissen, seinen F\u00e4higkeiten, seinem Erfindungsreichtum, seiner Lern- und Kommunikationsf\u00e4higkeit in den Mittelpunkt stellt.\r\n\r\nDoch \"\"der Mensch im Mittelpunkt\"\" bedeutet nicht nur Gesamtvision, Verantwortung und Universalwissen. Zuallererst bedeutet es Kreativit\u00e4t, Visionen und den Mut, in unbekannte Gebiete vorzusto\u00dfen. Dies ist der Geist, der auf dem H\u00f6hepunkt der Renaissance die italienischen Seefahrer zur Entdeckung und Erforschung des neuen Kontinents f\u00fchrte. Im Laufe seiner Geschichte hat Officine Gullo die F\u00e4higkeit gehabt, Markttrends aufzugreifen, bevor sie zur Mode wurden. Dies war m\u00f6glich dank der direkten Beziehung zu seinen Kunden, st\u00e4ndig auf ihre W\u00fcnsche zu h\u00f6ren und ihre Bed\u00fcrfnisse zu verfolgen.\"","tipo_media":"img","immagine":8692,"galleria":null,"video_id":""},{"acf_fc_layout":"mod_media","titolo":"","cta":null,"orientamento":"dx","testo":"In welcher Form auch immer, die St\u00e4rke des Unternehmens liegt darin, dass es fest auf den alten humanistischen Werten basiert, die den Menschen in den Mittelpunkt stellen, sei es der Unternehmer mit seinem Mut und Erfindungsreichtum, der Mitarbeiter mit seinen F\u00e4higkeiten oder der Kunde mit seinen W\u00fcnschen voller Visionen f\u00fcr die Zukunft.","tipo_media":"img","immagine":10964,"galleria":null,"video_id":""},{"acf_fc_layout":"mod_fullscreen","tipo_media":"img","immagine":4695,"galleria":null,"video_id":"","iframe":"","titolo":"","testo":"<h2 style=\"color: white;\">Das \"Projekt Erinnerung\"<\/h2>\r\n<h3 style=\"color: white;\">Die handwerker, der ruhm der italienischen kreativit\u00e4t<\/h3>"},{"acf_fc_layout":"mod_media","titolo":"","cta":null,"orientamento":"sx","testo":"\"Die K\u00fcchen von Officine Gullo sind handgefertigte Kreationen, die innerhalb eines hochtechnologischen Produktionszyklus hergestellt werden. Die H\u00e4nde des Menschen formen im Hell-Dunkel eines ziselierten Metalls oder im Schatten einer handgefertigten Br\u00fcnierung das Material und geben ihm eine Seele. Schlie\u00dflich geht das menschliche Auge noch dorthin, wo die Maschine nicht hinkommt, und unterscheidet das Perfekte vom Mittelma\u00df, wo der Roboter einfach \"\"produziert\"\". Aus diesem Grund ist das handwerkliche Geschick seiner Fachleute f\u00fcr das Unternehmen ein unverzichtbarer Beitrag zur Entstehung jeder K\u00fcche. Aus diesem Grund hat das Unternehmen das \"\"Progetto Memoria\"\" (Projekt Erinnerung) ins Leben gerufen: ein Programm, das darauf abzielt, die menschliche Seite der Produktion aufzuwerten und das exklusive Wissen weiterzugeben, das mit der alten Tradition der Handwerker verbunden ist.\"","tipo_media":"img","immagine":10868,"galleria":null,"video_id":""},{"acf_fc_layout":"mod_media","titolo":"","cta":null,"orientamento":"sx","testo":"Jeder Mitarbeiter von Officine Gullo beginnt seine T\u00e4tigkeit im Unternehmen mit einer Ausbildung, die darauf abzielt, die \u00e4ltesten Techniken der Metallverarbeitung und der florentinischen Dekorationskunst am Leben zu erhalten. Die Lehre findet, wie in den alten Werkst\u00e4tten, unter t\u00e4glicher Anleitung erfahrener Meister statt.\r\nDies war m\u00f6glich dank der Hilfe von Personen, die sich noch an die handwerklichen Traditionen und Techniken ihrer V\u00e4ter erinnern. Meister, die das Wissen und die Werte der Tradition unterst\u00fctzen und erweitern wollen. Einige dieser Geschichten des Lebens, der Handwerkskunst und der Leidenschaft wurden gesammelt und bereichern die Erinnerung an jenes Know-how, dessen H\u00fcter Officine Gullo zu sein sich verpflichtet hat.","tipo_media":"img","immagine":4986,"galleria":null,"video_id":""},{"acf_fc_layout":"mod_doublefullscreen","titolo":"","cta":null,"testo":"","media_1":{"tipo_media":"yt","video_id":"https:\/\/youtu.be\/y-kcWjg5Klo","immagine":125139},"media_2":{"tipo_media":"yt","video_id":"https:\/\/youtu.be\/AHnVVQNSNPA","immagine":125014}},{"acf_fc_layout":"mod_gallery","titolo":"","galleria":[2903,2898,2893,2888,2883,2878,2873,2868,2863]},{"acf_fc_layout":"mod_onlytxt","titolo":"Ein unternehmen mit einer internationalen dimension und einer nie verlorenen familienseele","testo":"Jedes Produkt von Officine Gullo erz\u00e4hlt eine Geschichte, die durch eine einzigartige Zusammenarbeit von Architekten, Designern, Ingenieuren, Handwerkern und digitalen Kreativen entsteht. Diese perfekte Verschmelzung von Berufen erm\u00f6glicht die Realisierung der Projekte und W\u00fcnsche des Endkunden, dank der Spezialisten, die den gesamten Produktionsprozess im Blick haben."},{"acf_fc_layout":"mod_txtslider","titolo":"Entwicklung","cta":null,"orientamento":"sx","testo":"Durch einen intensiven Austausch mit dem Kunden und ein eingehendes Studium seiner Gewohnheiten in der K\u00fcche und der realen R\u00e4ume, die das Projekt einnehmen wird, folgen unsere Architekten und Designer dem Kunden Schritt f\u00fcr Schritt, vom ersten Entwurf bis zur Montage. Wie bei einem Ma\u00dfanzug wird die urspr\u00fcngliche Idee auf die W\u00fcnsche des Kunden und die Bed\u00fcrfnisse des Raumes und der Umgebung angepasst, nicht nur \u00e4sthetisch ansprechend, sondern vor allem funktional auf die Bed\u00fcrfnisse derer, die in der K\u00fcche leben und sie nutzen.","slider":[2920,2910,3176,2940,2930]},{"acf_fc_layout":"mod_txtslider","titolo":"CLAB","cta":null,"orientamento":"dx","testo":"Das Creative Lab (CLAB) studiert und f\u00f6rdert das Image von Officine Gullo und \u00fcbersetzt die Werte, die die Familie und das Management im Laufe der Jahre definiert haben, in konkrete visuelle Darstellungen. Jeden Tag suchen sie nach neuen Wegen, um die Arbeit, die im Unternehmen geleistet wird, bestm\u00f6glich zu erz\u00e4hlen und zu kommunizieren. Im CLAB arbeiten n\u00e4mlich die 3D- und Grafikabteilungen mit den Marketing- und Kommunikationsabteilungen zusammen, um ein pr\u00e4zises Unternehmensimage zu schaffen.","slider":[2950,2965,2945,2955,2960]},{"acf_fc_layout":"mod_txtslider","titolo":"Handwerker","cta":null,"orientamento":"sx","testo":"In der Werkstatt werden dank der sorgf\u00e4ltigen und akribischen Handarbeit der Meister die Projekte und technischen Zeichnungen zum Leben erweckt. Alle Prozesse, vom Schneiden des Metalls bis zur Fertigstellung der Messingdekorationen, werden von demselben Team von Handwerkern durchgef\u00fchrt, die die K\u00fcche \"signieren\" und sie so in allen Details einzigartig und unnachahmlich machen.","slider":[3095,3070,3080,2975,2980,2985,2970,2990,2995,3000,3005,3010,3015,3020,3025,3030,3035,3040,3045,3050,3055,3060,3065,3075,3085,3090,3100]},{"acf_fc_layout":"mod_txtslider","titolo":"Technisches b\u00fcro","cta":null,"orientamento":"dx","testo":"Im technischen B\u00fcro werden Entwicklungsideen in anwendbare technische Zeichnungen umgesetzt. Die Produkte werden durch einen sorgf\u00e4ltigen Entwurf der verschiedenen Stufen der Entwicklung, die die gro\u00dfe Sorgfalt f\u00fcr jedes Detail erm\u00f6glicht und f\u00fcr die Haltbarkeit der Produkte im Laufe der Zeit sorgt, geplant. Hier wird die \"Partitur\" erstellt, die dann von den Meistern ausgef\u00fchrt wird.","slider":[3105,3110,3115,3120,3125,3130,3135]},{"acf_fc_layout":"mod_txtslider","titolo":"Verwaltung","cta":null,"orientamento":"sx","testo":"Neben Kreativit\u00e4t und Ideen braucht es immer auch Organisation, Prozesse, Regeln und Kontrolle. Keiner der kreativen Schritte, die Teil des Unternehmensprozesses von Officine Gullo sind, w\u00e4re ohne unsere Verwaltungsabteilung m\u00f6glich, die f\u00fcr die Koordination aller nationalen und internationalen Aktivit\u00e4ten verantwortlich ist und das Ged\u00e4chtnis unserer Organisation von Jahr zu Jahr bewahrt.","slider":[3140,3160,3150,3155]},{"acf_fc_layout":"mod_txtslider","titolo":"Worldwide","cta":null,"orientamento":"dx","testo":"Von Italien bis Europa, von den USA bis S\u00fcdafrika, vom Nahen Osten bis S\u00fcdostasien deckt Officine Gullo den globalen Markt durch Einzelmarken-Showrooms in den wichtigsten Hauptst\u00e4dten der Welt und ein riesiges Netzwerk von Fachleuten in der Region ab.","slider":""}]},"yoast_head":"<!-- This site is optimized with the Yoast SEO Premium plugin v27.2 (Yoast SEO v27.2) - https:\/\/yoast.com\/product\/yoast-seo-premium-wordpress\/ -->\n<title>Ein unternehmen von menschen | Officine Gullo<\/title>\n<meta name=\"description\" content=\"Ogni prodotto Officine Gullo racconta una storia, creata attraverso una collaborazione unica che coinvolge architetti, designer, ingegneri, artigiani e creativi digitali.\" \/>\n<meta name=\"robots\" content=\"index, follow, max-snippet:-1, max-image-preview:large, max-video-preview:-1\" \/>\n<link rel=\"canonical\" href=\"https:\/\/officinegullo.com\/de\/about\/ein-unternehmen-von-menschen\/\" \/>\n<meta property=\"og:locale\" content=\"de_DE\" \/>\n<meta property=\"og:type\" content=\"article\" \/>\n<meta property=\"og:title\" content=\"Ein unternehmen von menschen | Officine Gullo\" \/>\n<meta property=\"og:description\" content=\"Ogni prodotto Officine Gullo racconta una storia, creata attraverso una collaborazione unica che coinvolge architetti, designer, ingegneri, artigiani e creativi digitali.\" \/>\n<meta property=\"og:url\" content=\"https:\/\/officinegullo.com\/de\/about\/ein-unternehmen-von-menschen\/\" \/>\n<meta property=\"og:site_name\" content=\"Officine Gullo\" \/>\n<meta property=\"article:modified_time\" content=\"2022-12-15T11:46:44+00:00\" \/>\n<meta name=\"twitter:card\" content=\"summary_large_image\" \/>\n<script type=\"application\/ld+json\" class=\"yoast-schema-graph\">{\"@context\":\"https:\/\/schema.org\",\"@graph\":[{\"@type\":\"WebPage\",\"@id\":\"https:\/\/officinegullo.com\/de\/about\/ein-unternehmen-von-menschen\/\",\"url\":\"https:\/\/officinegullo.com\/de\/about\/ein-unternehmen-von-menschen\/\",\"name\":\"Ein unternehmen von menschen | Officine Gullo\",\"isPartOf\":{\"@id\":\"https:\/\/officinegullo.com\/de\/#website\"},\"datePublished\":\"2022-09-21T08:02:11+00:00\",\"dateModified\":\"2022-12-15T11:46:44+00:00\",\"description\":\"Ogni prodotto Officine Gullo racconta una storia, creata attraverso una collaborazione unica che coinvolge architetti, designer, ingegneri, artigiani e creativi digitali.\",\"breadcrumb\":{\"@id\":\"https:\/\/officinegullo.com\/de\/about\/ein-unternehmen-von-menschen\/#breadcrumb\"},\"inLanguage\":\"de\",\"potentialAction\":[{\"@type\":\"ReadAction\",\"target\":[\"https:\/\/officinegullo.com\/de\/about\/ein-unternehmen-von-menschen\/\"]}]},{\"@type\":\"BreadcrumbList\",\"@id\":\"https:\/\/officinegullo.com\/de\/about\/ein-unternehmen-von-menschen\/#breadcrumb\",\"itemListElement\":[{\"@type\":\"ListItem\",\"position\":1,\"name\":\"Home\",\"item\":\"https:\/\/officinegullo.com\/de\/\"},{\"@type\":\"ListItem\",\"position\":2,\"name\":\"About\",\"item\":\"https:\/\/officinegullo.com\/de\/about\/\"},{\"@type\":\"ListItem\",\"position\":3,\"name\":\"Ein unternehmen von menschen\"}]},{\"@type\":\"WebSite\",\"@id\":\"https:\/\/officinegullo.com\/de\/#website\",\"url\":\"https:\/\/officinegullo.com\/de\/\",\"name\":\"Officine Gullo\",\"description\":\"Un nuovo sito targato WordPress\",\"potentialAction\":[{\"@type\":\"SearchAction\",\"target\":{\"@type\":\"EntryPoint\",\"urlTemplate\":\"https:\/\/officinegullo.com\/de\/?s={search_term_string}\"},\"query-input\":{\"@type\":\"PropertyValueSpecification\",\"valueRequired\":true,\"valueName\":\"search_term_string\"}}],\"inLanguage\":\"de\"}]}<\/script>\n<!-- \/ Yoast SEO Premium plugin. -->","yoast_head_json":{"title":"Ein unternehmen von menschen | Officine Gullo","description":"Ogni prodotto Officine Gullo racconta una storia, creata attraverso una collaborazione unica che coinvolge architetti, designer, ingegneri, artigiani e creativi digitali.","robots":{"index":"index","follow":"follow","max-snippet":"max-snippet:-1","max-image-preview":"max-image-preview:large","max-video-preview":"max-video-preview:-1"},"canonical":"https:\/\/officinegullo.com\/de\/about\/ein-unternehmen-von-menschen\/","og_locale":"de_DE","og_type":"article","og_title":"Ein unternehmen von menschen | Officine Gullo","og_description":"Ogni prodotto Officine Gullo racconta una storia, creata attraverso una collaborazione unica che coinvolge architetti, designer, ingegneri, artigiani e creativi digitali.","og_url":"https:\/\/officinegullo.com\/de\/about\/ein-unternehmen-von-menschen\/","og_site_name":"Officine Gullo","article_modified_time":"2022-12-15T11:46:44+00:00","twitter_card":"summary_large_image","schema":{"@context":"https:\/\/schema.org","@graph":[{"@type":"WebPage","@id":"https:\/\/officinegullo.com\/de\/about\/ein-unternehmen-von-menschen\/","url":"https:\/\/officinegullo.com\/de\/about\/ein-unternehmen-von-menschen\/","name":"Ein unternehmen von menschen | Officine Gullo","isPartOf":{"@id":"https:\/\/officinegullo.com\/de\/#website"},"datePublished":"2022-09-21T08:02:11+00:00","dateModified":"2022-12-15T11:46:44+00:00","description":"Ogni prodotto Officine Gullo racconta una storia, creata attraverso una collaborazione unica che coinvolge architetti, designer, ingegneri, artigiani e creativi digitali.","breadcrumb":{"@id":"https:\/\/officinegullo.com\/de\/about\/ein-unternehmen-von-menschen\/#breadcrumb"},"inLanguage":"de","potentialAction":[{"@type":"ReadAction","target":["https:\/\/officinegullo.com\/de\/about\/ein-unternehmen-von-menschen\/"]}]},{"@type":"BreadcrumbList","@id":"https:\/\/officinegullo.com\/de\/about\/ein-unternehmen-von-menschen\/#breadcrumb","itemListElement":[{"@type":"ListItem","position":1,"name":"Home","item":"https:\/\/officinegullo.com\/de\/"},{"@type":"ListItem","position":2,"name":"About","item":"https:\/\/officinegullo.com\/de\/about\/"},{"@type":"ListItem","position":3,"name":"Ein unternehmen von menschen"}]},{"@type":"WebSite","@id":"https:\/\/officinegullo.com\/de\/#website","url":"https:\/\/officinegullo.com\/de\/","name":"Officine Gullo","description":"Un nuovo sito targato WordPress","potentialAction":[{"@type":"SearchAction","target":{"@type":"EntryPoint","urlTemplate":"https:\/\/officinegullo.com\/de\/?s={search_term_string}"},"query-input":{"@type":"PropertyValueSpecification","valueRequired":true,"valueName":"search_term_string"}}],"inLanguage":"de"}]}},"_links":{"self":[{"href":"https:\/\/officinegullo.com\/de\/wp-json\/wp\/v2\/pages\/24824","targetHints":{"allow":["GET"]}}],"collection":[{"href":"https:\/\/officinegullo.com\/de\/wp-json\/wp\/v2\/pages"}],"about":[{"href":"https:\/\/officinegullo.com\/de\/wp-json\/wp\/v2\/types\/page"}],"author":[{"embeddable":true,"href":"https:\/\/officinegullo.com\/de\/wp-json\/wp\/v2\/users\/2"}],"replies":[{"embeddable":true,"href":"https:\/\/officinegullo.com\/de\/wp-json\/wp\/v2\/comments?post=24824"}],"version-history":[{"count":2,"href":"https:\/\/officinegullo.com\/de\/wp-json\/wp\/v2\/pages\/24824\/revisions"}],"predecessor-version":[{"id":25631,"href":"https:\/\/officinegullo.com\/de\/wp-json\/wp\/v2\/pages\/24824\/revisions\/25631"}],"up":[{"embeddable":true,"href":"https:\/\/officinegullo.com\/de\/wp-json\/wp\/v2\/pages\/9802"}],"wp:attachment":[{"href":"https:\/\/officinegullo.com\/de\/wp-json\/wp\/v2\/media?parent=24824"}],"curies":[{"name":"wp","href":"https:\/\/api.w.org\/{rel}","templated":true}]}}