{"id":12160,"date":"2021-09-17T15:04:45","date_gmt":"2021-09-17T13:04:45","guid":{"rendered":"https:\/\/officinegullo.com\/?page_id=12160"},"modified":"2025-08-26T16:44:39","modified_gmt":"2025-08-26T14:44:39","slug":"officine-gullo-house-2","status":"publish","type":"page","link":"https:\/\/officinegullo.com\/de\/experience\/","title":{"rendered":"Experience"},"content":{"rendered":"","protected":false},"excerpt":{"rendered":"","protected":false},"author":2,"featured_media":118323,"parent":0,"menu_order":0,"comment_status":"closed","ping_status":"closed","template":"tpl-single.php","meta":{"_acf_changed":false,"footnotes":""},"class_list":["post-12160","page","type-page","status-publish","has-post-thumbnail","hentry"],"acf":{"hreflang":"<link rel=\"alternate\" hreflang=\"en-us\" href=\"https:\/\/us.officinegullo.com\/experience\/\">\r\n<link rel=\"alternate\" hreflang=\"fr-ca\" href=\"https:\/\/us.officinegullo.com\/fr-ca\/experience\/\">\r\n<link rel=\"alternate\" hreflang=\"ru\" href=\"https:\/\/ru.officinegullo.com\/experience\">","heading":{"titolo":"Officine Gullo House","tipo_sfondo":"locale","immagine":"","sfondo":"","colore_testo":"chiaro","video_id":"https:\/\/s3.eu-central-1.amazonaws.com\/eu.officinegullo.com\/wp-content\/uploads\/2021\/10\/20162901\/OG-House-Encoded.mp4","testo":"<span data-sheets-root=\"1\">Ein Tempel, der der Kultur der italienischen K\u00fcche, ihren Werkzeugen und der Exzellenz am Tisch gewidmet ist<\/span>"},"correlati":{"titolo":"","cta":null,"related":null},"page_builder":[{"acf_fc_layout":"mod_txtslider","titolo":"Im Herzen von Florenz","cta":null,"orientamento":"sx","testo":"<span data-sheets-root=\"1\">Das Officine Gullo House befindet sich auf der <em>Piazza Ognissanti<\/em>, an einem au\u00dfergew\u00f6hnlichen Ort: einer ehemaligen Renaissancekapelle, die Teil der Kirche San Salvatore di Ognissanti ist.<\/span>","slider":[15408,118445,15413,118455,118460,15418,118450]},{"acf_fc_layout":"mod_txtslider","titolo":"","cta":null,"orientamento":"dx","testo":"<span data-sheets-root=\"1\">Die angrenzende Kirche Ognissanti ist ein wenig bekanntes Juwel, reich an historischen und k\u00fcnstlerischen Sch\u00e4tzen: vom Kruzifix von Giotto bis hin zu Fresken von Ghirlandaio und Botticelli, der hier neben Amerigo Vespucci und Carolina Bonaparte Murat, der Schwester Napoleons, begraben liegt.<\/span>","slider":[118333,118338,118358,118343,15423]},{"acf_fc_layout":"mod_fullscreen","tipo_media":"video","immagine":null,"galleria":null,"video_id":"https:\/\/s3.eu-central-1.amazonaws.com\/eu.officinegullo.com\/wp-content\/uploads\/2023\/02\/20154828\/O.Gullo-Encoded.mp4","iframe":"","titolo":"","testo":""},{"acf_fc_layout":"mod_txtslider","titolo":"","cta":null,"orientamento":"dx","testo":"Die Officine Gullo House ist ein einzigartiger Treffpunkt, an dem das Unternehmen seine G\u00e4ste zu einer sensorischen, kulinarischen und historischen Reise einl\u00e4dt, die tief in der prestigetr\u00e4chtigen florentinischen Tradition verwurzelt ist.\r\n\r\nDas Highlight ist das gesetzte Dinner: In einer exklusiven Atmosph\u00e4re, vor dem Chef\u2019s Table der von Officine Gullo entworfenen Inselk\u00fcche, kreiert der Chefkoch seine kulinarischen Meisterwerke vor den Augen der G\u00e4ste und schenkt ihnen einen unvergesslichen geselligen Moment.\r\n\r\nF\u00fcr diejenigen, die die Geheimnisse der professionellen K\u00fcche entdecken m\u00f6chten, bietet Officine Gullo inspirierende Kochkurse an. Unter der Anleitung des erfahrenen Chefkochs k\u00f6nnen die G\u00e4ste k\u00f6stliche Rezepte zubereiten und anschlie\u00dfend genie\u00dfen, begleitet von einer sorgf\u00e4ltig ausgew\u00e4hlten Weinauswahl.","slider":[118518,119001,118373,119016,118408,118378,118398,119021]},{"acf_fc_layout":"mod_txtslider","titolo":"","cta":null,"orientamento":"sx","testo":"Im Lounge Bar Bereich im ersten Stock k\u00f6nnen sich die G\u00e4ste von Signature-Cocktails verzaubern lassen, die von Mixologen mit gro\u00dfer Kunstfertigkeit kreiert werden. Sie enth\u00fcllen dabei die Geschichte und die Besonderheiten jedes Getr\u00e4nks und machen jeden Schluck zu einem unvergesslichen Erlebnis.\r\n\r\nOfficine Gullo bietet au\u00dferdem die M\u00f6glichkeit, ma\u00dfgeschneiderte private Veranstaltungen zu organisieren, die speziell auf die exklusivsten W\u00fcnsche abgestimmt sind und eine unvergessliche Erfahrung garantieren.\r\n\r\nDie Besucher der Officine Gullo House k\u00f6nnen zudem durch eine einzigartige Erz\u00e4hlung die tiefe Verbindung zwischen der Entstehung der modernen K\u00fcche, der Geschichte von Florenz, der alten Metallverarbeitungstradition und dem reichen k\u00fcnstlerischen Erbe der Stadt entdecken. Ein faszinierendes Netz von Geschichten, das es erm\u00f6glicht, die au\u00dfergew\u00f6hnliche Einzigartigkeit dieses Ortes vollst\u00e4ndig zu verstehen und zu sch\u00e4tzen.","slider":[119036,119051,118403,119031,119056,119041,119026,119046]},{"acf_fc_layout":"mod_onlytxt","titolo":"","testo":"<hr \/>\r\n\r\n<h3><em><span data-sheets-root=\"1\">Officine Gullo House ist ein Ort, an dem das Unternehmen seine G\u00e4ste einl\u00e4dt, eine Erlebnisreise der Exzellenz zu unternehmen, die die Kunst, Geschichte, kulinarischen Traditionen und das Handwerk von Florenz feiert und einen einzigartigen geselligen Moment bietet.<\/span><\/em><\/h3>\r\n<strong>Officine Gullo House<\/strong>\r\nBorgo Ognissanti, 32\r\n50123 Florenz, Italien\r\n\r\n<hr \/>"},{"acf_fc_layout":"mod_formlanding","form":null,"titolo":"Kontaktieren Sie uns","shortcode":"[contact-form-7 id=\"118559\" title=\"Form Experience DE\"]","typ":{"title":"Danke - Experience","url":"https:\/\/officinegullo.com\/de\/grazie-experience","target":""}}]},"yoast_head":"<!-- This site is optimized with the Yoast SEO Premium plugin v27.4 (Yoast SEO v27.4) - https:\/\/yoast.com\/product\/yoast-seo-premium-wordpress\/ -->\n<title>Officine Gullo House: Private Erlebnisse im Herzen von Florenz<\/title>\n<meta name=\"description\" content=\"Ein Tempel, in dem die Kunst der italienischen K\u00fcche mit kulinarischer Exzellenz verschmilzt. Entdecken Sie unsere Angebote.\" \/>\n<meta name=\"robots\" content=\"index, follow, max-snippet:-1, max-image-preview:large, max-video-preview:-1\" \/>\n<link rel=\"canonical\" href=\"https:\/\/officinegullo.com\/de\/experience\/\" \/>\n<meta property=\"og:locale\" content=\"de_DE\" \/>\n<meta property=\"og:type\" content=\"article\" \/>\n<meta property=\"og:title\" content=\"Officine Gullo House: Private Erlebnisse im Herzen von Florenz\" \/>\n<meta property=\"og:description\" content=\"Ein Tempel, in dem die Kunst der italienischen K\u00fcche mit kulinarischer Exzellenz verschmilzt. Entdecken Sie unsere Angebote.\" \/>\n<meta property=\"og:url\" content=\"https:\/\/officinegullo.com\/de\/experience\/\" \/>\n<meta property=\"og:site_name\" content=\"Officine Gullo\" \/>\n<meta property=\"article:modified_time\" content=\"2025-08-26T14:44:39+00:00\" \/>\n<meta property=\"og:image\" content=\"https:\/\/s3.eu-central-1.amazonaws.com\/eu.officinegullo.com\/wp-content\/uploads\/2024\/12\/03154039\/Officine-Gullo_-Experience-cena-43-scaled.jpg\" \/>\n\t<meta property=\"og:image:width\" content=\"2560\" \/>\n\t<meta property=\"og:image:height\" content=\"1707\" \/>\n\t<meta property=\"og:image:type\" content=\"image\/jpeg\" \/>\n<meta name=\"twitter:card\" content=\"summary_large_image\" \/>\n<meta name=\"twitter:label1\" content=\"Gesch\u00e4tzte Lesezeit\" \/>\n\t<meta name=\"twitter:data1\" content=\"8\u00a0Minuten\" \/>\n<script type=\"application\/ld+json\" class=\"yoast-schema-graph\">{\"@context\":\"https:\\\/\\\/schema.org\",\"@graph\":[{\"@type\":\"WebPage\",\"@id\":\"https:\\\/\\\/officinegullo.com\\\/de\\\/experience\\\/\",\"url\":\"https:\\\/\\\/officinegullo.com\\\/de\\\/experience\\\/\",\"name\":\"Officine Gullo House: Private Erlebnisse im Herzen von Florenz\",\"isPartOf\":{\"@id\":\"https:\\\/\\\/officinegullo.com\\\/de\\\/#website\"},\"primaryImageOfPage\":{\"@id\":\"https:\\\/\\\/officinegullo.com\\\/de\\\/experience\\\/#primaryimage\"},\"image\":{\"@id\":\"https:\\\/\\\/officinegullo.com\\\/de\\\/experience\\\/#primaryimage\"},\"thumbnailUrl\":\"https:\\\/\\\/s3.eu-central-1.amazonaws.com\\\/eu.officinegullo.com\\\/wp-content\\\/uploads\\\/2024\\\/12\\\/03154039\\\/Officine-Gullo_-Experience-cena-43-scaled.jpg\",\"datePublished\":\"2021-09-17T13:04:45+00:00\",\"dateModified\":\"2025-08-26T14:44:39+00:00\",\"description\":\"Ein Tempel, in dem die Kunst der italienischen K\u00fcche mit kulinarischer Exzellenz verschmilzt. Entdecken Sie unsere Angebote.\",\"breadcrumb\":{\"@id\":\"https:\\\/\\\/officinegullo.com\\\/de\\\/experience\\\/#breadcrumb\"},\"inLanguage\":\"de\",\"potentialAction\":[{\"@type\":\"ReadAction\",\"target\":[\"https:\\\/\\\/officinegullo.com\\\/de\\\/experience\\\/\"]}]},{\"@type\":\"ImageObject\",\"inLanguage\":\"de\",\"@id\":\"https:\\\/\\\/officinegullo.com\\\/de\\\/experience\\\/#primaryimage\",\"url\":\"https:\\\/\\\/s3.eu-central-1.amazonaws.com\\\/eu.officinegullo.com\\\/wp-content\\\/uploads\\\/2024\\\/12\\\/03154039\\\/Officine-Gullo_-Experience-cena-43-scaled.jpg\",\"contentUrl\":\"https:\\\/\\\/s3.eu-central-1.amazonaws.com\\\/eu.officinegullo.com\\\/wp-content\\\/uploads\\\/2024\\\/12\\\/03154039\\\/Officine-Gullo_-Experience-cena-43-scaled.jpg\",\"width\":2560,\"height\":1707,\"caption\":\"Officine Gullo House - Cena privata\"},{\"@type\":\"BreadcrumbList\",\"@id\":\"https:\\\/\\\/officinegullo.com\\\/de\\\/experience\\\/#breadcrumb\",\"itemListElement\":[{\"@type\":\"ListItem\",\"position\":1,\"name\":\"Home\",\"item\":\"https:\\\/\\\/officinegullo.com\\\/de\\\/\"},{\"@type\":\"ListItem\",\"position\":2,\"name\":\"Experience\"}]},{\"@type\":\"WebSite\",\"@id\":\"https:\\\/\\\/officinegullo.com\\\/de\\\/#website\",\"url\":\"https:\\\/\\\/officinegullo.com\\\/de\\\/\",\"name\":\"Officine Gullo\",\"description\":\"Un nuovo sito targato WordPress\",\"potentialAction\":[{\"@type\":\"SearchAction\",\"target\":{\"@type\":\"EntryPoint\",\"urlTemplate\":\"https:\\\/\\\/officinegullo.com\\\/de\\\/?s={search_term_string}\"},\"query-input\":{\"@type\":\"PropertyValueSpecification\",\"valueRequired\":true,\"valueName\":\"search_term_string\"}}],\"inLanguage\":\"de\"}]}<\/script>\n<!-- \/ Yoast SEO Premium plugin. -->","yoast_head_json":{"title":"Officine Gullo House: Private Erlebnisse im Herzen von Florenz","description":"Ein Tempel, in dem die Kunst der italienischen K\u00fcche mit kulinarischer Exzellenz verschmilzt. Entdecken Sie unsere Angebote.","robots":{"index":"index","follow":"follow","max-snippet":"max-snippet:-1","max-image-preview":"max-image-preview:large","max-video-preview":"max-video-preview:-1"},"canonical":"https:\/\/officinegullo.com\/de\/experience\/","og_locale":"de_DE","og_type":"article","og_title":"Officine Gullo House: Private Erlebnisse im Herzen von Florenz","og_description":"Ein Tempel, in dem die Kunst der italienischen K\u00fcche mit kulinarischer Exzellenz verschmilzt. Entdecken Sie unsere Angebote.","og_url":"https:\/\/officinegullo.com\/de\/experience\/","og_site_name":"Officine Gullo","article_modified_time":"2025-08-26T14:44:39+00:00","og_image":[{"width":2560,"height":1707,"url":"https:\/\/s3.eu-central-1.amazonaws.com\/eu.officinegullo.com\/wp-content\/uploads\/2024\/12\/03154039\/Officine-Gullo_-Experience-cena-43-scaled.jpg","type":"image\/jpeg"}],"twitter_card":"summary_large_image","twitter_misc":{"Gesch\u00e4tzte Lesezeit":"8\u00a0Minuten"},"schema":{"@context":"https:\/\/schema.org","@graph":[{"@type":"WebPage","@id":"https:\/\/officinegullo.com\/de\/experience\/","url":"https:\/\/officinegullo.com\/de\/experience\/","name":"Officine Gullo House: Private Erlebnisse im Herzen von Florenz","isPartOf":{"@id":"https:\/\/officinegullo.com\/de\/#website"},"primaryImageOfPage":{"@id":"https:\/\/officinegullo.com\/de\/experience\/#primaryimage"},"image":{"@id":"https:\/\/officinegullo.com\/de\/experience\/#primaryimage"},"thumbnailUrl":"https:\/\/s3.eu-central-1.amazonaws.com\/eu.officinegullo.com\/wp-content\/uploads\/2024\/12\/03154039\/Officine-Gullo_-Experience-cena-43-scaled.jpg","datePublished":"2021-09-17T13:04:45+00:00","dateModified":"2025-08-26T14:44:39+00:00","description":"Ein Tempel, in dem die Kunst der italienischen K\u00fcche mit kulinarischer Exzellenz verschmilzt. Entdecken Sie unsere Angebote.","breadcrumb":{"@id":"https:\/\/officinegullo.com\/de\/experience\/#breadcrumb"},"inLanguage":"de","potentialAction":[{"@type":"ReadAction","target":["https:\/\/officinegullo.com\/de\/experience\/"]}]},{"@type":"ImageObject","inLanguage":"de","@id":"https:\/\/officinegullo.com\/de\/experience\/#primaryimage","url":"https:\/\/s3.eu-central-1.amazonaws.com\/eu.officinegullo.com\/wp-content\/uploads\/2024\/12\/03154039\/Officine-Gullo_-Experience-cena-43-scaled.jpg","contentUrl":"https:\/\/s3.eu-central-1.amazonaws.com\/eu.officinegullo.com\/wp-content\/uploads\/2024\/12\/03154039\/Officine-Gullo_-Experience-cena-43-scaled.jpg","width":2560,"height":1707,"caption":"Officine Gullo House - Cena privata"},{"@type":"BreadcrumbList","@id":"https:\/\/officinegullo.com\/de\/experience\/#breadcrumb","itemListElement":[{"@type":"ListItem","position":1,"name":"Home","item":"https:\/\/officinegullo.com\/de\/"},{"@type":"ListItem","position":2,"name":"Experience"}]},{"@type":"WebSite","@id":"https:\/\/officinegullo.com\/de\/#website","url":"https:\/\/officinegullo.com\/de\/","name":"Officine Gullo","description":"Un nuovo sito targato WordPress","potentialAction":[{"@type":"SearchAction","target":{"@type":"EntryPoint","urlTemplate":"https:\/\/officinegullo.com\/de\/?s={search_term_string}"},"query-input":{"@type":"PropertyValueSpecification","valueRequired":true,"valueName":"search_term_string"}}],"inLanguage":"de"}]}},"_links":{"self":[{"href":"https:\/\/officinegullo.com\/de\/wp-json\/wp\/v2\/pages\/12160","targetHints":{"allow":["GET"]}}],"collection":[{"href":"https:\/\/officinegullo.com\/de\/wp-json\/wp\/v2\/pages"}],"about":[{"href":"https:\/\/officinegullo.com\/de\/wp-json\/wp\/v2\/types\/page"}],"author":[{"embeddable":true,"href":"https:\/\/officinegullo.com\/de\/wp-json\/wp\/v2\/users\/2"}],"replies":[{"embeddable":true,"href":"https:\/\/officinegullo.com\/de\/wp-json\/wp\/v2\/comments?post=12160"}],"version-history":[{"count":15,"href":"https:\/\/officinegullo.com\/de\/wp-json\/wp\/v2\/pages\/12160\/revisions"}],"predecessor-version":[{"id":147059,"href":"https:\/\/officinegullo.com\/de\/wp-json\/wp\/v2\/pages\/12160\/revisions\/147059"}],"wp:featuredmedia":[{"embeddable":true,"href":"https:\/\/officinegullo.com\/de\/wp-json\/wp\/v2\/media\/118323"}],"wp:attachment":[{"href":"https:\/\/officinegullo.com\/de\/wp-json\/wp\/v2\/media?parent=12160"}],"curies":[{"name":"wp","href":"https:\/\/api.w.org\/{rel}","templated":true}]}}