{"id":10158,"date":"2021-08-06T14:39:11","date_gmt":"2021-08-06T12:39:11","guid":{"rendered":"https:\/\/officinegullo.com\/home\/"},"modified":"2026-01-29T12:49:30","modified_gmt":"2026-01-29T11:49:30","slug":"home","status":"publish","type":"page","link":"https:\/\/officinegullo.com\/de\/","title":{"rendered":"Home"},"content":{"rendered":"","protected":false},"excerpt":{"rendered":"","protected":false},"author":1,"featured_media":23803,"parent":0,"menu_order":0,"comment_status":"closed","ping_status":"closed","template":"tpl-home.php","meta":{"_acf_changed":false,"footnotes":""},"class_list":["post-10158","page","type-page","status-publish","has-post-thumbnail","hentry"],"acf":{"heading":{"titolo":"Die Quintessenz der K\u00fcche","cta":null,"tipo_media":"locale","immagine":1967,"testo":"","video_id":"https:\/\/s3.eu-central-1.amazonaws.com\/eu.officinegullo.com\/wp-content\/uploads\/2021\/08\/20175038\/Home-desktop.mp4"},"correlati":{"titolo":"News","cta":null,"related":null},"hreflang":"<link rel=\"alternate\" hreflang=\"en-us\" href=\"https:\/\/us.officinegullo.com\">\r\n<link rel=\"alternate\" hreflang=\"fr-ca\" href=\"https:\/\/us.officinegullo.com\/fr-ca\/\">\r\n<link rel=\"alternate\" hreflang=\"ru\" href=\"https:\/\/ru.officinegullo.com\">\r\n<link rel=\"alternate\" hreflang=\"zh\" href=\"https:\/\/officinegullo.cn\">","page_builder":[{"acf_fc_layout":"mod_kitchen","sovrattitolo":"Collezioni","titolo":"K\u00fcchen","cta":null,"testo":"Es sind die Details, die Perfektion ausmachen. Und Perfektion ist kein Detail.","kitchen":[{"immagine":42940,"link":{"title":"Tailor Made","url":"\/de\/komplett-kuchen\/tailor-made\/","target":""}},{"immagine":13148,"link":{"title":"Contemporanea","url":"\/de\/komplett-kuchen\/contemporanea\/","target":""}},{"immagine":13166,"link":{"title":"Outdoor","url":"\/de\/komplett-kuchen\/outdoor\/","target":""}},{"immagine":41217,"link":{"title":"Bar & Lounge","url":"\/de\/komplett-kuchen\/bar-lounge\/","target":""}},{"immagine":124754,"link":{"title":"Nautical","url":"\/de\/komplett-kuchen\/nautical","target":""}},{"immagine":36438,"link":{"title":"Hotellerie","url":"\/de\/komplett-kuchen\/hotellerie\/","target":""}}]},{"acf_fc_layout":"mod_ranges","titolo":"Herde und Ger\u00e4te","sovrattitolo":"","cta":{"title":"Entdecken Sie alle Ger\u00e4te","url":"\/de\/kochmaschinen-und-gerate\/","target":""},"testo":"Eine Reihe von Ger\u00e4ten, in denen h\u00f6chste Technologie f\u00fcr den professionellen Einsatz mit einer unverwechselbaren \u00c4sthetik kombiniert wird.\r\n<div id=\"gtx-trans\" style=\"position: absolute; left: 280px; top: -17px;\">\r\n<div class=\"gtx-trans-icon\"><\/div>\r\n<\/div>","ranges":[{"link":{"title":"ISOLA","url":"\/de\/kochmaschinen-und-gerate\/isola","target":""},"immagine":58163,"testo":"Die K\u00fccheninsel-Linie, die der Zubereitung gewidmet ist."},{"link":{"title":"OG Professional","url":"\/de\/kochmaschinen-und-gerate\/og-professional-kochherde\/","target":""},"immagine":1057,"testo":"Die ikonenhafte Profi-Linie, die von Sternek\u00f6chen entworfen wurde und professionelle."},{"link":{"title":"Fiorentina","url":"\/de\/kochmaschinen-und-gerate\/fiorentina\/","target":""},"immagine":3569,"testo":"Technologie und Eleganz vereinen sich in einer Kollektion mit einzigartigem Design, die maximale Leistung garantiert."}]},{"acf_fc_layout":"mod_accessori","titolo":"Zubeh\u00f6r","cta":{"title":"Entdecken Sie das gesamte Zubeh\u00f6r","url":"\/de\/zubehor","target":""},"testo":"","accessori":[{"immagine":1563,"link":{"title":"Armaturen","url":"\/de\/zubehor\/armaturen\/","target":""}},{"immagine":7428,"link":{"title":"Sp\u00fclen","url":"\/de\/zubehor\/spulen\/","target":""}},{"immagine":85607,"link":{"title":"Kitchen Decor","url":"\/de\/zubehor\/kitchen-decor","target":""}},{"immagine":1483,"link":{"title":"Kitchenware","url":"\/de\/zubehor\/kitchenware\/","target":""}}]},{"acf_fc_layout":"mod_media","titolo":"Officine Gullo <i>House<\/i>","cta":{"title":"Mehr entdecken","url":"\/de\/about\/officine-gullo-house\/","target":""},"orientamento":"sx","testo":"Ein einzigartiger Raum, in dem die modernen K\u00fcchen der Officine Gullo auf die gro\u00dfe Geschichte der Stadt Florenz treffen.","tipo_media":"video","immagine":null,"galleria":null,"video_id":"https:\/\/s3.eu-central-1.amazonaws.com\/eu.officinegullo.com\/wp-content\/uploads\/2021\/10\/20162901\/OG-House-Encoded.mp4"},{"acf_fc_layout":"mod_doublelink","titolo_1":"About Officine Gullo","cta_1":{"title":"Mehr entdecken","url":"\/de\/about\/","target":""},"testo_1":"Officine Gullo ist eine italienische Exzellenz, die aus der aufgekl\u00e4rten Vision und Leidenschaft ihres Gr\u00fcnders Carmelo Gullo entstanden ist, der nun von seinen drei S\u00f6hnen Pietro, Andrea und Matteo an der Spitze des Unternehmens flankiert wird.","immagine_1":14716,"titolo_2":"Officine Gullo Weltweit","cta_2":{"title":"Kontakte und showroom","url":"\/de\/kontakte\/","target":""},"testo_2":"<p class=\"ai-optimize-6\">Wir decken den globalen Markt durch unsere Showrooms in den wichtigsten Hauptst\u00e4dten der Welt und unsere lokalen Vertreter ab.\r\nWir liefern und montieren unsere K\u00fcchen in die ganze Welt.<\/p>","immagine_2":1219}]},"yoast_head":"<!-- This site is optimized with the Yoast SEO Premium plugin v27.2 (Yoast SEO v27.2) - https:\/\/yoast.com\/product\/yoast-seo-premium-wordpress\/ -->\n<title>Luxuri\u00f6se italienische Handwerksk\u00fcchen | Officine Gullo<\/title>\n<meta name=\"description\" content=\"Officine Gullo stellt handgefertigte Luxusk\u00fcchen mit hochwertigen Materialien und einem einzigartigen, raffinierten Design her.\" \/>\n<meta name=\"robots\" content=\"index, follow, max-snippet:-1, max-image-preview:large, max-video-preview:-1\" \/>\n<link rel=\"canonical\" href=\"https:\/\/officinegullo.com\/de\/\" \/>\n<meta property=\"og:locale\" content=\"de_DE\" \/>\n<meta property=\"og:type\" content=\"article\" \/>\n<meta property=\"og:title\" content=\"Luxuri\u00f6se italienische Handwerksk\u00fcchen | Officine Gullo\" \/>\n<meta property=\"og:description\" content=\"Officine Gullo stellt handgefertigte Luxusk\u00fcchen mit hochwertigen Materialien und einem einzigartigen, raffinierten Design her.\" \/>\n<meta property=\"og:url\" content=\"https:\/\/officinegullo.com\/de\/\" \/>\n<meta property=\"og:site_name\" content=\"Officine Gullo\" \/>\n<meta property=\"article:modified_time\" content=\"2026-01-29T11:49:30+00:00\" \/>\n<meta property=\"og:image\" content=\"https:\/\/s3.eu-central-1.amazonaws.com\/eu.officinegullo.com\/wp-content\/uploads\/2022\/08\/01152410\/U9A2329--1024x673.jpg\" \/>\n\t<meta property=\"og:image:width\" content=\"1024\" \/>\n\t<meta property=\"og:image:height\" content=\"673\" \/>\n\t<meta property=\"og:image:type\" content=\"image\/jpeg\" \/>\n<meta name=\"twitter:card\" content=\"summary_large_image\" \/>\n<meta name=\"twitter:label1\" content=\"Gesch\u00e4tzte Lesezeit\" \/>\n\t<meta name=\"twitter:data1\" content=\"2\u00a0Minuten\" \/>\n<script type=\"application\/ld+json\" class=\"yoast-schema-graph\">{\"@context\":\"https:\/\/schema.org\",\"@graph\":[{\"@type\":\"WebPage\",\"@id\":\"https:\/\/officinegullo.com\/de\/\",\"url\":\"https:\/\/officinegullo.com\/de\/\",\"name\":\"Luxuri\u00f6se italienische Handwerksk\u00fcchen | Officine Gullo\",\"isPartOf\":{\"@id\":\"https:\/\/officinegullo.com\/de\/#website\"},\"primaryImageOfPage\":{\"@id\":\"https:\/\/officinegullo.com\/de\/#primaryimage\"},\"image\":{\"@id\":\"https:\/\/officinegullo.com\/de\/#primaryimage\"},\"thumbnailUrl\":\"https:\/\/s3.eu-central-1.amazonaws.com\/eu.officinegullo.com\/wp-content\/uploads\/2022\/08\/01152410\/U9A2329-.jpg\",\"datePublished\":\"2021-08-06T12:39:11+00:00\",\"dateModified\":\"2026-01-29T11:49:30+00:00\",\"description\":\"Officine Gullo stellt handgefertigte Luxusk\u00fcchen mit hochwertigen Materialien und einem einzigartigen, raffinierten Design her.\",\"breadcrumb\":{\"@id\":\"https:\/\/officinegullo.com\/de\/#breadcrumb\"},\"inLanguage\":\"de\",\"potentialAction\":[{\"@type\":\"ReadAction\",\"target\":[\"https:\/\/officinegullo.com\/de\/\"]}]},{\"@type\":\"ImageObject\",\"inLanguage\":\"de\",\"@id\":\"https:\/\/officinegullo.com\/de\/#primaryimage\",\"url\":\"https:\/\/s3.eu-central-1.amazonaws.com\/eu.officinegullo.com\/wp-content\/uploads\/2022\/08\/01152410\/U9A2329-.jpg\",\"contentUrl\":\"https:\/\/s3.eu-central-1.amazonaws.com\/eu.officinegullo.com\/wp-content\/uploads\/2022\/08\/01152410\/U9A2329-.jpg\",\"width\":2500,\"height\":1643,\"caption\":\"Cucine con isola Officine Gullo\"},{\"@type\":\"BreadcrumbList\",\"@id\":\"https:\/\/officinegullo.com\/de\/#breadcrumb\",\"itemListElement\":[{\"@type\":\"ListItem\",\"position\":1,\"name\":\"Home\",\"item\":\"https:\/\/officinegullo.com\/de\/\"},{\"@type\":\"ListItem\",\"position\":2,\"name\":\"Home\"}]},{\"@type\":\"WebSite\",\"@id\":\"https:\/\/officinegullo.com\/de\/#website\",\"url\":\"https:\/\/officinegullo.com\/de\/\",\"name\":\"Officine Gullo\",\"description\":\"Un nuovo sito targato WordPress\",\"potentialAction\":[{\"@type\":\"SearchAction\",\"target\":{\"@type\":\"EntryPoint\",\"urlTemplate\":\"https:\/\/officinegullo.com\/de\/?s={search_term_string}\"},\"query-input\":{\"@type\":\"PropertyValueSpecification\",\"valueRequired\":true,\"valueName\":\"search_term_string\"}}],\"inLanguage\":\"de\"}]}<\/script>\n<!-- \/ Yoast SEO Premium plugin. -->","yoast_head_json":{"title":"Luxuri\u00f6se italienische Handwerksk\u00fcchen | Officine Gullo","description":"Officine Gullo stellt handgefertigte Luxusk\u00fcchen mit hochwertigen Materialien und einem einzigartigen, raffinierten Design her.","robots":{"index":"index","follow":"follow","max-snippet":"max-snippet:-1","max-image-preview":"max-image-preview:large","max-video-preview":"max-video-preview:-1"},"canonical":"https:\/\/officinegullo.com\/de\/","og_locale":"de_DE","og_type":"article","og_title":"Luxuri\u00f6se italienische Handwerksk\u00fcchen | Officine Gullo","og_description":"Officine Gullo stellt handgefertigte Luxusk\u00fcchen mit hochwertigen Materialien und einem einzigartigen, raffinierten Design her.","og_url":"https:\/\/officinegullo.com\/de\/","og_site_name":"Officine Gullo","article_modified_time":"2026-01-29T11:49:30+00:00","og_image":[{"width":1024,"height":673,"url":"https:\/\/s3.eu-central-1.amazonaws.com\/eu.officinegullo.com\/wp-content\/uploads\/2022\/08\/01152410\/U9A2329--1024x673.jpg","type":"image\/jpeg"}],"twitter_card":"summary_large_image","twitter_misc":{"Gesch\u00e4tzte Lesezeit":"2\u00a0Minuten"},"schema":{"@context":"https:\/\/schema.org","@graph":[{"@type":"WebPage","@id":"https:\/\/officinegullo.com\/de\/","url":"https:\/\/officinegullo.com\/de\/","name":"Luxuri\u00f6se italienische Handwerksk\u00fcchen | Officine Gullo","isPartOf":{"@id":"https:\/\/officinegullo.com\/de\/#website"},"primaryImageOfPage":{"@id":"https:\/\/officinegullo.com\/de\/#primaryimage"},"image":{"@id":"https:\/\/officinegullo.com\/de\/#primaryimage"},"thumbnailUrl":"https:\/\/s3.eu-central-1.amazonaws.com\/eu.officinegullo.com\/wp-content\/uploads\/2022\/08\/01152410\/U9A2329-.jpg","datePublished":"2021-08-06T12:39:11+00:00","dateModified":"2026-01-29T11:49:30+00:00","description":"Officine Gullo stellt handgefertigte Luxusk\u00fcchen mit hochwertigen Materialien und einem einzigartigen, raffinierten Design her.","breadcrumb":{"@id":"https:\/\/officinegullo.com\/de\/#breadcrumb"},"inLanguage":"de","potentialAction":[{"@type":"ReadAction","target":["https:\/\/officinegullo.com\/de\/"]}]},{"@type":"ImageObject","inLanguage":"de","@id":"https:\/\/officinegullo.com\/de\/#primaryimage","url":"https:\/\/s3.eu-central-1.amazonaws.com\/eu.officinegullo.com\/wp-content\/uploads\/2022\/08\/01152410\/U9A2329-.jpg","contentUrl":"https:\/\/s3.eu-central-1.amazonaws.com\/eu.officinegullo.com\/wp-content\/uploads\/2022\/08\/01152410\/U9A2329-.jpg","width":2500,"height":1643,"caption":"Cucine con isola Officine Gullo"},{"@type":"BreadcrumbList","@id":"https:\/\/officinegullo.com\/de\/#breadcrumb","itemListElement":[{"@type":"ListItem","position":1,"name":"Home","item":"https:\/\/officinegullo.com\/de\/"},{"@type":"ListItem","position":2,"name":"Home"}]},{"@type":"WebSite","@id":"https:\/\/officinegullo.com\/de\/#website","url":"https:\/\/officinegullo.com\/de\/","name":"Officine Gullo","description":"Un nuovo sito targato WordPress","potentialAction":[{"@type":"SearchAction","target":{"@type":"EntryPoint","urlTemplate":"https:\/\/officinegullo.com\/de\/?s={search_term_string}"},"query-input":{"@type":"PropertyValueSpecification","valueRequired":true,"valueName":"search_term_string"}}],"inLanguage":"de"}]}},"_links":{"self":[{"href":"https:\/\/officinegullo.com\/de\/wp-json\/wp\/v2\/pages\/10158","targetHints":{"allow":["GET"]}}],"collection":[{"href":"https:\/\/officinegullo.com\/de\/wp-json\/wp\/v2\/pages"}],"about":[{"href":"https:\/\/officinegullo.com\/de\/wp-json\/wp\/v2\/types\/page"}],"author":[{"embeddable":true,"href":"https:\/\/officinegullo.com\/de\/wp-json\/wp\/v2\/users\/1"}],"replies":[{"embeddable":true,"href":"https:\/\/officinegullo.com\/de\/wp-json\/wp\/v2\/comments?post=10158"}],"version-history":[{"count":24,"href":"https:\/\/officinegullo.com\/de\/wp-json\/wp\/v2\/pages\/10158\/revisions"}],"predecessor-version":[{"id":156328,"href":"https:\/\/officinegullo.com\/de\/wp-json\/wp\/v2\/pages\/10158\/revisions\/156328"}],"wp:featuredmedia":[{"embeddable":true,"href":"https:\/\/officinegullo.com\/de\/wp-json\/wp\/v2\/media\/23803"}],"wp:attachment":[{"href":"https:\/\/officinegullo.com\/de\/wp-json\/wp\/v2\/media?parent=10158"}],"curies":[{"name":"wp","href":"https:\/\/api.w.org\/{rel}","templated":true}]}}